{"id":4132,"date":"2021-12-01T10:29:07","date_gmt":"2021-12-01T09:29:07","guid":{"rendered":"https:\/\/libramedinfopl.multisite.aboca.com\/?page_id=4132"},"modified":"2025-02-04T15:18:53","modified_gmt":"2025-02-04T14:18:53","slug":"policaptil-gel-retard","status":"publish","type":"page","link":"https:\/\/www.libramed.info\/pl\/libramed\/policaptil-gel-retard\/","title":{"rendered":"Policaptil gel retard"},"content":{"rendered":"\n<p><strong>Policaptil Gel Retard<sup>\u00ae<\/sup><\/strong>\u00a0jest opatentowanym kompleksem makromolekularnym, owocem\u00a0<strong>bada\u0144 firmy Aboca<\/strong>, wykonanym przy u\u017cyciu technologii produkcyjnej, kt\u00f3ra pozwala na skoncentrowanie szczeg\u00f3lnych frakcji polisacharydowych pozyskanych z:<\/p>\n\n\n\n<ul class=\"wp-block-list\">\n<li>Celulozy<\/li>\n\n\n\n<li>Opuntia Ficus indica<\/li>\n\n\n\n<li>Amorphophallus konjac<\/li>\n\n\n\n<li>Althaea officinalis<\/li>\n\n\n\n<li>Linum usitatissimum<\/li>\n\n\n\n<li>Tilia platyphyllos<\/li>\n\n\n\n<li>Cichorium intybus<\/li>\n<\/ul>\n\n\n\n<p><strong>Policaptil Gel Retard<sup>\u00ae<\/sup><\/strong>\u00a0dzia\u0142a na poziomie jelita, tworz\u0105c \u017cel o wysokiej lepko\u015bci,\u00a0<strong>kt\u00f3ry u\u0142atwia kontrol\u0119 poposi\u0142kowego szczytu glikemicznego,, zmniejszaj\u0105c ilo\u015b\u0107 i pr\u0119dko\u015b\u0107 wch\u0142aniania w\u0119glowodan\u00f3w<\/strong>\u00a0(efekt \u201eretard\u201d). Wp\u0142ywa to tak\u017ce na\u00a0<strong>zmniejszenie uczucia g\u0142odu i \u00a0senno\u015bci poposi\u0142kowej<\/strong>.<\/p>\n\n\n\n<p>Ponadto, wykorzystuj\u0105c ten sam mechanizm dzia\u0142ania,\u00a0<strong>Policaptil Gel Retard<sup>\u00ae<\/sup><\/strong>\u00a0<strong>ogranicza wch\u0142anianie t\u0142uszcz\u00f3w, wspomaga pasa\u017c\u00a0jelitowy i reguluje konsystencj\u0119 stolca<\/strong>.<\/p>\n\n\n<div class=\"wp-block-image\">\n<figure class=\"aligncenter size-full\"><img loading=\"lazy\" decoding=\"async\" width=\"453\" height=\"527\" src=\"https:\/\/www.libramed.info\/pl\/wp-content\/uploads\/sites\/170\/2025\/02\/Libramed-graphPL-1.png\" alt=\"\" class=\"wp-image-4330\" srcset=\"https:\/\/www.libramed.info\/pl\/wp-content\/uploads\/sites\/170\/2025\/02\/Libramed-graphPL-1.png 453w, https:\/\/www.libramed.info\/pl\/wp-content\/uploads\/sites\/170\/2025\/02\/Libramed-graphPL-1-258x300.png 258w\" sizes=\"auto, (max-width: 453px) 100vw, 453px\" \/><figcaption class=\"wp-element-caption\">Policaptil Gel Retard\u00ae tworzy siatk\u0119, kt\u00f3ra wychwytuje w\u0119glowodany i t\u0142uszcze, ograniczaj\u0105c ich kontakt z powierzchni\u0105 jelit, przez co s\u0105 one &nbsp;mniej dost\u0119pne dla procesu wch\u0142aniania.<\/figcaption><\/figure>\n<\/div>","protected":false},"excerpt":{"rendered":"<p>Policaptil Gel Retard\u00ae\u00a0jest opatentowanym kompleksem makromolekularnym, owocem\u00a0bada\u0144 firmy Aboca, wykonanym przy u\u017cyciu technologii produkcyjnej, kt\u00f3ra pozwala na skoncentrowanie szczeg\u00f3lnych frakcji polisacharydowych pozyskanych z: Policaptil Gel Retard\u00ae\u00a0dzia\u0142a na poziomie jelita, tworz\u0105c \u017cel o wysokiej lepko\u015bci,\u00a0kt\u00f3ry u\u0142atwia kontrol\u0119 poposi\u0142kowego szczytu glikemicznego,, zmniejszaj\u0105c ilo\u015b\u0107 i pr\u0119dko\u015b\u0107 wch\u0142aniania w\u0119glowodan\u00f3w\u00a0(efekt \u201eretard\u201d). Wp\u0142ywa to tak\u017ce na\u00a0zmniejszenie uczucia g\u0142odu i \u00a0senno\u015bci poposi\u0142kowej&#8230;.  <a href=\"https:\/\/www.libramed.info\/pl\/libramed\/policaptil-gel-retard\/\" class=\"more-link\" title=\"Read Policaptil gel retard\">Leggi tutto &raquo;<\/a><\/p>\n","protected":false},"author":2,"featured_media":0,"parent":4121,"menu_order":0,"comment_status":"closed","ping_status":"closed","template":"","meta":{"footnotes":""},"class_list":["post-4132","page","type-page","status-publish","hentry"],"yoast_head":"<!-- This site is optimized with the Yoast SEO plugin v27.2 - https:\/\/yoast.com\/product\/yoast-seo-wordpress\/ -->\n<title>Policaptil gel retard - LibraMed<\/title>\n<meta name=\"description\" content=\"Policaptil gel retard\" \/>\n<meta name=\"robots\" content=\"index, follow, max-snippet:-1, max-image-preview:large, max-video-preview:-1\" \/>\n<link rel=\"canonical\" href=\"https:\/\/www.libramed.info\/pl\/libramed\/policaptil-gel-retard\/\" \/>\n<meta property=\"og:locale\" content=\"pl_PL\" \/>\n<meta property=\"og:type\" content=\"article\" \/>\n<meta property=\"og:title\" content=\"Policaptil gel retard - LibraMed\" \/>\n<meta property=\"og:description\" content=\"Policaptil gel retard\" \/>\n<meta property=\"og:url\" content=\"https:\/\/www.libramed.info\/pl\/libramed\/policaptil-gel-retard\/\" \/>\n<meta property=\"og:site_name\" content=\"LibraMed\" \/>\n<meta property=\"article:modified_time\" content=\"2025-02-04T14:18:53+00:00\" \/>\n<meta property=\"og:image\" content=\"https:\/\/www.libramed.info\/pl\/wp-content\/uploads\/sites\/170\/2025\/02\/Libramed-graphPL-1.png\" \/>\n<meta name=\"twitter:card\" content=\"summary_large_image\" \/>\n<meta name=\"twitter:label1\" content=\"Szacowany czas czytania\" \/>\n\t<meta name=\"twitter:data1\" content=\"1 minuta\" \/>\n<script type=\"application\/ld+json\" class=\"yoast-schema-graph\">{\"@context\":\"https:\/\/schema.org\",\"@graph\":[{\"@type\":\"WebPage\",\"@id\":\"https:\/\/www.libramed.info\/pl\/libramed\/policaptil-gel-retard\/\",\"url\":\"https:\/\/www.libramed.info\/pl\/libramed\/policaptil-gel-retard\/\",\"name\":\"Policaptil gel retard - LibraMed\",\"isPartOf\":{\"@id\":\"https:\/\/www.libramed.info\/pl\/#website\"},\"primaryImageOfPage\":{\"@id\":\"https:\/\/www.libramed.info\/pl\/libramed\/policaptil-gel-retard\/#primaryimage\"},\"image\":{\"@id\":\"https:\/\/www.libramed.info\/pl\/libramed\/policaptil-gel-retard\/#primaryimage\"},\"thumbnailUrl\":\"https:\/\/www.libramed.info\/pl\/wp-content\/uploads\/sites\/170\/2025\/02\/Libramed-graphPL-1.png\",\"datePublished\":\"2021-12-01T09:29:07+00:00\",\"dateModified\":\"2025-02-04T14:18:53+00:00\",\"description\":\"Policaptil gel retard\",\"breadcrumb\":{\"@id\":\"https:\/\/www.libramed.info\/pl\/libramed\/policaptil-gel-retard\/#breadcrumb\"},\"inLanguage\":\"pl-PL\",\"potentialAction\":[{\"@type\":\"ReadAction\",\"target\":[\"https:\/\/www.libramed.info\/pl\/libramed\/policaptil-gel-retard\/\"]}]},{\"@type\":\"ImageObject\",\"inLanguage\":\"pl-PL\",\"@id\":\"https:\/\/www.libramed.info\/pl\/libramed\/policaptil-gel-retard\/#primaryimage\",\"url\":\"https:\/\/www.libramed.info\/pl\/wp-content\/uploads\/sites\/170\/2025\/02\/Libramed-graphPL-1.png\",\"contentUrl\":\"https:\/\/www.libramed.info\/pl\/wp-content\/uploads\/sites\/170\/2025\/02\/Libramed-graphPL-1.png\",\"width\":453,\"height\":527},{\"@type\":\"BreadcrumbList\",\"@id\":\"https:\/\/www.libramed.info\/pl\/libramed\/policaptil-gel-retard\/#breadcrumb\",\"itemListElement\":[{\"@type\":\"ListItem\",\"position\":1,\"name\":\"Home\",\"item\":\"https:\/\/www.libramed.info\/pl\/\"},{\"@type\":\"ListItem\",\"position\":2,\"name\":\"LibraMed\",\"item\":\"https:\/\/www.libramed.info\/pl\/libramed\/\"},{\"@type\":\"ListItem\",\"position\":3,\"name\":\"Policaptil gel retard\"}]},{\"@type\":\"WebSite\",\"@id\":\"https:\/\/www.libramed.info\/pl\/#website\",\"url\":\"https:\/\/www.libramed.info\/pl\/\",\"name\":\"LibraMed\",\"description\":\"Do kontroli piku glikemicznego\",\"potentialAction\":[{\"@type\":\"SearchAction\",\"target\":{\"@type\":\"EntryPoint\",\"urlTemplate\":\"https:\/\/www.libramed.info\/pl\/?s={search_term_string}\"},\"query-input\":{\"@type\":\"PropertyValueSpecification\",\"valueRequired\":true,\"valueName\":\"search_term_string\"}}],\"inLanguage\":\"pl-PL\"}]}<\/script>\n<!-- \/ Yoast SEO plugin. -->","yoast_head_json":{"title":"Policaptil gel retard - LibraMed","description":"Policaptil gel retard","robots":{"index":"index","follow":"follow","max-snippet":"max-snippet:-1","max-image-preview":"max-image-preview:large","max-video-preview":"max-video-preview:-1"},"canonical":"https:\/\/www.libramed.info\/pl\/libramed\/policaptil-gel-retard\/","og_locale":"pl_PL","og_type":"article","og_title":"Policaptil gel retard - LibraMed","og_description":"Policaptil gel retard","og_url":"https:\/\/www.libramed.info\/pl\/libramed\/policaptil-gel-retard\/","og_site_name":"LibraMed","article_modified_time":"2025-02-04T14:18:53+00:00","og_image":[{"url":"https:\/\/www.libramed.info\/pl\/wp-content\/uploads\/sites\/170\/2025\/02\/Libramed-graphPL-1.png","type":"","width":"","height":""}],"twitter_card":"summary_large_image","twitter_misc":{"Szacowany czas czytania":"1 minuta"},"schema":{"@context":"https:\/\/schema.org","@graph":[{"@type":"WebPage","@id":"https:\/\/www.libramed.info\/pl\/libramed\/policaptil-gel-retard\/","url":"https:\/\/www.libramed.info\/pl\/libramed\/policaptil-gel-retard\/","name":"Policaptil gel retard - LibraMed","isPartOf":{"@id":"https:\/\/www.libramed.info\/pl\/#website"},"primaryImageOfPage":{"@id":"https:\/\/www.libramed.info\/pl\/libramed\/policaptil-gel-retard\/#primaryimage"},"image":{"@id":"https:\/\/www.libramed.info\/pl\/libramed\/policaptil-gel-retard\/#primaryimage"},"thumbnailUrl":"https:\/\/www.libramed.info\/pl\/wp-content\/uploads\/sites\/170\/2025\/02\/Libramed-graphPL-1.png","datePublished":"2021-12-01T09:29:07+00:00","dateModified":"2025-02-04T14:18:53+00:00","description":"Policaptil gel retard","breadcrumb":{"@id":"https:\/\/www.libramed.info\/pl\/libramed\/policaptil-gel-retard\/#breadcrumb"},"inLanguage":"pl-PL","potentialAction":[{"@type":"ReadAction","target":["https:\/\/www.libramed.info\/pl\/libramed\/policaptil-gel-retard\/"]}]},{"@type":"ImageObject","inLanguage":"pl-PL","@id":"https:\/\/www.libramed.info\/pl\/libramed\/policaptil-gel-retard\/#primaryimage","url":"https:\/\/www.libramed.info\/pl\/wp-content\/uploads\/sites\/170\/2025\/02\/Libramed-graphPL-1.png","contentUrl":"https:\/\/www.libramed.info\/pl\/wp-content\/uploads\/sites\/170\/2025\/02\/Libramed-graphPL-1.png","width":453,"height":527},{"@type":"BreadcrumbList","@id":"https:\/\/www.libramed.info\/pl\/libramed\/policaptil-gel-retard\/#breadcrumb","itemListElement":[{"@type":"ListItem","position":1,"name":"Home","item":"https:\/\/www.libramed.info\/pl\/"},{"@type":"ListItem","position":2,"name":"LibraMed","item":"https:\/\/www.libramed.info\/pl\/libramed\/"},{"@type":"ListItem","position":3,"name":"Policaptil gel retard"}]},{"@type":"WebSite","@id":"https:\/\/www.libramed.info\/pl\/#website","url":"https:\/\/www.libramed.info\/pl\/","name":"LibraMed","description":"Do kontroli piku glikemicznego","potentialAction":[{"@type":"SearchAction","target":{"@type":"EntryPoint","urlTemplate":"https:\/\/www.libramed.info\/pl\/?s={search_term_string}"},"query-input":{"@type":"PropertyValueSpecification","valueRequired":true,"valueName":"search_term_string"}}],"inLanguage":"pl-PL"}]}},"_links":{"self":[{"href":"https:\/\/www.libramed.info\/pl\/wp-json\/wp\/v2\/pages\/4132","targetHints":{"allow":["GET"]}}],"collection":[{"href":"https:\/\/www.libramed.info\/pl\/wp-json\/wp\/v2\/pages"}],"about":[{"href":"https:\/\/www.libramed.info\/pl\/wp-json\/wp\/v2\/types\/page"}],"author":[{"embeddable":true,"href":"https:\/\/www.libramed.info\/pl\/wp-json\/wp\/v2\/users\/2"}],"replies":[{"embeddable":true,"href":"https:\/\/www.libramed.info\/pl\/wp-json\/wp\/v2\/comments?post=4132"}],"version-history":[{"count":5,"href":"https:\/\/www.libramed.info\/pl\/wp-json\/wp\/v2\/pages\/4132\/revisions"}],"predecessor-version":[{"id":4334,"href":"https:\/\/www.libramed.info\/pl\/wp-json\/wp\/v2\/pages\/4132\/revisions\/4334"}],"up":[{"embeddable":true,"href":"https:\/\/www.libramed.info\/pl\/wp-json\/wp\/v2\/pages\/4121"}],"wp:attachment":[{"href":"https:\/\/www.libramed.info\/pl\/wp-json\/wp\/v2\/media?parent=4132"}],"curies":[{"name":"wp","href":"https:\/\/api.w.org\/{rel}","templated":true}]}}