{"id":4121,"date":"2021-12-01T10:03:54","date_gmt":"2021-12-01T09:03:54","guid":{"rendered":"https:\/\/libramedinfopl.multisite.aboca.com\/?page_id=4121"},"modified":"2025-02-04T15:23:02","modified_gmt":"2025-02-04T14:23:02","slug":"libramed","status":"publish","type":"page","link":"https:\/\/www.libramed.info\/pl\/libramed\/","title":{"rendered":"LibraMed"},"content":{"rendered":"\n<h1 class=\"wp-block-heading\">Jak dzia\u0142a<\/h1>\n\n\n\n<p><strong>Libramed<\/strong>\u00a0dzia\u0142a dzi\u0119ki\u00a0<strong>Policaptil Gel Retard<sup>\u00ae<\/sup><\/strong>, opatentowanemu kompleksowi makrocz\u0105steczek polisacharydowych b\u0119d\u0105cemu owocem bada\u0144 firmy Aboca.\u00a0<strong>Policaptil Gel Retard<sup>\u00ae<\/sup><\/strong>\u00a0dzia\u0142a na poziomie jelita, tworz\u0105c \u017cel o wysokiej lepko\u015bci, kt\u00f3ry\u00a0<strong>u\u0142atwia kontrol\u0119 poposi\u0142kowego szczytu glikemicznego, zmniejszaj\u0105c ilo\u015b\u0107 i pr\u0119dko\u015b\u0107 wch\u0142aniania w\u0119glowodan\u00f3w<\/strong>\u00a0(efekt retard).<\/p>\n\n\n\n<p>Dzia\u0142anie polegaj\u0105ce na kontroli szczytu glikemicznego redukuje:<\/p>\n\n\n\n<div style=\"height:20px\" aria-hidden=\"true\" class=\"wp-block-spacer\"><\/div>\n\n\n\n<ul class=\"wp-block-list\">\n<li><strong>gromadzenie si\u0119 t\u0142uszczu w tkance t\u0142uszczowej \u2013 LibraMed redukuje gwa\u0142towny wzrost st\u0119\u017cenia glukozy we krwi po posi\u0142ku, co zmniejsza jej odk\u0142adanie si\u0119 w formie t\u0142uszczu.<\/strong><\/li>\n<\/ul>\n\n\n\n<div style=\"height:20px\" aria-hidden=\"true\" class=\"wp-block-spacer\"><\/div>\n\n\n\n<ul class=\"wp-block-list\">\n<li><strong>wczesne pojawienie si\u0119 uczucia g\u0142odu \u2013 LibraMed pozwala unikn\u0105\u0107 obni\u017cenia si\u0119 poziom\u00f3w glukozy we krwi, warunku odczuwanego przez organizm jako brak sk\u0142adnik\u00f3w od\u017cywczych, kt\u00f3rego rozwi\u0105zaniem jest dalsze przyjmowanie pokarmu.<\/strong><\/li>\n<\/ul>\n\n\n\n<div style=\"height:20px\" aria-hidden=\"true\" class=\"wp-block-spacer\"><\/div>\n\n\n\n<p>Ponadto LibraMed dzia\u0142a:<\/p>\n\n\n\n<ul class=\"wp-block-list\">\n<li>zmniejszaj\u0105c wch\u0142anianie t\u0142uszcz\u00f3w,<\/li>\n\n\n\n<li>zmniejszaj\u0105c senno\u015b\u0107 po posi\u0142ku,<\/li>\n\n\n\n<li>wspomagaj\u0105c pasa\u017c jelitowy i reguluj\u0105c konsystencj\u0119 stolca.<\/li>\n<\/ul>\n","protected":false},"excerpt":{"rendered":"<p>Jak dzia\u0142a Libramed\u00a0dzia\u0142a dzi\u0119ki\u00a0Policaptil Gel Retard\u00ae, opatentowanemu kompleksowi makrocz\u0105steczek polisacharydowych b\u0119d\u0105cemu owocem bada\u0144 firmy Aboca.\u00a0Policaptil Gel Retard\u00ae\u00a0dzia\u0142a na poziomie jelita, tworz\u0105c \u017cel o wysokiej lepko\u015bci, kt\u00f3ry\u00a0u\u0142atwia kontrol\u0119 poposi\u0142kowego szczytu glikemicznego, zmniejszaj\u0105c ilo\u015b\u0107 i pr\u0119dko\u015b\u0107 wch\u0142aniania w\u0119glowodan\u00f3w\u00a0(efekt retard). Dzia\u0142anie polegaj\u0105ce na kontroli szczytu glikemicznego redukuje: Ponadto LibraMed dzia\u0142a:<\/p>\n","protected":false},"author":2,"featured_media":0,"parent":0,"menu_order":0,"comment_status":"closed","ping_status":"closed","template":"","meta":{"footnotes":""},"class_list":["post-4121","page","type-page","status-publish","hentry"],"yoast_head":"<!-- This site is optimized with the Yoast SEO plugin v27.4 - https:\/\/yoast.com\/product\/yoast-seo-wordpress\/ -->\n<title>LibraMed - LibraMed<\/title>\n<meta name=\"description\" content=\"Libramed\u00a0dzia\u0142a dzi\u0119ki\u00a0Policaptil Gel Retard\u00ae, opatentowanemu kompleksowi makrocz\u0105steczek polisacharydowych b\u0119d\u0105cemu owocem bada\u0144 firmy Aboca.\u00a0Policaptil Gel Retard\u00ae\u00a0dzia\u0142a na poziomie jelita, tworz\u0105c \u017cel o wysokiej lepko\u015bci, kt\u00f3ry\u00a0u\u0142atwia kontrol\u0119 poposi\u0142kowego szczytu glikemicznego, zmniejszaj\u0105c ilo\u015b\u0107 i pr\u0119dko\u015b\u0107 wch\u0142aniania w\u0119glowodan\u00f3w\u00a0(efekt retard).\" \/>\n<meta name=\"robots\" content=\"index, follow, max-snippet:-1, max-image-preview:large, max-video-preview:-1\" \/>\n<link rel=\"canonical\" href=\"https:\/\/www.libramed.info\/pl\/libramed\/\" \/>\n<meta property=\"og:locale\" content=\"pl_PL\" \/>\n<meta property=\"og:type\" content=\"article\" \/>\n<meta property=\"og:title\" content=\"LibraMed - LibraMed\" \/>\n<meta property=\"og:description\" content=\"Libramed\u00a0dzia\u0142a dzi\u0119ki\u00a0Policaptil Gel Retard\u00ae, opatentowanemu kompleksowi makrocz\u0105steczek polisacharydowych b\u0119d\u0105cemu owocem bada\u0144 firmy Aboca.\u00a0Policaptil Gel Retard\u00ae\u00a0dzia\u0142a na poziomie jelita, tworz\u0105c \u017cel o wysokiej lepko\u015bci, kt\u00f3ry\u00a0u\u0142atwia kontrol\u0119 poposi\u0142kowego szczytu glikemicznego, zmniejszaj\u0105c ilo\u015b\u0107 i pr\u0119dko\u015b\u0107 wch\u0142aniania w\u0119glowodan\u00f3w\u00a0(efekt retard).\" \/>\n<meta property=\"og:url\" content=\"https:\/\/www.libramed.info\/pl\/libramed\/\" \/>\n<meta property=\"og:site_name\" content=\"LibraMed\" \/>\n<meta property=\"article:modified_time\" content=\"2025-02-04T14:23:02+00:00\" \/>\n<meta name=\"twitter:card\" content=\"summary_large_image\" \/>\n<meta name=\"twitter:label1\" content=\"Szacowany czas czytania\" \/>\n\t<meta name=\"twitter:data1\" content=\"1 minuta\" \/>\n<script type=\"application\/ld+json\" class=\"yoast-schema-graph\">{\"@context\":\"https:\\\/\\\/schema.org\",\"@graph\":[{\"@type\":\"WebPage\",\"@id\":\"https:\\\/\\\/www.libramed.info\\\/pl\\\/libramed\\\/\",\"url\":\"https:\\\/\\\/www.libramed.info\\\/pl\\\/libramed\\\/\",\"name\":\"LibraMed - LibraMed\",\"isPartOf\":{\"@id\":\"https:\\\/\\\/www.libramed.info\\\/pl\\\/#website\"},\"datePublished\":\"2021-12-01T09:03:54+00:00\",\"dateModified\":\"2025-02-04T14:23:02+00:00\",\"description\":\"Libramed\u00a0dzia\u0142a dzi\u0119ki\u00a0Policaptil Gel Retard\u00ae, opatentowanemu kompleksowi makrocz\u0105steczek polisacharydowych b\u0119d\u0105cemu owocem bada\u0144 firmy Aboca.\u00a0Policaptil Gel Retard\u00ae\u00a0dzia\u0142a na poziomie jelita, tworz\u0105c \u017cel o wysokiej lepko\u015bci, kt\u00f3ry\u00a0u\u0142atwia kontrol\u0119 poposi\u0142kowego szczytu glikemicznego, zmniejszaj\u0105c ilo\u015b\u0107 i pr\u0119dko\u015b\u0107 wch\u0142aniania w\u0119glowodan\u00f3w\u00a0(efekt retard).\",\"breadcrumb\":{\"@id\":\"https:\\\/\\\/www.libramed.info\\\/pl\\\/libramed\\\/#breadcrumb\"},\"inLanguage\":\"pl-PL\",\"potentialAction\":[{\"@type\":\"ReadAction\",\"target\":[\"https:\\\/\\\/www.libramed.info\\\/pl\\\/libramed\\\/\"]}]},{\"@type\":\"BreadcrumbList\",\"@id\":\"https:\\\/\\\/www.libramed.info\\\/pl\\\/libramed\\\/#breadcrumb\",\"itemListElement\":[{\"@type\":\"ListItem\",\"position\":1,\"name\":\"Home\",\"item\":\"https:\\\/\\\/www.libramed.info\\\/pl\\\/\"},{\"@type\":\"ListItem\",\"position\":2,\"name\":\"LibraMed\"}]},{\"@type\":\"WebSite\",\"@id\":\"https:\\\/\\\/www.libramed.info\\\/pl\\\/#website\",\"url\":\"https:\\\/\\\/www.libramed.info\\\/pl\\\/\",\"name\":\"LibraMed\",\"description\":\"Do kontroli piku glikemicznego\",\"potentialAction\":[{\"@type\":\"SearchAction\",\"target\":{\"@type\":\"EntryPoint\",\"urlTemplate\":\"https:\\\/\\\/www.libramed.info\\\/pl\\\/?s={search_term_string}\"},\"query-input\":{\"@type\":\"PropertyValueSpecification\",\"valueRequired\":true,\"valueName\":\"search_term_string\"}}],\"inLanguage\":\"pl-PL\"}]}<\/script>\n<!-- \/ Yoast SEO plugin. -->","yoast_head_json":{"title":"LibraMed - LibraMed","description":"Libramed\u00a0dzia\u0142a dzi\u0119ki\u00a0Policaptil Gel Retard\u00ae, opatentowanemu kompleksowi makrocz\u0105steczek polisacharydowych b\u0119d\u0105cemu owocem bada\u0144 firmy Aboca.\u00a0Policaptil Gel Retard\u00ae\u00a0dzia\u0142a na poziomie jelita, tworz\u0105c \u017cel o wysokiej lepko\u015bci, kt\u00f3ry\u00a0u\u0142atwia kontrol\u0119 poposi\u0142kowego szczytu glikemicznego, zmniejszaj\u0105c ilo\u015b\u0107 i pr\u0119dko\u015b\u0107 wch\u0142aniania w\u0119glowodan\u00f3w\u00a0(efekt retard).","robots":{"index":"index","follow":"follow","max-snippet":"max-snippet:-1","max-image-preview":"max-image-preview:large","max-video-preview":"max-video-preview:-1"},"canonical":"https:\/\/www.libramed.info\/pl\/libramed\/","og_locale":"pl_PL","og_type":"article","og_title":"LibraMed - LibraMed","og_description":"Libramed\u00a0dzia\u0142a dzi\u0119ki\u00a0Policaptil Gel Retard\u00ae, opatentowanemu kompleksowi makrocz\u0105steczek polisacharydowych b\u0119d\u0105cemu owocem bada\u0144 firmy Aboca.\u00a0Policaptil Gel Retard\u00ae\u00a0dzia\u0142a na poziomie jelita, tworz\u0105c \u017cel o wysokiej lepko\u015bci, kt\u00f3ry\u00a0u\u0142atwia kontrol\u0119 poposi\u0142kowego szczytu glikemicznego, zmniejszaj\u0105c ilo\u015b\u0107 i pr\u0119dko\u015b\u0107 wch\u0142aniania w\u0119glowodan\u00f3w\u00a0(efekt retard).","og_url":"https:\/\/www.libramed.info\/pl\/libramed\/","og_site_name":"LibraMed","article_modified_time":"2025-02-04T14:23:02+00:00","twitter_card":"summary_large_image","twitter_misc":{"Szacowany czas czytania":"1 minuta"},"schema":{"@context":"https:\/\/schema.org","@graph":[{"@type":"WebPage","@id":"https:\/\/www.libramed.info\/pl\/libramed\/","url":"https:\/\/www.libramed.info\/pl\/libramed\/","name":"LibraMed - LibraMed","isPartOf":{"@id":"https:\/\/www.libramed.info\/pl\/#website"},"datePublished":"2021-12-01T09:03:54+00:00","dateModified":"2025-02-04T14:23:02+00:00","description":"Libramed\u00a0dzia\u0142a dzi\u0119ki\u00a0Policaptil Gel Retard\u00ae, opatentowanemu kompleksowi makrocz\u0105steczek polisacharydowych b\u0119d\u0105cemu owocem bada\u0144 firmy Aboca.\u00a0Policaptil Gel Retard\u00ae\u00a0dzia\u0142a na poziomie jelita, tworz\u0105c \u017cel o wysokiej lepko\u015bci, kt\u00f3ry\u00a0u\u0142atwia kontrol\u0119 poposi\u0142kowego szczytu glikemicznego, zmniejszaj\u0105c ilo\u015b\u0107 i pr\u0119dko\u015b\u0107 wch\u0142aniania w\u0119glowodan\u00f3w\u00a0(efekt retard).","breadcrumb":{"@id":"https:\/\/www.libramed.info\/pl\/libramed\/#breadcrumb"},"inLanguage":"pl-PL","potentialAction":[{"@type":"ReadAction","target":["https:\/\/www.libramed.info\/pl\/libramed\/"]}]},{"@type":"BreadcrumbList","@id":"https:\/\/www.libramed.info\/pl\/libramed\/#breadcrumb","itemListElement":[{"@type":"ListItem","position":1,"name":"Home","item":"https:\/\/www.libramed.info\/pl\/"},{"@type":"ListItem","position":2,"name":"LibraMed"}]},{"@type":"WebSite","@id":"https:\/\/www.libramed.info\/pl\/#website","url":"https:\/\/www.libramed.info\/pl\/","name":"LibraMed","description":"Do kontroli piku glikemicznego","potentialAction":[{"@type":"SearchAction","target":{"@type":"EntryPoint","urlTemplate":"https:\/\/www.libramed.info\/pl\/?s={search_term_string}"},"query-input":{"@type":"PropertyValueSpecification","valueRequired":true,"valueName":"search_term_string"}}],"inLanguage":"pl-PL"}]}},"_links":{"self":[{"href":"https:\/\/www.libramed.info\/pl\/wp-json\/wp\/v2\/pages\/4121","targetHints":{"allow":["GET"]}}],"collection":[{"href":"https:\/\/www.libramed.info\/pl\/wp-json\/wp\/v2\/pages"}],"about":[{"href":"https:\/\/www.libramed.info\/pl\/wp-json\/wp\/v2\/types\/page"}],"author":[{"embeddable":true,"href":"https:\/\/www.libramed.info\/pl\/wp-json\/wp\/v2\/users\/2"}],"replies":[{"embeddable":true,"href":"https:\/\/www.libramed.info\/pl\/wp-json\/wp\/v2\/comments?post=4121"}],"version-history":[{"count":5,"href":"https:\/\/www.libramed.info\/pl\/wp-json\/wp\/v2\/pages\/4121\/revisions"}],"predecessor-version":[{"id":4337,"href":"https:\/\/www.libramed.info\/pl\/wp-json\/wp\/v2\/pages\/4121\/revisions\/4337"}],"wp:attachment":[{"href":"https:\/\/www.libramed.info\/pl\/wp-json\/wp\/v2\/media?parent=4121"}],"curies":[{"name":"wp","href":"https:\/\/api.w.org\/{rel}","templated":true}]}}