{"id":4104,"date":"2021-11-30T17:57:39","date_gmt":"2021-11-30T16:57:39","guid":{"rendered":"https:\/\/libramedinfopl.multisite.aboca.com\/?page_id=4104"},"modified":"2025-03-05T14:54:18","modified_gmt":"2025-03-05T13:54:18","slug":"zasadnicze-dzialania-dla-wlasciwej-rownowagi-wagi","status":"publish","type":"page","link":"https:\/\/www.libramed.info\/pl\/prawidlowe-podejscie\/zasadnicze-dzialania-dla-wlasciwej-rownowagi-wagi\/","title":{"rendered":"Zasadnicze dzia\u0142ania dla prawid\u0142owej r\u00f3wnowagi wagi!"},"content":{"rendered":"\n<p>Wa\u017cne jest, aby pami\u0119ta\u0107 o tym, \u017ce ka\u017cdy program terapeutyczny maj\u0105cy na celu kontrolowanie masy cia\u0142a, nie mo\u017ce mie\u0107 miejsca bez jednoczesnego przestrzegania zdrowej diety &nbsp;i prawid\u0142owego stylu \u017cycia, a tak\u017ce regularnej aktywno\u015bci fizycznej.<\/p>\n\n\n\n<div class=\"wp-block-columns is-layout-flex wp-container-core-columns-is-layout-9d6595d7 wp-block-columns-is-layout-flex\">\n<div class=\"wp-block-column is-layout-flow wp-block-column-is-layout-flow\"><div class=\"wp-block-image\">\n<figure class=\"aligncenter size-full\"><img loading=\"lazy\" decoding=\"async\" width=\"199\" height=\"192\" src=\"https:\/\/www.libramed.info\/pl\/wp-content\/uploads\/sites\/170\/2021\/11\/equilibrio-del-peso_1.png\" alt=\"\" class=\"wp-image-4049\"\/><\/figure>\n<\/div>\n\n\n<h3 class=\"wp-block-heading has-text-align-center\"><strong>PRAWID\u0141OWO<br>SI\u0118 OD\u017bYWIAJ<\/strong><\/h3>\n<\/div>\n\n\n\n<div class=\"wp-block-column is-layout-flow wp-block-column-is-layout-flow\"><div class=\"wp-block-image\">\n<figure class=\"aligncenter size-full\"><img loading=\"lazy\" decoding=\"async\" width=\"182\" height=\"183\" src=\"https:\/\/www.libramed.info\/pl\/wp-content\/uploads\/sites\/170\/2021\/11\/equilibrio-del-peso_2.png\" alt=\"\" class=\"wp-image-4050\" srcset=\"https:\/\/www.libramed.info\/pl\/wp-content\/uploads\/sites\/170\/2021\/11\/equilibrio-del-peso_2.png 182w, https:\/\/www.libramed.info\/pl\/wp-content\/uploads\/sites\/170\/2021\/11\/equilibrio-del-peso_2-150x150.png 150w, https:\/\/www.libramed.info\/pl\/wp-content\/uploads\/sites\/170\/2021\/11\/equilibrio-del-peso_2-125x125.png 125w\" sizes=\"auto, (max-width: 182px) 100vw, 182px\" \/><\/figure>\n<\/div>\n\n\n<h3 class=\"wp-block-heading has-text-align-center\"><strong><strong>REGULARNIE<br>SI\u0118 RUSZAJ<\/strong><\/strong><\/h3>\n<\/div>\n\n\n\n<div class=\"wp-block-column is-layout-flow wp-block-column-is-layout-flow\"><div class=\"wp-block-image\">\n<figure class=\"aligncenter size-full\"><img loading=\"lazy\" decoding=\"async\" width=\"1238\" height=\"806\" src=\"https:\/\/www.libramed.info\/pl\/wp-content\/uploads\/sites\/170\/2025\/03\/librES.png\" alt=\"\" class=\"wp-image-4338\" srcset=\"https:\/\/www.libramed.info\/pl\/wp-content\/uploads\/sites\/170\/2025\/03\/librES.png 1238w, https:\/\/www.libramed.info\/pl\/wp-content\/uploads\/sites\/170\/2025\/03\/librES-300x195.png 300w, https:\/\/www.libramed.info\/pl\/wp-content\/uploads\/sites\/170\/2025\/03\/librES-1024x667.png 1024w, https:\/\/www.libramed.info\/pl\/wp-content\/uploads\/sites\/170\/2025\/03\/librES-768x500.png 768w\" sizes=\"auto, (max-width: 1238px) 100vw, 1238px\" \/><\/figure>\n<\/div>\n\n\n<h3 class=\"wp-block-heading has-text-align-center\"><strong>ZA\u017bYWAJ LIBRAMED<br>B\u0119d\u0105cy Twoim sojusznikiem w kontrolowaniu wagi<\/strong><\/h3>\n<\/div>\n<\/div>\n","protected":false},"excerpt":{"rendered":"<p>Wa\u017cne jest, aby pami\u0119ta\u0107 o tym, \u017ce ka\u017cdy program terapeutyczny maj\u0105cy na celu kontrolowanie masy cia\u0142a, nie mo\u017ce mie\u0107 miejsca bez jednoczesnego przestrzegania zdrowej diety &nbsp;i prawid\u0142owego stylu \u017cycia, a tak\u017ce regularnej aktywno\u015bci fizycznej. PRAWID\u0141OWOSI\u0118 OD\u017bYWIAJ REGULARNIESI\u0118 RUSZAJ ZA\u017bYWAJ LIBRAMEDB\u0119d\u0105cy Twoim sojusznikiem w kontrolowaniu wagi<\/p>\n","protected":false},"author":2,"featured_media":0,"parent":4099,"menu_order":0,"comment_status":"closed","ping_status":"closed","template":"","meta":{"footnotes":""},"class_list":["post-4104","page","type-page","status-publish","hentry"],"yoast_head":"<!-- This site is optimized with the Yoast SEO plugin v27.4 - https:\/\/yoast.com\/product\/yoast-seo-wordpress\/ -->\n<title>Zasadnicze dzia\u0142ania dla prawid\u0142owej r\u00f3wnowagi wagi! - LibraMed<\/title>\n<meta name=\"robots\" content=\"index, follow, max-snippet:-1, max-image-preview:large, max-video-preview:-1\" \/>\n<link rel=\"canonical\" href=\"https:\/\/www.libramed.info\/pl\/prawidlowe-podejscie\/zasadnicze-dzialania-dla-wlasciwej-rownowagi-wagi\/\" \/>\n<meta property=\"og:locale\" content=\"pl_PL\" \/>\n<meta property=\"og:type\" content=\"article\" \/>\n<meta property=\"og:title\" content=\"Zasadnicze dzia\u0142ania dla prawid\u0142owej r\u00f3wnowagi wagi! - LibraMed\" \/>\n<meta property=\"og:description\" content=\"Wa\u017cne jest, aby pami\u0119ta\u0107 o tym, \u017ce ka\u017cdy program terapeutyczny maj\u0105cy na celu kontrolowanie masy cia\u0142a, nie mo\u017ce mie\u0107 miejsca bez jednoczesnego przestrzegania zdrowej diety &nbsp;i prawid\u0142owego stylu \u017cycia, a tak\u017ce regularnej aktywno\u015bci fizycznej. PRAWID\u0141OWOSI\u0118 OD\u017bYWIAJ REGULARNIESI\u0118 RUSZAJ ZA\u017bYWAJ LIBRAMEDB\u0119d\u0105cy Twoim sojusznikiem w kontrolowaniu wagi\" \/>\n<meta property=\"og:url\" content=\"https:\/\/www.libramed.info\/pl\/prawidlowe-podejscie\/zasadnicze-dzialania-dla-wlasciwej-rownowagi-wagi\/\" \/>\n<meta property=\"og:site_name\" content=\"LibraMed\" \/>\n<meta property=\"article:modified_time\" content=\"2025-03-05T13:54:18+00:00\" \/>\n<meta property=\"og:image\" content=\"https:\/\/www.libramed.info\/pl\/wp-content\/uploads\/sites\/170\/2021\/11\/equilibrio-del-peso_1.png\" \/>\n<meta name=\"twitter:card\" content=\"summary_large_image\" \/>\n<meta name=\"twitter:label1\" content=\"Szacowany czas czytania\" \/>\n\t<meta name=\"twitter:data1\" content=\"1 minuta\" \/>\n<script type=\"application\/ld+json\" class=\"yoast-schema-graph\">{\"@context\":\"https:\\\/\\\/schema.org\",\"@graph\":[{\"@type\":\"WebPage\",\"@id\":\"https:\\\/\\\/www.libramed.info\\\/pl\\\/prawidlowe-podejscie\\\/zasadnicze-dzialania-dla-wlasciwej-rownowagi-wagi\\\/\",\"url\":\"https:\\\/\\\/www.libramed.info\\\/pl\\\/prawidlowe-podejscie\\\/zasadnicze-dzialania-dla-wlasciwej-rownowagi-wagi\\\/\",\"name\":\"Zasadnicze dzia\u0142ania dla prawid\u0142owej r\u00f3wnowagi wagi! - LibraMed\",\"isPartOf\":{\"@id\":\"https:\\\/\\\/www.libramed.info\\\/pl\\\/#website\"},\"primaryImageOfPage\":{\"@id\":\"https:\\\/\\\/www.libramed.info\\\/pl\\\/prawidlowe-podejscie\\\/zasadnicze-dzialania-dla-wlasciwej-rownowagi-wagi\\\/#primaryimage\"},\"image\":{\"@id\":\"https:\\\/\\\/www.libramed.info\\\/pl\\\/prawidlowe-podejscie\\\/zasadnicze-dzialania-dla-wlasciwej-rownowagi-wagi\\\/#primaryimage\"},\"thumbnailUrl\":\"https:\\\/\\\/www.libramed.info\\\/pl\\\/wp-content\\\/uploads\\\/sites\\\/170\\\/2021\\\/11\\\/equilibrio-del-peso_1.png\",\"datePublished\":\"2021-11-30T16:57:39+00:00\",\"dateModified\":\"2025-03-05T13:54:18+00:00\",\"breadcrumb\":{\"@id\":\"https:\\\/\\\/www.libramed.info\\\/pl\\\/prawidlowe-podejscie\\\/zasadnicze-dzialania-dla-wlasciwej-rownowagi-wagi\\\/#breadcrumb\"},\"inLanguage\":\"pl-PL\",\"potentialAction\":[{\"@type\":\"ReadAction\",\"target\":[\"https:\\\/\\\/www.libramed.info\\\/pl\\\/prawidlowe-podejscie\\\/zasadnicze-dzialania-dla-wlasciwej-rownowagi-wagi\\\/\"]}]},{\"@type\":\"ImageObject\",\"inLanguage\":\"pl-PL\",\"@id\":\"https:\\\/\\\/www.libramed.info\\\/pl\\\/prawidlowe-podejscie\\\/zasadnicze-dzialania-dla-wlasciwej-rownowagi-wagi\\\/#primaryimage\",\"url\":\"https:\\\/\\\/www.libramed.info\\\/pl\\\/wp-content\\\/uploads\\\/sites\\\/170\\\/2021\\\/11\\\/equilibrio-del-peso_1.png\",\"contentUrl\":\"https:\\\/\\\/www.libramed.info\\\/pl\\\/wp-content\\\/uploads\\\/sites\\\/170\\\/2021\\\/11\\\/equilibrio-del-peso_1.png\",\"width\":199,\"height\":192},{\"@type\":\"BreadcrumbList\",\"@id\":\"https:\\\/\\\/www.libramed.info\\\/pl\\\/prawidlowe-podejscie\\\/zasadnicze-dzialania-dla-wlasciwej-rownowagi-wagi\\\/#breadcrumb\",\"itemListElement\":[{\"@type\":\"ListItem\",\"position\":1,\"name\":\"Home\",\"item\":\"https:\\\/\\\/www.libramed.info\\\/pl\\\/\"},{\"@type\":\"ListItem\",\"position\":2,\"name\":\"Prawid\u0142owe podej\u015bcie\",\"item\":\"https:\\\/\\\/www.libramed.info\\\/pl\\\/prawidlowe-podejscie\\\/\"},{\"@type\":\"ListItem\",\"position\":3,\"name\":\"Zasadnicze dzia\u0142ania dla prawid\u0142owej r\u00f3wnowagi wagi!\"}]},{\"@type\":\"WebSite\",\"@id\":\"https:\\\/\\\/www.libramed.info\\\/pl\\\/#website\",\"url\":\"https:\\\/\\\/www.libramed.info\\\/pl\\\/\",\"name\":\"LibraMed\",\"description\":\"Do kontroli piku glikemicznego\",\"potentialAction\":[{\"@type\":\"SearchAction\",\"target\":{\"@type\":\"EntryPoint\",\"urlTemplate\":\"https:\\\/\\\/www.libramed.info\\\/pl\\\/?s={search_term_string}\"},\"query-input\":{\"@type\":\"PropertyValueSpecification\",\"valueRequired\":true,\"valueName\":\"search_term_string\"}}],\"inLanguage\":\"pl-PL\"}]}<\/script>\n<!-- \/ Yoast SEO plugin. -->","yoast_head_json":{"title":"Zasadnicze dzia\u0142ania dla prawid\u0142owej r\u00f3wnowagi wagi! - LibraMed","robots":{"index":"index","follow":"follow","max-snippet":"max-snippet:-1","max-image-preview":"max-image-preview:large","max-video-preview":"max-video-preview:-1"},"canonical":"https:\/\/www.libramed.info\/pl\/prawidlowe-podejscie\/zasadnicze-dzialania-dla-wlasciwej-rownowagi-wagi\/","og_locale":"pl_PL","og_type":"article","og_title":"Zasadnicze dzia\u0142ania dla prawid\u0142owej r\u00f3wnowagi wagi! - LibraMed","og_description":"Wa\u017cne jest, aby pami\u0119ta\u0107 o tym, \u017ce ka\u017cdy program terapeutyczny maj\u0105cy na celu kontrolowanie masy cia\u0142a, nie mo\u017ce mie\u0107 miejsca bez jednoczesnego przestrzegania zdrowej diety &nbsp;i prawid\u0142owego stylu \u017cycia, a tak\u017ce regularnej aktywno\u015bci fizycznej. PRAWID\u0141OWOSI\u0118 OD\u017bYWIAJ REGULARNIESI\u0118 RUSZAJ ZA\u017bYWAJ LIBRAMEDB\u0119d\u0105cy Twoim sojusznikiem w kontrolowaniu wagi","og_url":"https:\/\/www.libramed.info\/pl\/prawidlowe-podejscie\/zasadnicze-dzialania-dla-wlasciwej-rownowagi-wagi\/","og_site_name":"LibraMed","article_modified_time":"2025-03-05T13:54:18+00:00","og_image":[{"url":"https:\/\/www.libramed.info\/pl\/wp-content\/uploads\/sites\/170\/2021\/11\/equilibrio-del-peso_1.png","type":"","width":"","height":""}],"twitter_card":"summary_large_image","twitter_misc":{"Szacowany czas czytania":"1 minuta"},"schema":{"@context":"https:\/\/schema.org","@graph":[{"@type":"WebPage","@id":"https:\/\/www.libramed.info\/pl\/prawidlowe-podejscie\/zasadnicze-dzialania-dla-wlasciwej-rownowagi-wagi\/","url":"https:\/\/www.libramed.info\/pl\/prawidlowe-podejscie\/zasadnicze-dzialania-dla-wlasciwej-rownowagi-wagi\/","name":"Zasadnicze dzia\u0142ania dla prawid\u0142owej r\u00f3wnowagi wagi! - LibraMed","isPartOf":{"@id":"https:\/\/www.libramed.info\/pl\/#website"},"primaryImageOfPage":{"@id":"https:\/\/www.libramed.info\/pl\/prawidlowe-podejscie\/zasadnicze-dzialania-dla-wlasciwej-rownowagi-wagi\/#primaryimage"},"image":{"@id":"https:\/\/www.libramed.info\/pl\/prawidlowe-podejscie\/zasadnicze-dzialania-dla-wlasciwej-rownowagi-wagi\/#primaryimage"},"thumbnailUrl":"https:\/\/www.libramed.info\/pl\/wp-content\/uploads\/sites\/170\/2021\/11\/equilibrio-del-peso_1.png","datePublished":"2021-11-30T16:57:39+00:00","dateModified":"2025-03-05T13:54:18+00:00","breadcrumb":{"@id":"https:\/\/www.libramed.info\/pl\/prawidlowe-podejscie\/zasadnicze-dzialania-dla-wlasciwej-rownowagi-wagi\/#breadcrumb"},"inLanguage":"pl-PL","potentialAction":[{"@type":"ReadAction","target":["https:\/\/www.libramed.info\/pl\/prawidlowe-podejscie\/zasadnicze-dzialania-dla-wlasciwej-rownowagi-wagi\/"]}]},{"@type":"ImageObject","inLanguage":"pl-PL","@id":"https:\/\/www.libramed.info\/pl\/prawidlowe-podejscie\/zasadnicze-dzialania-dla-wlasciwej-rownowagi-wagi\/#primaryimage","url":"https:\/\/www.libramed.info\/pl\/wp-content\/uploads\/sites\/170\/2021\/11\/equilibrio-del-peso_1.png","contentUrl":"https:\/\/www.libramed.info\/pl\/wp-content\/uploads\/sites\/170\/2021\/11\/equilibrio-del-peso_1.png","width":199,"height":192},{"@type":"BreadcrumbList","@id":"https:\/\/www.libramed.info\/pl\/prawidlowe-podejscie\/zasadnicze-dzialania-dla-wlasciwej-rownowagi-wagi\/#breadcrumb","itemListElement":[{"@type":"ListItem","position":1,"name":"Home","item":"https:\/\/www.libramed.info\/pl\/"},{"@type":"ListItem","position":2,"name":"Prawid\u0142owe podej\u015bcie","item":"https:\/\/www.libramed.info\/pl\/prawidlowe-podejscie\/"},{"@type":"ListItem","position":3,"name":"Zasadnicze dzia\u0142ania dla prawid\u0142owej r\u00f3wnowagi wagi!"}]},{"@type":"WebSite","@id":"https:\/\/www.libramed.info\/pl\/#website","url":"https:\/\/www.libramed.info\/pl\/","name":"LibraMed","description":"Do kontroli piku glikemicznego","potentialAction":[{"@type":"SearchAction","target":{"@type":"EntryPoint","urlTemplate":"https:\/\/www.libramed.info\/pl\/?s={search_term_string}"},"query-input":{"@type":"PropertyValueSpecification","valueRequired":true,"valueName":"search_term_string"}}],"inLanguage":"pl-PL"}]}},"_links":{"self":[{"href":"https:\/\/www.libramed.info\/pl\/wp-json\/wp\/v2\/pages\/4104","targetHints":{"allow":["GET"]}}],"collection":[{"href":"https:\/\/www.libramed.info\/pl\/wp-json\/wp\/v2\/pages"}],"about":[{"href":"https:\/\/www.libramed.info\/pl\/wp-json\/wp\/v2\/types\/page"}],"author":[{"embeddable":true,"href":"https:\/\/www.libramed.info\/pl\/wp-json\/wp\/v2\/users\/2"}],"replies":[{"embeddable":true,"href":"https:\/\/www.libramed.info\/pl\/wp-json\/wp\/v2\/comments?post=4104"}],"version-history":[{"count":5,"href":"https:\/\/www.libramed.info\/pl\/wp-json\/wp\/v2\/pages\/4104\/revisions"}],"predecessor-version":[{"id":4339,"href":"https:\/\/www.libramed.info\/pl\/wp-json\/wp\/v2\/pages\/4104\/revisions\/4339"}],"up":[{"embeddable":true,"href":"https:\/\/www.libramed.info\/pl\/wp-json\/wp\/v2\/pages\/4099"}],"wp:attachment":[{"href":"https:\/\/www.libramed.info\/pl\/wp-json\/wp\/v2\/media?parent=4104"}],"curies":[{"name":"wp","href":"https:\/\/api.w.org\/{rel}","templated":true}]}}