{"id":4102,"date":"2021-11-30T17:54:57","date_gmt":"2021-11-30T16:54:57","guid":{"rendered":"https:\/\/libramedinfopl.multisite.aboca.com\/?page_id=4102"},"modified":"2023-05-18T15:27:29","modified_gmt":"2023-05-18T13:27:29","slug":"zintegrowany-system-opieki-zdrowotnej","status":"publish","type":"page","link":"https:\/\/www.libramed.info\/pl\/prawidlowe-podejscie\/zintegrowany-system-opieki-zdrowotnej\/","title":{"rendered":"Zintegrowany System Opieki Zdrowotnej"},"content":{"rendered":"\n<p>Aboca wierzy, \u017ce wyzwanie zwi\u0105zane z kontrol\u0105 wagi mo\u017ce zosta\u0107 skutecznie podj\u0119te poprzez\u00a0<strong>Zintegrowany System Opieki Zdrowotnej stawiaj\u0105cy w centrum osob\u0119, kt\u00f3rej dostarczy wiedz\u0119 i wsparcie w zdrowym i zr\u00f3wnowa\u017conym programie kontroli wagi<\/strong>.<\/p>\n\n\n<div class=\"wp-block-image\">\n<figure class=\"aligncenter size-full\"><img loading=\"lazy\" decoding=\"async\" width=\"800\" height=\"490\" src=\"https:\/\/www.libramed.info\/pl\/wp-content\/uploads\/sites\/170\/2021\/12\/filiera-sanitaria-integrata_DE1.png\" alt=\"\" class=\"wp-image-4212\" srcset=\"https:\/\/www.libramed.info\/pl\/wp-content\/uploads\/sites\/170\/2021\/12\/filiera-sanitaria-integrata_DE1.png 800w, https:\/\/www.libramed.info\/pl\/wp-content\/uploads\/sites\/170\/2021\/12\/filiera-sanitaria-integrata_DE1-300x184.png 300w, https:\/\/www.libramed.info\/pl\/wp-content\/uploads\/sites\/170\/2021\/12\/filiera-sanitaria-integrata_DE1-768x470.png 768w\" sizes=\"auto, (max-width: 800px) 100vw, 800px\" \/><\/figure>\n<\/div>\n\n\n<p>Na tej drodze istotn\u0105 pomoc mo\u017ce zapewni\u0107 stosowanie nowych ro\u015blinnych kompleks\u00f3w molekularnych, kt\u00f3re dzia\u0142aj\u0105 na mechanizmy fizjologiczne le\u017c\u0105ce u podstaw problemu.<\/p>\n\n\n\n<p>Popro\u015b o porad\u0119!<\/p>\n\n\n\n<p><\/p>\n","protected":false},"excerpt":{"rendered":"<p>Aboca wierzy, \u017ce wyzwanie zwi\u0105zane z kontrol\u0105 wagi mo\u017ce zosta\u0107 skutecznie podj\u0119te poprzez\u00a0Zintegrowany System Opieki Zdrowotnej stawiaj\u0105cy w centrum osob\u0119, kt\u00f3rej dostarczy wiedz\u0119 i wsparcie w zdrowym i zr\u00f3wnowa\u017conym programie kontroli wagi. Na tej drodze istotn\u0105 pomoc mo\u017ce zapewni\u0107 stosowanie nowych ro\u015blinnych kompleks\u00f3w molekularnych, kt\u00f3re dzia\u0142aj\u0105 na mechanizmy fizjologiczne le\u017c\u0105ce u podstaw problemu. Popro\u015b o&#8230;  <a href=\"https:\/\/www.libramed.info\/pl\/prawidlowe-podejscie\/zintegrowany-system-opieki-zdrowotnej\/\" class=\"more-link\" title=\"Read Zintegrowany System Opieki Zdrowotnej\">Leggi tutto &raquo;<\/a><\/p>\n","protected":false},"author":2,"featured_media":0,"parent":4099,"menu_order":0,"comment_status":"closed","ping_status":"closed","template":"","meta":{"footnotes":""},"class_list":["post-4102","page","type-page","status-publish","hentry"],"yoast_head":"<!-- This site is optimized with the Yoast SEO plugin v27.4 - https:\/\/yoast.com\/product\/yoast-seo-wordpress\/ -->\n<title>Zintegrowany System Opieki Zdrowotnej - LibraMed<\/title>\n<meta name=\"robots\" content=\"index, follow, max-snippet:-1, max-image-preview:large, max-video-preview:-1\" \/>\n<link rel=\"canonical\" href=\"https:\/\/www.libramed.info\/pl\/prawidlowe-podejscie\/zintegrowany-system-opieki-zdrowotnej\/\" \/>\n<meta property=\"og:locale\" content=\"pl_PL\" \/>\n<meta property=\"og:type\" content=\"article\" \/>\n<meta property=\"og:title\" content=\"Zintegrowany System Opieki Zdrowotnej - LibraMed\" \/>\n<meta property=\"og:description\" content=\"Aboca wierzy, \u017ce wyzwanie zwi\u0105zane z kontrol\u0105 wagi mo\u017ce zosta\u0107 skutecznie podj\u0119te poprzez\u00a0Zintegrowany System Opieki Zdrowotnej stawiaj\u0105cy w centrum osob\u0119, kt\u00f3rej dostarczy wiedz\u0119 i wsparcie w zdrowym i zr\u00f3wnowa\u017conym programie kontroli wagi. Na tej drodze istotn\u0105 pomoc mo\u017ce zapewni\u0107 stosowanie nowych ro\u015blinnych kompleks\u00f3w molekularnych, kt\u00f3re dzia\u0142aj\u0105 na mechanizmy fizjologiczne le\u017c\u0105ce u podstaw problemu. Popro\u015b o... Leggi tutto &raquo;\" \/>\n<meta property=\"og:url\" content=\"https:\/\/www.libramed.info\/pl\/prawidlowe-podejscie\/zintegrowany-system-opieki-zdrowotnej\/\" \/>\n<meta property=\"og:site_name\" content=\"LibraMed\" \/>\n<meta property=\"article:modified_time\" content=\"2023-05-18T13:27:29+00:00\" \/>\n<meta property=\"og:image\" content=\"https:\/\/www.libramed.info\/pl\/wp-content\/uploads\/sites\/170\/2021\/12\/filiera-sanitaria-integrata_DE1.png\" \/>\n<meta name=\"twitter:card\" content=\"summary_large_image\" \/>\n<meta name=\"twitter:label1\" content=\"Szacowany czas czytania\" \/>\n\t<meta name=\"twitter:data1\" content=\"1 minuta\" \/>\n<script type=\"application\/ld+json\" class=\"yoast-schema-graph\">{\"@context\":\"https:\\\/\\\/schema.org\",\"@graph\":[{\"@type\":\"WebPage\",\"@id\":\"https:\\\/\\\/www.libramed.info\\\/pl\\\/prawidlowe-podejscie\\\/zintegrowany-system-opieki-zdrowotnej\\\/\",\"url\":\"https:\\\/\\\/www.libramed.info\\\/pl\\\/prawidlowe-podejscie\\\/zintegrowany-system-opieki-zdrowotnej\\\/\",\"name\":\"Zintegrowany System Opieki Zdrowotnej - LibraMed\",\"isPartOf\":{\"@id\":\"https:\\\/\\\/www.libramed.info\\\/pl\\\/#website\"},\"primaryImageOfPage\":{\"@id\":\"https:\\\/\\\/www.libramed.info\\\/pl\\\/prawidlowe-podejscie\\\/zintegrowany-system-opieki-zdrowotnej\\\/#primaryimage\"},\"image\":{\"@id\":\"https:\\\/\\\/www.libramed.info\\\/pl\\\/prawidlowe-podejscie\\\/zintegrowany-system-opieki-zdrowotnej\\\/#primaryimage\"},\"thumbnailUrl\":\"https:\\\/\\\/www.libramed.info\\\/pl\\\/wp-content\\\/uploads\\\/sites\\\/170\\\/2021\\\/12\\\/filiera-sanitaria-integrata_DE1.png\",\"datePublished\":\"2021-11-30T16:54:57+00:00\",\"dateModified\":\"2023-05-18T13:27:29+00:00\",\"breadcrumb\":{\"@id\":\"https:\\\/\\\/www.libramed.info\\\/pl\\\/prawidlowe-podejscie\\\/zintegrowany-system-opieki-zdrowotnej\\\/#breadcrumb\"},\"inLanguage\":\"pl-PL\",\"potentialAction\":[{\"@type\":\"ReadAction\",\"target\":[\"https:\\\/\\\/www.libramed.info\\\/pl\\\/prawidlowe-podejscie\\\/zintegrowany-system-opieki-zdrowotnej\\\/\"]}]},{\"@type\":\"ImageObject\",\"inLanguage\":\"pl-PL\",\"@id\":\"https:\\\/\\\/www.libramed.info\\\/pl\\\/prawidlowe-podejscie\\\/zintegrowany-system-opieki-zdrowotnej\\\/#primaryimage\",\"url\":\"https:\\\/\\\/www.libramed.info\\\/pl\\\/wp-content\\\/uploads\\\/sites\\\/170\\\/2021\\\/12\\\/filiera-sanitaria-integrata_DE1.png\",\"contentUrl\":\"https:\\\/\\\/www.libramed.info\\\/pl\\\/wp-content\\\/uploads\\\/sites\\\/170\\\/2021\\\/12\\\/filiera-sanitaria-integrata_DE1.png\",\"width\":800,\"height\":490},{\"@type\":\"BreadcrumbList\",\"@id\":\"https:\\\/\\\/www.libramed.info\\\/pl\\\/prawidlowe-podejscie\\\/zintegrowany-system-opieki-zdrowotnej\\\/#breadcrumb\",\"itemListElement\":[{\"@type\":\"ListItem\",\"position\":1,\"name\":\"Home\",\"item\":\"https:\\\/\\\/www.libramed.info\\\/pl\\\/\"},{\"@type\":\"ListItem\",\"position\":2,\"name\":\"Prawid\u0142owe podej\u015bcie\",\"item\":\"https:\\\/\\\/www.libramed.info\\\/pl\\\/prawidlowe-podejscie\\\/\"},{\"@type\":\"ListItem\",\"position\":3,\"name\":\"Zintegrowany System Opieki Zdrowotnej\"}]},{\"@type\":\"WebSite\",\"@id\":\"https:\\\/\\\/www.libramed.info\\\/pl\\\/#website\",\"url\":\"https:\\\/\\\/www.libramed.info\\\/pl\\\/\",\"name\":\"LibraMed\",\"description\":\"Do kontroli piku glikemicznego\",\"potentialAction\":[{\"@type\":\"SearchAction\",\"target\":{\"@type\":\"EntryPoint\",\"urlTemplate\":\"https:\\\/\\\/www.libramed.info\\\/pl\\\/?s={search_term_string}\"},\"query-input\":{\"@type\":\"PropertyValueSpecification\",\"valueRequired\":true,\"valueName\":\"search_term_string\"}}],\"inLanguage\":\"pl-PL\"}]}<\/script>\n<!-- \/ Yoast SEO plugin. -->","yoast_head_json":{"title":"Zintegrowany System Opieki Zdrowotnej - LibraMed","robots":{"index":"index","follow":"follow","max-snippet":"max-snippet:-1","max-image-preview":"max-image-preview:large","max-video-preview":"max-video-preview:-1"},"canonical":"https:\/\/www.libramed.info\/pl\/prawidlowe-podejscie\/zintegrowany-system-opieki-zdrowotnej\/","og_locale":"pl_PL","og_type":"article","og_title":"Zintegrowany System Opieki Zdrowotnej - LibraMed","og_description":"Aboca wierzy, \u017ce wyzwanie zwi\u0105zane z kontrol\u0105 wagi mo\u017ce zosta\u0107 skutecznie podj\u0119te poprzez\u00a0Zintegrowany System Opieki Zdrowotnej stawiaj\u0105cy w centrum osob\u0119, kt\u00f3rej dostarczy wiedz\u0119 i wsparcie w zdrowym i zr\u00f3wnowa\u017conym programie kontroli wagi. Na tej drodze istotn\u0105 pomoc mo\u017ce zapewni\u0107 stosowanie nowych ro\u015blinnych kompleks\u00f3w molekularnych, kt\u00f3re dzia\u0142aj\u0105 na mechanizmy fizjologiczne le\u017c\u0105ce u podstaw problemu. Popro\u015b o... Leggi tutto &raquo;","og_url":"https:\/\/www.libramed.info\/pl\/prawidlowe-podejscie\/zintegrowany-system-opieki-zdrowotnej\/","og_site_name":"LibraMed","article_modified_time":"2023-05-18T13:27:29+00:00","og_image":[{"url":"https:\/\/www.libramed.info\/pl\/wp-content\/uploads\/sites\/170\/2021\/12\/filiera-sanitaria-integrata_DE1.png","type":"","width":"","height":""}],"twitter_card":"summary_large_image","twitter_misc":{"Szacowany czas czytania":"1 minuta"},"schema":{"@context":"https:\/\/schema.org","@graph":[{"@type":"WebPage","@id":"https:\/\/www.libramed.info\/pl\/prawidlowe-podejscie\/zintegrowany-system-opieki-zdrowotnej\/","url":"https:\/\/www.libramed.info\/pl\/prawidlowe-podejscie\/zintegrowany-system-opieki-zdrowotnej\/","name":"Zintegrowany System Opieki Zdrowotnej - LibraMed","isPartOf":{"@id":"https:\/\/www.libramed.info\/pl\/#website"},"primaryImageOfPage":{"@id":"https:\/\/www.libramed.info\/pl\/prawidlowe-podejscie\/zintegrowany-system-opieki-zdrowotnej\/#primaryimage"},"image":{"@id":"https:\/\/www.libramed.info\/pl\/prawidlowe-podejscie\/zintegrowany-system-opieki-zdrowotnej\/#primaryimage"},"thumbnailUrl":"https:\/\/www.libramed.info\/pl\/wp-content\/uploads\/sites\/170\/2021\/12\/filiera-sanitaria-integrata_DE1.png","datePublished":"2021-11-30T16:54:57+00:00","dateModified":"2023-05-18T13:27:29+00:00","breadcrumb":{"@id":"https:\/\/www.libramed.info\/pl\/prawidlowe-podejscie\/zintegrowany-system-opieki-zdrowotnej\/#breadcrumb"},"inLanguage":"pl-PL","potentialAction":[{"@type":"ReadAction","target":["https:\/\/www.libramed.info\/pl\/prawidlowe-podejscie\/zintegrowany-system-opieki-zdrowotnej\/"]}]},{"@type":"ImageObject","inLanguage":"pl-PL","@id":"https:\/\/www.libramed.info\/pl\/prawidlowe-podejscie\/zintegrowany-system-opieki-zdrowotnej\/#primaryimage","url":"https:\/\/www.libramed.info\/pl\/wp-content\/uploads\/sites\/170\/2021\/12\/filiera-sanitaria-integrata_DE1.png","contentUrl":"https:\/\/www.libramed.info\/pl\/wp-content\/uploads\/sites\/170\/2021\/12\/filiera-sanitaria-integrata_DE1.png","width":800,"height":490},{"@type":"BreadcrumbList","@id":"https:\/\/www.libramed.info\/pl\/prawidlowe-podejscie\/zintegrowany-system-opieki-zdrowotnej\/#breadcrumb","itemListElement":[{"@type":"ListItem","position":1,"name":"Home","item":"https:\/\/www.libramed.info\/pl\/"},{"@type":"ListItem","position":2,"name":"Prawid\u0142owe podej\u015bcie","item":"https:\/\/www.libramed.info\/pl\/prawidlowe-podejscie\/"},{"@type":"ListItem","position":3,"name":"Zintegrowany System Opieki Zdrowotnej"}]},{"@type":"WebSite","@id":"https:\/\/www.libramed.info\/pl\/#website","url":"https:\/\/www.libramed.info\/pl\/","name":"LibraMed","description":"Do kontroli piku glikemicznego","potentialAction":[{"@type":"SearchAction","target":{"@type":"EntryPoint","urlTemplate":"https:\/\/www.libramed.info\/pl\/?s={search_term_string}"},"query-input":{"@type":"PropertyValueSpecification","valueRequired":true,"valueName":"search_term_string"}}],"inLanguage":"pl-PL"}]}},"_links":{"self":[{"href":"https:\/\/www.libramed.info\/pl\/wp-json\/wp\/v2\/pages\/4102","targetHints":{"allow":["GET"]}}],"collection":[{"href":"https:\/\/www.libramed.info\/pl\/wp-json\/wp\/v2\/pages"}],"about":[{"href":"https:\/\/www.libramed.info\/pl\/wp-json\/wp\/v2\/types\/page"}],"author":[{"embeddable":true,"href":"https:\/\/www.libramed.info\/pl\/wp-json\/wp\/v2\/users\/2"}],"replies":[{"embeddable":true,"href":"https:\/\/www.libramed.info\/pl\/wp-json\/wp\/v2\/comments?post=4102"}],"version-history":[{"count":5,"href":"https:\/\/www.libramed.info\/pl\/wp-json\/wp\/v2\/pages\/4102\/revisions"}],"predecessor-version":[{"id":4306,"href":"https:\/\/www.libramed.info\/pl\/wp-json\/wp\/v2\/pages\/4102\/revisions\/4306"}],"up":[{"embeddable":true,"href":"https:\/\/www.libramed.info\/pl\/wp-json\/wp\/v2\/pages\/4099"}],"wp:attachment":[{"href":"https:\/\/www.libramed.info\/pl\/wp-json\/wp\/v2\/media?parent=4102"}],"curies":[{"name":"wp","href":"https:\/\/api.w.org\/{rel}","templated":true}]}}