{"id":4099,"date":"2021-11-30T17:53:42","date_gmt":"2021-11-30T16:53:42","guid":{"rendered":"https:\/\/libramedinfopl.multisite.aboca.com\/?page_id=4099"},"modified":"2021-12-02T10:50:18","modified_gmt":"2021-12-02T09:50:18","slug":"prawidlowe-podejscie","status":"publish","type":"page","link":"https:\/\/www.libramed.info\/pl\/prawidlowe-podejscie\/","title":{"rendered":"Prawid\u0142owe podej\u015bcie"},"content":{"rendered":"\n<p>Nadwaga i oty\u0142o\u015b\u0107, zar\u00f3wno u doros\u0142ych, jak i u dzieci, to uwarunkowania o wysokim i cz\u0119sto lekcewa\u017conym ryzyku, kt\u00f3re obecnie stanowi\u0105&nbsp;<strong>prawdziwy problem zdrowotny<\/strong>.<\/p>\n\n\n\n<p>Kluczowe jest uznanie istnienia problemu i podj\u0119cie dzia\u0142a\u0144, polegaj\u0105c na pracownikach s\u0142u\u017cby zdrowia oraz poprzez zmian\u0119 stylu \u017cycia i odpowiednie od\u017cywianie.<\/p>\n\n\n\n<p>Dlatego te\u017c&nbsp;<strong>Aboca<\/strong>, opr\u00f3cz inwestowania w badania nad nowymi moleku\u0142ami ro\u015blinnymi pomocnymi w kontroli wagi, z pe\u0142nym przekonaniem prowadzi dzia\u0142ania w zakresie&nbsp;<strong>Zintegrowanego Systemu Opieki Zdrowotnej<\/strong>.<\/p>\n","protected":false},"excerpt":{"rendered":"<p>Nadwaga i oty\u0142o\u015b\u0107, zar\u00f3wno u doros\u0142ych, jak i u dzieci, to uwarunkowania o wysokim i cz\u0119sto lekcewa\u017conym ryzyku, kt\u00f3re obecnie stanowi\u0105&nbsp;prawdziwy problem zdrowotny. Kluczowe jest uznanie istnienia problemu i podj\u0119cie dzia\u0142a\u0144, polegaj\u0105c na pracownikach s\u0142u\u017cby zdrowia oraz poprzez zmian\u0119 stylu \u017cycia i odpowiednie od\u017cywianie. Dlatego te\u017c&nbsp;Aboca, opr\u00f3cz inwestowania w badania nad nowymi moleku\u0142ami ro\u015blinnymi pomocnymi&#8230;  <a href=\"https:\/\/www.libramed.info\/pl\/prawidlowe-podejscie\/\" class=\"more-link\" title=\"Read Prawid\u0142owe podej\u015bcie\">Leggi tutto &raquo;<\/a><\/p>\n","protected":false},"author":2,"featured_media":0,"parent":0,"menu_order":0,"comment_status":"closed","ping_status":"closed","template":"","meta":{"footnotes":""},"class_list":["post-4099","page","type-page","status-publish","hentry"],"yoast_head":"<!-- This site is optimized with the Yoast SEO plugin v27.4 - https:\/\/yoast.com\/product\/yoast-seo-wordpress\/ -->\n<title>Prawid\u0142owe podej\u015bcie - LibraMed<\/title>\n<meta name=\"robots\" content=\"index, follow, max-snippet:-1, max-image-preview:large, max-video-preview:-1\" \/>\n<link rel=\"canonical\" href=\"https:\/\/www.libramed.info\/pl\/prawidlowe-podejscie\/\" \/>\n<meta property=\"og:locale\" content=\"pl_PL\" \/>\n<meta property=\"og:type\" content=\"article\" \/>\n<meta property=\"og:title\" content=\"Prawid\u0142owe podej\u015bcie - LibraMed\" \/>\n<meta property=\"og:description\" content=\"Nadwaga i oty\u0142o\u015b\u0107, zar\u00f3wno u doros\u0142ych, jak i u dzieci, to uwarunkowania o wysokim i cz\u0119sto lekcewa\u017conym ryzyku, kt\u00f3re obecnie stanowi\u0105&nbsp;prawdziwy problem zdrowotny. Kluczowe jest uznanie istnienia problemu i podj\u0119cie dzia\u0142a\u0144, polegaj\u0105c na pracownikach s\u0142u\u017cby zdrowia oraz poprzez zmian\u0119 stylu \u017cycia i odpowiednie od\u017cywianie. Dlatego te\u017c&nbsp;Aboca, opr\u00f3cz inwestowania w badania nad nowymi moleku\u0142ami ro\u015blinnymi pomocnymi... Leggi tutto &raquo;\" \/>\n<meta property=\"og:url\" content=\"https:\/\/www.libramed.info\/pl\/prawidlowe-podejscie\/\" \/>\n<meta property=\"og:site_name\" content=\"LibraMed\" \/>\n<meta property=\"article:modified_time\" content=\"2021-12-02T09:50:18+00:00\" \/>\n<meta name=\"twitter:card\" content=\"summary_large_image\" \/>\n<meta name=\"twitter:label1\" content=\"Szacowany czas czytania\" \/>\n\t<meta name=\"twitter:data1\" content=\"1 minuta\" \/>\n<script type=\"application\/ld+json\" class=\"yoast-schema-graph\">{\"@context\":\"https:\\\/\\\/schema.org\",\"@graph\":[{\"@type\":\"WebPage\",\"@id\":\"https:\\\/\\\/www.libramed.info\\\/pl\\\/prawidlowe-podejscie\\\/\",\"url\":\"https:\\\/\\\/www.libramed.info\\\/pl\\\/prawidlowe-podejscie\\\/\",\"name\":\"Prawid\u0142owe podej\u015bcie - LibraMed\",\"isPartOf\":{\"@id\":\"https:\\\/\\\/www.libramed.info\\\/pl\\\/#website\"},\"datePublished\":\"2021-11-30T16:53:42+00:00\",\"dateModified\":\"2021-12-02T09:50:18+00:00\",\"breadcrumb\":{\"@id\":\"https:\\\/\\\/www.libramed.info\\\/pl\\\/prawidlowe-podejscie\\\/#breadcrumb\"},\"inLanguage\":\"pl-PL\",\"potentialAction\":[{\"@type\":\"ReadAction\",\"target\":[\"https:\\\/\\\/www.libramed.info\\\/pl\\\/prawidlowe-podejscie\\\/\"]}]},{\"@type\":\"BreadcrumbList\",\"@id\":\"https:\\\/\\\/www.libramed.info\\\/pl\\\/prawidlowe-podejscie\\\/#breadcrumb\",\"itemListElement\":[{\"@type\":\"ListItem\",\"position\":1,\"name\":\"Home\",\"item\":\"https:\\\/\\\/www.libramed.info\\\/pl\\\/\"},{\"@type\":\"ListItem\",\"position\":2,\"name\":\"Prawid\u0142owe podej\u015bcie\"}]},{\"@type\":\"WebSite\",\"@id\":\"https:\\\/\\\/www.libramed.info\\\/pl\\\/#website\",\"url\":\"https:\\\/\\\/www.libramed.info\\\/pl\\\/\",\"name\":\"LibraMed\",\"description\":\"Do kontroli piku glikemicznego\",\"potentialAction\":[{\"@type\":\"SearchAction\",\"target\":{\"@type\":\"EntryPoint\",\"urlTemplate\":\"https:\\\/\\\/www.libramed.info\\\/pl\\\/?s={search_term_string}\"},\"query-input\":{\"@type\":\"PropertyValueSpecification\",\"valueRequired\":true,\"valueName\":\"search_term_string\"}}],\"inLanguage\":\"pl-PL\"}]}<\/script>\n<!-- \/ Yoast SEO plugin. -->","yoast_head_json":{"title":"Prawid\u0142owe podej\u015bcie - LibraMed","robots":{"index":"index","follow":"follow","max-snippet":"max-snippet:-1","max-image-preview":"max-image-preview:large","max-video-preview":"max-video-preview:-1"},"canonical":"https:\/\/www.libramed.info\/pl\/prawidlowe-podejscie\/","og_locale":"pl_PL","og_type":"article","og_title":"Prawid\u0142owe podej\u015bcie - LibraMed","og_description":"Nadwaga i oty\u0142o\u015b\u0107, zar\u00f3wno u doros\u0142ych, jak i u dzieci, to uwarunkowania o wysokim i cz\u0119sto lekcewa\u017conym ryzyku, kt\u00f3re obecnie stanowi\u0105&nbsp;prawdziwy problem zdrowotny. Kluczowe jest uznanie istnienia problemu i podj\u0119cie dzia\u0142a\u0144, polegaj\u0105c na pracownikach s\u0142u\u017cby zdrowia oraz poprzez zmian\u0119 stylu \u017cycia i odpowiednie od\u017cywianie. Dlatego te\u017c&nbsp;Aboca, opr\u00f3cz inwestowania w badania nad nowymi moleku\u0142ami ro\u015blinnymi pomocnymi... Leggi tutto &raquo;","og_url":"https:\/\/www.libramed.info\/pl\/prawidlowe-podejscie\/","og_site_name":"LibraMed","article_modified_time":"2021-12-02T09:50:18+00:00","twitter_card":"summary_large_image","twitter_misc":{"Szacowany czas czytania":"1 minuta"},"schema":{"@context":"https:\/\/schema.org","@graph":[{"@type":"WebPage","@id":"https:\/\/www.libramed.info\/pl\/prawidlowe-podejscie\/","url":"https:\/\/www.libramed.info\/pl\/prawidlowe-podejscie\/","name":"Prawid\u0142owe podej\u015bcie - LibraMed","isPartOf":{"@id":"https:\/\/www.libramed.info\/pl\/#website"},"datePublished":"2021-11-30T16:53:42+00:00","dateModified":"2021-12-02T09:50:18+00:00","breadcrumb":{"@id":"https:\/\/www.libramed.info\/pl\/prawidlowe-podejscie\/#breadcrumb"},"inLanguage":"pl-PL","potentialAction":[{"@type":"ReadAction","target":["https:\/\/www.libramed.info\/pl\/prawidlowe-podejscie\/"]}]},{"@type":"BreadcrumbList","@id":"https:\/\/www.libramed.info\/pl\/prawidlowe-podejscie\/#breadcrumb","itemListElement":[{"@type":"ListItem","position":1,"name":"Home","item":"https:\/\/www.libramed.info\/pl\/"},{"@type":"ListItem","position":2,"name":"Prawid\u0142owe podej\u015bcie"}]},{"@type":"WebSite","@id":"https:\/\/www.libramed.info\/pl\/#website","url":"https:\/\/www.libramed.info\/pl\/","name":"LibraMed","description":"Do kontroli piku glikemicznego","potentialAction":[{"@type":"SearchAction","target":{"@type":"EntryPoint","urlTemplate":"https:\/\/www.libramed.info\/pl\/?s={search_term_string}"},"query-input":{"@type":"PropertyValueSpecification","valueRequired":true,"valueName":"search_term_string"}}],"inLanguage":"pl-PL"}]}},"_links":{"self":[{"href":"https:\/\/www.libramed.info\/pl\/wp-json\/wp\/v2\/pages\/4099","targetHints":{"allow":["GET"]}}],"collection":[{"href":"https:\/\/www.libramed.info\/pl\/wp-json\/wp\/v2\/pages"}],"about":[{"href":"https:\/\/www.libramed.info\/pl\/wp-json\/wp\/v2\/types\/page"}],"author":[{"embeddable":true,"href":"https:\/\/www.libramed.info\/pl\/wp-json\/wp\/v2\/users\/2"}],"replies":[{"embeddable":true,"href":"https:\/\/www.libramed.info\/pl\/wp-json\/wp\/v2\/comments?post=4099"}],"version-history":[{"count":5,"href":"https:\/\/www.libramed.info\/pl\/wp-json\/wp\/v2\/pages\/4099\/revisions"}],"predecessor-version":[{"id":4274,"href":"https:\/\/www.libramed.info\/pl\/wp-json\/wp\/v2\/pages\/4099\/revisions\/4274"}],"wp:attachment":[{"href":"https:\/\/www.libramed.info\/pl\/wp-json\/wp\/v2\/media?parent=4099"}],"curies":[{"name":"wp","href":"https:\/\/api.w.org\/{rel}","templated":true}]}}