{"id":4086,"date":"2021-11-30T17:45:15","date_gmt":"2021-11-30T16:45:15","guid":{"rendered":"https:\/\/libramedinfopl.multisite.aboca.com\/?page_id=4086"},"modified":"2021-12-02T10:49:00","modified_gmt":"2021-12-02T09:49:00","slug":"nadwaga-i-otylosc-nie-tylko-kwestia-nadmiaru-kilogramow","status":"publish","type":"page","link":"https:\/\/www.libramed.info\/pl\/dlaczego-tyjemy\/nadwaga-i-otylosc-nie-tylko-kwestia-nadmiaru-kilogramow\/","title":{"rendered":"Nadwaga i oty\u0142o\u015b\u0107: nie tylko kwestia nadmiaru kilogram\u00f3w"},"content":{"rendered":"\n<p>Oty\u0142o\u015b\u0107 jest chorob\u0105 przewlek\u0142\u0105 wywo\u0142an\u0105 nadmiarem tkanki t\u0142uszczowej, roz\u0142o\u017conej w nier\u00f3wnomierny spos\u00f3b w r\u00f3\u017cnych cz\u0119\u015bciach&nbsp;.<\/p>\n\n\n\n<div style=\"height:20px\" aria-hidden=\"true\" class=\"wp-block-spacer\"><\/div>\n\n\n\n<p>Aby okre\u015bli\u0107 wyst\u0119powanie \u201cnadmiaru\u201d t\u0142uszczu zazwyczaj oblicza si\u0119 wska\u017anik masy cia\u0142a (BMI = Body Mass Index, wed\u0142ug nazewnictwa ameryka\u0144skiego), kt\u00f3ry oblicza si\u0119 przy pomocy nast\u0119puj\u0105cego wzoru:<\/p>\n\n\n\n<div style=\"height:20px\" aria-hidden=\"true\" class=\"wp-block-spacer\"><\/div>\n\n\n\n<div style=\"height:20px\" aria-hidden=\"true\" class=\"wp-block-spacer\"><\/div>\n\n\n\n<p class=\"has-text-align-center\"><strong>BMI = masa cia\u0142a (w kg)\/wzrost do kwadratu (w metrach) = kg\/m2<\/strong><\/p>\n\n\n\n<div style=\"height:20px\" aria-hidden=\"true\" class=\"wp-block-spacer\"><\/div>\n\n\n\n<figure class=\"wp-block-table tabella\"><table><thead><tr><th class=\"has-text-align-center\" data-align=\"center\">BMI<br><strong>Body Mass Index<\/strong><\/th><th class=\"has-text-align-center\" data-align=\"center\"> OSOBA<\/th><\/tr><\/thead><tbody><tr><td class=\"has-text-align-center\" data-align=\"center\">18,5<\/td><td class=\"has-text-align-center\" data-align=\"center\">niedowaga<\/td><\/tr><tr><td class=\"has-text-align-center\" data-align=\"center\">18,5 \u2013 24,9<\/td><td class=\"has-text-align-center\" data-align=\"center\">norma<\/td><\/tr><tr><td class=\"has-text-align-center\" data-align=\"center\">25 \u2013 29,9<\/td><td class=\"has-text-align-center\" data-align=\"center\">nadwaga<\/td><\/tr><tr><td class=\"has-text-align-center\" data-align=\"center\">30 \u2013 34,9<\/td><td class=\"has-text-align-center\" data-align=\"center\">oty\u0142o\u015b\u0107<\/td><\/tr><tr><td class=\"has-text-align-center\" data-align=\"center\">35 \u2013 39,9<\/td><td class=\"has-text-align-center\" data-align=\"center\">oty\u0142o\u015b\u0107 II stopnia<\/td><\/tr><tr><td class=\"has-text-align-center\" data-align=\"center\">&gt; 40<\/td><td class=\"has-text-align-center\" data-align=\"center\">oty\u0142o\u015b\u0107 III stopnia<\/td><\/tr><\/tbody><\/table><\/figure>\n\n\n\n<div style=\"height:20px\" aria-hidden=\"true\" class=\"wp-block-spacer\"><\/div>\n\n\n\n<p>BMI, pozostaj\u0105c u\u017cytecznym i natychmiastowym wska\u017anikiem nadwagi i oty\u0142o\u015bci, winien by\u0107 traktowany jako tylko jeden z parametr\u00f3w do kontrolowania.<\/p>\n\n\n\n<p>W rzeczywisto\u015bci temu samemu BMI mog\u0105 odpowiada\u0107 r\u00f3\u017cne poziomy t\u0142uszczu zgromadzonego w ciele. BMI nie dostarcza \u017cadnych informacji na temat lokalizacji t\u0142uszczu, kt\u00f3ra z kolei jest kluczowa w ocenie ryzyka chor\u00f3b uk\u0142adu kr\u0105\u017cenia i cukrzycy.<\/p>\n\n\n\n<p>Z tego powodu opr\u00f3cz BMI nale\u017cy r\u00f3wnie\u017c uwzgl\u0119dni\u0107 OBW\u00d3D PASA (czyli obw\u00f3d brzucha mierzony na wysoko\u015bci p\u0119pka), kt\u00f3ry jest wiarygodnym wska\u017anikiem dotycz\u0105cym ilo\u015bci t\u0142uszczu obecnego w brzuchu (t\u0142uszcz trzewny).<\/p>\n\n\n\n<p>Nadmierna ilo\u015b\u0107 t\u0142uszczu brzusznego, jak zobaczymy, jest sama w sobie, bez wzgl\u0119du na BMI, czynnikiem ryzyka dla chor\u00f3b uk\u0142adu kr\u0105\u017cenia i dla cukrzycy typu 2.<\/p>\n\n\n\n<div style=\"height:20px\" aria-hidden=\"true\" class=\"wp-block-spacer\"><\/div>\n\n\n\n<figure class=\"wp-block-table tabella\"><table class=\"has-fixed-layout\"><thead><tr><th class=\"has-text-align-center\" data-align=\"center\"> KOBIETA<\/th><th class=\"has-text-align-center\" data-align=\"center\"> M\u0118\u017bCZYZNA<\/th><th class=\"has-text-align-center\" data-align=\"center\"> OCENA<\/th><\/tr><\/thead><tbody><tr><td class=\"has-text-align-center\" data-align=\"center\">&lt; 80<\/td><td class=\"has-text-align-center\" data-align=\"center\">&lt; 94<\/td><td class=\"has-text-align-center\" data-align=\"center\">norma<\/td><\/tr><tr><td class=\"has-text-align-center\" data-align=\"center\">80 \u2013 88<\/td><td class=\"has-text-align-center\" data-align=\"center\">94 \u2013 102<\/td><td class=\"has-text-align-center\" data-align=\"center\">wysokie<\/td><\/tr><tr><td class=\"has-text-align-center\" data-align=\"center\">&gt; 88<\/td><td class=\"has-text-align-center\" data-align=\"center\">&gt; 102<\/td><td class=\"has-text-align-center\" data-align=\"center\">bardzo wysokie<\/td><\/tr><\/tbody><\/table><\/figure>\n","protected":false},"excerpt":{"rendered":"<p>Oty\u0142o\u015b\u0107 jest chorob\u0105 przewlek\u0142\u0105 wywo\u0142an\u0105 nadmiarem tkanki t\u0142uszczowej, roz\u0142o\u017conej w nier\u00f3wnomierny spos\u00f3b w r\u00f3\u017cnych cz\u0119\u015bciach&nbsp;. Aby okre\u015bli\u0107 wyst\u0119powanie \u201cnadmiaru\u201d t\u0142uszczu zazwyczaj oblicza si\u0119 wska\u017anik masy cia\u0142a (BMI = Body Mass Index, wed\u0142ug nazewnictwa ameryka\u0144skiego), kt\u00f3ry oblicza si\u0119 przy pomocy nast\u0119puj\u0105cego wzoru: BMI = masa cia\u0142a (w kg)\/wzrost do kwadratu (w metrach) = kg\/m2 BMIBody Mass&#8230;  <a href=\"https:\/\/www.libramed.info\/pl\/dlaczego-tyjemy\/nadwaga-i-otylosc-nie-tylko-kwestia-nadmiaru-kilogramow\/\" class=\"more-link\" title=\"Read Nadwaga i oty\u0142o\u015b\u0107: nie tylko kwestia nadmiaru kilogram\u00f3w\">Leggi tutto &raquo;<\/a><\/p>\n","protected":false},"author":2,"featured_media":0,"parent":4078,"menu_order":0,"comment_status":"closed","ping_status":"closed","template":"","meta":{"footnotes":""},"class_list":["post-4086","page","type-page","status-publish","hentry"],"yoast_head":"<!-- This site is optimized with the Yoast SEO plugin v27.4 - https:\/\/yoast.com\/product\/yoast-seo-wordpress\/ -->\n<title>Nadwaga i oty\u0142o\u015b\u0107: nie tylko kwestia nadmiaru kilogram\u00f3w - LibraMed<\/title>\n<meta name=\"robots\" content=\"index, follow, max-snippet:-1, max-image-preview:large, max-video-preview:-1\" \/>\n<link rel=\"canonical\" href=\"https:\/\/www.libramed.info\/pl\/dlaczego-tyjemy\/nadwaga-i-otylosc-nie-tylko-kwestia-nadmiaru-kilogramow\/\" \/>\n<meta property=\"og:locale\" content=\"pl_PL\" \/>\n<meta property=\"og:type\" content=\"article\" \/>\n<meta property=\"og:title\" content=\"Nadwaga i oty\u0142o\u015b\u0107: nie tylko kwestia nadmiaru kilogram\u00f3w - LibraMed\" \/>\n<meta property=\"og:description\" content=\"Oty\u0142o\u015b\u0107 jest chorob\u0105 przewlek\u0142\u0105 wywo\u0142an\u0105 nadmiarem tkanki t\u0142uszczowej, roz\u0142o\u017conej w nier\u00f3wnomierny spos\u00f3b w r\u00f3\u017cnych cz\u0119\u015bciach&nbsp;. Aby okre\u015bli\u0107 wyst\u0119powanie \u201cnadmiaru\u201d t\u0142uszczu zazwyczaj oblicza si\u0119 wska\u017anik masy cia\u0142a (BMI = Body Mass Index, wed\u0142ug nazewnictwa ameryka\u0144skiego), kt\u00f3ry oblicza si\u0119 przy pomocy nast\u0119puj\u0105cego wzoru: BMI = masa cia\u0142a (w kg)\/wzrost do kwadratu (w metrach) = kg\/m2 BMIBody Mass... Leggi tutto &raquo;\" \/>\n<meta property=\"og:url\" content=\"https:\/\/www.libramed.info\/pl\/dlaczego-tyjemy\/nadwaga-i-otylosc-nie-tylko-kwestia-nadmiaru-kilogramow\/\" \/>\n<meta property=\"og:site_name\" content=\"LibraMed\" \/>\n<meta property=\"article:modified_time\" content=\"2021-12-02T09:49:00+00:00\" \/>\n<meta name=\"twitter:card\" content=\"summary_large_image\" \/>\n<meta name=\"twitter:label1\" content=\"Szacowany czas czytania\" \/>\n\t<meta name=\"twitter:data1\" content=\"1 minuta\" \/>\n<script type=\"application\/ld+json\" class=\"yoast-schema-graph\">{\"@context\":\"https:\\\/\\\/schema.org\",\"@graph\":[{\"@type\":\"WebPage\",\"@id\":\"https:\\\/\\\/www.libramed.info\\\/pl\\\/dlaczego-tyjemy\\\/nadwaga-i-otylosc-nie-tylko-kwestia-nadmiaru-kilogramow\\\/\",\"url\":\"https:\\\/\\\/www.libramed.info\\\/pl\\\/dlaczego-tyjemy\\\/nadwaga-i-otylosc-nie-tylko-kwestia-nadmiaru-kilogramow\\\/\",\"name\":\"Nadwaga i oty\u0142o\u015b\u0107: nie tylko kwestia nadmiaru kilogram\u00f3w - LibraMed\",\"isPartOf\":{\"@id\":\"https:\\\/\\\/www.libramed.info\\\/pl\\\/#website\"},\"datePublished\":\"2021-11-30T16:45:15+00:00\",\"dateModified\":\"2021-12-02T09:49:00+00:00\",\"breadcrumb\":{\"@id\":\"https:\\\/\\\/www.libramed.info\\\/pl\\\/dlaczego-tyjemy\\\/nadwaga-i-otylosc-nie-tylko-kwestia-nadmiaru-kilogramow\\\/#breadcrumb\"},\"inLanguage\":\"pl-PL\",\"potentialAction\":[{\"@type\":\"ReadAction\",\"target\":[\"https:\\\/\\\/www.libramed.info\\\/pl\\\/dlaczego-tyjemy\\\/nadwaga-i-otylosc-nie-tylko-kwestia-nadmiaru-kilogramow\\\/\"]}]},{\"@type\":\"BreadcrumbList\",\"@id\":\"https:\\\/\\\/www.libramed.info\\\/pl\\\/dlaczego-tyjemy\\\/nadwaga-i-otylosc-nie-tylko-kwestia-nadmiaru-kilogramow\\\/#breadcrumb\",\"itemListElement\":[{\"@type\":\"ListItem\",\"position\":1,\"name\":\"Home\",\"item\":\"https:\\\/\\\/www.libramed.info\\\/pl\\\/\"},{\"@type\":\"ListItem\",\"position\":2,\"name\":\"Nadwaga i oty\u0142o\u015b\u0107: dlaczego tyjemy\",\"item\":\"https:\\\/\\\/www.libramed.info\\\/pl\\\/dlaczego-tyjemy\\\/\"},{\"@type\":\"ListItem\",\"position\":3,\"name\":\"Nadwaga i oty\u0142o\u015b\u0107: nie tylko kwestia nadmiaru kilogram\u00f3w\"}]},{\"@type\":\"WebSite\",\"@id\":\"https:\\\/\\\/www.libramed.info\\\/pl\\\/#website\",\"url\":\"https:\\\/\\\/www.libramed.info\\\/pl\\\/\",\"name\":\"LibraMed\",\"description\":\"Do kontroli piku glikemicznego\",\"potentialAction\":[{\"@type\":\"SearchAction\",\"target\":{\"@type\":\"EntryPoint\",\"urlTemplate\":\"https:\\\/\\\/www.libramed.info\\\/pl\\\/?s={search_term_string}\"},\"query-input\":{\"@type\":\"PropertyValueSpecification\",\"valueRequired\":true,\"valueName\":\"search_term_string\"}}],\"inLanguage\":\"pl-PL\"}]}<\/script>\n<!-- \/ Yoast SEO plugin. -->","yoast_head_json":{"title":"Nadwaga i oty\u0142o\u015b\u0107: nie tylko kwestia nadmiaru kilogram\u00f3w - LibraMed","robots":{"index":"index","follow":"follow","max-snippet":"max-snippet:-1","max-image-preview":"max-image-preview:large","max-video-preview":"max-video-preview:-1"},"canonical":"https:\/\/www.libramed.info\/pl\/dlaczego-tyjemy\/nadwaga-i-otylosc-nie-tylko-kwestia-nadmiaru-kilogramow\/","og_locale":"pl_PL","og_type":"article","og_title":"Nadwaga i oty\u0142o\u015b\u0107: nie tylko kwestia nadmiaru kilogram\u00f3w - LibraMed","og_description":"Oty\u0142o\u015b\u0107 jest chorob\u0105 przewlek\u0142\u0105 wywo\u0142an\u0105 nadmiarem tkanki t\u0142uszczowej, roz\u0142o\u017conej w nier\u00f3wnomierny spos\u00f3b w r\u00f3\u017cnych cz\u0119\u015bciach&nbsp;. Aby okre\u015bli\u0107 wyst\u0119powanie \u201cnadmiaru\u201d t\u0142uszczu zazwyczaj oblicza si\u0119 wska\u017anik masy cia\u0142a (BMI = Body Mass Index, wed\u0142ug nazewnictwa ameryka\u0144skiego), kt\u00f3ry oblicza si\u0119 przy pomocy nast\u0119puj\u0105cego wzoru: BMI = masa cia\u0142a (w kg)\/wzrost do kwadratu (w metrach) = kg\/m2 BMIBody Mass... Leggi tutto &raquo;","og_url":"https:\/\/www.libramed.info\/pl\/dlaczego-tyjemy\/nadwaga-i-otylosc-nie-tylko-kwestia-nadmiaru-kilogramow\/","og_site_name":"LibraMed","article_modified_time":"2021-12-02T09:49:00+00:00","twitter_card":"summary_large_image","twitter_misc":{"Szacowany czas czytania":"1 minuta"},"schema":{"@context":"https:\/\/schema.org","@graph":[{"@type":"WebPage","@id":"https:\/\/www.libramed.info\/pl\/dlaczego-tyjemy\/nadwaga-i-otylosc-nie-tylko-kwestia-nadmiaru-kilogramow\/","url":"https:\/\/www.libramed.info\/pl\/dlaczego-tyjemy\/nadwaga-i-otylosc-nie-tylko-kwestia-nadmiaru-kilogramow\/","name":"Nadwaga i oty\u0142o\u015b\u0107: nie tylko kwestia nadmiaru kilogram\u00f3w - LibraMed","isPartOf":{"@id":"https:\/\/www.libramed.info\/pl\/#website"},"datePublished":"2021-11-30T16:45:15+00:00","dateModified":"2021-12-02T09:49:00+00:00","breadcrumb":{"@id":"https:\/\/www.libramed.info\/pl\/dlaczego-tyjemy\/nadwaga-i-otylosc-nie-tylko-kwestia-nadmiaru-kilogramow\/#breadcrumb"},"inLanguage":"pl-PL","potentialAction":[{"@type":"ReadAction","target":["https:\/\/www.libramed.info\/pl\/dlaczego-tyjemy\/nadwaga-i-otylosc-nie-tylko-kwestia-nadmiaru-kilogramow\/"]}]},{"@type":"BreadcrumbList","@id":"https:\/\/www.libramed.info\/pl\/dlaczego-tyjemy\/nadwaga-i-otylosc-nie-tylko-kwestia-nadmiaru-kilogramow\/#breadcrumb","itemListElement":[{"@type":"ListItem","position":1,"name":"Home","item":"https:\/\/www.libramed.info\/pl\/"},{"@type":"ListItem","position":2,"name":"Nadwaga i oty\u0142o\u015b\u0107: dlaczego tyjemy","item":"https:\/\/www.libramed.info\/pl\/dlaczego-tyjemy\/"},{"@type":"ListItem","position":3,"name":"Nadwaga i oty\u0142o\u015b\u0107: nie tylko kwestia nadmiaru kilogram\u00f3w"}]},{"@type":"WebSite","@id":"https:\/\/www.libramed.info\/pl\/#website","url":"https:\/\/www.libramed.info\/pl\/","name":"LibraMed","description":"Do kontroli piku glikemicznego","potentialAction":[{"@type":"SearchAction","target":{"@type":"EntryPoint","urlTemplate":"https:\/\/www.libramed.info\/pl\/?s={search_term_string}"},"query-input":{"@type":"PropertyValueSpecification","valueRequired":true,"valueName":"search_term_string"}}],"inLanguage":"pl-PL"}]}},"_links":{"self":[{"href":"https:\/\/www.libramed.info\/pl\/wp-json\/wp\/v2\/pages\/4086","targetHints":{"allow":["GET"]}}],"collection":[{"href":"https:\/\/www.libramed.info\/pl\/wp-json\/wp\/v2\/pages"}],"about":[{"href":"https:\/\/www.libramed.info\/pl\/wp-json\/wp\/v2\/types\/page"}],"author":[{"embeddable":true,"href":"https:\/\/www.libramed.info\/pl\/wp-json\/wp\/v2\/users\/2"}],"replies":[{"embeddable":true,"href":"https:\/\/www.libramed.info\/pl\/wp-json\/wp\/v2\/comments?post=4086"}],"version-history":[{"count":5,"href":"https:\/\/www.libramed.info\/pl\/wp-json\/wp\/v2\/pages\/4086\/revisions"}],"predecessor-version":[{"id":4272,"href":"https:\/\/www.libramed.info\/pl\/wp-json\/wp\/v2\/pages\/4086\/revisions\/4272"}],"up":[{"embeddable":true,"href":"https:\/\/www.libramed.info\/pl\/wp-json\/wp\/v2\/pages\/4078"}],"wp:attachment":[{"href":"https:\/\/www.libramed.info\/pl\/wp-json\/wp\/v2\/media?parent=4086"}],"curies":[{"name":"wp","href":"https:\/\/api.w.org\/{rel}","templated":true}]}}