{"id":4081,"date":"2021-11-30T17:37:46","date_gmt":"2021-11-30T16:37:46","guid":{"rendered":"https:\/\/libramedinfopl.multisite.aboca.com\/?page_id=4081"},"modified":"2021-12-02T10:45:55","modified_gmt":"2021-12-02T09:45:55","slug":"nadwaga-i-otylosc-powazny-problem-zdrowotny","status":"publish","type":"page","link":"https:\/\/www.libramed.info\/pl\/dlaczego-tyjemy\/nadwaga-i-otylosc-powazny-problem-zdrowotny\/","title":{"rendered":"Nadwaga i oty\u0142o\u015b\u0107: powa\u017cny problem zdrowotny"},"content":{"rendered":"\n<p>Wiele os\u00f3b mi\u0119dzy 18. a 69. rokiem \u017cycia ma nadwag\u0119. Szczeg\u00f3lnie niepokoj\u0105ce jest&nbsp;<strong>rosn\u0105ce rozpowszechnianie si\u0119 problemu w populacji dzieci\u0119cej<\/strong>.&nbsp;Nadwaga w najm\u0142odszym wieku ma negatywny wp\u0142yw na zdrowie, zar\u00f3wno w okresie dzieci\u0119cym, jak i podczas dojrzewania oraz doros\u0142ego \u017cycia.<\/p>\n\n\n\n<p>Jest wysoce prawdopodobne, \u017ce oty\u0142e 6-letnie dziecko b\u0119dzie r\u00f3wnie\u017c cierpie\u0107 na t\u0119 przypad\u0142o\u015b\u0107 w wieku doros\u0142ym.<\/p>\n\n\n\n<p><strong>Wi\u0119kszo\u015b\u0107 oty\u0142ych nastolatk\u00f3w b\u0119dzie r\u00f3wnie\u017c oty\u0142a w wieku doros\u0142ym<\/strong>, z uwagi na wi\u0119ksze trudno\u015bci osi\u0105gni\u0119cia trwa\u0142ego efektu odchudzania wskutek uwarunkowa\u0144 biologicznych i psychospo\u0142ecznych.<\/p>\n\n\n\n<p>Dlatego te\u017c powinno si\u0119 wspiera\u0107 profilaktyk\u0119 i leczenie nadwagi, r\u00f3wnie\u017c przed osi\u0105gni\u0119ciem wieku dojrzewania.<\/p>\n\n\n\n<p>Skala, jak\u0105 przybiera problem jest szczeg\u00f3lnie powa\u017cna, poniewa\u017c&nbsp;<strong>nadwaga i oty\u0142o\u015b\u0107<\/strong>, opr\u00f3cz bezpo\u015brednich skutk\u00f3w estetycznych i spo\u0142ecznych,&nbsp;<strong>stanowi\u0105 istotne czynniki ryzyka<\/strong>&nbsp;chor\u00f3b metabolicznych i zwyrodnieniowych, takich jak:&nbsp;<strong>choroby&nbsp;serca, choroby m\u00f3zgowo-naczyniowe, uk\u0142adu oddechowego, kostno-stawowe, cukrzyca, st\u0142uszczenie w\u0105troby czy kamica<\/strong>.<\/p>\n","protected":false},"excerpt":{"rendered":"<p>Wiele os\u00f3b mi\u0119dzy 18. a 69. rokiem \u017cycia ma nadwag\u0119. Szczeg\u00f3lnie niepokoj\u0105ce jest&nbsp;rosn\u0105ce rozpowszechnianie si\u0119 problemu w populacji dzieci\u0119cej.&nbsp;Nadwaga w najm\u0142odszym wieku ma negatywny wp\u0142yw na zdrowie, zar\u00f3wno w okresie dzieci\u0119cym, jak i podczas dojrzewania oraz doros\u0142ego \u017cycia. Jest wysoce prawdopodobne, \u017ce oty\u0142e 6-letnie dziecko b\u0119dzie r\u00f3wnie\u017c cierpie\u0107 na t\u0119 przypad\u0142o\u015b\u0107 w wieku doros\u0142ym. Wi\u0119kszo\u015b\u0107&#8230;  <a href=\"https:\/\/www.libramed.info\/pl\/dlaczego-tyjemy\/nadwaga-i-otylosc-powazny-problem-zdrowotny\/\" class=\"more-link\" title=\"Read Nadwaga i oty\u0142o\u015b\u0107: powa\u017cny problem zdrowotny\">Leggi tutto &raquo;<\/a><\/p>\n","protected":false},"author":2,"featured_media":0,"parent":4078,"menu_order":0,"comment_status":"closed","ping_status":"closed","template":"","meta":{"footnotes":""},"class_list":["post-4081","page","type-page","status-publish","hentry"],"yoast_head":"<!-- This site is optimized with the Yoast SEO plugin v27.4 - https:\/\/yoast.com\/product\/yoast-seo-wordpress\/ -->\n<title>Nadwaga i oty\u0142o\u015b\u0107: powa\u017cny problem zdrowotny - LibraMed<\/title>\n<meta name=\"robots\" content=\"index, follow, max-snippet:-1, max-image-preview:large, max-video-preview:-1\" \/>\n<link rel=\"canonical\" href=\"https:\/\/www.libramed.info\/pl\/dlaczego-tyjemy\/nadwaga-i-otylosc-powazny-problem-zdrowotny\/\" \/>\n<meta property=\"og:locale\" content=\"pl_PL\" \/>\n<meta property=\"og:type\" content=\"article\" \/>\n<meta property=\"og:title\" content=\"Nadwaga i oty\u0142o\u015b\u0107: powa\u017cny problem zdrowotny - LibraMed\" \/>\n<meta property=\"og:description\" content=\"Wiele os\u00f3b mi\u0119dzy 18. a 69. rokiem \u017cycia ma nadwag\u0119. Szczeg\u00f3lnie niepokoj\u0105ce jest&nbsp;rosn\u0105ce rozpowszechnianie si\u0119 problemu w populacji dzieci\u0119cej.&nbsp;Nadwaga w najm\u0142odszym wieku ma negatywny wp\u0142yw na zdrowie, zar\u00f3wno w okresie dzieci\u0119cym, jak i podczas dojrzewania oraz doros\u0142ego \u017cycia. Jest wysoce prawdopodobne, \u017ce oty\u0142e 6-letnie dziecko b\u0119dzie r\u00f3wnie\u017c cierpie\u0107 na t\u0119 przypad\u0142o\u015b\u0107 w wieku doros\u0142ym. Wi\u0119kszo\u015b\u0107... Leggi tutto &raquo;\" \/>\n<meta property=\"og:url\" content=\"https:\/\/www.libramed.info\/pl\/dlaczego-tyjemy\/nadwaga-i-otylosc-powazny-problem-zdrowotny\/\" \/>\n<meta property=\"og:site_name\" content=\"LibraMed\" \/>\n<meta property=\"article:modified_time\" content=\"2021-12-02T09:45:55+00:00\" \/>\n<meta name=\"twitter:card\" content=\"summary_large_image\" \/>\n<meta name=\"twitter:label1\" content=\"Szacowany czas czytania\" \/>\n\t<meta name=\"twitter:data1\" content=\"1 minuta\" \/>\n<script type=\"application\/ld+json\" class=\"yoast-schema-graph\">{\"@context\":\"https:\\\/\\\/schema.org\",\"@graph\":[{\"@type\":\"WebPage\",\"@id\":\"https:\\\/\\\/www.libramed.info\\\/pl\\\/dlaczego-tyjemy\\\/nadwaga-i-otylosc-powazny-problem-zdrowotny\\\/\",\"url\":\"https:\\\/\\\/www.libramed.info\\\/pl\\\/dlaczego-tyjemy\\\/nadwaga-i-otylosc-powazny-problem-zdrowotny\\\/\",\"name\":\"Nadwaga i oty\u0142o\u015b\u0107: powa\u017cny problem zdrowotny - LibraMed\",\"isPartOf\":{\"@id\":\"https:\\\/\\\/www.libramed.info\\\/pl\\\/#website\"},\"datePublished\":\"2021-11-30T16:37:46+00:00\",\"dateModified\":\"2021-12-02T09:45:55+00:00\",\"breadcrumb\":{\"@id\":\"https:\\\/\\\/www.libramed.info\\\/pl\\\/dlaczego-tyjemy\\\/nadwaga-i-otylosc-powazny-problem-zdrowotny\\\/#breadcrumb\"},\"inLanguage\":\"pl-PL\",\"potentialAction\":[{\"@type\":\"ReadAction\",\"target\":[\"https:\\\/\\\/www.libramed.info\\\/pl\\\/dlaczego-tyjemy\\\/nadwaga-i-otylosc-powazny-problem-zdrowotny\\\/\"]}]},{\"@type\":\"BreadcrumbList\",\"@id\":\"https:\\\/\\\/www.libramed.info\\\/pl\\\/dlaczego-tyjemy\\\/nadwaga-i-otylosc-powazny-problem-zdrowotny\\\/#breadcrumb\",\"itemListElement\":[{\"@type\":\"ListItem\",\"position\":1,\"name\":\"Home\",\"item\":\"https:\\\/\\\/www.libramed.info\\\/pl\\\/\"},{\"@type\":\"ListItem\",\"position\":2,\"name\":\"Nadwaga i oty\u0142o\u015b\u0107: dlaczego tyjemy\",\"item\":\"https:\\\/\\\/www.libramed.info\\\/pl\\\/dlaczego-tyjemy\\\/\"},{\"@type\":\"ListItem\",\"position\":3,\"name\":\"Nadwaga i oty\u0142o\u015b\u0107: powa\u017cny problem zdrowotny\"}]},{\"@type\":\"WebSite\",\"@id\":\"https:\\\/\\\/www.libramed.info\\\/pl\\\/#website\",\"url\":\"https:\\\/\\\/www.libramed.info\\\/pl\\\/\",\"name\":\"LibraMed\",\"description\":\"Do kontroli piku glikemicznego\",\"potentialAction\":[{\"@type\":\"SearchAction\",\"target\":{\"@type\":\"EntryPoint\",\"urlTemplate\":\"https:\\\/\\\/www.libramed.info\\\/pl\\\/?s={search_term_string}\"},\"query-input\":{\"@type\":\"PropertyValueSpecification\",\"valueRequired\":true,\"valueName\":\"search_term_string\"}}],\"inLanguage\":\"pl-PL\"}]}<\/script>\n<!-- \/ Yoast SEO plugin. -->","yoast_head_json":{"title":"Nadwaga i oty\u0142o\u015b\u0107: powa\u017cny problem zdrowotny - LibraMed","robots":{"index":"index","follow":"follow","max-snippet":"max-snippet:-1","max-image-preview":"max-image-preview:large","max-video-preview":"max-video-preview:-1"},"canonical":"https:\/\/www.libramed.info\/pl\/dlaczego-tyjemy\/nadwaga-i-otylosc-powazny-problem-zdrowotny\/","og_locale":"pl_PL","og_type":"article","og_title":"Nadwaga i oty\u0142o\u015b\u0107: powa\u017cny problem zdrowotny - LibraMed","og_description":"Wiele os\u00f3b mi\u0119dzy 18. a 69. rokiem \u017cycia ma nadwag\u0119. Szczeg\u00f3lnie niepokoj\u0105ce jest&nbsp;rosn\u0105ce rozpowszechnianie si\u0119 problemu w populacji dzieci\u0119cej.&nbsp;Nadwaga w najm\u0142odszym wieku ma negatywny wp\u0142yw na zdrowie, zar\u00f3wno w okresie dzieci\u0119cym, jak i podczas dojrzewania oraz doros\u0142ego \u017cycia. Jest wysoce prawdopodobne, \u017ce oty\u0142e 6-letnie dziecko b\u0119dzie r\u00f3wnie\u017c cierpie\u0107 na t\u0119 przypad\u0142o\u015b\u0107 w wieku doros\u0142ym. Wi\u0119kszo\u015b\u0107... Leggi tutto &raquo;","og_url":"https:\/\/www.libramed.info\/pl\/dlaczego-tyjemy\/nadwaga-i-otylosc-powazny-problem-zdrowotny\/","og_site_name":"LibraMed","article_modified_time":"2021-12-02T09:45:55+00:00","twitter_card":"summary_large_image","twitter_misc":{"Szacowany czas czytania":"1 minuta"},"schema":{"@context":"https:\/\/schema.org","@graph":[{"@type":"WebPage","@id":"https:\/\/www.libramed.info\/pl\/dlaczego-tyjemy\/nadwaga-i-otylosc-powazny-problem-zdrowotny\/","url":"https:\/\/www.libramed.info\/pl\/dlaczego-tyjemy\/nadwaga-i-otylosc-powazny-problem-zdrowotny\/","name":"Nadwaga i oty\u0142o\u015b\u0107: powa\u017cny problem zdrowotny - LibraMed","isPartOf":{"@id":"https:\/\/www.libramed.info\/pl\/#website"},"datePublished":"2021-11-30T16:37:46+00:00","dateModified":"2021-12-02T09:45:55+00:00","breadcrumb":{"@id":"https:\/\/www.libramed.info\/pl\/dlaczego-tyjemy\/nadwaga-i-otylosc-powazny-problem-zdrowotny\/#breadcrumb"},"inLanguage":"pl-PL","potentialAction":[{"@type":"ReadAction","target":["https:\/\/www.libramed.info\/pl\/dlaczego-tyjemy\/nadwaga-i-otylosc-powazny-problem-zdrowotny\/"]}]},{"@type":"BreadcrumbList","@id":"https:\/\/www.libramed.info\/pl\/dlaczego-tyjemy\/nadwaga-i-otylosc-powazny-problem-zdrowotny\/#breadcrumb","itemListElement":[{"@type":"ListItem","position":1,"name":"Home","item":"https:\/\/www.libramed.info\/pl\/"},{"@type":"ListItem","position":2,"name":"Nadwaga i oty\u0142o\u015b\u0107: dlaczego tyjemy","item":"https:\/\/www.libramed.info\/pl\/dlaczego-tyjemy\/"},{"@type":"ListItem","position":3,"name":"Nadwaga i oty\u0142o\u015b\u0107: powa\u017cny problem zdrowotny"}]},{"@type":"WebSite","@id":"https:\/\/www.libramed.info\/pl\/#website","url":"https:\/\/www.libramed.info\/pl\/","name":"LibraMed","description":"Do kontroli piku glikemicznego","potentialAction":[{"@type":"SearchAction","target":{"@type":"EntryPoint","urlTemplate":"https:\/\/www.libramed.info\/pl\/?s={search_term_string}"},"query-input":{"@type":"PropertyValueSpecification","valueRequired":true,"valueName":"search_term_string"}}],"inLanguage":"pl-PL"}]}},"_links":{"self":[{"href":"https:\/\/www.libramed.info\/pl\/wp-json\/wp\/v2\/pages\/4081","targetHints":{"allow":["GET"]}}],"collection":[{"href":"https:\/\/www.libramed.info\/pl\/wp-json\/wp\/v2\/pages"}],"about":[{"href":"https:\/\/www.libramed.info\/pl\/wp-json\/wp\/v2\/types\/page"}],"author":[{"embeddable":true,"href":"https:\/\/www.libramed.info\/pl\/wp-json\/wp\/v2\/users\/2"}],"replies":[{"embeddable":true,"href":"https:\/\/www.libramed.info\/pl\/wp-json\/wp\/v2\/comments?post=4081"}],"version-history":[{"count":5,"href":"https:\/\/www.libramed.info\/pl\/wp-json\/wp\/v2\/pages\/4081\/revisions"}],"predecessor-version":[{"id":4268,"href":"https:\/\/www.libramed.info\/pl\/wp-json\/wp\/v2\/pages\/4081\/revisions\/4268"}],"up":[{"embeddable":true,"href":"https:\/\/www.libramed.info\/pl\/wp-json\/wp\/v2\/pages\/4078"}],"wp:attachment":[{"href":"https:\/\/www.libramed.info\/pl\/wp-json\/wp\/v2\/media?parent=4081"}],"curies":[{"name":"wp","href":"https:\/\/api.w.org\/{rel}","templated":true}]}}