{"id":4078,"date":"2021-11-30T17:31:23","date_gmt":"2021-11-30T16:31:23","guid":{"rendered":"https:\/\/libramedinfopl.multisite.aboca.com\/?page_id=4078"},"modified":"2021-12-02T10:43:18","modified_gmt":"2021-12-02T09:43:18","slug":"dlaczego-tyjemy","status":"publish","type":"page","link":"https:\/\/www.libramed.info\/pl\/dlaczego-tyjemy\/","title":{"rendered":"Nadwaga i oty\u0142o\u015b\u0107: dlaczego tyjemy"},"content":{"rendered":"\n<p>Nadwaga i oty\u0142o\u015b\u0107 s\u0105 uwa\u017cane za g\u0142\u00f3wne problemy zdrowotne wsp\u00f3\u0142czesnego spo\u0142ecze\u0144stwa, zar\u00f3wno z uwagi na coraz wi\u0119ksze rozpowszechnienie zjawiska, jak i skutki w postaci powa\u017cnych schorze\u0144.<s>&nbsp;<\/s><\/p>\n\n\n\n<p>Wzrost wagi cia\u0142a, do kt\u00f3rego przyczyniaj\u0105 si\u0119 nowe nawyki \u017cywieniowe i siedz\u0105cy tryb \u017cycia, jest dodatkowo spowodowany predyspozycj\u0105 genetyczn\u0105 do tworzenia zapas\u00f3w t\u0142uszczu, wynikaj\u0105c\u0105 z warunk\u00f3w, w kt\u00f3rych nast\u0119powa\u0142a ewolucja gatunku ludzkiego.<s>&nbsp;<\/s><\/p>\n\n\n\n<p><strong>Nasz gatunek rozwija\u0142 si\u0119 w warunkach niedoboru \u017cywno\u015bci, co przyczyni\u0142o si\u0119 do genetycznego gromadzenia zapas\u00f3w<\/strong>, kt\u00f3re w danych warunkach by\u0142o du\u017co korzystniejsze ni\u017c zdolno\u015b\u0107 do eliminowania dysproporcji&nbsp; wynikaj\u0105cej z nadmiernego spo\u017cycia kalorii w stosunku do ma\u0142ej aktywno\u015bci fizycznej.<s>&nbsp;<\/s><\/p>\n\n\n\n<p>U podstaw wspomnianej dysproporcji le\u017c\u0105 zmiany zachodz\u0105ce w spo\u0142ecze\u0144stwie w wyniku wzrostu gospodarczego, modernizacji, urbanizacji i globalizacji rynk\u00f3w spo\u017cywczych.<\/p>\n\n\n\n<p><strong>Od\u017cywianie&nbsp;<\/strong>uleg\u0142o zmianie, kt\u00f3ra polega\u0142o na zwi\u0119kszeniu spo\u017cycia pokarm\u00f3w wysokokalorycznych, pozbawionych b\u0142onnika i o wi\u0119kszej zawarto\u015bci t\u0142uszcz\u00f3w nasyconych i cukr\u00f3w rafinowanych.<\/p>\n\n\n\n<p>Jednocze\u015bnie dosz\u0142o do drastycznego ograniczenia&nbsp;<strong>aktywno\u015bci fizycznej<\/strong>, poprzez fakt, \u017ce praca sta\u0142a si\u0119 l\u017cejsza, transport zosta\u0142 zautomatyzowany, do dom\u00f3w zawita\u0142a technologia, a sp\u0119dzanie czasu wolnego przyj\u0119\u0142o bardziej form\u0119 siedz\u0105c\u0105.<s>&nbsp;<\/s><\/p>\n","protected":false},"excerpt":{"rendered":"<p>Nadwaga i oty\u0142o\u015b\u0107 s\u0105 uwa\u017cane za g\u0142\u00f3wne problemy zdrowotne wsp\u00f3\u0142czesnego spo\u0142ecze\u0144stwa, zar\u00f3wno z uwagi na coraz wi\u0119ksze rozpowszechnienie zjawiska, jak i skutki w postaci powa\u017cnych schorze\u0144.&nbsp; Wzrost wagi cia\u0142a, do kt\u00f3rego przyczyniaj\u0105 si\u0119 nowe nawyki \u017cywieniowe i siedz\u0105cy tryb \u017cycia, jest dodatkowo spowodowany predyspozycj\u0105 genetyczn\u0105 do tworzenia zapas\u00f3w t\u0142uszczu, wynikaj\u0105c\u0105 z warunk\u00f3w, w kt\u00f3rych nast\u0119powa\u0142a&#8230;  <a href=\"https:\/\/www.libramed.info\/pl\/dlaczego-tyjemy\/\" class=\"more-link\" title=\"Read Nadwaga i oty\u0142o\u015b\u0107: dlaczego tyjemy\">Leggi tutto &raquo;<\/a><\/p>\n","protected":false},"author":2,"featured_media":0,"parent":0,"menu_order":0,"comment_status":"closed","ping_status":"closed","template":"","meta":{"footnotes":""},"class_list":["post-4078","page","type-page","status-publish","hentry"],"yoast_head":"<!-- This site is optimized with the Yoast SEO plugin v27.4 - https:\/\/yoast.com\/product\/yoast-seo-wordpress\/ -->\n<title>Nadwaga i oty\u0142o\u015b\u0107: dlaczego tyjemy - LibraMed<\/title>\n<meta name=\"robots\" content=\"index, follow, max-snippet:-1, max-image-preview:large, max-video-preview:-1\" \/>\n<link rel=\"canonical\" href=\"https:\/\/www.libramed.info\/pl\/dlaczego-tyjemy\/\" \/>\n<meta property=\"og:locale\" content=\"pl_PL\" \/>\n<meta property=\"og:type\" content=\"article\" \/>\n<meta property=\"og:title\" content=\"Nadwaga i oty\u0142o\u015b\u0107: dlaczego tyjemy - LibraMed\" \/>\n<meta property=\"og:description\" content=\"Nadwaga i oty\u0142o\u015b\u0107 s\u0105 uwa\u017cane za g\u0142\u00f3wne problemy zdrowotne wsp\u00f3\u0142czesnego spo\u0142ecze\u0144stwa, zar\u00f3wno z uwagi na coraz wi\u0119ksze rozpowszechnienie zjawiska, jak i skutki w postaci powa\u017cnych schorze\u0144.&nbsp; Wzrost wagi cia\u0142a, do kt\u00f3rego przyczyniaj\u0105 si\u0119 nowe nawyki \u017cywieniowe i siedz\u0105cy tryb \u017cycia, jest dodatkowo spowodowany predyspozycj\u0105 genetyczn\u0105 do tworzenia zapas\u00f3w t\u0142uszczu, wynikaj\u0105c\u0105 z warunk\u00f3w, w kt\u00f3rych nast\u0119powa\u0142a... Leggi tutto &raquo;\" \/>\n<meta property=\"og:url\" content=\"https:\/\/www.libramed.info\/pl\/dlaczego-tyjemy\/\" \/>\n<meta property=\"og:site_name\" content=\"LibraMed\" \/>\n<meta property=\"article:modified_time\" content=\"2021-12-02T09:43:18+00:00\" \/>\n<meta name=\"twitter:card\" content=\"summary_large_image\" \/>\n<meta name=\"twitter:label1\" content=\"Szacowany czas czytania\" \/>\n\t<meta name=\"twitter:data1\" content=\"1 minuta\" \/>\n<script type=\"application\/ld+json\" class=\"yoast-schema-graph\">{\"@context\":\"https:\\\/\\\/schema.org\",\"@graph\":[{\"@type\":\"WebPage\",\"@id\":\"https:\\\/\\\/www.libramed.info\\\/pl\\\/dlaczego-tyjemy\\\/\",\"url\":\"https:\\\/\\\/www.libramed.info\\\/pl\\\/dlaczego-tyjemy\\\/\",\"name\":\"Nadwaga i oty\u0142o\u015b\u0107: dlaczego tyjemy - LibraMed\",\"isPartOf\":{\"@id\":\"https:\\\/\\\/www.libramed.info\\\/pl\\\/#website\"},\"datePublished\":\"2021-11-30T16:31:23+00:00\",\"dateModified\":\"2021-12-02T09:43:18+00:00\",\"breadcrumb\":{\"@id\":\"https:\\\/\\\/www.libramed.info\\\/pl\\\/dlaczego-tyjemy\\\/#breadcrumb\"},\"inLanguage\":\"pl-PL\",\"potentialAction\":[{\"@type\":\"ReadAction\",\"target\":[\"https:\\\/\\\/www.libramed.info\\\/pl\\\/dlaczego-tyjemy\\\/\"]}]},{\"@type\":\"BreadcrumbList\",\"@id\":\"https:\\\/\\\/www.libramed.info\\\/pl\\\/dlaczego-tyjemy\\\/#breadcrumb\",\"itemListElement\":[{\"@type\":\"ListItem\",\"position\":1,\"name\":\"Home\",\"item\":\"https:\\\/\\\/www.libramed.info\\\/pl\\\/\"},{\"@type\":\"ListItem\",\"position\":2,\"name\":\"Nadwaga i oty\u0142o\u015b\u0107: dlaczego tyjemy\"}]},{\"@type\":\"WebSite\",\"@id\":\"https:\\\/\\\/www.libramed.info\\\/pl\\\/#website\",\"url\":\"https:\\\/\\\/www.libramed.info\\\/pl\\\/\",\"name\":\"LibraMed\",\"description\":\"Do kontroli piku glikemicznego\",\"potentialAction\":[{\"@type\":\"SearchAction\",\"target\":{\"@type\":\"EntryPoint\",\"urlTemplate\":\"https:\\\/\\\/www.libramed.info\\\/pl\\\/?s={search_term_string}\"},\"query-input\":{\"@type\":\"PropertyValueSpecification\",\"valueRequired\":true,\"valueName\":\"search_term_string\"}}],\"inLanguage\":\"pl-PL\"}]}<\/script>\n<!-- \/ Yoast SEO plugin. -->","yoast_head_json":{"title":"Nadwaga i oty\u0142o\u015b\u0107: dlaczego tyjemy - LibraMed","robots":{"index":"index","follow":"follow","max-snippet":"max-snippet:-1","max-image-preview":"max-image-preview:large","max-video-preview":"max-video-preview:-1"},"canonical":"https:\/\/www.libramed.info\/pl\/dlaczego-tyjemy\/","og_locale":"pl_PL","og_type":"article","og_title":"Nadwaga i oty\u0142o\u015b\u0107: dlaczego tyjemy - LibraMed","og_description":"Nadwaga i oty\u0142o\u015b\u0107 s\u0105 uwa\u017cane za g\u0142\u00f3wne problemy zdrowotne wsp\u00f3\u0142czesnego spo\u0142ecze\u0144stwa, zar\u00f3wno z uwagi na coraz wi\u0119ksze rozpowszechnienie zjawiska, jak i skutki w postaci powa\u017cnych schorze\u0144.&nbsp; Wzrost wagi cia\u0142a, do kt\u00f3rego przyczyniaj\u0105 si\u0119 nowe nawyki \u017cywieniowe i siedz\u0105cy tryb \u017cycia, jest dodatkowo spowodowany predyspozycj\u0105 genetyczn\u0105 do tworzenia zapas\u00f3w t\u0142uszczu, wynikaj\u0105c\u0105 z warunk\u00f3w, w kt\u00f3rych nast\u0119powa\u0142a... Leggi tutto &raquo;","og_url":"https:\/\/www.libramed.info\/pl\/dlaczego-tyjemy\/","og_site_name":"LibraMed","article_modified_time":"2021-12-02T09:43:18+00:00","twitter_card":"summary_large_image","twitter_misc":{"Szacowany czas czytania":"1 minuta"},"schema":{"@context":"https:\/\/schema.org","@graph":[{"@type":"WebPage","@id":"https:\/\/www.libramed.info\/pl\/dlaczego-tyjemy\/","url":"https:\/\/www.libramed.info\/pl\/dlaczego-tyjemy\/","name":"Nadwaga i oty\u0142o\u015b\u0107: dlaczego tyjemy - LibraMed","isPartOf":{"@id":"https:\/\/www.libramed.info\/pl\/#website"},"datePublished":"2021-11-30T16:31:23+00:00","dateModified":"2021-12-02T09:43:18+00:00","breadcrumb":{"@id":"https:\/\/www.libramed.info\/pl\/dlaczego-tyjemy\/#breadcrumb"},"inLanguage":"pl-PL","potentialAction":[{"@type":"ReadAction","target":["https:\/\/www.libramed.info\/pl\/dlaczego-tyjemy\/"]}]},{"@type":"BreadcrumbList","@id":"https:\/\/www.libramed.info\/pl\/dlaczego-tyjemy\/#breadcrumb","itemListElement":[{"@type":"ListItem","position":1,"name":"Home","item":"https:\/\/www.libramed.info\/pl\/"},{"@type":"ListItem","position":2,"name":"Nadwaga i oty\u0142o\u015b\u0107: dlaczego tyjemy"}]},{"@type":"WebSite","@id":"https:\/\/www.libramed.info\/pl\/#website","url":"https:\/\/www.libramed.info\/pl\/","name":"LibraMed","description":"Do kontroli piku glikemicznego","potentialAction":[{"@type":"SearchAction","target":{"@type":"EntryPoint","urlTemplate":"https:\/\/www.libramed.info\/pl\/?s={search_term_string}"},"query-input":{"@type":"PropertyValueSpecification","valueRequired":true,"valueName":"search_term_string"}}],"inLanguage":"pl-PL"}]}},"_links":{"self":[{"href":"https:\/\/www.libramed.info\/pl\/wp-json\/wp\/v2\/pages\/4078","targetHints":{"allow":["GET"]}}],"collection":[{"href":"https:\/\/www.libramed.info\/pl\/wp-json\/wp\/v2\/pages"}],"about":[{"href":"https:\/\/www.libramed.info\/pl\/wp-json\/wp\/v2\/types\/page"}],"author":[{"embeddable":true,"href":"https:\/\/www.libramed.info\/pl\/wp-json\/wp\/v2\/users\/2"}],"replies":[{"embeddable":true,"href":"https:\/\/www.libramed.info\/pl\/wp-json\/wp\/v2\/comments?post=4078"}],"version-history":[{"count":5,"href":"https:\/\/www.libramed.info\/pl\/wp-json\/wp\/v2\/pages\/4078\/revisions"}],"predecessor-version":[{"id":4266,"href":"https:\/\/www.libramed.info\/pl\/wp-json\/wp\/v2\/pages\/4078\/revisions\/4266"}],"wp:attachment":[{"href":"https:\/\/www.libramed.info\/pl\/wp-json\/wp\/v2\/media?parent=4078"}],"curies":[{"name":"wp","href":"https:\/\/api.w.org\/{rel}","templated":true}]}}