{"id":3896,"date":"2021-01-18T15:11:50","date_gmt":"2021-01-18T14:11:50","guid":{"rendered":"http:\/\/libramedinfopl.multisite.aboca.com\/?page_id=3896"},"modified":"2025-02-04T14:51:59","modified_gmt":"2025-02-04T13:51:59","slug":"libramed-aboca","status":"publish","type":"page","link":"https:\/\/www.libramed.info\/pl\/","title":{"rendered":"Libramed Aboca"},"content":{"rendered":"\n<h1 class=\"wp-block-heading\">Dla kontroli wagi zmie\u0144 perspektyw\u0119.<\/h1>\n\n\n\n<div style=\"height:30px\" aria-hidden=\"true\" class=\"wp-block-spacer\"><\/div>\n\n\n\n<p>W&nbsp;<strong>kontroli wagi<\/strong>, zar\u00f3wno u doros\u0142ego, jak i u dziecka, konieczne s\u0105 \u015bci\u015ble&nbsp;<strong>okre\u015blone i konkretne dzia\u0142ania<\/strong>&nbsp;uwzgl\u0119dniaj\u0105ce zmian\u0119 nawyk\u00f3w \u017cywieniowych i stylu \u017cycia. Pomocne mo\u017ce by\u0107 stosowanie&nbsp;<strong>nowych ro\u015blinnych kompleks\u00f3w molekularnych<\/strong>, maj\u0105cych wp\u0142yw na fizjologiczne mechanizmy le\u017c\u0105ce u podstaw problemu.<\/p>\n","protected":false},"excerpt":{"rendered":"<p>Dla kontroli wagi zmie\u0144 perspektyw\u0119. W&nbsp;kontroli wagi, zar\u00f3wno u doros\u0142ego, jak i u dziecka, konieczne s\u0105 \u015bci\u015ble&nbsp;okre\u015blone i konkretne dzia\u0142ania&nbsp;uwzgl\u0119dniaj\u0105ce zmian\u0119 nawyk\u00f3w \u017cywieniowych i stylu \u017cycia. Pomocne mo\u017ce by\u0107 stosowanie&nbsp;nowych ro\u015blinnych kompleks\u00f3w molekularnych, maj\u0105cych wp\u0142yw na fizjologiczne mechanizmy le\u017c\u0105ce u podstaw problemu.<\/p>\n","protected":false},"author":2,"featured_media":0,"parent":0,"menu_order":0,"comment_status":"closed","ping_status":"closed","template":"","meta":{"footnotes":""},"class_list":["post-3896","page","type-page","status-publish","hentry"],"yoast_head":"<!-- This site is optimized with the Yoast SEO plugin v27.4 - https:\/\/yoast.com\/product\/yoast-seo-wordpress\/ -->\n<title>Libramed - Dla kontroli wagi zmie\u0144 perspektyw\u0119<\/title>\n<meta name=\"description\" content=\"W\u00a0kontroli wagi, zar\u00f3wno u doros\u0142ego, jak i u dziecka, konieczne s\u0105 \u015bci\u015ble\u00a0okre\u015blone i konkretne dzia\u0142ania\u00a0uwzgl\u0119dniaj\u0105ce zmian\u0119 nawyk\u00f3w \u017cywieniowych i stylu \u017cycia. Pomocne mo\u017ce by\u0107 stosowanie\u00a0nowych ro\u015blinnych kompleks\u00f3w molekularnych, maj\u0105cych wp\u0142yw na fizjologiczne mechanizmy le\u017c\u0105ce u podstaw problemu.\" \/>\n<meta name=\"robots\" content=\"index, follow, max-snippet:-1, max-image-preview:large, max-video-preview:-1\" \/>\n<link rel=\"canonical\" href=\"https:\/\/www.libramed.info\/pl\/\" \/>\n<meta property=\"og:locale\" content=\"pl_PL\" \/>\n<meta property=\"og:type\" content=\"article\" \/>\n<meta property=\"og:title\" content=\"Libramed - Dla kontroli wagi zmie\u0144 perspektyw\u0119\" \/>\n<meta property=\"og:description\" content=\"W\u00a0kontroli wagi, zar\u00f3wno u doros\u0142ego, jak i u dziecka, konieczne s\u0105 \u015bci\u015ble\u00a0okre\u015blone i konkretne dzia\u0142ania\u00a0uwzgl\u0119dniaj\u0105ce zmian\u0119 nawyk\u00f3w \u017cywieniowych i stylu \u017cycia. Pomocne mo\u017ce by\u0107 stosowanie\u00a0nowych ro\u015blinnych kompleks\u00f3w molekularnych, maj\u0105cych wp\u0142yw na fizjologiczne mechanizmy le\u017c\u0105ce u podstaw problemu.\" \/>\n<meta property=\"og:url\" content=\"https:\/\/www.libramed.info\/pl\/\" \/>\n<meta property=\"og:site_name\" content=\"LibraMed\" \/>\n<meta property=\"article:modified_time\" content=\"2025-02-04T13:51:59+00:00\" \/>\n<meta name=\"twitter:card\" content=\"summary_large_image\" \/>\n<meta name=\"twitter:label1\" content=\"Szacowany czas czytania\" \/>\n\t<meta name=\"twitter:data1\" content=\"1 minuta\" \/>\n<script type=\"application\/ld+json\" class=\"yoast-schema-graph\">{\"@context\":\"https:\\\/\\\/schema.org\",\"@graph\":[{\"@type\":\"WebPage\",\"@id\":\"https:\\\/\\\/www.libramed.info\\\/pl\\\/\",\"url\":\"https:\\\/\\\/www.libramed.info\\\/pl\\\/\",\"name\":\"Libramed - Dla kontroli wagi zmie\u0144 perspektyw\u0119\",\"isPartOf\":{\"@id\":\"https:\\\/\\\/www.libramed.info\\\/pl\\\/#website\"},\"datePublished\":\"2021-01-18T14:11:50+00:00\",\"dateModified\":\"2025-02-04T13:51:59+00:00\",\"description\":\"W\u00a0kontroli wagi, zar\u00f3wno u doros\u0142ego, jak i u dziecka, konieczne s\u0105 \u015bci\u015ble\u00a0okre\u015blone i konkretne dzia\u0142ania\u00a0uwzgl\u0119dniaj\u0105ce zmian\u0119 nawyk\u00f3w \u017cywieniowych i stylu \u017cycia. Pomocne mo\u017ce by\u0107 stosowanie\u00a0nowych ro\u015blinnych kompleks\u00f3w molekularnych, maj\u0105cych wp\u0142yw na fizjologiczne mechanizmy le\u017c\u0105ce u podstaw problemu.\",\"breadcrumb\":{\"@id\":\"https:\\\/\\\/www.libramed.info\\\/pl\\\/#breadcrumb\"},\"inLanguage\":\"pl-PL\",\"potentialAction\":[{\"@type\":\"ReadAction\",\"target\":[\"https:\\\/\\\/www.libramed.info\\\/pl\\\/\"]}]},{\"@type\":\"BreadcrumbList\",\"@id\":\"https:\\\/\\\/www.libramed.info\\\/pl\\\/#breadcrumb\",\"itemListElement\":[{\"@type\":\"ListItem\",\"position\":1,\"name\":\"Home\",\"item\":\"https:\\\/\\\/www.libramed.info\\\/pl\\\/\"},{\"@type\":\"ListItem\",\"position\":2,\"name\":\"Libramed Aboca\"}]},{\"@type\":\"WebSite\",\"@id\":\"https:\\\/\\\/www.libramed.info\\\/pl\\\/#website\",\"url\":\"https:\\\/\\\/www.libramed.info\\\/pl\\\/\",\"name\":\"LibraMed\",\"description\":\"Do kontroli piku glikemicznego\",\"potentialAction\":[{\"@type\":\"SearchAction\",\"target\":{\"@type\":\"EntryPoint\",\"urlTemplate\":\"https:\\\/\\\/www.libramed.info\\\/pl\\\/?s={search_term_string}\"},\"query-input\":{\"@type\":\"PropertyValueSpecification\",\"valueRequired\":true,\"valueName\":\"search_term_string\"}}],\"inLanguage\":\"pl-PL\"}]}<\/script>\n<!-- \/ Yoast SEO plugin. -->","yoast_head_json":{"title":"Libramed - Dla kontroli wagi zmie\u0144 perspektyw\u0119","description":"W\u00a0kontroli wagi, zar\u00f3wno u doros\u0142ego, jak i u dziecka, konieczne s\u0105 \u015bci\u015ble\u00a0okre\u015blone i konkretne dzia\u0142ania\u00a0uwzgl\u0119dniaj\u0105ce zmian\u0119 nawyk\u00f3w \u017cywieniowych i stylu \u017cycia. Pomocne mo\u017ce by\u0107 stosowanie\u00a0nowych ro\u015blinnych kompleks\u00f3w molekularnych, maj\u0105cych wp\u0142yw na fizjologiczne mechanizmy le\u017c\u0105ce u podstaw problemu.","robots":{"index":"index","follow":"follow","max-snippet":"max-snippet:-1","max-image-preview":"max-image-preview:large","max-video-preview":"max-video-preview:-1"},"canonical":"https:\/\/www.libramed.info\/pl\/","og_locale":"pl_PL","og_type":"article","og_title":"Libramed - Dla kontroli wagi zmie\u0144 perspektyw\u0119","og_description":"W\u00a0kontroli wagi, zar\u00f3wno u doros\u0142ego, jak i u dziecka, konieczne s\u0105 \u015bci\u015ble\u00a0okre\u015blone i konkretne dzia\u0142ania\u00a0uwzgl\u0119dniaj\u0105ce zmian\u0119 nawyk\u00f3w \u017cywieniowych i stylu \u017cycia. Pomocne mo\u017ce by\u0107 stosowanie\u00a0nowych ro\u015blinnych kompleks\u00f3w molekularnych, maj\u0105cych wp\u0142yw na fizjologiczne mechanizmy le\u017c\u0105ce u podstaw problemu.","og_url":"https:\/\/www.libramed.info\/pl\/","og_site_name":"LibraMed","article_modified_time":"2025-02-04T13:51:59+00:00","twitter_card":"summary_large_image","twitter_misc":{"Szacowany czas czytania":"1 minuta"},"schema":{"@context":"https:\/\/schema.org","@graph":[{"@type":"WebPage","@id":"https:\/\/www.libramed.info\/pl\/","url":"https:\/\/www.libramed.info\/pl\/","name":"Libramed - Dla kontroli wagi zmie\u0144 perspektyw\u0119","isPartOf":{"@id":"https:\/\/www.libramed.info\/pl\/#website"},"datePublished":"2021-01-18T14:11:50+00:00","dateModified":"2025-02-04T13:51:59+00:00","description":"W\u00a0kontroli wagi, zar\u00f3wno u doros\u0142ego, jak i u dziecka, konieczne s\u0105 \u015bci\u015ble\u00a0okre\u015blone i konkretne dzia\u0142ania\u00a0uwzgl\u0119dniaj\u0105ce zmian\u0119 nawyk\u00f3w \u017cywieniowych i stylu \u017cycia. Pomocne mo\u017ce by\u0107 stosowanie\u00a0nowych ro\u015blinnych kompleks\u00f3w molekularnych, maj\u0105cych wp\u0142yw na fizjologiczne mechanizmy le\u017c\u0105ce u podstaw problemu.","breadcrumb":{"@id":"https:\/\/www.libramed.info\/pl\/#breadcrumb"},"inLanguage":"pl-PL","potentialAction":[{"@type":"ReadAction","target":["https:\/\/www.libramed.info\/pl\/"]}]},{"@type":"BreadcrumbList","@id":"https:\/\/www.libramed.info\/pl\/#breadcrumb","itemListElement":[{"@type":"ListItem","position":1,"name":"Home","item":"https:\/\/www.libramed.info\/pl\/"},{"@type":"ListItem","position":2,"name":"Libramed Aboca"}]},{"@type":"WebSite","@id":"https:\/\/www.libramed.info\/pl\/#website","url":"https:\/\/www.libramed.info\/pl\/","name":"LibraMed","description":"Do kontroli piku glikemicznego","potentialAction":[{"@type":"SearchAction","target":{"@type":"EntryPoint","urlTemplate":"https:\/\/www.libramed.info\/pl\/?s={search_term_string}"},"query-input":{"@type":"PropertyValueSpecification","valueRequired":true,"valueName":"search_term_string"}}],"inLanguage":"pl-PL"}]}},"_links":{"self":[{"href":"https:\/\/www.libramed.info\/pl\/wp-json\/wp\/v2\/pages\/3896","targetHints":{"allow":["GET"]}}],"collection":[{"href":"https:\/\/www.libramed.info\/pl\/wp-json\/wp\/v2\/pages"}],"about":[{"href":"https:\/\/www.libramed.info\/pl\/wp-json\/wp\/v2\/types\/page"}],"author":[{"embeddable":true,"href":"https:\/\/www.libramed.info\/pl\/wp-json\/wp\/v2\/users\/2"}],"replies":[{"embeddable":true,"href":"https:\/\/www.libramed.info\/pl\/wp-json\/wp\/v2\/comments?post=3896"}],"version-history":[{"count":5,"href":"https:\/\/www.libramed.info\/pl\/wp-json\/wp\/v2\/pages\/3896\/revisions"}],"predecessor-version":[{"id":4318,"href":"https:\/\/www.libramed.info\/pl\/wp-json\/wp\/v2\/pages\/3896\/revisions\/4318"}],"wp:attachment":[{"href":"https:\/\/www.libramed.info\/pl\/wp-json\/wp\/v2\/media?parent=3896"}],"curies":[{"name":"wp","href":"https:\/\/api.w.org\/{rel}","templated":true}]}}