{"id":4311,"date":"2023-12-28T12:20:26","date_gmt":"2023-12-28T11:20:26","guid":{"rendered":"https:\/\/www.libramed.info\/it\/?page_id=4311"},"modified":"2024-01-12T18:08:14","modified_gmt":"2024-01-12T17:08:14","slug":"domande-frequenti","status":"publish","type":"page","link":"https:\/\/www.libramed.info\/it\/domande-frequenti\/","title":{"rendered":"LibraMed: come funziona, per cosa serve, chi pu\u00f2 usarlo"},"content":{"rendered":"\n<div class=\"schema-faq wp-block-yoast-faq-block\"><div class=\"schema-faq-section\" id=\"faq-question-1703762370674\"><strong class=\"schema-faq-question\"><strong>A cosa serve LibraMed di Aboca? \u00c8 un prodotto per il peso?<\/strong><\/strong> <p class=\"schema-faq-answer\">LibraMed \u00e8 un prodotto sviluppato per aiutarti nel controllo del peso (trattamento di sovrappeso e obesit\u00e0 e aumentata circonferenza addominale) che, associato ad uno stile di vita equilibrato, riduce l\u2019assorbimento di grassi e carboidrati e il senso di fame, controllando il picco glicemico.<\/p> <\/div> <div class=\"schema-faq-section\" id=\"faq-question-1703762407720\"><strong class=\"schema-faq-question\"><strong>Che gusto hanno le bustine e le compresse di LibraMed?<\/strong><\/strong> <p class=\"schema-faq-answer\">LibraMed bustine \u00e8 al gusto di arancia e pesca, anche le compresse hanno un sapore gradevole grazie agli aromi di Arancio, Mela e Limone.<\/p> <\/div> <div class=\"schema-faq-section\" id=\"faq-question-1703762458128\"><strong class=\"schema-faq-question\"><strong>\u00c8 possibile assumere LibraMed durante la gravidanza o l&#8217;allattamento?<\/strong><\/strong> <p class=\"schema-faq-answer\">Non assumere LibraMed durante la gravidanza o l&#8217;allattamento , come riportato nel suo foglietto illustrativo.<\/p> <\/div> <div class=\"schema-faq-section\" id=\"faq-question-1703762978976\"><strong class=\"schema-faq-question\"><strong>LibraMed pu\u00f2 essere utilizzato dai diabetici?<\/strong><\/strong> <p class=\"schema-faq-answer\">LibraMed pu\u00f2 essere assunto in caso di diabete, poich\u00e9 non contiene n\u00e9 zuccheri aggiunti n\u00e9 edulcoloranti di sintesi. \u00c8 importante ricordare, tuttavia, che per l\u2019assunzione di LibraMed in associazione a terapie farmacologiche per il diabete si consiglia di sentire il parere del medico per valutare la necessit\u00e0 di una eventuale variazione dei dosaggi dei farmaci. Inoltre, si ricorda di assumere LibraMed ad almeno due ore dall\u2019assunzione di farmaci per evitare una possibile interazione con il loro assorbimento.<\/p> <\/div> <div class=\"schema-faq-section\" id=\"faq-question-1703762991719\"><strong class=\"schema-faq-question\"><strong>Come devo assumere LibraMed compresse?<\/strong><\/strong> <p class=\"schema-faq-answer\">Negli adulti e nei ragazzi sopra i 12 anni si consiglia l&#8217;assunzione di 3 compresse prima dei due pasti principali, mentre nei bambini tra 8 e 12 anni \u00e8 consigliata l&#8217;assunzione di 2 compresse prima dei due pasti principali. In entrambi i casi, la dose indicata va assunta con un abbondante bicchiere di acqua, avendo cura di ingerire una compressa per volta. \u00c8 importante ricordare che le compresse vanno deglutite: non masticare n\u00e9 rompere le compresse con i denti. Per chi ha problemi di deglutizione \u00e8 possibile sciogliere le compresse di LibraMed in acqua tiepida o in tisane non zuccherate, agitando fino a completa dissoluzione. La bevanda che si ottiene deve essere ingerita entro pochi minuti, prima che si formi il gel.<\/p> <\/div> <div class=\"schema-faq-section\" id=\"faq-question-1703763005413\"><strong class=\"schema-faq-question\"><strong>Come devo assumere LibraMed bustine?<\/strong><\/strong> <p class=\"schema-faq-answer\">Si consiglia di assumere una bustina di LibraMed granulare prima dei due pasti principali, aggiungendo al contenuto della bustina 100 ml d\u2019acqua (pari a mezzo bicchiere). Quindi mescolare accuratamente fino all\u2019ottenimento di una buona dispersione e assumere subito dopo. Al termine bere un ulteriore bicchiere d\u2019acqua. \u00c8 importante ricordare che il prodotto non deve essere assunto direttamente in bocca, ma \u00e8 da consumarsi rigorosamente previa dispersione in acqua.<\/p> <\/div> <div class=\"schema-faq-section\" id=\"faq-question-1703763023596\"><strong class=\"schema-faq-question\"><strong>Quanto tempo prima del pasto va preso LibraMed?<\/strong><\/strong> <p class=\"schema-faq-answer\">Si consiglia di assumere LibraMed da 30 minuti fino a pochi minuti prima del pasto, per favorire la graduale formazione del gel a livello intestinale.<\/p> <\/div> <div class=\"schema-faq-section\" id=\"faq-question-1703763042262\"><strong class=\"schema-faq-question\"><strong>Da che et\u00e0 \u00e8 possibile utilizzare LibraMed?<\/strong><\/strong> <p class=\"schema-faq-answer\">LibraMed compresse \u00e8 un prodotto per adulti e bambini a partire dagli 8 anni di et\u00e0. LibraMed bustine \u00e8, invece, indicato per adulti e ragazzi dai 12 anni di et\u00e0.<\/p> <\/div> <div class=\"schema-faq-section\" id=\"faq-question-1703763042184\"><strong class=\"schema-faq-question\"><strong>Libramed contiene lattosio?<\/strong><\/strong> <p class=\"schema-faq-answer\">Le materie prime contenute in LibraMed sono naturalmente prive di lattosio. Tuttavia, non eseguendo analisi specifiche per la ricerca del lattosio, poich\u00e9 queste non sono previste dalle normative inerenti i dispositivi medici, l&#8217;azienda non pu\u00f2 escluderne l&#8217;eventuale presenza in tracce.<\/p> <\/div> <\/div>\n","protected":false},"excerpt":{"rendered":"","protected":false},"author":6,"featured_media":0,"parent":0,"menu_order":0,"comment_status":"closed","ping_status":"closed","template":"","meta":{"footnotes":""},"class_list":["post-4311","page","type-page","status-publish","hentry"],"yoast_head":"<!-- This site is optimized with the Yoast SEO plugin v27.4 - https:\/\/yoast.com\/product\/yoast-seo-wordpress\/ -->\n<title>LibraMed: come funziona, per cosa serve, chi pu\u00f2 usarlo - Libramed<\/title>\n<meta name=\"robots\" content=\"index, follow, max-snippet:-1, max-image-preview:large, max-video-preview:-1\" \/>\n<link rel=\"canonical\" href=\"https:\/\/www.libramed.info\/it\/domande-frequenti\/\" \/>\n<meta property=\"og:locale\" content=\"it_IT\" \/>\n<meta property=\"og:type\" content=\"article\" \/>\n<meta property=\"og:title\" content=\"LibraMed: come funziona, per cosa serve, chi pu\u00f2 usarlo - Libramed\" \/>\n<meta property=\"og:url\" content=\"https:\/\/www.libramed.info\/it\/domande-frequenti\/\" \/>\n<meta property=\"og:site_name\" content=\"Libramed\" \/>\n<meta property=\"article:modified_time\" content=\"2024-01-12T17:08:14+00:00\" \/>\n<meta name=\"twitter:card\" content=\"summary_large_image\" \/>\n<meta name=\"twitter:label1\" content=\"Tempo di lettura stimato\" \/>\n\t<meta name=\"twitter:data1\" content=\"3 minuti\" \/>\n<script type=\"application\/ld+json\" class=\"yoast-schema-graph\">{\"@context\":\"https:\\\/\\\/schema.org\",\"@graph\":[{\"@type\":[\"WebPage\",\"FAQPage\"],\"@id\":\"https:\\\/\\\/www.libramed.info\\\/it\\\/domande-frequenti\\\/\",\"url\":\"https:\\\/\\\/www.libramed.info\\\/it\\\/domande-frequenti\\\/\",\"name\":\"LibraMed: come funziona, per cosa serve, chi pu\u00f2 usarlo - Libramed\",\"isPartOf\":{\"@id\":\"https:\\\/\\\/www.libramed.info\\\/it\\\/#website\"},\"datePublished\":\"2023-12-28T11:20:26+00:00\",\"dateModified\":\"2024-01-12T17:08:14+00:00\",\"breadcrumb\":{\"@id\":\"https:\\\/\\\/www.libramed.info\\\/it\\\/domande-frequenti\\\/#breadcrumb\"},\"mainEntity\":[{\"@id\":\"https:\\\/\\\/www.libramed.info\\\/it\\\/domande-frequenti\\\/#faq-question-1703762370674\"},{\"@id\":\"https:\\\/\\\/www.libramed.info\\\/it\\\/domande-frequenti\\\/#faq-question-1703762407720\"},{\"@id\":\"https:\\\/\\\/www.libramed.info\\\/it\\\/domande-frequenti\\\/#faq-question-1703762458128\"},{\"@id\":\"https:\\\/\\\/www.libramed.info\\\/it\\\/domande-frequenti\\\/#faq-question-1703762978976\"},{\"@id\":\"https:\\\/\\\/www.libramed.info\\\/it\\\/domande-frequenti\\\/#faq-question-1703762991719\"},{\"@id\":\"https:\\\/\\\/www.libramed.info\\\/it\\\/domande-frequenti\\\/#faq-question-1703763005413\"},{\"@id\":\"https:\\\/\\\/www.libramed.info\\\/it\\\/domande-frequenti\\\/#faq-question-1703763023596\"},{\"@id\":\"https:\\\/\\\/www.libramed.info\\\/it\\\/domande-frequenti\\\/#faq-question-1703763042262\"},{\"@id\":\"https:\\\/\\\/www.libramed.info\\\/it\\\/domande-frequenti\\\/#faq-question-1703763042184\"}],\"inLanguage\":\"it-IT\",\"potentialAction\":[{\"@type\":\"ReadAction\",\"target\":[\"https:\\\/\\\/www.libramed.info\\\/it\\\/domande-frequenti\\\/\"]}]},{\"@type\":\"BreadcrumbList\",\"@id\":\"https:\\\/\\\/www.libramed.info\\\/it\\\/domande-frequenti\\\/#breadcrumb\",\"itemListElement\":[{\"@type\":\"ListItem\",\"position\":1,\"name\":\"Home\",\"item\":\"https:\\\/\\\/www.libramed.info\\\/it\\\/\"},{\"@type\":\"ListItem\",\"position\":2,\"name\":\"LibraMed: come funziona, per cosa serve, chi pu\u00f2 usarlo\"}]},{\"@type\":\"WebSite\",\"@id\":\"https:\\\/\\\/www.libramed.info\\\/it\\\/#website\",\"url\":\"https:\\\/\\\/www.libramed.info\\\/it\\\/\",\"name\":\"Libramed\",\"description\":\"Per il controllo del picco glicemio\",\"potentialAction\":[{\"@type\":\"SearchAction\",\"target\":{\"@type\":\"EntryPoint\",\"urlTemplate\":\"https:\\\/\\\/www.libramed.info\\\/it\\\/?s={search_term_string}\"},\"query-input\":{\"@type\":\"PropertyValueSpecification\",\"valueRequired\":true,\"valueName\":\"search_term_string\"}}],\"inLanguage\":\"it-IT\"},{\"@type\":\"Question\",\"@id\":\"https:\\\/\\\/www.libramed.info\\\/it\\\/domande-frequenti\\\/#faq-question-1703762370674\",\"position\":1,\"url\":\"https:\\\/\\\/www.libramed.info\\\/it\\\/domande-frequenti\\\/#faq-question-1703762370674\",\"name\":\"A cosa serve LibraMed di Aboca? \u00c8 un prodotto per il peso?\",\"answerCount\":1,\"acceptedAnswer\":{\"@type\":\"Answer\",\"text\":\"LibraMed \u00e8 un prodotto sviluppato per aiutarti nel controllo del peso (trattamento di sovrappeso e obesit\u00e0 e aumentata circonferenza addominale) che, associato ad uno stile di vita equilibrato, riduce l\u2019assorbimento di grassi e carboidrati e il senso di fame, controllando il picco glicemico.\",\"inLanguage\":\"it-IT\"},\"inLanguage\":\"it-IT\"},{\"@type\":\"Question\",\"@id\":\"https:\\\/\\\/www.libramed.info\\\/it\\\/domande-frequenti\\\/#faq-question-1703762407720\",\"position\":2,\"url\":\"https:\\\/\\\/www.libramed.info\\\/it\\\/domande-frequenti\\\/#faq-question-1703762407720\",\"name\":\"Che gusto hanno le bustine e le compresse di LibraMed?\",\"answerCount\":1,\"acceptedAnswer\":{\"@type\":\"Answer\",\"text\":\"LibraMed bustine \u00e8 al gusto di arancia e pesca, anche le compresse hanno un sapore gradevole grazie agli aromi di Arancio, Mela e Limone.\",\"inLanguage\":\"it-IT\"},\"inLanguage\":\"it-IT\"},{\"@type\":\"Question\",\"@id\":\"https:\\\/\\\/www.libramed.info\\\/it\\\/domande-frequenti\\\/#faq-question-1703762458128\",\"position\":3,\"url\":\"https:\\\/\\\/www.libramed.info\\\/it\\\/domande-frequenti\\\/#faq-question-1703762458128\",\"name\":\"\u00c8 possibile assumere LibraMed durante la gravidanza o l'allattamento?\",\"answerCount\":1,\"acceptedAnswer\":{\"@type\":\"Answer\",\"text\":\"Non assumere LibraMed durante la gravidanza o l'allattamento , come riportato nel suo foglietto illustrativo.\",\"inLanguage\":\"it-IT\"},\"inLanguage\":\"it-IT\"},{\"@type\":\"Question\",\"@id\":\"https:\\\/\\\/www.libramed.info\\\/it\\\/domande-frequenti\\\/#faq-question-1703762978976\",\"position\":4,\"url\":\"https:\\\/\\\/www.libramed.info\\\/it\\\/domande-frequenti\\\/#faq-question-1703762978976\",\"name\":\"LibraMed pu\u00f2 essere utilizzato dai diabetici?\",\"answerCount\":1,\"acceptedAnswer\":{\"@type\":\"Answer\",\"text\":\"LibraMed pu\u00f2 essere assunto in caso di diabete, poich\u00e9 non contiene n\u00e9 zuccheri aggiunti n\u00e9 edulcoloranti di sintesi. \u00c8 importante ricordare, tuttavia, che per l\u2019assunzione di LibraMed in associazione a terapie farmacologiche per il diabete si consiglia di sentire il parere del medico per valutare la necessit\u00e0 di una eventuale variazione dei dosaggi dei farmaci. Inoltre, si ricorda di assumere LibraMed ad almeno due ore dall\u2019assunzione di farmaci per evitare una possibile interazione con il loro assorbimento.\",\"inLanguage\":\"it-IT\"},\"inLanguage\":\"it-IT\"},{\"@type\":\"Question\",\"@id\":\"https:\\\/\\\/www.libramed.info\\\/it\\\/domande-frequenti\\\/#faq-question-1703762991719\",\"position\":5,\"url\":\"https:\\\/\\\/www.libramed.info\\\/it\\\/domande-frequenti\\\/#faq-question-1703762991719\",\"name\":\"Come devo assumere LibraMed compresse?\",\"answerCount\":1,\"acceptedAnswer\":{\"@type\":\"Answer\",\"text\":\"Negli adulti e nei ragazzi sopra i 12 anni si consiglia l'assunzione di 3 compresse prima dei due pasti principali, mentre nei bambini tra 8 e 12 anni \u00e8 consigliata l'assunzione di 2 compresse prima dei due pasti principali. In entrambi i casi, la dose indicata va assunta con un abbondante bicchiere di acqua, avendo cura di ingerire una compressa per volta. \u00c8 importante ricordare che le compresse vanno deglutite: non masticare n\u00e9 rompere le compresse con i denti. Per chi ha problemi di deglutizione \u00e8 possibile sciogliere le compresse di LibraMed in acqua tiepida o in tisane non zuccherate, agitando fino a completa dissoluzione. La bevanda che si ottiene deve essere ingerita entro pochi minuti, prima che si formi il gel.\",\"inLanguage\":\"it-IT\"},\"inLanguage\":\"it-IT\"},{\"@type\":\"Question\",\"@id\":\"https:\\\/\\\/www.libramed.info\\\/it\\\/domande-frequenti\\\/#faq-question-1703763005413\",\"position\":6,\"url\":\"https:\\\/\\\/www.libramed.info\\\/it\\\/domande-frequenti\\\/#faq-question-1703763005413\",\"name\":\"Come devo assumere LibraMed bustine?\",\"answerCount\":1,\"acceptedAnswer\":{\"@type\":\"Answer\",\"text\":\"Si consiglia di assumere una bustina di LibraMed granulare prima dei due pasti principali, aggiungendo al contenuto della bustina 100 ml d\u2019acqua (pari a mezzo bicchiere). Quindi mescolare accuratamente fino all\u2019ottenimento di una buona dispersione e assumere subito dopo. Al termine bere un ulteriore bicchiere d\u2019acqua. \u00c8 importante ricordare che il prodotto non deve essere assunto direttamente in bocca, ma \u00e8 da consumarsi rigorosamente previa dispersione in acqua.\",\"inLanguage\":\"it-IT\"},\"inLanguage\":\"it-IT\"},{\"@type\":\"Question\",\"@id\":\"https:\\\/\\\/www.libramed.info\\\/it\\\/domande-frequenti\\\/#faq-question-1703763023596\",\"position\":7,\"url\":\"https:\\\/\\\/www.libramed.info\\\/it\\\/domande-frequenti\\\/#faq-question-1703763023596\",\"name\":\"Quanto tempo prima del pasto va preso LibraMed?\",\"answerCount\":1,\"acceptedAnswer\":{\"@type\":\"Answer\",\"text\":\"Si consiglia di assumere LibraMed da 30 minuti fino a pochi minuti prima del pasto, per favorire la graduale formazione del gel a livello intestinale.\",\"inLanguage\":\"it-IT\"},\"inLanguage\":\"it-IT\"},{\"@type\":\"Question\",\"@id\":\"https:\\\/\\\/www.libramed.info\\\/it\\\/domande-frequenti\\\/#faq-question-1703763042262\",\"position\":8,\"url\":\"https:\\\/\\\/www.libramed.info\\\/it\\\/domande-frequenti\\\/#faq-question-1703763042262\",\"name\":\"Da che et\u00e0 \u00e8 possibile utilizzare LibraMed?\",\"answerCount\":1,\"acceptedAnswer\":{\"@type\":\"Answer\",\"text\":\"LibraMed compresse \u00e8 un prodotto per adulti e bambini a partire dagli 8 anni di et\u00e0. LibraMed bustine \u00e8, invece, indicato per adulti e ragazzi dai 12 anni di et\u00e0.\",\"inLanguage\":\"it-IT\"},\"inLanguage\":\"it-IT\"},{\"@type\":\"Question\",\"@id\":\"https:\\\/\\\/www.libramed.info\\\/it\\\/domande-frequenti\\\/#faq-question-1703763042184\",\"position\":9,\"url\":\"https:\\\/\\\/www.libramed.info\\\/it\\\/domande-frequenti\\\/#faq-question-1703763042184\",\"name\":\"Libramed contiene lattosio?\",\"answerCount\":1,\"acceptedAnswer\":{\"@type\":\"Answer\",\"text\":\"Le materie prime contenute in LibraMed sono naturalmente prive di lattosio. Tuttavia, non eseguendo analisi specifiche per la ricerca del lattosio, poich\u00e9 queste non sono previste dalle normative inerenti i dispositivi medici, l'azienda non pu\u00f2 escluderne l'eventuale presenza in tracce.\",\"inLanguage\":\"it-IT\"},\"inLanguage\":\"it-IT\"}]}<\/script>\n<!-- \/ Yoast SEO plugin. -->","yoast_head_json":{"title":"LibraMed: come funziona, per cosa serve, chi pu\u00f2 usarlo - Libramed","robots":{"index":"index","follow":"follow","max-snippet":"max-snippet:-1","max-image-preview":"max-image-preview:large","max-video-preview":"max-video-preview:-1"},"canonical":"https:\/\/www.libramed.info\/it\/domande-frequenti\/","og_locale":"it_IT","og_type":"article","og_title":"LibraMed: come funziona, per cosa serve, chi pu\u00f2 usarlo - Libramed","og_url":"https:\/\/www.libramed.info\/it\/domande-frequenti\/","og_site_name":"Libramed","article_modified_time":"2024-01-12T17:08:14+00:00","twitter_card":"summary_large_image","twitter_misc":{"Tempo di lettura stimato":"3 minuti"},"schema":{"@context":"https:\/\/schema.org","@graph":[{"@type":["WebPage","FAQPage"],"@id":"https:\/\/www.libramed.info\/it\/domande-frequenti\/","url":"https:\/\/www.libramed.info\/it\/domande-frequenti\/","name":"LibraMed: come funziona, per cosa serve, chi pu\u00f2 usarlo - Libramed","isPartOf":{"@id":"https:\/\/www.libramed.info\/it\/#website"},"datePublished":"2023-12-28T11:20:26+00:00","dateModified":"2024-01-12T17:08:14+00:00","breadcrumb":{"@id":"https:\/\/www.libramed.info\/it\/domande-frequenti\/#breadcrumb"},"mainEntity":[{"@id":"https:\/\/www.libramed.info\/it\/domande-frequenti\/#faq-question-1703762370674"},{"@id":"https:\/\/www.libramed.info\/it\/domande-frequenti\/#faq-question-1703762407720"},{"@id":"https:\/\/www.libramed.info\/it\/domande-frequenti\/#faq-question-1703762458128"},{"@id":"https:\/\/www.libramed.info\/it\/domande-frequenti\/#faq-question-1703762978976"},{"@id":"https:\/\/www.libramed.info\/it\/domande-frequenti\/#faq-question-1703762991719"},{"@id":"https:\/\/www.libramed.info\/it\/domande-frequenti\/#faq-question-1703763005413"},{"@id":"https:\/\/www.libramed.info\/it\/domande-frequenti\/#faq-question-1703763023596"},{"@id":"https:\/\/www.libramed.info\/it\/domande-frequenti\/#faq-question-1703763042262"},{"@id":"https:\/\/www.libramed.info\/it\/domande-frequenti\/#faq-question-1703763042184"}],"inLanguage":"it-IT","potentialAction":[{"@type":"ReadAction","target":["https:\/\/www.libramed.info\/it\/domande-frequenti\/"]}]},{"@type":"BreadcrumbList","@id":"https:\/\/www.libramed.info\/it\/domande-frequenti\/#breadcrumb","itemListElement":[{"@type":"ListItem","position":1,"name":"Home","item":"https:\/\/www.libramed.info\/it\/"},{"@type":"ListItem","position":2,"name":"LibraMed: come funziona, per cosa serve, chi pu\u00f2 usarlo"}]},{"@type":"WebSite","@id":"https:\/\/www.libramed.info\/it\/#website","url":"https:\/\/www.libramed.info\/it\/","name":"Libramed","description":"Per il controllo del picco glicemio","potentialAction":[{"@type":"SearchAction","target":{"@type":"EntryPoint","urlTemplate":"https:\/\/www.libramed.info\/it\/?s={search_term_string}"},"query-input":{"@type":"PropertyValueSpecification","valueRequired":true,"valueName":"search_term_string"}}],"inLanguage":"it-IT"},{"@type":"Question","@id":"https:\/\/www.libramed.info\/it\/domande-frequenti\/#faq-question-1703762370674","position":1,"url":"https:\/\/www.libramed.info\/it\/domande-frequenti\/#faq-question-1703762370674","name":"A cosa serve LibraMed di Aboca? \u00c8 un prodotto per il peso?","answerCount":1,"acceptedAnswer":{"@type":"Answer","text":"LibraMed \u00e8 un prodotto sviluppato per aiutarti nel controllo del peso (trattamento di sovrappeso e obesit\u00e0 e aumentata circonferenza addominale) che, associato ad uno stile di vita equilibrato, riduce l\u2019assorbimento di grassi e carboidrati e il senso di fame, controllando il picco glicemico.","inLanguage":"it-IT"},"inLanguage":"it-IT"},{"@type":"Question","@id":"https:\/\/www.libramed.info\/it\/domande-frequenti\/#faq-question-1703762407720","position":2,"url":"https:\/\/www.libramed.info\/it\/domande-frequenti\/#faq-question-1703762407720","name":"Che gusto hanno le bustine e le compresse di LibraMed?","answerCount":1,"acceptedAnswer":{"@type":"Answer","text":"LibraMed bustine \u00e8 al gusto di arancia e pesca, anche le compresse hanno un sapore gradevole grazie agli aromi di Arancio, Mela e Limone.","inLanguage":"it-IT"},"inLanguage":"it-IT"},{"@type":"Question","@id":"https:\/\/www.libramed.info\/it\/domande-frequenti\/#faq-question-1703762458128","position":3,"url":"https:\/\/www.libramed.info\/it\/domande-frequenti\/#faq-question-1703762458128","name":"\u00c8 possibile assumere LibraMed durante la gravidanza o l'allattamento?","answerCount":1,"acceptedAnswer":{"@type":"Answer","text":"Non assumere LibraMed durante la gravidanza o l'allattamento , come riportato nel suo foglietto illustrativo.","inLanguage":"it-IT"},"inLanguage":"it-IT"},{"@type":"Question","@id":"https:\/\/www.libramed.info\/it\/domande-frequenti\/#faq-question-1703762978976","position":4,"url":"https:\/\/www.libramed.info\/it\/domande-frequenti\/#faq-question-1703762978976","name":"LibraMed pu\u00f2 essere utilizzato dai diabetici?","answerCount":1,"acceptedAnswer":{"@type":"Answer","text":"LibraMed pu\u00f2 essere assunto in caso di diabete, poich\u00e9 non contiene n\u00e9 zuccheri aggiunti n\u00e9 edulcoloranti di sintesi. \u00c8 importante ricordare, tuttavia, che per l\u2019assunzione di LibraMed in associazione a terapie farmacologiche per il diabete si consiglia di sentire il parere del medico per valutare la necessit\u00e0 di una eventuale variazione dei dosaggi dei farmaci. Inoltre, si ricorda di assumere LibraMed ad almeno due ore dall\u2019assunzione di farmaci per evitare una possibile interazione con il loro assorbimento.","inLanguage":"it-IT"},"inLanguage":"it-IT"},{"@type":"Question","@id":"https:\/\/www.libramed.info\/it\/domande-frequenti\/#faq-question-1703762991719","position":5,"url":"https:\/\/www.libramed.info\/it\/domande-frequenti\/#faq-question-1703762991719","name":"Come devo assumere LibraMed compresse?","answerCount":1,"acceptedAnswer":{"@type":"Answer","text":"Negli adulti e nei ragazzi sopra i 12 anni si consiglia l'assunzione di 3 compresse prima dei due pasti principali, mentre nei bambini tra 8 e 12 anni \u00e8 consigliata l'assunzione di 2 compresse prima dei due pasti principali. In entrambi i casi, la dose indicata va assunta con un abbondante bicchiere di acqua, avendo cura di ingerire una compressa per volta. \u00c8 importante ricordare che le compresse vanno deglutite: non masticare n\u00e9 rompere le compresse con i denti. Per chi ha problemi di deglutizione \u00e8 possibile sciogliere le compresse di LibraMed in acqua tiepida o in tisane non zuccherate, agitando fino a completa dissoluzione. La bevanda che si ottiene deve essere ingerita entro pochi minuti, prima che si formi il gel.","inLanguage":"it-IT"},"inLanguage":"it-IT"},{"@type":"Question","@id":"https:\/\/www.libramed.info\/it\/domande-frequenti\/#faq-question-1703763005413","position":6,"url":"https:\/\/www.libramed.info\/it\/domande-frequenti\/#faq-question-1703763005413","name":"Come devo assumere LibraMed bustine?","answerCount":1,"acceptedAnswer":{"@type":"Answer","text":"Si consiglia di assumere una bustina di LibraMed granulare prima dei due pasti principali, aggiungendo al contenuto della bustina 100 ml d\u2019acqua (pari a mezzo bicchiere). Quindi mescolare accuratamente fino all\u2019ottenimento di una buona dispersione e assumere subito dopo. Al termine bere un ulteriore bicchiere d\u2019acqua. \u00c8 importante ricordare che il prodotto non deve essere assunto direttamente in bocca, ma \u00e8 da consumarsi rigorosamente previa dispersione in acqua.","inLanguage":"it-IT"},"inLanguage":"it-IT"},{"@type":"Question","@id":"https:\/\/www.libramed.info\/it\/domande-frequenti\/#faq-question-1703763023596","position":7,"url":"https:\/\/www.libramed.info\/it\/domande-frequenti\/#faq-question-1703763023596","name":"Quanto tempo prima del pasto va preso LibraMed?","answerCount":1,"acceptedAnswer":{"@type":"Answer","text":"Si consiglia di assumere LibraMed da 30 minuti fino a pochi minuti prima del pasto, per favorire la graduale formazione del gel a livello intestinale.","inLanguage":"it-IT"},"inLanguage":"it-IT"},{"@type":"Question","@id":"https:\/\/www.libramed.info\/it\/domande-frequenti\/#faq-question-1703763042262","position":8,"url":"https:\/\/www.libramed.info\/it\/domande-frequenti\/#faq-question-1703763042262","name":"Da che et\u00e0 \u00e8 possibile utilizzare LibraMed?","answerCount":1,"acceptedAnswer":{"@type":"Answer","text":"LibraMed compresse \u00e8 un prodotto per adulti e bambini a partire dagli 8 anni di et\u00e0. LibraMed bustine \u00e8, invece, indicato per adulti e ragazzi dai 12 anni di et\u00e0.","inLanguage":"it-IT"},"inLanguage":"it-IT"},{"@type":"Question","@id":"https:\/\/www.libramed.info\/it\/domande-frequenti\/#faq-question-1703763042184","position":9,"url":"https:\/\/www.libramed.info\/it\/domande-frequenti\/#faq-question-1703763042184","name":"Libramed contiene lattosio?","answerCount":1,"acceptedAnswer":{"@type":"Answer","text":"Le materie prime contenute in LibraMed sono naturalmente prive di lattosio. Tuttavia, non eseguendo analisi specifiche per la ricerca del lattosio, poich\u00e9 queste non sono previste dalle normative inerenti i dispositivi medici, l'azienda non pu\u00f2 escluderne l'eventuale presenza in tracce.","inLanguage":"it-IT"},"inLanguage":"it-IT"}]}},"_links":{"self":[{"href":"https:\/\/www.libramed.info\/it\/wp-json\/wp\/v2\/pages\/4311","targetHints":{"allow":["GET"]}}],"collection":[{"href":"https:\/\/www.libramed.info\/it\/wp-json\/wp\/v2\/pages"}],"about":[{"href":"https:\/\/www.libramed.info\/it\/wp-json\/wp\/v2\/types\/page"}],"author":[{"embeddable":true,"href":"https:\/\/www.libramed.info\/it\/wp-json\/wp\/v2\/users\/6"}],"replies":[{"embeddable":true,"href":"https:\/\/www.libramed.info\/it\/wp-json\/wp\/v2\/comments?post=4311"}],"version-history":[{"count":5,"href":"https:\/\/www.libramed.info\/it\/wp-json\/wp\/v2\/pages\/4311\/revisions"}],"predecessor-version":[{"id":4373,"href":"https:\/\/www.libramed.info\/it\/wp-json\/wp\/v2\/pages\/4311\/revisions\/4373"}],"wp:attachment":[{"href":"https:\/\/www.libramed.info\/it\/wp-json\/wp\/v2\/media?parent=4311"}],"curies":[{"name":"wp","href":"https:\/\/api.w.org\/{rel}","templated":true}]}}