{"id":4107,"date":"2021-11-30T18:00:40","date_gmt":"2021-11-30T17:00:40","guid":{"rendered":"https:\/\/libramedinfoit.multisite.aboca.com\/?page_id=4107"},"modified":"2021-12-02T17:42:07","modified_gmt":"2021-12-02T16:42:07","slug":"controllo-del-peso-in-eta-pediatrica","status":"publish","type":"page","link":"https:\/\/www.libramed.info\/it\/giusto-approccio-sovrappeso\/controllo-del-peso-in-eta-pediatrica\/","title":{"rendered":"La gestione del controllo del peso in et\u00e0 pediatrica"},"content":{"rendered":"\n<p>La gestione del controllo del peso nel bambino&nbsp;<strong>richiede un approccio particolare rispetto all\u2019adulto.<\/strong>&nbsp;Infatti in ambito pediatrico, \u00e8 indispensabile&nbsp;<strong>garantire una crescita ponderale proporzionata allo sviluppo dell\u2019individuo<\/strong>, mediante un adeguato apporto di nutrienti, contemporaneamente devono essere scongiurati sovrappeso ed obesit\u00e0, fenomeni in crescita nelle societ\u00e0 moderne, che potrebbero gravemente compromettere lo stato di salute del bambino.<\/p>\n\n\n\n<p>Un corretto approccio alla gestione del peso in et\u00e0 pediatrica, dovrebbe partire dal controllo dei principali fattori di rischio, alimentazione scorretta e sedentariet\u00e0 al fine di tutelare lo stato di salute del bambino e la sua crescita armonica, e di prevenire obesit\u00e0 e malattie ad essa correlate nel soggetto una volta raggiunta l\u2019et\u00e0 adulta.<\/p>\n\n\n\n<p>L\u2019obiettivo dovrebbe essere quello di rallentare o fermare l\u2019aumento di peso eccessivo, consentendo al bambino di crescere in altezza, mantenendo un peso proporzionato alla sua statura. Il mezzo pi\u00f9 idoneo per il raggiungimento di tale traguardo \u00e8 un percorso dietetico comportamentale, attuato insieme alla famiglia, che agisca su diversi fattori:<\/p>\n\n\n\n<div style=\"height:20px\" aria-hidden=\"true\" class=\"wp-block-spacer\"><\/div>\n\n\n\n<div class=\"wp-block-media-text alignwide is-stacked-on-mobile\" style=\"grid-template-columns:25% auto\"><figure class=\"wp-block-media-text__media\"><img loading=\"lazy\" decoding=\"async\" width=\"229\" height=\"197\" src=\"https:\/\/www.libramed.info\/it\/wp-content\/uploads\/sites\/169\/2021\/11\/La-gestione-del-controllo-del-peso-in-eta-pediatrica_11.png\" alt=\"\" class=\"wp-image-4053 size-full\"\/><\/figure><div class=\"wp-block-media-text__content\">\n<p><strong>ALIMENTARE<\/strong>&nbsp;adottando un regime alimentare adeguato, ovvero variato e senza eccessi, che comprenda tutti gli alimenti nelle giuste quantit\u00e0, e che prediliga frutta e verdura e limiti cibi e bevande con alto contenuto di zuccheri semplici.<\/p>\n<\/div><\/div>\n\n\n\n<div class=\"wp-block-media-text alignwide is-stacked-on-mobile\" style=\"grid-template-columns:25% auto\"><figure class=\"wp-block-media-text__media\"><img loading=\"lazy\" decoding=\"async\" width=\"229\" height=\"170\" src=\"https:\/\/www.libramed.info\/it\/wp-content\/uploads\/sites\/169\/2021\/11\/La-gestione-del-controllo-del-peso-in-eta-pediatrica_21.png\" alt=\"\" class=\"wp-image-4054 size-full\"\/><\/figure><div class=\"wp-block-media-text__content\">\n<p><strong><strong>MOVIMENTO<\/strong>&nbsp;<\/strong>riducendo la sedentariet\u00e0 attraverso lo svolgimento di attivit\u00e0 fisica quotidiana, favorendo il gioco libero e l\u2019attivit\u00e0 motoria organizzata.<\/p>\n<\/div><\/div>\n\n\n\n<div style=\"height:20px\" aria-hidden=\"true\" class=\"wp-block-spacer\"><\/div>\n\n\n\n<p>Nei casi in cui un corretto regime alimentare ed un adeguata attivit\u00e0 fisica non siano sufficienti a contrastare un eccesso ponderale che mette a rischio la salute del bambino, pu\u00f2 essere utile, sotto la guida del Pediatra, intervenire con il supporto di un prodotto terapeutico specifico.<\/p>\n","protected":false},"excerpt":{"rendered":"<p>La gestione del controllo del peso nel bambino&nbsp;richiede un approccio particolare rispetto all\u2019adulto.&nbsp;Infatti in ambito pediatrico, \u00e8 indispensabile&nbsp;garantire una crescita ponderale proporzionata allo sviluppo dell\u2019individuo, mediante un adeguato apporto di nutrienti, contemporaneamente devono essere scongiurati sovrappeso ed obesit\u00e0, fenomeni in crescita nelle societ\u00e0 moderne, che potrebbero gravemente compromettere lo stato di salute del bambino. Un&#8230;  <a href=\"https:\/\/www.libramed.info\/it\/giusto-approccio-sovrappeso\/controllo-del-peso-in-eta-pediatrica\/\" class=\"more-link\" title=\"Read La gestione del controllo del peso in et\u00e0 pediatrica\">Leggi tutto &raquo;<\/a><\/p>\n","protected":false},"author":2,"featured_media":0,"parent":4099,"menu_order":0,"comment_status":"closed","ping_status":"closed","template":"","meta":{"footnotes":""},"class_list":["post-4107","page","type-page","status-publish","hentry"],"yoast_head":"<!-- This site is optimized with the Yoast SEO plugin v27.4 - https:\/\/yoast.com\/product\/yoast-seo-wordpress\/ -->\n<title>Gestione del Controllo del Peso in Et\u00e0 Pediatrica | ABOCA<\/title>\n<meta name=\"description\" content=\"Per garantire l&#039;apporto dei nutrienti necessari allo sviluppo, la gestione del controllo del peso in et\u00e0 pediatrica richiede maggior attenzione rispetto ad un adulto\" \/>\n<meta name=\"robots\" content=\"index, follow, max-snippet:-1, max-image-preview:large, max-video-preview:-1\" \/>\n<link rel=\"canonical\" href=\"https:\/\/www.libramed.info\/it\/giusto-approccio-sovrappeso\/controllo-del-peso-in-eta-pediatrica\/\" \/>\n<meta property=\"og:locale\" content=\"it_IT\" \/>\n<meta property=\"og:type\" content=\"article\" \/>\n<meta property=\"og:title\" content=\"Gestione del Controllo del Peso in Et\u00e0 Pediatrica | ABOCA\" \/>\n<meta property=\"og:description\" content=\"Per garantire l&#039;apporto dei nutrienti necessari allo sviluppo, la gestione del controllo del peso in et\u00e0 pediatrica richiede maggior attenzione rispetto ad un adulto\" \/>\n<meta property=\"og:url\" content=\"https:\/\/www.libramed.info\/it\/giusto-approccio-sovrappeso\/controllo-del-peso-in-eta-pediatrica\/\" \/>\n<meta property=\"og:site_name\" content=\"Libramed\" \/>\n<meta property=\"article:modified_time\" content=\"2021-12-02T16:42:07+00:00\" \/>\n<meta property=\"og:image\" content=\"https:\/\/www.libramed.info\/it\/wp-content\/uploads\/sites\/169\/2021\/11\/La-gestione-del-controllo-del-peso-in-eta-pediatrica_11.png\" \/>\n<meta name=\"twitter:card\" content=\"summary_large_image\" \/>\n<meta name=\"twitter:label1\" content=\"Tempo di lettura stimato\" \/>\n\t<meta name=\"twitter:data1\" content=\"2 minuti\" \/>\n<script type=\"application\/ld+json\" class=\"yoast-schema-graph\">{\"@context\":\"https:\\\/\\\/schema.org\",\"@graph\":[{\"@type\":\"WebPage\",\"@id\":\"https:\\\/\\\/www.libramed.info\\\/it\\\/giusto-approccio-sovrappeso\\\/controllo-del-peso-in-eta-pediatrica\\\/\",\"url\":\"https:\\\/\\\/www.libramed.info\\\/it\\\/giusto-approccio-sovrappeso\\\/controllo-del-peso-in-eta-pediatrica\\\/\",\"name\":\"Gestione del Controllo del Peso in Et\u00e0 Pediatrica | ABOCA\",\"isPartOf\":{\"@id\":\"https:\\\/\\\/www.libramed.info\\\/it\\\/#website\"},\"primaryImageOfPage\":{\"@id\":\"https:\\\/\\\/www.libramed.info\\\/it\\\/giusto-approccio-sovrappeso\\\/controllo-del-peso-in-eta-pediatrica\\\/#primaryimage\"},\"image\":{\"@id\":\"https:\\\/\\\/www.libramed.info\\\/it\\\/giusto-approccio-sovrappeso\\\/controllo-del-peso-in-eta-pediatrica\\\/#primaryimage\"},\"thumbnailUrl\":\"https:\\\/\\\/www.libramed.info\\\/it\\\/wp-content\\\/uploads\\\/sites\\\/169\\\/2021\\\/11\\\/La-gestione-del-controllo-del-peso-in-eta-pediatrica_11.png\",\"datePublished\":\"2021-11-30T17:00:40+00:00\",\"dateModified\":\"2021-12-02T16:42:07+00:00\",\"description\":\"Per garantire l'apporto dei nutrienti necessari allo sviluppo, la gestione del controllo del peso in et\u00e0 pediatrica richiede maggior attenzione rispetto ad un adulto\",\"breadcrumb\":{\"@id\":\"https:\\\/\\\/www.libramed.info\\\/it\\\/giusto-approccio-sovrappeso\\\/controllo-del-peso-in-eta-pediatrica\\\/#breadcrumb\"},\"inLanguage\":\"it-IT\",\"potentialAction\":[{\"@type\":\"ReadAction\",\"target\":[\"https:\\\/\\\/www.libramed.info\\\/it\\\/giusto-approccio-sovrappeso\\\/controllo-del-peso-in-eta-pediatrica\\\/\"]}]},{\"@type\":\"ImageObject\",\"inLanguage\":\"it-IT\",\"@id\":\"https:\\\/\\\/www.libramed.info\\\/it\\\/giusto-approccio-sovrappeso\\\/controllo-del-peso-in-eta-pediatrica\\\/#primaryimage\",\"url\":\"https:\\\/\\\/www.libramed.info\\\/it\\\/wp-content\\\/uploads\\\/sites\\\/169\\\/2021\\\/11\\\/La-gestione-del-controllo-del-peso-in-eta-pediatrica_11.png\",\"contentUrl\":\"https:\\\/\\\/www.libramed.info\\\/it\\\/wp-content\\\/uploads\\\/sites\\\/169\\\/2021\\\/11\\\/La-gestione-del-controllo-del-peso-in-eta-pediatrica_11.png\",\"width\":229,\"height\":197},{\"@type\":\"BreadcrumbList\",\"@id\":\"https:\\\/\\\/www.libramed.info\\\/it\\\/giusto-approccio-sovrappeso\\\/controllo-del-peso-in-eta-pediatrica\\\/#breadcrumb\",\"itemListElement\":[{\"@type\":\"ListItem\",\"position\":1,\"name\":\"Home\",\"item\":\"https:\\\/\\\/www.libramed.info\\\/it\\\/\"},{\"@type\":\"ListItem\",\"position\":2,\"name\":\"Un giusto approccio\",\"item\":\"https:\\\/\\\/www.libramed.info\\\/it\\\/giusto-approccio-sovrappeso\\\/\"},{\"@type\":\"ListItem\",\"position\":3,\"name\":\"La gestione del controllo del peso in et\u00e0 pediatrica\"}]},{\"@type\":\"WebSite\",\"@id\":\"https:\\\/\\\/www.libramed.info\\\/it\\\/#website\",\"url\":\"https:\\\/\\\/www.libramed.info\\\/it\\\/\",\"name\":\"Libramed\",\"description\":\"Per il controllo del picco glicemio\",\"potentialAction\":[{\"@type\":\"SearchAction\",\"target\":{\"@type\":\"EntryPoint\",\"urlTemplate\":\"https:\\\/\\\/www.libramed.info\\\/it\\\/?s={search_term_string}\"},\"query-input\":{\"@type\":\"PropertyValueSpecification\",\"valueRequired\":true,\"valueName\":\"search_term_string\"}}],\"inLanguage\":\"it-IT\"}]}<\/script>\n<!-- \/ Yoast SEO plugin. -->","yoast_head_json":{"title":"Gestione del Controllo del Peso in Et\u00e0 Pediatrica | ABOCA","description":"Per garantire l'apporto dei nutrienti necessari allo sviluppo, la gestione del controllo del peso in et\u00e0 pediatrica richiede maggior attenzione rispetto ad un adulto","robots":{"index":"index","follow":"follow","max-snippet":"max-snippet:-1","max-image-preview":"max-image-preview:large","max-video-preview":"max-video-preview:-1"},"canonical":"https:\/\/www.libramed.info\/it\/giusto-approccio-sovrappeso\/controllo-del-peso-in-eta-pediatrica\/","og_locale":"it_IT","og_type":"article","og_title":"Gestione del Controllo del Peso in Et\u00e0 Pediatrica | ABOCA","og_description":"Per garantire l'apporto dei nutrienti necessari allo sviluppo, la gestione del controllo del peso in et\u00e0 pediatrica richiede maggior attenzione rispetto ad un adulto","og_url":"https:\/\/www.libramed.info\/it\/giusto-approccio-sovrappeso\/controllo-del-peso-in-eta-pediatrica\/","og_site_name":"Libramed","article_modified_time":"2021-12-02T16:42:07+00:00","og_image":[{"url":"https:\/\/www.libramed.info\/it\/wp-content\/uploads\/sites\/169\/2021\/11\/La-gestione-del-controllo-del-peso-in-eta-pediatrica_11.png","type":"","width":"","height":""}],"twitter_card":"summary_large_image","twitter_misc":{"Tempo di lettura stimato":"2 minuti"},"schema":{"@context":"https:\/\/schema.org","@graph":[{"@type":"WebPage","@id":"https:\/\/www.libramed.info\/it\/giusto-approccio-sovrappeso\/controllo-del-peso-in-eta-pediatrica\/","url":"https:\/\/www.libramed.info\/it\/giusto-approccio-sovrappeso\/controllo-del-peso-in-eta-pediatrica\/","name":"Gestione del Controllo del Peso in Et\u00e0 Pediatrica | ABOCA","isPartOf":{"@id":"https:\/\/www.libramed.info\/it\/#website"},"primaryImageOfPage":{"@id":"https:\/\/www.libramed.info\/it\/giusto-approccio-sovrappeso\/controllo-del-peso-in-eta-pediatrica\/#primaryimage"},"image":{"@id":"https:\/\/www.libramed.info\/it\/giusto-approccio-sovrappeso\/controllo-del-peso-in-eta-pediatrica\/#primaryimage"},"thumbnailUrl":"https:\/\/www.libramed.info\/it\/wp-content\/uploads\/sites\/169\/2021\/11\/La-gestione-del-controllo-del-peso-in-eta-pediatrica_11.png","datePublished":"2021-11-30T17:00:40+00:00","dateModified":"2021-12-02T16:42:07+00:00","description":"Per garantire l'apporto dei nutrienti necessari allo sviluppo, la gestione del controllo del peso in et\u00e0 pediatrica richiede maggior attenzione rispetto ad un adulto","breadcrumb":{"@id":"https:\/\/www.libramed.info\/it\/giusto-approccio-sovrappeso\/controllo-del-peso-in-eta-pediatrica\/#breadcrumb"},"inLanguage":"it-IT","potentialAction":[{"@type":"ReadAction","target":["https:\/\/www.libramed.info\/it\/giusto-approccio-sovrappeso\/controllo-del-peso-in-eta-pediatrica\/"]}]},{"@type":"ImageObject","inLanguage":"it-IT","@id":"https:\/\/www.libramed.info\/it\/giusto-approccio-sovrappeso\/controllo-del-peso-in-eta-pediatrica\/#primaryimage","url":"https:\/\/www.libramed.info\/it\/wp-content\/uploads\/sites\/169\/2021\/11\/La-gestione-del-controllo-del-peso-in-eta-pediatrica_11.png","contentUrl":"https:\/\/www.libramed.info\/it\/wp-content\/uploads\/sites\/169\/2021\/11\/La-gestione-del-controllo-del-peso-in-eta-pediatrica_11.png","width":229,"height":197},{"@type":"BreadcrumbList","@id":"https:\/\/www.libramed.info\/it\/giusto-approccio-sovrappeso\/controllo-del-peso-in-eta-pediatrica\/#breadcrumb","itemListElement":[{"@type":"ListItem","position":1,"name":"Home","item":"https:\/\/www.libramed.info\/it\/"},{"@type":"ListItem","position":2,"name":"Un giusto approccio","item":"https:\/\/www.libramed.info\/it\/giusto-approccio-sovrappeso\/"},{"@type":"ListItem","position":3,"name":"La gestione del controllo del peso in et\u00e0 pediatrica"}]},{"@type":"WebSite","@id":"https:\/\/www.libramed.info\/it\/#website","url":"https:\/\/www.libramed.info\/it\/","name":"Libramed","description":"Per il controllo del picco glicemio","potentialAction":[{"@type":"SearchAction","target":{"@type":"EntryPoint","urlTemplate":"https:\/\/www.libramed.info\/it\/?s={search_term_string}"},"query-input":{"@type":"PropertyValueSpecification","valueRequired":true,"valueName":"search_term_string"}}],"inLanguage":"it-IT"}]}},"_links":{"self":[{"href":"https:\/\/www.libramed.info\/it\/wp-json\/wp\/v2\/pages\/4107","targetHints":{"allow":["GET"]}}],"collection":[{"href":"https:\/\/www.libramed.info\/it\/wp-json\/wp\/v2\/pages"}],"about":[{"href":"https:\/\/www.libramed.info\/it\/wp-json\/wp\/v2\/types\/page"}],"author":[{"embeddable":true,"href":"https:\/\/www.libramed.info\/it\/wp-json\/wp\/v2\/users\/2"}],"replies":[{"embeddable":true,"href":"https:\/\/www.libramed.info\/it\/wp-json\/wp\/v2\/comments?post=4107"}],"version-history":[{"count":3,"href":"https:\/\/www.libramed.info\/it\/wp-json\/wp\/v2\/pages\/4107\/revisions"}],"predecessor-version":[{"id":4206,"href":"https:\/\/www.libramed.info\/it\/wp-json\/wp\/v2\/pages\/4107\/revisions\/4206"}],"up":[{"embeddable":true,"href":"https:\/\/www.libramed.info\/it\/wp-json\/wp\/v2\/pages\/4099"}],"wp:attachment":[{"href":"https:\/\/www.libramed.info\/it\/wp-json\/wp\/v2\/media?parent=4107"}],"curies":[{"name":"wp","href":"https:\/\/api.w.org\/{rel}","templated":true}]}}