{"id":4099,"date":"2021-11-30T17:53:42","date_gmt":"2021-11-30T16:53:42","guid":{"rendered":"https:\/\/libramedinfoit.multisite.aboca.com\/?page_id=4099"},"modified":"2026-04-20T15:32:04","modified_gmt":"2026-04-20T13:32:04","slug":"giusto-approccio-sovrappeso","status":"publish","type":"page","link":"https:\/\/www.libramed.info\/it\/giusto-approccio-sovrappeso\/","title":{"rendered":"Un giusto approccio"},"content":{"rendered":"\n<p>Sovrappeso e obesit\u00e0, nell\u2019adulto come nel bambino, sono condizioni a forte rischio spesso sottovalutate che rappresentano oggi a livello sociale&nbsp;<strong>una vera e propria emergenza sanitaria<\/strong>.<\/p>\n\n\n\n<p>\u00c8 fondamentale riconoscere la problematica e agire affidandosi a professionisti della salute, modificando stile di vita e scelte alimentari.<\/p>\n\n\n\n<p>Per questo&nbsp;<strong>Aboca<\/strong>&nbsp;oltre a investire in ricerca su nuove molecole vegetali utili per il controllo del peso, opera sempre con estrema convinzione all\u2019interno di una&nbsp;<a href=\"https:\/\/www.libramed.info\/it\/il-giusto-approccio\/filiera-sanitaria-integrata\/\"><strong>Filiera Sanitaria Integrata<\/strong><\/a>.<\/p>\n","protected":false},"excerpt":{"rendered":"<p>Sovrappeso e obesit\u00e0, nell\u2019adulto come nel bambino, sono condizioni a forte rischio spesso sottovalutate che rappresentano oggi a livello sociale&nbsp;una vera e propria emergenza sanitaria. \u00c8 fondamentale riconoscere la problematica e agire affidandosi a professionisti della salute, modificando stile di vita e scelte alimentari. Per questo&nbsp;Aboca&nbsp;oltre a investire in ricerca su nuove molecole vegetali utili&#8230;  <a href=\"https:\/\/www.libramed.info\/it\/giusto-approccio-sovrappeso\/\" class=\"more-link\" title=\"Read Un giusto approccio\">Leggi tutto &raquo;<\/a><\/p>\n","protected":false},"author":2,"featured_media":0,"parent":0,"menu_order":0,"comment_status":"closed","ping_status":"closed","template":"","meta":{"footnotes":""},"class_list":["post-4099","page","type-page","status-publish","hentry"],"yoast_head":"<!-- This site is optimized with the Yoast SEO plugin v27.4 - https:\/\/yoast.com\/product\/yoast-seo-wordpress\/ -->\n<title>Sovrappeso e Obesit\u00e0: sono condizioni da non sottovalutare.<\/title>\n<meta name=\"description\" content=\"\u00c8 fondamentale riconoscere la problematica del sovrappeso e dell&#039;obesit\u00e0 affidandosi a professionisti della salute, modificando stile di vita e scelte alimentari\" \/>\n<meta name=\"robots\" content=\"index, follow, max-snippet:-1, max-image-preview:large, max-video-preview:-1\" \/>\n<link rel=\"canonical\" href=\"https:\/\/www.libramed.info\/it\/giusto-approccio-sovrappeso\/\" \/>\n<meta property=\"og:locale\" content=\"it_IT\" \/>\n<meta property=\"og:type\" content=\"article\" \/>\n<meta property=\"og:title\" content=\"Sovrappeso e Obesit\u00e0: sono condizioni da non sottovalutare.\" \/>\n<meta property=\"og:description\" content=\"\u00c8 fondamentale riconoscere la problematica del sovrappeso e dell&#039;obesit\u00e0 affidandosi a professionisti della salute, modificando stile di vita e scelte alimentari\" \/>\n<meta property=\"og:url\" content=\"https:\/\/www.libramed.info\/it\/giusto-approccio-sovrappeso\/\" \/>\n<meta property=\"og:site_name\" content=\"Libramed\" \/>\n<meta property=\"article:modified_time\" content=\"2026-04-20T13:32:04+00:00\" \/>\n<meta name=\"twitter:card\" content=\"summary_large_image\" \/>\n<meta name=\"twitter:label1\" content=\"Tempo di lettura stimato\" \/>\n\t<meta name=\"twitter:data1\" content=\"1 minuto\" \/>\n<script type=\"application\/ld+json\" class=\"yoast-schema-graph\">{\"@context\":\"https:\\\/\\\/schema.org\",\"@graph\":[{\"@type\":\"WebPage\",\"@id\":\"https:\\\/\\\/www.libramed.info\\\/it\\\/giusto-approccio-sovrappeso\\\/\",\"url\":\"https:\\\/\\\/www.libramed.info\\\/it\\\/giusto-approccio-sovrappeso\\\/\",\"name\":\"Sovrappeso e Obesit\u00e0: sono condizioni da non sottovalutare.\",\"isPartOf\":{\"@id\":\"https:\\\/\\\/www.libramed.info\\\/it\\\/#website\"},\"datePublished\":\"2021-11-30T16:53:42+00:00\",\"dateModified\":\"2026-04-20T13:32:04+00:00\",\"description\":\"\u00c8 fondamentale riconoscere la problematica del sovrappeso e dell'obesit\u00e0 affidandosi a professionisti della salute, modificando stile di vita e scelte alimentari\",\"breadcrumb\":{\"@id\":\"https:\\\/\\\/www.libramed.info\\\/it\\\/giusto-approccio-sovrappeso\\\/#breadcrumb\"},\"inLanguage\":\"it-IT\",\"potentialAction\":[{\"@type\":\"ReadAction\",\"target\":[\"https:\\\/\\\/www.libramed.info\\\/it\\\/giusto-approccio-sovrappeso\\\/\"]}]},{\"@type\":\"BreadcrumbList\",\"@id\":\"https:\\\/\\\/www.libramed.info\\\/it\\\/giusto-approccio-sovrappeso\\\/#breadcrumb\",\"itemListElement\":[{\"@type\":\"ListItem\",\"position\":1,\"name\":\"Home\",\"item\":\"https:\\\/\\\/www.libramed.info\\\/it\\\/\"},{\"@type\":\"ListItem\",\"position\":2,\"name\":\"Un giusto approccio\"}]},{\"@type\":\"WebSite\",\"@id\":\"https:\\\/\\\/www.libramed.info\\\/it\\\/#website\",\"url\":\"https:\\\/\\\/www.libramed.info\\\/it\\\/\",\"name\":\"Libramed\",\"description\":\"Per il controllo del picco glicemio\",\"potentialAction\":[{\"@type\":\"SearchAction\",\"target\":{\"@type\":\"EntryPoint\",\"urlTemplate\":\"https:\\\/\\\/www.libramed.info\\\/it\\\/?s={search_term_string}\"},\"query-input\":{\"@type\":\"PropertyValueSpecification\",\"valueRequired\":true,\"valueName\":\"search_term_string\"}}],\"inLanguage\":\"it-IT\"}]}<\/script>\n<!-- \/ Yoast SEO plugin. -->","yoast_head_json":{"title":"Sovrappeso e Obesit\u00e0: sono condizioni da non sottovalutare.","description":"\u00c8 fondamentale riconoscere la problematica del sovrappeso e dell'obesit\u00e0 affidandosi a professionisti della salute, modificando stile di vita e scelte alimentari","robots":{"index":"index","follow":"follow","max-snippet":"max-snippet:-1","max-image-preview":"max-image-preview:large","max-video-preview":"max-video-preview:-1"},"canonical":"https:\/\/www.libramed.info\/it\/giusto-approccio-sovrappeso\/","og_locale":"it_IT","og_type":"article","og_title":"Sovrappeso e Obesit\u00e0: sono condizioni da non sottovalutare.","og_description":"\u00c8 fondamentale riconoscere la problematica del sovrappeso e dell'obesit\u00e0 affidandosi a professionisti della salute, modificando stile di vita e scelte alimentari","og_url":"https:\/\/www.libramed.info\/it\/giusto-approccio-sovrappeso\/","og_site_name":"Libramed","article_modified_time":"2026-04-20T13:32:04+00:00","twitter_card":"summary_large_image","twitter_misc":{"Tempo di lettura stimato":"1 minuto"},"schema":{"@context":"https:\/\/schema.org","@graph":[{"@type":"WebPage","@id":"https:\/\/www.libramed.info\/it\/giusto-approccio-sovrappeso\/","url":"https:\/\/www.libramed.info\/it\/giusto-approccio-sovrappeso\/","name":"Sovrappeso e Obesit\u00e0: sono condizioni da non sottovalutare.","isPartOf":{"@id":"https:\/\/www.libramed.info\/it\/#website"},"datePublished":"2021-11-30T16:53:42+00:00","dateModified":"2026-04-20T13:32:04+00:00","description":"\u00c8 fondamentale riconoscere la problematica del sovrappeso e dell'obesit\u00e0 affidandosi a professionisti della salute, modificando stile di vita e scelte alimentari","breadcrumb":{"@id":"https:\/\/www.libramed.info\/it\/giusto-approccio-sovrappeso\/#breadcrumb"},"inLanguage":"it-IT","potentialAction":[{"@type":"ReadAction","target":["https:\/\/www.libramed.info\/it\/giusto-approccio-sovrappeso\/"]}]},{"@type":"BreadcrumbList","@id":"https:\/\/www.libramed.info\/it\/giusto-approccio-sovrappeso\/#breadcrumb","itemListElement":[{"@type":"ListItem","position":1,"name":"Home","item":"https:\/\/www.libramed.info\/it\/"},{"@type":"ListItem","position":2,"name":"Un giusto approccio"}]},{"@type":"WebSite","@id":"https:\/\/www.libramed.info\/it\/#website","url":"https:\/\/www.libramed.info\/it\/","name":"Libramed","description":"Per il controllo del picco glicemio","potentialAction":[{"@type":"SearchAction","target":{"@type":"EntryPoint","urlTemplate":"https:\/\/www.libramed.info\/it\/?s={search_term_string}"},"query-input":{"@type":"PropertyValueSpecification","valueRequired":true,"valueName":"search_term_string"}}],"inLanguage":"it-IT"}]}},"_links":{"self":[{"href":"https:\/\/www.libramed.info\/it\/wp-json\/wp\/v2\/pages\/4099","targetHints":{"allow":["GET"]}}],"collection":[{"href":"https:\/\/www.libramed.info\/it\/wp-json\/wp\/v2\/pages"}],"about":[{"href":"https:\/\/www.libramed.info\/it\/wp-json\/wp\/v2\/types\/page"}],"author":[{"embeddable":true,"href":"https:\/\/www.libramed.info\/it\/wp-json\/wp\/v2\/users\/2"}],"replies":[{"embeddable":true,"href":"https:\/\/www.libramed.info\/it\/wp-json\/wp\/v2\/comments?post=4099"}],"version-history":[{"count":5,"href":"https:\/\/www.libramed.info\/it\/wp-json\/wp\/v2\/pages\/4099\/revisions"}],"predecessor-version":[{"id":4442,"href":"https:\/\/www.libramed.info\/it\/wp-json\/wp\/v2\/pages\/4099\/revisions\/4442"}],"wp:attachment":[{"href":"https:\/\/www.libramed.info\/it\/wp-json\/wp\/v2\/media?parent=4099"}],"curies":[{"name":"wp","href":"https:\/\/api.w.org\/{rel}","templated":true}]}}