{"id":4086,"date":"2021-11-30T17:45:15","date_gmt":"2021-11-30T16:45:15","guid":{"rendered":"https:\/\/libramedinfoit.multisite.aboca.com\/?page_id=4086"},"modified":"2024-03-04T12:14:51","modified_gmt":"2024-03-04T11:14:51","slug":"consapevolezza-obesita","status":"publish","type":"page","link":"https:\/\/www.libramed.info\/it\/perche-si-ingrassa\/consapevolezza-obesita\/","title":{"rendered":"Sovrappeso e obesit\u00e0: non solo una questione di chili di troppo"},"content":{"rendered":"\n<p>L\u2019obesit\u00e0 \u00e8 una malattia cronica determinata da un eccesso di massa grassa distribuita in maniera differente nei vari distretti del corpo.<\/p>\n\n\n\n<div style=\"height:20px\" aria-hidden=\"true\" class=\"wp-block-spacer\"><\/div>\n\n\n\n<p>Per definire se sussiste un \u201ceccesso\u201d di grasso si ricorre comunemente all\u2019indice di massa corporea (IMC o BMI = Body Mass Index, secondo la definizione americana), che si calcola con la formula seguente:<\/p>\n\n\n\n<div style=\"height:20px\" aria-hidden=\"true\" class=\"wp-block-spacer\"><\/div>\n\n\n\n<p class=\"has-text-align-center\"><strong>BMI = peso (in kg)\/quadrato dell\u2019altezza (in metri) = kg\/m2<\/strong><\/p>\n\n\n\n<div style=\"height:20px\" aria-hidden=\"true\" class=\"wp-block-spacer\"><\/div>\n\n\n\n<figure class=\"wp-block-table tabella\"><table><thead><tr><th class=\"has-text-align-center\" data-align=\"center\">BMI<br><strong>Body Mass Index<\/strong><\/th><th class=\"has-text-align-center\" data-align=\"center\"> INDIVIDUO <\/th><\/tr><\/thead><tbody><tr><td class=\"has-text-align-center\" data-align=\"center\">18,5<\/td><td class=\"has-text-align-center\" data-align=\"center\">sottopeso<\/td><\/tr><tr><td class=\"has-text-align-center\" data-align=\"center\">18,5 \u2013 24,9<\/td><td class=\"has-text-align-center\" data-align=\"center\">normopeso<\/td><\/tr><tr><td class=\"has-text-align-center\" data-align=\"center\">25 \u2013 29,9<\/td><td class=\"has-text-align-center\" data-align=\"center\">sovrappeso<\/td><\/tr><tr><td class=\"has-text-align-center\" data-align=\"center\">30 \u2013 34,9<\/td><td class=\"has-text-align-center\" data-align=\"center\">obesit\u00e0<\/td><\/tr><tr><td class=\"has-text-align-center\" data-align=\"center\">35 \u2013 39,9<\/td><td class=\"has-text-align-center\" data-align=\"center\">obesit\u00e0 di grado II<\/td><\/tr><tr><td class=\"has-text-align-center\" data-align=\"center\">&gt; 40<\/td><td class=\"has-text-align-center\" data-align=\"center\">obesit\u00e0 di grado III<\/td><\/tr><\/tbody><\/table><\/figure>\n\n\n\n<div style=\"height:20px\" aria-hidden=\"true\" class=\"wp-block-spacer\"><\/div>\n\n\n\n<p>Il BMI, pur rimanendo un utile e immediato indicatore del sovrappeso e dell\u2019obesit\u00e0, deve essere considerato solo uno dei parametri da tenere sotto controllo.<\/p>\n\n\n\n<p>A uno stesso BMI possono corrispondere, infatti, diversi livelli di grasso corporeo. Il BMI non fornisce alcuna indicazione sulla localizzazione del grasso, che risulta invece determinante per la valutazione dei rischi di malattia cardiovascolare e di diabete.<\/p>\n\n\n\n<p>Per queste ragioni \u00e8 importante considerare oltre al BMI anche la CIRCONFERENZA OMBELICALE, (cio\u00e8 la circonferenza dell\u2019addome misurata all\u2019altezza dell\u2019ombelico), che \u00e8 un indicatore ritenuto attendibile della quantit\u00e0 di grasso presente all\u2019interno dell\u2019addome (grasso viscerale).<\/p>\n\n\n\n<p>La presenza di un eccesso di grasso addominale, come vedremo, rappresenta, infatti, di per s\u00e9, al di l\u00e0 del BMI, un fattore di rischio per le malattie cardiovascolari e il diabete di tipo 2.<\/p>\n\n\n\n<div style=\"height:20px\" aria-hidden=\"true\" class=\"wp-block-spacer\"><\/div>\n\n\n\n<figure class=\"wp-block-table tabella\"><table class=\"has-fixed-layout\"><thead><tr><th class=\"has-text-align-center\" data-align=\"center\"> DONNA <\/th><th class=\"has-text-align-center\" data-align=\"center\"> UOMO <\/th><th class=\"has-text-align-center\" data-align=\"center\"> GIUDIZIO <\/th><\/tr><\/thead><tbody><tr><td class=\"has-text-align-center\" data-align=\"center\">&lt; 80<\/td><td class=\"has-text-align-center\" data-align=\"center\">&lt; 94<\/td><td class=\"has-text-align-center\" data-align=\"center\">normale<\/td><\/tr><tr><td class=\"has-text-align-center\" data-align=\"center\">80 \u2013 88<\/td><td class=\"has-text-align-center\" data-align=\"center\">94 \u2013 102<\/td><td class=\"has-text-align-center\" data-align=\"center\">elevato<\/td><\/tr><tr><td class=\"has-text-align-center\" data-align=\"center\">&gt; 88<\/td><td class=\"has-text-align-center\" data-align=\"center\">&gt; 102<\/td><td class=\"has-text-align-center\" data-align=\"center\">molto elevato<\/td><\/tr><\/tbody><\/table><\/figure>\n\n\n\n<style type=\"text\/css\">\n.contenutobianco form {display:none !important;}\n.contenutobianco a {\n    background-color: #045642;\n    color: #ededed;\n    text-transform: uppercase;\ntext-align:center;\n    padding: 10px 20px;\n    font-size: 16px;\n    font-weight: bolder;\n    display: block;\n    border-radius: 5px;\n    max-width: 300px;\n    transition: all 500ms ease-out;\n    margin: 20px auto;\n}\n<\/style>\n","protected":false},"excerpt":{"rendered":"<p>L\u2019obesit\u00e0 \u00e8 una malattia cronica determinata da un eccesso di massa grassa distribuita in maniera differente nei vari distretti del corpo. Per definire se sussiste un \u201ceccesso\u201d di grasso si ricorre comunemente all\u2019indice di massa corporea (IMC o BMI = Body Mass Index, secondo la definizione americana), che si calcola con la formula seguente: BMI&#8230;  <a href=\"https:\/\/www.libramed.info\/it\/perche-si-ingrassa\/consapevolezza-obesita\/\" class=\"more-link\" title=\"Read Sovrappeso e obesit\u00e0: non solo una questione di chili di troppo\">Leggi tutto &raquo;<\/a><\/p>\n","protected":false},"author":2,"featured_media":0,"parent":4078,"menu_order":0,"comment_status":"closed","ping_status":"closed","template":"","meta":{"footnotes":""},"class_list":["post-4086","page","type-page","status-publish","hentry"],"yoast_head":"<!-- This site is optimized with the Yoast SEO plugin v27.4 - https:\/\/yoast.com\/product\/yoast-seo-wordpress\/ -->\n<title>Sovrappeso, Obesit\u00e0 e Indice di Massa Corporea (BMI) | ABOCA<\/title>\n<meta name=\"description\" content=\"Sovrappeso e obesit\u00e0 sono riguardano solamente il peso. Per capire se c&#039;\u00e8 un eccesso di grasso di deve calcolare l&#039;indice di massa corporea (o BMI), scopri come\" \/>\n<meta name=\"robots\" content=\"index, follow, max-snippet:-1, max-image-preview:large, max-video-preview:-1\" \/>\n<link rel=\"canonical\" href=\"https:\/\/www.libramed.info\/it\/perche-si-ingrassa\/consapevolezza-obesita\/\" \/>\n<meta property=\"og:locale\" content=\"it_IT\" \/>\n<meta property=\"og:type\" content=\"article\" \/>\n<meta property=\"og:title\" content=\"Sovrappeso, Obesit\u00e0 e Indice di Massa Corporea (BMI) | ABOCA\" \/>\n<meta property=\"og:description\" content=\"Sovrappeso e obesit\u00e0 sono riguardano solamente il peso. Per capire se c&#039;\u00e8 un eccesso di grasso di deve calcolare l&#039;indice di massa corporea (o BMI), scopri come\" \/>\n<meta property=\"og:url\" content=\"https:\/\/www.libramed.info\/it\/perche-si-ingrassa\/consapevolezza-obesita\/\" \/>\n<meta property=\"og:site_name\" content=\"Libramed\" \/>\n<meta property=\"article:modified_time\" content=\"2024-03-04T11:14:51+00:00\" \/>\n<meta name=\"twitter:card\" content=\"summary_large_image\" \/>\n<meta name=\"twitter:label1\" content=\"Tempo di lettura stimato\" \/>\n\t<meta name=\"twitter:data1\" content=\"2 minuti\" \/>\n<script type=\"application\/ld+json\" class=\"yoast-schema-graph\">{\"@context\":\"https:\\\/\\\/schema.org\",\"@graph\":[{\"@type\":\"WebPage\",\"@id\":\"https:\\\/\\\/www.libramed.info\\\/it\\\/perche-si-ingrassa\\\/consapevolezza-obesita\\\/\",\"url\":\"https:\\\/\\\/www.libramed.info\\\/it\\\/perche-si-ingrassa\\\/consapevolezza-obesita\\\/\",\"name\":\"Sovrappeso, Obesit\u00e0 e Indice di Massa Corporea (BMI) | ABOCA\",\"isPartOf\":{\"@id\":\"https:\\\/\\\/www.libramed.info\\\/it\\\/#website\"},\"datePublished\":\"2021-11-30T16:45:15+00:00\",\"dateModified\":\"2024-03-04T11:14:51+00:00\",\"description\":\"Sovrappeso e obesit\u00e0 sono riguardano solamente il peso. Per capire se c'\u00e8 un eccesso di grasso di deve calcolare l'indice di massa corporea (o BMI), scopri come\",\"breadcrumb\":{\"@id\":\"https:\\\/\\\/www.libramed.info\\\/it\\\/perche-si-ingrassa\\\/consapevolezza-obesita\\\/#breadcrumb\"},\"inLanguage\":\"it-IT\",\"potentialAction\":[{\"@type\":\"ReadAction\",\"target\":[\"https:\\\/\\\/www.libramed.info\\\/it\\\/perche-si-ingrassa\\\/consapevolezza-obesita\\\/\"]}]},{\"@type\":\"BreadcrumbList\",\"@id\":\"https:\\\/\\\/www.libramed.info\\\/it\\\/perche-si-ingrassa\\\/consapevolezza-obesita\\\/#breadcrumb\",\"itemListElement\":[{\"@type\":\"ListItem\",\"position\":1,\"name\":\"Home\",\"item\":\"https:\\\/\\\/www.libramed.info\\\/it\\\/\"},{\"@type\":\"ListItem\",\"position\":2,\"name\":\"Sovrappeso e obesit\u00e0: perch\u00e9 si ingrassa?\",\"item\":\"https:\\\/\\\/www.libramed.info\\\/it\\\/perche-si-ingrassa\\\/\"},{\"@type\":\"ListItem\",\"position\":3,\"name\":\"Sovrappeso e obesit\u00e0: non solo una questione di chili di troppo\"}]},{\"@type\":\"WebSite\",\"@id\":\"https:\\\/\\\/www.libramed.info\\\/it\\\/#website\",\"url\":\"https:\\\/\\\/www.libramed.info\\\/it\\\/\",\"name\":\"Libramed\",\"description\":\"Per il controllo del picco glicemio\",\"potentialAction\":[{\"@type\":\"SearchAction\",\"target\":{\"@type\":\"EntryPoint\",\"urlTemplate\":\"https:\\\/\\\/www.libramed.info\\\/it\\\/?s={search_term_string}\"},\"query-input\":{\"@type\":\"PropertyValueSpecification\",\"valueRequired\":true,\"valueName\":\"search_term_string\"}}],\"inLanguage\":\"it-IT\"}]}<\/script>\n<!-- \/ Yoast SEO plugin. -->","yoast_head_json":{"title":"Sovrappeso, Obesit\u00e0 e Indice di Massa Corporea (BMI) | ABOCA","description":"Sovrappeso e obesit\u00e0 sono riguardano solamente il peso. Per capire se c'\u00e8 un eccesso di grasso di deve calcolare l'indice di massa corporea (o BMI), scopri come","robots":{"index":"index","follow":"follow","max-snippet":"max-snippet:-1","max-image-preview":"max-image-preview:large","max-video-preview":"max-video-preview:-1"},"canonical":"https:\/\/www.libramed.info\/it\/perche-si-ingrassa\/consapevolezza-obesita\/","og_locale":"it_IT","og_type":"article","og_title":"Sovrappeso, Obesit\u00e0 e Indice di Massa Corporea (BMI) | ABOCA","og_description":"Sovrappeso e obesit\u00e0 sono riguardano solamente il peso. Per capire se c'\u00e8 un eccesso di grasso di deve calcolare l'indice di massa corporea (o BMI), scopri come","og_url":"https:\/\/www.libramed.info\/it\/perche-si-ingrassa\/consapevolezza-obesita\/","og_site_name":"Libramed","article_modified_time":"2024-03-04T11:14:51+00:00","twitter_card":"summary_large_image","twitter_misc":{"Tempo di lettura stimato":"2 minuti"},"schema":{"@context":"https:\/\/schema.org","@graph":[{"@type":"WebPage","@id":"https:\/\/www.libramed.info\/it\/perche-si-ingrassa\/consapevolezza-obesita\/","url":"https:\/\/www.libramed.info\/it\/perche-si-ingrassa\/consapevolezza-obesita\/","name":"Sovrappeso, Obesit\u00e0 e Indice di Massa Corporea (BMI) | ABOCA","isPartOf":{"@id":"https:\/\/www.libramed.info\/it\/#website"},"datePublished":"2021-11-30T16:45:15+00:00","dateModified":"2024-03-04T11:14:51+00:00","description":"Sovrappeso e obesit\u00e0 sono riguardano solamente il peso. Per capire se c'\u00e8 un eccesso di grasso di deve calcolare l'indice di massa corporea (o BMI), scopri come","breadcrumb":{"@id":"https:\/\/www.libramed.info\/it\/perche-si-ingrassa\/consapevolezza-obesita\/#breadcrumb"},"inLanguage":"it-IT","potentialAction":[{"@type":"ReadAction","target":["https:\/\/www.libramed.info\/it\/perche-si-ingrassa\/consapevolezza-obesita\/"]}]},{"@type":"BreadcrumbList","@id":"https:\/\/www.libramed.info\/it\/perche-si-ingrassa\/consapevolezza-obesita\/#breadcrumb","itemListElement":[{"@type":"ListItem","position":1,"name":"Home","item":"https:\/\/www.libramed.info\/it\/"},{"@type":"ListItem","position":2,"name":"Sovrappeso e obesit\u00e0: perch\u00e9 si ingrassa?","item":"https:\/\/www.libramed.info\/it\/perche-si-ingrassa\/"},{"@type":"ListItem","position":3,"name":"Sovrappeso e obesit\u00e0: non solo una questione di chili di troppo"}]},{"@type":"WebSite","@id":"https:\/\/www.libramed.info\/it\/#website","url":"https:\/\/www.libramed.info\/it\/","name":"Libramed","description":"Per il controllo del picco glicemio","potentialAction":[{"@type":"SearchAction","target":{"@type":"EntryPoint","urlTemplate":"https:\/\/www.libramed.info\/it\/?s={search_term_string}"},"query-input":{"@type":"PropertyValueSpecification","valueRequired":true,"valueName":"search_term_string"}}],"inLanguage":"it-IT"}]}},"_links":{"self":[{"href":"https:\/\/www.libramed.info\/it\/wp-json\/wp\/v2\/pages\/4086","targetHints":{"allow":["GET"]}}],"collection":[{"href":"https:\/\/www.libramed.info\/it\/wp-json\/wp\/v2\/pages"}],"about":[{"href":"https:\/\/www.libramed.info\/it\/wp-json\/wp\/v2\/types\/page"}],"author":[{"embeddable":true,"href":"https:\/\/www.libramed.info\/it\/wp-json\/wp\/v2\/users\/2"}],"replies":[{"embeddable":true,"href":"https:\/\/www.libramed.info\/it\/wp-json\/wp\/v2\/comments?post=4086"}],"version-history":[{"count":5,"href":"https:\/\/www.libramed.info\/it\/wp-json\/wp\/v2\/pages\/4086\/revisions"}],"predecessor-version":[{"id":4399,"href":"https:\/\/www.libramed.info\/it\/wp-json\/wp\/v2\/pages\/4086\/revisions\/4399"}],"up":[{"embeddable":true,"href":"https:\/\/www.libramed.info\/it\/wp-json\/wp\/v2\/pages\/4078"}],"wp:attachment":[{"href":"https:\/\/www.libramed.info\/it\/wp-json\/wp\/v2\/media?parent=4086"}],"curies":[{"name":"wp","href":"https:\/\/api.w.org\/{rel}","templated":true}]}}