{"id":4081,"date":"2021-11-30T17:37:46","date_gmt":"2021-11-30T16:37:46","guid":{"rendered":"https:\/\/libramedinfoit.multisite.aboca.com\/?page_id=4081"},"modified":"2023-02-02T12:51:21","modified_gmt":"2023-02-02T11:51:21","slug":"obesita-problema-sovrappeso","status":"publish","type":"page","link":"https:\/\/www.libramed.info\/it\/perche-si-ingrassa\/obesita-problema-sovrappeso\/","title":{"rendered":"Sovrappeso e obesit\u00e0: un serio problema di salute"},"content":{"rendered":"\n<p>Molte persone tra i 18 e i 69 anni sono in eccesso ponderale. \u00c8 particolarmente preoccupante la<strong>&nbsp;crescente diffusione del problema nella popolazione infantile<\/strong>. Il sovrappeso durante l\u2019infanzia ha riflessi negativi sulla salute sia nel corso della stessa infanzia sia in adolescenza e in et\u00e0 adulta.<\/p>\n\n\n\n<p>Se un bambino \u00e8 obeso a 6 anni ha molte possibilit\u00e0 di essere obeso anche da adulto.<\/p>\n\n\n\n<p>La&nbsp;<strong>maggior parte degli adolescenti obesi rimane obeso anche in et\u00e0 adulta<\/strong>, per la maggiore difficolt\u00e0 a ottenere un dimagrimento stabile a seguito di vincoli biologici e psicosociali.<\/p>\n\n\n\n<p>\u00c8 utile quindi privilegiare interventi di prevenzione e di trattamento del sovrappeso anche prima dell\u2019adolescenza.<\/p>\n\n\n\n<p>La dimensione che il problema sta assumendo \u00e8 particolarmente grave <strong>perch\u00e9 sovrappeso e obesit\u00e0<\/strong>, al di l\u00e0 delle pi\u00f9 immediate conseguenze estetiche e sociali, <strong>rappresentano importanti fattori di rischio<\/strong> per le malattie metaboliche e degenerative quali <strong>cardiopatie, malattie cerebrovascolari, respiratorie e osteoarticolari, diabete, steatosi epatica, calcolosi<\/strong>.<\/p>\n","protected":false},"excerpt":{"rendered":"<p>Molte persone tra i 18 e i 69 anni sono in eccesso ponderale. \u00c8 particolarmente preoccupante la&nbsp;crescente diffusione del problema nella popolazione infantile. Il sovrappeso durante l\u2019infanzia ha riflessi negativi sulla salute sia nel corso della stessa infanzia sia in adolescenza e in et\u00e0 adulta. Se un bambino \u00e8 obeso a 6 anni ha molte&#8230;  <a href=\"https:\/\/www.libramed.info\/it\/perche-si-ingrassa\/obesita-problema-sovrappeso\/\" class=\"more-link\" title=\"Read Sovrappeso e obesit\u00e0: un serio problema di salute\">Leggi tutto &raquo;<\/a><\/p>\n","protected":false},"author":2,"featured_media":0,"parent":4078,"menu_order":0,"comment_status":"closed","ping_status":"closed","template":"","meta":{"footnotes":""},"class_list":["post-4081","page","type-page","status-publish","hentry"],"yoast_head":"<!-- This site is optimized with the Yoast SEO plugin v27.4 - https:\/\/yoast.com\/product\/yoast-seo-wordpress\/ -->\n<title>Libramed: sovrappeso e obesit\u00e0, un serio problema di salute<\/title>\n<meta name=\"description\" content=\"Il sovrappeso e obesit\u00e0 durante l\u2019infanzia ha riflessi negativi sulla salute sia nel corso della stessa infanzia sia in adolescenza e in et\u00e0 adulta.\" \/>\n<meta name=\"robots\" content=\"index, follow, max-snippet:-1, max-image-preview:large, max-video-preview:-1\" \/>\n<link rel=\"canonical\" href=\"https:\/\/www.libramed.info\/it\/perche-si-ingrassa\/obesita-problema-sovrappeso\/\" \/>\n<meta property=\"og:locale\" content=\"it_IT\" \/>\n<meta property=\"og:type\" content=\"article\" \/>\n<meta property=\"og:title\" content=\"Libramed: sovrappeso e obesit\u00e0, un serio problema di salute\" \/>\n<meta property=\"og:description\" content=\"Il sovrappeso e obesit\u00e0 durante l\u2019infanzia ha riflessi negativi sulla salute sia nel corso della stessa infanzia sia in adolescenza e in et\u00e0 adulta.\" \/>\n<meta property=\"og:url\" content=\"https:\/\/www.libramed.info\/it\/perche-si-ingrassa\/obesita-problema-sovrappeso\/\" \/>\n<meta property=\"og:site_name\" content=\"Libramed\" \/>\n<meta property=\"article:modified_time\" content=\"2023-02-02T11:51:21+00:00\" \/>\n<meta name=\"twitter:card\" content=\"summary_large_image\" \/>\n<meta name=\"twitter:label1\" content=\"Tempo di lettura stimato\" \/>\n\t<meta name=\"twitter:data1\" content=\"1 minuto\" \/>\n<script type=\"application\/ld+json\" class=\"yoast-schema-graph\">{\"@context\":\"https:\\\/\\\/schema.org\",\"@graph\":[{\"@type\":\"WebPage\",\"@id\":\"https:\\\/\\\/www.libramed.info\\\/it\\\/perche-si-ingrassa\\\/obesita-problema-sovrappeso\\\/\",\"url\":\"https:\\\/\\\/www.libramed.info\\\/it\\\/perche-si-ingrassa\\\/obesita-problema-sovrappeso\\\/\",\"name\":\"Libramed: sovrappeso e obesit\u00e0, un serio problema di salute\",\"isPartOf\":{\"@id\":\"https:\\\/\\\/www.libramed.info\\\/it\\\/#website\"},\"datePublished\":\"2021-11-30T16:37:46+00:00\",\"dateModified\":\"2023-02-02T11:51:21+00:00\",\"description\":\"Il sovrappeso e obesit\u00e0 durante l\u2019infanzia ha riflessi negativi sulla salute sia nel corso della stessa infanzia sia in adolescenza e in et\u00e0 adulta.\",\"breadcrumb\":{\"@id\":\"https:\\\/\\\/www.libramed.info\\\/it\\\/perche-si-ingrassa\\\/obesita-problema-sovrappeso\\\/#breadcrumb\"},\"inLanguage\":\"it-IT\",\"potentialAction\":[{\"@type\":\"ReadAction\",\"target\":[\"https:\\\/\\\/www.libramed.info\\\/it\\\/perche-si-ingrassa\\\/obesita-problema-sovrappeso\\\/\"]}]},{\"@type\":\"BreadcrumbList\",\"@id\":\"https:\\\/\\\/www.libramed.info\\\/it\\\/perche-si-ingrassa\\\/obesita-problema-sovrappeso\\\/#breadcrumb\",\"itemListElement\":[{\"@type\":\"ListItem\",\"position\":1,\"name\":\"Home\",\"item\":\"https:\\\/\\\/www.libramed.info\\\/it\\\/\"},{\"@type\":\"ListItem\",\"position\":2,\"name\":\"Sovrappeso e obesit\u00e0: perch\u00e9 si ingrassa?\",\"item\":\"https:\\\/\\\/www.libramed.info\\\/it\\\/perche-si-ingrassa\\\/\"},{\"@type\":\"ListItem\",\"position\":3,\"name\":\"Sovrappeso e obesit\u00e0: un serio problema di salute\"}]},{\"@type\":\"WebSite\",\"@id\":\"https:\\\/\\\/www.libramed.info\\\/it\\\/#website\",\"url\":\"https:\\\/\\\/www.libramed.info\\\/it\\\/\",\"name\":\"Libramed\",\"description\":\"Per il controllo del picco glicemio\",\"potentialAction\":[{\"@type\":\"SearchAction\",\"target\":{\"@type\":\"EntryPoint\",\"urlTemplate\":\"https:\\\/\\\/www.libramed.info\\\/it\\\/?s={search_term_string}\"},\"query-input\":{\"@type\":\"PropertyValueSpecification\",\"valueRequired\":true,\"valueName\":\"search_term_string\"}}],\"inLanguage\":\"it-IT\"}]}<\/script>\n<!-- \/ Yoast SEO plugin. -->","yoast_head_json":{"title":"Libramed: sovrappeso e obesit\u00e0, un serio problema di salute","description":"Il sovrappeso e obesit\u00e0 durante l\u2019infanzia ha riflessi negativi sulla salute sia nel corso della stessa infanzia sia in adolescenza e in et\u00e0 adulta.","robots":{"index":"index","follow":"follow","max-snippet":"max-snippet:-1","max-image-preview":"max-image-preview:large","max-video-preview":"max-video-preview:-1"},"canonical":"https:\/\/www.libramed.info\/it\/perche-si-ingrassa\/obesita-problema-sovrappeso\/","og_locale":"it_IT","og_type":"article","og_title":"Libramed: sovrappeso e obesit\u00e0, un serio problema di salute","og_description":"Il sovrappeso e obesit\u00e0 durante l\u2019infanzia ha riflessi negativi sulla salute sia nel corso della stessa infanzia sia in adolescenza e in et\u00e0 adulta.","og_url":"https:\/\/www.libramed.info\/it\/perche-si-ingrassa\/obesita-problema-sovrappeso\/","og_site_name":"Libramed","article_modified_time":"2023-02-02T11:51:21+00:00","twitter_card":"summary_large_image","twitter_misc":{"Tempo di lettura stimato":"1 minuto"},"schema":{"@context":"https:\/\/schema.org","@graph":[{"@type":"WebPage","@id":"https:\/\/www.libramed.info\/it\/perche-si-ingrassa\/obesita-problema-sovrappeso\/","url":"https:\/\/www.libramed.info\/it\/perche-si-ingrassa\/obesita-problema-sovrappeso\/","name":"Libramed: sovrappeso e obesit\u00e0, un serio problema di salute","isPartOf":{"@id":"https:\/\/www.libramed.info\/it\/#website"},"datePublished":"2021-11-30T16:37:46+00:00","dateModified":"2023-02-02T11:51:21+00:00","description":"Il sovrappeso e obesit\u00e0 durante l\u2019infanzia ha riflessi negativi sulla salute sia nel corso della stessa infanzia sia in adolescenza e in et\u00e0 adulta.","breadcrumb":{"@id":"https:\/\/www.libramed.info\/it\/perche-si-ingrassa\/obesita-problema-sovrappeso\/#breadcrumb"},"inLanguage":"it-IT","potentialAction":[{"@type":"ReadAction","target":["https:\/\/www.libramed.info\/it\/perche-si-ingrassa\/obesita-problema-sovrappeso\/"]}]},{"@type":"BreadcrumbList","@id":"https:\/\/www.libramed.info\/it\/perche-si-ingrassa\/obesita-problema-sovrappeso\/#breadcrumb","itemListElement":[{"@type":"ListItem","position":1,"name":"Home","item":"https:\/\/www.libramed.info\/it\/"},{"@type":"ListItem","position":2,"name":"Sovrappeso e obesit\u00e0: perch\u00e9 si ingrassa?","item":"https:\/\/www.libramed.info\/it\/perche-si-ingrassa\/"},{"@type":"ListItem","position":3,"name":"Sovrappeso e obesit\u00e0: un serio problema di salute"}]},{"@type":"WebSite","@id":"https:\/\/www.libramed.info\/it\/#website","url":"https:\/\/www.libramed.info\/it\/","name":"Libramed","description":"Per il controllo del picco glicemio","potentialAction":[{"@type":"SearchAction","target":{"@type":"EntryPoint","urlTemplate":"https:\/\/www.libramed.info\/it\/?s={search_term_string}"},"query-input":{"@type":"PropertyValueSpecification","valueRequired":true,"valueName":"search_term_string"}}],"inLanguage":"it-IT"}]}},"_links":{"self":[{"href":"https:\/\/www.libramed.info\/it\/wp-json\/wp\/v2\/pages\/4081","targetHints":{"allow":["GET"]}}],"collection":[{"href":"https:\/\/www.libramed.info\/it\/wp-json\/wp\/v2\/pages"}],"about":[{"href":"https:\/\/www.libramed.info\/it\/wp-json\/wp\/v2\/types\/page"}],"author":[{"embeddable":true,"href":"https:\/\/www.libramed.info\/it\/wp-json\/wp\/v2\/users\/2"}],"replies":[{"embeddable":true,"href":"https:\/\/www.libramed.info\/it\/wp-json\/wp\/v2\/comments?post=4081"}],"version-history":[{"count":4,"href":"https:\/\/www.libramed.info\/it\/wp-json\/wp\/v2\/pages\/4081\/revisions"}],"predecessor-version":[{"id":4264,"href":"https:\/\/www.libramed.info\/it\/wp-json\/wp\/v2\/pages\/4081\/revisions\/4264"}],"up":[{"embeddable":true,"href":"https:\/\/www.libramed.info\/it\/wp-json\/wp\/v2\/pages\/4078"}],"wp:attachment":[{"href":"https:\/\/www.libramed.info\/it\/wp-json\/wp\/v2\/media?parent=4081"}],"curies":[{"name":"wp","href":"https:\/\/api.w.org\/{rel}","templated":true}]}}