{"id":4132,"date":"2021-12-01T10:29:07","date_gmt":"2021-12-01T09:29:07","guid":{"rendered":"https:\/\/libramedinfofr.multisite.aboca.com\/?page_id=4132"},"modified":"2023-05-11T17:42:42","modified_gmt":"2023-05-11T15:42:42","slug":"policaptil-gel-retard","status":"publish","type":"page","link":"https:\/\/www.libramed.info\/fr\/libramed\/policaptil-gel-retard\/","title":{"rendered":"Policaptil gel retard"},"content":{"rendered":"\n<p><strong>Policaptil Gel Retard\u00ae<\/strong>&nbsp;est un complexe macromol\u00e9culaire brevet\u00e9, fruit de la&nbsp;<strong>recherche Aboca<\/strong>, r\u00e9alis\u00e9 au moyen d\u2019une technologie de production qui permet de concentrer des fractions polysaccharidiques sp\u00e9cifiques obtenues \u00e0 partir de :<\/p>\n\n\n\n<ul class=\"wp-block-list\">\n<li>Cellulose ;<\/li>\n\n\n\n<li>Opuntia Ficus indica ;<\/li>\n\n\n\n<li>Amorphophallus konjac ;<\/li>\n\n\n\n<li>Althaea officinalis ;<\/li>\n\n\n\n<li>Linum usitatissimum ;<\/li>\n\n\n\n<li>Tilia platyphyllos ;<\/li>\n\n\n\n<li>Cichorium intybus.<\/li>\n<\/ul>\n\n\n\n<p><strong>Policaptil Gel Retard\u00ae<\/strong>&nbsp;agit au niveau intestinal en formant un gel extr\u00eamement visqueux qui&nbsp;<strong>favorise le contr\u00f4le du pic glyc\u00e9mique postprandial, en r\u00e9duisant la quantit\u00e9 et la vitesse d\u2019absorption des glucides (effet \u00ab retard \u00bb).&nbsp;<\/strong>Cela&nbsp;provoque aussi&nbsp;<strong>une diminution de la sensation de faim et de la somnolence postprandiale<\/strong>.<\/p>\n\n\n\n<p>En outre, avec le m\u00eame m\u00e9canisme,&nbsp;<strong>Policaptil Gel Retard\u00ae limite l\u2019absorption des graisses, favorise le transit intestinal et r\u00e9gularise la consistance des selles<\/strong>.<\/p>\n\n\n\n<figure class=\"wp-block-image size-full\"><img loading=\"lazy\" decoding=\"async\" width=\"669\" height=\"370\" src=\"https:\/\/www.libramed.info\/fr\/wp-content\/uploads\/sites\/167\/2021\/11\/libramed_policaptil_gel_retard.png\" alt=\"\" class=\"wp-image-4060\" srcset=\"https:\/\/www.libramed.info\/fr\/wp-content\/uploads\/sites\/167\/2021\/11\/libramed_policaptil_gel_retard.png 669w, https:\/\/www.libramed.info\/fr\/wp-content\/uploads\/sites\/167\/2021\/11\/libramed_policaptil_gel_retard-300x166.png 300w\" sizes=\"auto, (max-width: 669px) 100vw, 669px\" \/><\/figure>\n","protected":false},"excerpt":{"rendered":"<p>Policaptil Gel Retard\u00ae&nbsp;est un complexe macromol\u00e9culaire brevet\u00e9, fruit de la&nbsp;recherche Aboca, r\u00e9alis\u00e9 au moyen d\u2019une technologie de production qui permet de concentrer des fractions polysaccharidiques sp\u00e9cifiques obtenues \u00e0 partir de : Policaptil Gel Retard\u00ae&nbsp;agit au niveau intestinal en formant un gel extr\u00eamement visqueux qui&nbsp;favorise le contr\u00f4le du pic glyc\u00e9mique postprandial, en r\u00e9duisant la quantit\u00e9 et&#8230;  <a href=\"https:\/\/www.libramed.info\/fr\/libramed\/policaptil-gel-retard\/\" class=\"more-link\" title=\"Read Policaptil gel retard\">Leggi tutto &raquo;<\/a><\/p>\n","protected":false},"author":2,"featured_media":0,"parent":4121,"menu_order":0,"comment_status":"closed","ping_status":"closed","template":"","meta":{"footnotes":""},"class_list":["post-4132","page","type-page","status-publish","hentry"],"yoast_head":"<!-- This site is optimized with the Yoast SEO plugin v27.4 - https:\/\/yoast.com\/product\/yoast-seo-wordpress\/ -->\n<title>Policaptil gel retard | ABOCA Libramed<\/title>\n<meta name=\"description\" content=\"Policaptil Gel Retard\u00ae est un complexe macromol\u00e9culaire brevet\u00e9, fruit de la recherche Aboca, r\u00e9alis\u00e9 au moyen d\u2019une technologie de production qui permet de concentrer des fractions polysaccharidiques sp\u00e9cifiques obtenues \u00e0 partir de:\" \/>\n<meta name=\"robots\" content=\"index, follow, max-snippet:-1, max-image-preview:large, max-video-preview:-1\" \/>\n<link rel=\"canonical\" href=\"https:\/\/www.libramed.info\/fr\/libramed\/policaptil-gel-retard\/\" \/>\n<meta property=\"og:locale\" content=\"fr_FR\" \/>\n<meta property=\"og:type\" content=\"article\" \/>\n<meta property=\"og:title\" content=\"Policaptil gel retard | ABOCA Libramed\" \/>\n<meta property=\"og:description\" content=\"Policaptil Gel Retard\u00ae est un complexe macromol\u00e9culaire brevet\u00e9, fruit de la recherche Aboca, r\u00e9alis\u00e9 au moyen d\u2019une technologie de production qui permet de concentrer des fractions polysaccharidiques sp\u00e9cifiques obtenues \u00e0 partir de:\" \/>\n<meta property=\"og:url\" content=\"https:\/\/www.libramed.info\/fr\/libramed\/policaptil-gel-retard\/\" \/>\n<meta property=\"og:site_name\" content=\"LibraMed\" \/>\n<meta property=\"article:modified_time\" content=\"2023-05-11T15:42:42+00:00\" \/>\n<meta property=\"og:image\" content=\"https:\/\/www.libramed.info\/fr\/wp-content\/uploads\/sites\/167\/2021\/11\/libramed_policaptil_gel_retard.png\" \/>\n<meta name=\"twitter:card\" content=\"summary_large_image\" \/>\n<meta name=\"twitter:label1\" content=\"Dur\u00e9e de lecture estim\u00e9e\" \/>\n\t<meta name=\"twitter:data1\" content=\"1 minute\" \/>\n<script type=\"application\/ld+json\" class=\"yoast-schema-graph\">{\"@context\":\"https:\\\/\\\/schema.org\",\"@graph\":[{\"@type\":\"WebPage\",\"@id\":\"https:\\\/\\\/www.libramed.info\\\/fr\\\/libramed\\\/policaptil-gel-retard\\\/\",\"url\":\"https:\\\/\\\/www.libramed.info\\\/fr\\\/libramed\\\/policaptil-gel-retard\\\/\",\"name\":\"Policaptil gel retard | ABOCA Libramed\",\"isPartOf\":{\"@id\":\"https:\\\/\\\/www.libramed.info\\\/fr\\\/#website\"},\"primaryImageOfPage\":{\"@id\":\"https:\\\/\\\/www.libramed.info\\\/fr\\\/libramed\\\/policaptil-gel-retard\\\/#primaryimage\"},\"image\":{\"@id\":\"https:\\\/\\\/www.libramed.info\\\/fr\\\/libramed\\\/policaptil-gel-retard\\\/#primaryimage\"},\"thumbnailUrl\":\"https:\\\/\\\/www.libramed.info\\\/fr\\\/wp-content\\\/uploads\\\/sites\\\/167\\\/2021\\\/11\\\/libramed_policaptil_gel_retard.png\",\"datePublished\":\"2021-12-01T09:29:07+00:00\",\"dateModified\":\"2023-05-11T15:42:42+00:00\",\"description\":\"Policaptil Gel Retard\u00ae est un complexe macromol\u00e9culaire brevet\u00e9, fruit de la recherche Aboca, r\u00e9alis\u00e9 au moyen d\u2019une technologie de production qui permet de concentrer des fractions polysaccharidiques sp\u00e9cifiques obtenues \u00e0 partir de:\",\"breadcrumb\":{\"@id\":\"https:\\\/\\\/www.libramed.info\\\/fr\\\/libramed\\\/policaptil-gel-retard\\\/#breadcrumb\"},\"inLanguage\":\"fr-FR\",\"potentialAction\":[{\"@type\":\"ReadAction\",\"target\":[\"https:\\\/\\\/www.libramed.info\\\/fr\\\/libramed\\\/policaptil-gel-retard\\\/\"]}]},{\"@type\":\"ImageObject\",\"inLanguage\":\"fr-FR\",\"@id\":\"https:\\\/\\\/www.libramed.info\\\/fr\\\/libramed\\\/policaptil-gel-retard\\\/#primaryimage\",\"url\":\"https:\\\/\\\/www.libramed.info\\\/fr\\\/wp-content\\\/uploads\\\/sites\\\/167\\\/2021\\\/11\\\/libramed_policaptil_gel_retard.png\",\"contentUrl\":\"https:\\\/\\\/www.libramed.info\\\/fr\\\/wp-content\\\/uploads\\\/sites\\\/167\\\/2021\\\/11\\\/libramed_policaptil_gel_retard.png\",\"width\":669,\"height\":370},{\"@type\":\"BreadcrumbList\",\"@id\":\"https:\\\/\\\/www.libramed.info\\\/fr\\\/libramed\\\/policaptil-gel-retard\\\/#breadcrumb\",\"itemListElement\":[{\"@type\":\"ListItem\",\"position\":1,\"name\":\"Home\",\"item\":\"https:\\\/\\\/www.libramed.info\\\/fr\\\/\"},{\"@type\":\"ListItem\",\"position\":2,\"name\":\"LibraMed\",\"item\":\"https:\\\/\\\/www.libramed.info\\\/fr\\\/libramed\\\/\"},{\"@type\":\"ListItem\",\"position\":3,\"name\":\"Policaptil gel retard\"}]},{\"@type\":\"WebSite\",\"@id\":\"https:\\\/\\\/www.libramed.info\\\/fr\\\/#website\",\"url\":\"https:\\\/\\\/www.libramed.info\\\/fr\\\/\",\"name\":\"LibraMed\",\"description\":\"Pour le contr\u00f4le du pic glyc\u00e9mique\",\"potentialAction\":[{\"@type\":\"SearchAction\",\"target\":{\"@type\":\"EntryPoint\",\"urlTemplate\":\"https:\\\/\\\/www.libramed.info\\\/fr\\\/?s={search_term_string}\"},\"query-input\":{\"@type\":\"PropertyValueSpecification\",\"valueRequired\":true,\"valueName\":\"search_term_string\"}}],\"inLanguage\":\"fr-FR\"}]}<\/script>\n<!-- \/ Yoast SEO plugin. -->","yoast_head_json":{"title":"Policaptil gel retard | ABOCA Libramed","description":"Policaptil Gel Retard\u00ae est un complexe macromol\u00e9culaire brevet\u00e9, fruit de la recherche Aboca, r\u00e9alis\u00e9 au moyen d\u2019une technologie de production qui permet de concentrer des fractions polysaccharidiques sp\u00e9cifiques obtenues \u00e0 partir de:","robots":{"index":"index","follow":"follow","max-snippet":"max-snippet:-1","max-image-preview":"max-image-preview:large","max-video-preview":"max-video-preview:-1"},"canonical":"https:\/\/www.libramed.info\/fr\/libramed\/policaptil-gel-retard\/","og_locale":"fr_FR","og_type":"article","og_title":"Policaptil gel retard | ABOCA Libramed","og_description":"Policaptil Gel Retard\u00ae est un complexe macromol\u00e9culaire brevet\u00e9, fruit de la recherche Aboca, r\u00e9alis\u00e9 au moyen d\u2019une technologie de production qui permet de concentrer des fractions polysaccharidiques sp\u00e9cifiques obtenues \u00e0 partir de:","og_url":"https:\/\/www.libramed.info\/fr\/libramed\/policaptil-gel-retard\/","og_site_name":"LibraMed","article_modified_time":"2023-05-11T15:42:42+00:00","og_image":[{"url":"https:\/\/www.libramed.info\/fr\/wp-content\/uploads\/sites\/167\/2021\/11\/libramed_policaptil_gel_retard.png","type":"","width":"","height":""}],"twitter_card":"summary_large_image","twitter_misc":{"Dur\u00e9e de lecture estim\u00e9e":"1 minute"},"schema":{"@context":"https:\/\/schema.org","@graph":[{"@type":"WebPage","@id":"https:\/\/www.libramed.info\/fr\/libramed\/policaptil-gel-retard\/","url":"https:\/\/www.libramed.info\/fr\/libramed\/policaptil-gel-retard\/","name":"Policaptil gel retard | ABOCA Libramed","isPartOf":{"@id":"https:\/\/www.libramed.info\/fr\/#website"},"primaryImageOfPage":{"@id":"https:\/\/www.libramed.info\/fr\/libramed\/policaptil-gel-retard\/#primaryimage"},"image":{"@id":"https:\/\/www.libramed.info\/fr\/libramed\/policaptil-gel-retard\/#primaryimage"},"thumbnailUrl":"https:\/\/www.libramed.info\/fr\/wp-content\/uploads\/sites\/167\/2021\/11\/libramed_policaptil_gel_retard.png","datePublished":"2021-12-01T09:29:07+00:00","dateModified":"2023-05-11T15:42:42+00:00","description":"Policaptil Gel Retard\u00ae est un complexe macromol\u00e9culaire brevet\u00e9, fruit de la recherche Aboca, r\u00e9alis\u00e9 au moyen d\u2019une technologie de production qui permet de concentrer des fractions polysaccharidiques sp\u00e9cifiques obtenues \u00e0 partir de:","breadcrumb":{"@id":"https:\/\/www.libramed.info\/fr\/libramed\/policaptil-gel-retard\/#breadcrumb"},"inLanguage":"fr-FR","potentialAction":[{"@type":"ReadAction","target":["https:\/\/www.libramed.info\/fr\/libramed\/policaptil-gel-retard\/"]}]},{"@type":"ImageObject","inLanguage":"fr-FR","@id":"https:\/\/www.libramed.info\/fr\/libramed\/policaptil-gel-retard\/#primaryimage","url":"https:\/\/www.libramed.info\/fr\/wp-content\/uploads\/sites\/167\/2021\/11\/libramed_policaptil_gel_retard.png","contentUrl":"https:\/\/www.libramed.info\/fr\/wp-content\/uploads\/sites\/167\/2021\/11\/libramed_policaptil_gel_retard.png","width":669,"height":370},{"@type":"BreadcrumbList","@id":"https:\/\/www.libramed.info\/fr\/libramed\/policaptil-gel-retard\/#breadcrumb","itemListElement":[{"@type":"ListItem","position":1,"name":"Home","item":"https:\/\/www.libramed.info\/fr\/"},{"@type":"ListItem","position":2,"name":"LibraMed","item":"https:\/\/www.libramed.info\/fr\/libramed\/"},{"@type":"ListItem","position":3,"name":"Policaptil gel retard"}]},{"@type":"WebSite","@id":"https:\/\/www.libramed.info\/fr\/#website","url":"https:\/\/www.libramed.info\/fr\/","name":"LibraMed","description":"Pour le contr\u00f4le du pic glyc\u00e9mique","potentialAction":[{"@type":"SearchAction","target":{"@type":"EntryPoint","urlTemplate":"https:\/\/www.libramed.info\/fr\/?s={search_term_string}"},"query-input":{"@type":"PropertyValueSpecification","valueRequired":true,"valueName":"search_term_string"}}],"inLanguage":"fr-FR"}]}},"_links":{"self":[{"href":"https:\/\/www.libramed.info\/fr\/wp-json\/wp\/v2\/pages\/4132","targetHints":{"allow":["GET"]}}],"collection":[{"href":"https:\/\/www.libramed.info\/fr\/wp-json\/wp\/v2\/pages"}],"about":[{"href":"https:\/\/www.libramed.info\/fr\/wp-json\/wp\/v2\/types\/page"}],"author":[{"embeddable":true,"href":"https:\/\/www.libramed.info\/fr\/wp-json\/wp\/v2\/users\/2"}],"replies":[{"embeddable":true,"href":"https:\/\/www.libramed.info\/fr\/wp-json\/wp\/v2\/comments?post=4132"}],"version-history":[{"count":5,"href":"https:\/\/www.libramed.info\/fr\/wp-json\/wp\/v2\/pages\/4132\/revisions"}],"predecessor-version":[{"id":4267,"href":"https:\/\/www.libramed.info\/fr\/wp-json\/wp\/v2\/pages\/4132\/revisions\/4267"}],"up":[{"embeddable":true,"href":"https:\/\/www.libramed.info\/fr\/wp-json\/wp\/v2\/pages\/4121"}],"wp:attachment":[{"href":"https:\/\/www.libramed.info\/fr\/wp-json\/wp\/v2\/media?parent=4132"}],"curies":[{"name":"wp","href":"https:\/\/api.w.org\/{rel}","templated":true}]}}