{"id":4113,"date":"2021-11-30T18:05:08","date_gmt":"2021-11-30T17:05:08","guid":{"rendered":"https:\/\/libramedinfofr.multisite.aboca.com\/?page_id=4113"},"modified":"2023-05-11T17:45:36","modified_gmt":"2023-05-11T15:45:36","slug":"le-pic-glycemique","status":"publish","type":"page","link":"https:\/\/www.libramed.info\/fr\/le-pic-glycemique\/","title":{"rendered":"Le pic glyc\u00e9mique"},"content":{"rendered":"\n<figure class=\"wp-block-image size-full\"><img loading=\"lazy\" decoding=\"async\" width=\"671\" height=\"408\" src=\"https:\/\/www.libramed.info\/fr\/wp-content\/uploads\/sites\/167\/2021\/12\/picco-FR.jpg\" alt=\"\" class=\"wp-image-4207\" srcset=\"https:\/\/www.libramed.info\/fr\/wp-content\/uploads\/sites\/167\/2021\/12\/picco-FR.jpg 671w, https:\/\/www.libramed.info\/fr\/wp-content\/uploads\/sites\/167\/2021\/12\/picco-FR-300x182.jpg 300w\" sizes=\"auto, (max-width: 671px) 100vw, 671px\" \/><\/figure>\n\n\n\n<div class=\"wp-block-buttons is-horizontal is-content-justification-right is-layout-flex wp-container-core-buttons-is-layout-ae2fe186 wp-block-buttons-is-layout-flex\">\n<div class=\"wp-block-button has-custom-font-size has-small-font-size\"><a class=\"wp-block-button__link has-background wp-element-button\" href=\"http:\/\/www.libramed.info\/fr\/le-pic-glycemique\/pic-glycemique-et-accumulation-de-graisse\/\" style=\"border-radius:1px;background-color:#005340\">Pic glyc\u00e9mique et accumulation de graisse<\/a><\/div>\n<\/div>\n\n\n\n<p>La diffusion croissante du surpoids et de l\u2019ob\u00e9sit\u00e9 exige une intervention importante au niveau collectif et individuel. Pour une approche s\u00e9rieuse vers la r\u00e9solution du probl\u00e8me, il faut agir en modifiant le style de vie, en adoptant un r\u00e9gime sain et en exer\u00e7ant une activit\u00e9 physique r\u00e9guli\u00e8rement. Il est en effet important de r\u00e9\u00e9quilibrer le bilan d\u2019\u00e9nergie, en mod\u00e9rant d\u2019une part la quantit\u00e9 de calories introduites avec le r\u00e9gime et en augmentant d\u2019autre part la d\u00e9pense calorique, donc le mouvement.<\/p>\n\n\n\n<p>Il est toutefois fondamental de contr\u00f4ler aussi les processus qui g\u00e9n\u00e8rent la formation des accumulations de graisse, pour lesquels est d\u00e9terminante non seulement la&nbsp;\u00ab quantit\u00e9 \u00bb mais aussi la \u00ab qualit\u00e9 \u00bb des calories introduites.<\/p>\n\n\n\n<p>D\u2019une importance primordiale est le r\u00f4le des&nbsp;<strong>fluctuations que subissent les niveaux de glucose dans le sang au cours la journ\u00e9e<\/strong>, suite \u00e0 la prise d\u2019hydrates de carbone. Ces derniers, appel\u00e9s aussi glucides, sont dig\u00e9r\u00e9s puis transform\u00e9s en glucose dans l\u2019appareil gastro-intestinal. Apr\u00e8s un repas, en particulier s\u2019il est trop riche en glucides, la concentration de glucose dans le sang (<strong>glyc\u00e9mie<\/strong>) augmente.<\/p>\n\n\n\n<p>La hausse de glyc\u00e9mie stimule une importante glande de l\u2019appareil digestif, appel\u00e9e pancr\u00e9as, \u00e0 s\u00e9cr\u00e9ter l\u2019hormone \u00ab insuline \u00bb&nbsp;qui \u00e0 travers le sang, atteint tous les tissus de l\u2019organisme.<\/p>\n\n\n\n<p>L\u2019insuline :<\/p>\n\n\n\n<ul class=\"wp-block-list\">\n<li>favorise l\u2019utilisation du glucose de la part de toutes les cellules de l\u2019organisme ;<\/li>\n\n\n\n<li>stimule la conservation du glucose en exc\u00e8s sous forme de graisses, et en particulier de triglyc\u00e9rides, \u00e0 l\u2019int\u00e9rieur du tissu adipeux (lipogen\u00e8se) ;<\/li>\n\n\n\n<li>emp\u00eache la mobilisation des graisses des d\u00e9p\u00f4ts adipeux (lipolyse), lorsque la disponibilit\u00e9 abondante de glucose rend inutile l\u2019utilisation des r\u00e9serves \u00e9nerg\u00e9tiques.<\/li>\n<\/ul>\n\n\n\n<div style=\"height:20px\" aria-hidden=\"true\" class=\"wp-block-spacer\"><\/div>\n\n\n\n<div class=\"wp-block-group bloccoverde\"><div class=\"wp-block-group__inner-container is-layout-flow wp-block-group-is-layout-flow\">\n<p><strong>L\u2019insuline g\u00e8re donc des situations d\u2019abondance des ressources \u00e9nerg\u00e9tiques, en favorisant le stockage de celles en exc\u00e8s dans les d\u00e9p\u00f4ts de graisse et en bloquant l\u2019utilisation des r\u00e9serves.<\/strong><\/p>\n\n\n\n<p><strong>C\u2019est pourquoi l\u2019insuline est appel\u00e9e \u00ab l\u2019hormone de l\u2019abondance \u00bb.<\/strong><\/p>\n<\/div><\/div>\n\n\n\n<div style=\"height:20px\" aria-hidden=\"true\" class=\"wp-block-spacer\"><\/div>\n\n\n\n<p>L\u2019insuline permet donc de ramener les niveaux h\u00e9matiques de glucose \u00e0 une concentration normale, soit en stimulant les cellules \u00e0 l\u2019utiliser pour produire de l\u2019\u00e9nergie, soit en le faisant d\u00e9poser sous forme de graisse en cas d\u2019exc\u00e8s.<\/p>\n","protected":false},"excerpt":{"rendered":"<p>La diffusion croissante du surpoids et de l\u2019ob\u00e9sit\u00e9 exige une intervention importante au niveau collectif et individuel. Pour une approche s\u00e9rieuse vers la r\u00e9solution du probl\u00e8me, il faut agir en modifiant le style de vie, en adoptant un r\u00e9gime sain et en exer\u00e7ant une activit\u00e9 physique r\u00e9guli\u00e8rement. Il est en effet important de r\u00e9\u00e9quilibrer le&#8230;  <a href=\"https:\/\/www.libramed.info\/fr\/le-pic-glycemique\/\" class=\"more-link\" title=\"Read Le pic glyc\u00e9mique\">Leggi tutto &raquo;<\/a><\/p>\n","protected":false},"author":2,"featured_media":0,"parent":0,"menu_order":0,"comment_status":"closed","ping_status":"closed","template":"","meta":{"footnotes":""},"class_list":["post-4113","page","type-page","status-publish","hentry"],"yoast_head":"<!-- This site is optimized with the Yoast SEO plugin v27.4 - https:\/\/yoast.com\/product\/yoast-seo-wordpress\/ -->\n<title>Le pic glyc\u00e9mique | ABOCA Libramed<\/title>\n<meta name=\"description\" content=\"La diffusion croissante du surpoids et de l\u2019ob\u00e9sit\u00e9 exige une intervention importante au niveau collectif et individuel.\" \/>\n<meta name=\"robots\" content=\"index, follow, max-snippet:-1, max-image-preview:large, max-video-preview:-1\" \/>\n<link rel=\"canonical\" href=\"https:\/\/www.libramed.info\/fr\/le-pic-glycemique\/\" \/>\n<meta property=\"og:locale\" content=\"fr_FR\" \/>\n<meta property=\"og:type\" content=\"article\" \/>\n<meta property=\"og:title\" content=\"Le pic glyc\u00e9mique | ABOCA Libramed\" \/>\n<meta property=\"og:description\" content=\"La diffusion croissante du surpoids et de l\u2019ob\u00e9sit\u00e9 exige une intervention importante au niveau collectif et individuel.\" \/>\n<meta property=\"og:url\" content=\"https:\/\/www.libramed.info\/fr\/le-pic-glycemique\/\" \/>\n<meta property=\"og:site_name\" content=\"LibraMed\" \/>\n<meta property=\"article:modified_time\" content=\"2023-05-11T15:45:36+00:00\" \/>\n<meta property=\"og:image\" content=\"https:\/\/www.libramed.info\/fr\/wp-content\/uploads\/sites\/167\/2021\/12\/picco-FR.jpg\" \/>\n<meta name=\"twitter:card\" content=\"summary_large_image\" \/>\n<meta name=\"twitter:label1\" content=\"Dur\u00e9e de lecture estim\u00e9e\" \/>\n\t<meta name=\"twitter:data1\" content=\"2 minutes\" \/>\n<script type=\"application\/ld+json\" class=\"yoast-schema-graph\">{\"@context\":\"https:\\\/\\\/schema.org\",\"@graph\":[{\"@type\":\"WebPage\",\"@id\":\"https:\\\/\\\/www.libramed.info\\\/fr\\\/le-pic-glycemique\\\/\",\"url\":\"https:\\\/\\\/www.libramed.info\\\/fr\\\/le-pic-glycemique\\\/\",\"name\":\"Le pic glyc\u00e9mique | ABOCA Libramed\",\"isPartOf\":{\"@id\":\"https:\\\/\\\/www.libramed.info\\\/fr\\\/#website\"},\"primaryImageOfPage\":{\"@id\":\"https:\\\/\\\/www.libramed.info\\\/fr\\\/le-pic-glycemique\\\/#primaryimage\"},\"image\":{\"@id\":\"https:\\\/\\\/www.libramed.info\\\/fr\\\/le-pic-glycemique\\\/#primaryimage\"},\"thumbnailUrl\":\"https:\\\/\\\/www.libramed.info\\\/fr\\\/wp-content\\\/uploads\\\/sites\\\/167\\\/2021\\\/12\\\/picco-FR.jpg\",\"datePublished\":\"2021-11-30T17:05:08+00:00\",\"dateModified\":\"2023-05-11T15:45:36+00:00\",\"description\":\"La diffusion croissante du surpoids et de l\u2019ob\u00e9sit\u00e9 exige une intervention importante au niveau collectif et individuel.\",\"breadcrumb\":{\"@id\":\"https:\\\/\\\/www.libramed.info\\\/fr\\\/le-pic-glycemique\\\/#breadcrumb\"},\"inLanguage\":\"fr-FR\",\"potentialAction\":[{\"@type\":\"ReadAction\",\"target\":[\"https:\\\/\\\/www.libramed.info\\\/fr\\\/le-pic-glycemique\\\/\"]}]},{\"@type\":\"ImageObject\",\"inLanguage\":\"fr-FR\",\"@id\":\"https:\\\/\\\/www.libramed.info\\\/fr\\\/le-pic-glycemique\\\/#primaryimage\",\"url\":\"https:\\\/\\\/www.libramed.info\\\/fr\\\/wp-content\\\/uploads\\\/sites\\\/167\\\/2021\\\/12\\\/picco-FR.jpg\",\"contentUrl\":\"https:\\\/\\\/www.libramed.info\\\/fr\\\/wp-content\\\/uploads\\\/sites\\\/167\\\/2021\\\/12\\\/picco-FR.jpg\",\"width\":671,\"height\":408},{\"@type\":\"BreadcrumbList\",\"@id\":\"https:\\\/\\\/www.libramed.info\\\/fr\\\/le-pic-glycemique\\\/#breadcrumb\",\"itemListElement\":[{\"@type\":\"ListItem\",\"position\":1,\"name\":\"Home\",\"item\":\"https:\\\/\\\/www.libramed.info\\\/fr\\\/\"},{\"@type\":\"ListItem\",\"position\":2,\"name\":\"Le pic glyc\u00e9mique\"}]},{\"@type\":\"WebSite\",\"@id\":\"https:\\\/\\\/www.libramed.info\\\/fr\\\/#website\",\"url\":\"https:\\\/\\\/www.libramed.info\\\/fr\\\/\",\"name\":\"LibraMed\",\"description\":\"Pour le contr\u00f4le du pic glyc\u00e9mique\",\"potentialAction\":[{\"@type\":\"SearchAction\",\"target\":{\"@type\":\"EntryPoint\",\"urlTemplate\":\"https:\\\/\\\/www.libramed.info\\\/fr\\\/?s={search_term_string}\"},\"query-input\":{\"@type\":\"PropertyValueSpecification\",\"valueRequired\":true,\"valueName\":\"search_term_string\"}}],\"inLanguage\":\"fr-FR\"}]}<\/script>\n<!-- \/ Yoast SEO plugin. -->","yoast_head_json":{"title":"Le pic glyc\u00e9mique | ABOCA Libramed","description":"La diffusion croissante du surpoids et de l\u2019ob\u00e9sit\u00e9 exige une intervention importante au niveau collectif et individuel.","robots":{"index":"index","follow":"follow","max-snippet":"max-snippet:-1","max-image-preview":"max-image-preview:large","max-video-preview":"max-video-preview:-1"},"canonical":"https:\/\/www.libramed.info\/fr\/le-pic-glycemique\/","og_locale":"fr_FR","og_type":"article","og_title":"Le pic glyc\u00e9mique | ABOCA Libramed","og_description":"La diffusion croissante du surpoids et de l\u2019ob\u00e9sit\u00e9 exige une intervention importante au niveau collectif et individuel.","og_url":"https:\/\/www.libramed.info\/fr\/le-pic-glycemique\/","og_site_name":"LibraMed","article_modified_time":"2023-05-11T15:45:36+00:00","og_image":[{"url":"https:\/\/www.libramed.info\/fr\/wp-content\/uploads\/sites\/167\/2021\/12\/picco-FR.jpg","type":"","width":"","height":""}],"twitter_card":"summary_large_image","twitter_misc":{"Dur\u00e9e de lecture estim\u00e9e":"2 minutes"},"schema":{"@context":"https:\/\/schema.org","@graph":[{"@type":"WebPage","@id":"https:\/\/www.libramed.info\/fr\/le-pic-glycemique\/","url":"https:\/\/www.libramed.info\/fr\/le-pic-glycemique\/","name":"Le pic glyc\u00e9mique | ABOCA Libramed","isPartOf":{"@id":"https:\/\/www.libramed.info\/fr\/#website"},"primaryImageOfPage":{"@id":"https:\/\/www.libramed.info\/fr\/le-pic-glycemique\/#primaryimage"},"image":{"@id":"https:\/\/www.libramed.info\/fr\/le-pic-glycemique\/#primaryimage"},"thumbnailUrl":"https:\/\/www.libramed.info\/fr\/wp-content\/uploads\/sites\/167\/2021\/12\/picco-FR.jpg","datePublished":"2021-11-30T17:05:08+00:00","dateModified":"2023-05-11T15:45:36+00:00","description":"La diffusion croissante du surpoids et de l\u2019ob\u00e9sit\u00e9 exige une intervention importante au niveau collectif et individuel.","breadcrumb":{"@id":"https:\/\/www.libramed.info\/fr\/le-pic-glycemique\/#breadcrumb"},"inLanguage":"fr-FR","potentialAction":[{"@type":"ReadAction","target":["https:\/\/www.libramed.info\/fr\/le-pic-glycemique\/"]}]},{"@type":"ImageObject","inLanguage":"fr-FR","@id":"https:\/\/www.libramed.info\/fr\/le-pic-glycemique\/#primaryimage","url":"https:\/\/www.libramed.info\/fr\/wp-content\/uploads\/sites\/167\/2021\/12\/picco-FR.jpg","contentUrl":"https:\/\/www.libramed.info\/fr\/wp-content\/uploads\/sites\/167\/2021\/12\/picco-FR.jpg","width":671,"height":408},{"@type":"BreadcrumbList","@id":"https:\/\/www.libramed.info\/fr\/le-pic-glycemique\/#breadcrumb","itemListElement":[{"@type":"ListItem","position":1,"name":"Home","item":"https:\/\/www.libramed.info\/fr\/"},{"@type":"ListItem","position":2,"name":"Le pic glyc\u00e9mique"}]},{"@type":"WebSite","@id":"https:\/\/www.libramed.info\/fr\/#website","url":"https:\/\/www.libramed.info\/fr\/","name":"LibraMed","description":"Pour le contr\u00f4le du pic glyc\u00e9mique","potentialAction":[{"@type":"SearchAction","target":{"@type":"EntryPoint","urlTemplate":"https:\/\/www.libramed.info\/fr\/?s={search_term_string}"},"query-input":{"@type":"PropertyValueSpecification","valueRequired":true,"valueName":"search_term_string"}}],"inLanguage":"fr-FR"}]}},"_links":{"self":[{"href":"https:\/\/www.libramed.info\/fr\/wp-json\/wp\/v2\/pages\/4113","targetHints":{"allow":["GET"]}}],"collection":[{"href":"https:\/\/www.libramed.info\/fr\/wp-json\/wp\/v2\/pages"}],"about":[{"href":"https:\/\/www.libramed.info\/fr\/wp-json\/wp\/v2\/types\/page"}],"author":[{"embeddable":true,"href":"https:\/\/www.libramed.info\/fr\/wp-json\/wp\/v2\/users\/2"}],"replies":[{"embeddable":true,"href":"https:\/\/www.libramed.info\/fr\/wp-json\/wp\/v2\/comments?post=4113"}],"version-history":[{"count":5,"href":"https:\/\/www.libramed.info\/fr\/wp-json\/wp\/v2\/pages\/4113\/revisions"}],"predecessor-version":[{"id":4269,"href":"https:\/\/www.libramed.info\/fr\/wp-json\/wp\/v2\/pages\/4113\/revisions\/4269"}],"wp:attachment":[{"href":"https:\/\/www.libramed.info\/fr\/wp-json\/wp\/v2\/media?parent=4113"}],"curies":[{"name":"wp","href":"https:\/\/api.w.org\/{rel}","templated":true}]}}