{"id":4102,"date":"2021-11-30T17:54:57","date_gmt":"2021-11-30T16:54:57","guid":{"rendered":"https:\/\/libramedinfofr.multisite.aboca.com\/?page_id=4102"},"modified":"2023-05-11T17:38:47","modified_gmt":"2023-05-11T15:38:47","slug":"filiere-sanitaire-integree","status":"publish","type":"page","link":"https:\/\/www.libramed.info\/fr\/la-bonne-approche\/filiere-sanitaire-integree\/","title":{"rendered":"Fili\u00e8re sanitaire int\u00e9gr\u00e9e"},"content":{"rendered":"\n<p>Aboca estime que le d\u00e9fi pour le contr\u00f4le du poids peut \u00eatre efficacement affront\u00e9 \u00e0 travers une F<strong>ili\u00e8re Sanitaire Int\u00e9gr\u00e9e qui met la personne au centre, en lui fournissant les comp\u00e9tences et supports n\u00e9cessaires pour l\u2019accompagner dans un parcours sain et \u00e9quilibr\u00e9 de contr\u00f4le du poids<\/strong>.<\/p>\n\n\n\n<p>Dans ce parcours, il peut \u00eatre utile d\u2019utiliser de nouveaux complexes mol\u00e9culaires v\u00e9g\u00e9taux qui interviennent sur les m\u00e9canismes physiologiques \u00e0 la base du probl\u00e8me.<\/p>\n\n\n\n<p><strong>Demandez conseil !<\/strong><\/p>\n\n\n\n<figure class=\"wp-block-image size-full\"><img loading=\"lazy\" decoding=\"async\" width=\"800\" height=\"490\" src=\"https:\/\/www.libramed.info\/fr\/wp-content\/uploads\/sites\/167\/2021\/12\/filiera-sanitaria-integrata_FR11.png\" alt=\"\" class=\"wp-image-4203\" srcset=\"https:\/\/www.libramed.info\/fr\/wp-content\/uploads\/sites\/167\/2021\/12\/filiera-sanitaria-integrata_FR11.png 800w, https:\/\/www.libramed.info\/fr\/wp-content\/uploads\/sites\/167\/2021\/12\/filiera-sanitaria-integrata_FR11-300x184.png 300w, https:\/\/www.libramed.info\/fr\/wp-content\/uploads\/sites\/167\/2021\/12\/filiera-sanitaria-integrata_FR11-768x470.png 768w\" sizes=\"auto, (max-width: 800px) 100vw, 800px\" \/><\/figure>\n","protected":false},"excerpt":{"rendered":"<p>Aboca estime que le d\u00e9fi pour le contr\u00f4le du poids peut \u00eatre efficacement affront\u00e9 \u00e0 travers une Fili\u00e8re Sanitaire Int\u00e9gr\u00e9e qui met la personne au centre, en lui fournissant les comp\u00e9tences et supports n\u00e9cessaires pour l\u2019accompagner dans un parcours sain et \u00e9quilibr\u00e9 de contr\u00f4le du poids. Dans ce parcours, il peut \u00eatre utile d\u2019utiliser de&#8230;  <a href=\"https:\/\/www.libramed.info\/fr\/la-bonne-approche\/filiere-sanitaire-integree\/\" class=\"more-link\" title=\"Read Fili\u00e8re sanitaire int\u00e9gr\u00e9e\">Leggi tutto &raquo;<\/a><\/p>\n","protected":false},"author":2,"featured_media":0,"parent":4099,"menu_order":0,"comment_status":"closed","ping_status":"closed","template":"","meta":{"footnotes":""},"class_list":["post-4102","page","type-page","status-publish","hentry"],"yoast_head":"<!-- This site is optimized with the Yoast SEO plugin v27.4 - https:\/\/yoast.com\/product\/yoast-seo-wordpress\/ -->\n<title>Fili\u00e8re sanitaire int\u00e9gr\u00e9e | ABOCA LibraMed<\/title>\n<meta name=\"description\" content=\"Aboca estime que le d\u00e9fi pour le contr\u00f4le du poids peut \u00eatre efficacement affront\u00e9 \u00e0 travers une fili\u00e8re Sanitaire Int\u00e9gr\u00e9e qui met la personne au centre, en lui fournissant les comp\u00e9tences et supports n\u00e9cessaires pour l\u2019accompagner dans un parcours sain et \u00e9quilibr\u00e9 de contr\u00f4le du poids.\" \/>\n<meta name=\"robots\" content=\"index, follow, max-snippet:-1, max-image-preview:large, max-video-preview:-1\" \/>\n<link rel=\"canonical\" href=\"https:\/\/www.libramed.info\/fr\/la-bonne-approche\/filiere-sanitaire-integree\/\" \/>\n<meta property=\"og:locale\" content=\"fr_FR\" \/>\n<meta property=\"og:type\" content=\"article\" \/>\n<meta property=\"og:title\" content=\"Fili\u00e8re sanitaire int\u00e9gr\u00e9e | ABOCA LibraMed\" \/>\n<meta property=\"og:description\" content=\"Aboca estime que le d\u00e9fi pour le contr\u00f4le du poids peut \u00eatre efficacement affront\u00e9 \u00e0 travers une fili\u00e8re Sanitaire Int\u00e9gr\u00e9e qui met la personne au centre, en lui fournissant les comp\u00e9tences et supports n\u00e9cessaires pour l\u2019accompagner dans un parcours sain et \u00e9quilibr\u00e9 de contr\u00f4le du poids.\" \/>\n<meta property=\"og:url\" content=\"https:\/\/www.libramed.info\/fr\/la-bonne-approche\/filiere-sanitaire-integree\/\" \/>\n<meta property=\"og:site_name\" content=\"LibraMed\" \/>\n<meta property=\"article:modified_time\" content=\"2023-05-11T15:38:47+00:00\" \/>\n<meta property=\"og:image\" content=\"https:\/\/www.libramed.info\/fr\/wp-content\/uploads\/sites\/167\/2021\/12\/filiera-sanitaria-integrata_FR11.png\" \/>\n<meta name=\"twitter:card\" content=\"summary_large_image\" \/>\n<meta name=\"twitter:label1\" content=\"Dur\u00e9e de lecture estim\u00e9e\" \/>\n\t<meta name=\"twitter:data1\" content=\"1 minute\" \/>\n<script type=\"application\/ld+json\" class=\"yoast-schema-graph\">{\"@context\":\"https:\\\/\\\/schema.org\",\"@graph\":[{\"@type\":\"WebPage\",\"@id\":\"https:\\\/\\\/www.libramed.info\\\/fr\\\/la-bonne-approche\\\/filiere-sanitaire-integree\\\/\",\"url\":\"https:\\\/\\\/www.libramed.info\\\/fr\\\/la-bonne-approche\\\/filiere-sanitaire-integree\\\/\",\"name\":\"Fili\u00e8re sanitaire int\u00e9gr\u00e9e | ABOCA LibraMed\",\"isPartOf\":{\"@id\":\"https:\\\/\\\/www.libramed.info\\\/fr\\\/#website\"},\"primaryImageOfPage\":{\"@id\":\"https:\\\/\\\/www.libramed.info\\\/fr\\\/la-bonne-approche\\\/filiere-sanitaire-integree\\\/#primaryimage\"},\"image\":{\"@id\":\"https:\\\/\\\/www.libramed.info\\\/fr\\\/la-bonne-approche\\\/filiere-sanitaire-integree\\\/#primaryimage\"},\"thumbnailUrl\":\"https:\\\/\\\/www.libramed.info\\\/fr\\\/wp-content\\\/uploads\\\/sites\\\/167\\\/2021\\\/12\\\/filiera-sanitaria-integrata_FR11.png\",\"datePublished\":\"2021-11-30T16:54:57+00:00\",\"dateModified\":\"2023-05-11T15:38:47+00:00\",\"description\":\"Aboca estime que le d\u00e9fi pour le contr\u00f4le du poids peut \u00eatre efficacement affront\u00e9 \u00e0 travers une fili\u00e8re Sanitaire Int\u00e9gr\u00e9e qui met la personne au centre, en lui fournissant les comp\u00e9tences et supports n\u00e9cessaires pour l\u2019accompagner dans un parcours sain et \u00e9quilibr\u00e9 de contr\u00f4le du poids.\",\"breadcrumb\":{\"@id\":\"https:\\\/\\\/www.libramed.info\\\/fr\\\/la-bonne-approche\\\/filiere-sanitaire-integree\\\/#breadcrumb\"},\"inLanguage\":\"fr-FR\",\"potentialAction\":[{\"@type\":\"ReadAction\",\"target\":[\"https:\\\/\\\/www.libramed.info\\\/fr\\\/la-bonne-approche\\\/filiere-sanitaire-integree\\\/\"]}]},{\"@type\":\"ImageObject\",\"inLanguage\":\"fr-FR\",\"@id\":\"https:\\\/\\\/www.libramed.info\\\/fr\\\/la-bonne-approche\\\/filiere-sanitaire-integree\\\/#primaryimage\",\"url\":\"https:\\\/\\\/www.libramed.info\\\/fr\\\/wp-content\\\/uploads\\\/sites\\\/167\\\/2021\\\/12\\\/filiera-sanitaria-integrata_FR11.png\",\"contentUrl\":\"https:\\\/\\\/www.libramed.info\\\/fr\\\/wp-content\\\/uploads\\\/sites\\\/167\\\/2021\\\/12\\\/filiera-sanitaria-integrata_FR11.png\",\"width\":800,\"height\":490},{\"@type\":\"BreadcrumbList\",\"@id\":\"https:\\\/\\\/www.libramed.info\\\/fr\\\/la-bonne-approche\\\/filiere-sanitaire-integree\\\/#breadcrumb\",\"itemListElement\":[{\"@type\":\"ListItem\",\"position\":1,\"name\":\"Home\",\"item\":\"https:\\\/\\\/www.libramed.info\\\/fr\\\/\"},{\"@type\":\"ListItem\",\"position\":2,\"name\":\"La bonne approche\",\"item\":\"https:\\\/\\\/www.libramed.info\\\/fr\\\/la-bonne-approche\\\/\"},{\"@type\":\"ListItem\",\"position\":3,\"name\":\"Fili\u00e8re sanitaire int\u00e9gr\u00e9e\"}]},{\"@type\":\"WebSite\",\"@id\":\"https:\\\/\\\/www.libramed.info\\\/fr\\\/#website\",\"url\":\"https:\\\/\\\/www.libramed.info\\\/fr\\\/\",\"name\":\"LibraMed\",\"description\":\"Pour le contr\u00f4le du pic glyc\u00e9mique\",\"potentialAction\":[{\"@type\":\"SearchAction\",\"target\":{\"@type\":\"EntryPoint\",\"urlTemplate\":\"https:\\\/\\\/www.libramed.info\\\/fr\\\/?s={search_term_string}\"},\"query-input\":{\"@type\":\"PropertyValueSpecification\",\"valueRequired\":true,\"valueName\":\"search_term_string\"}}],\"inLanguage\":\"fr-FR\"}]}<\/script>\n<!-- \/ Yoast SEO plugin. -->","yoast_head_json":{"title":"Fili\u00e8re sanitaire int\u00e9gr\u00e9e | ABOCA LibraMed","description":"Aboca estime que le d\u00e9fi pour le contr\u00f4le du poids peut \u00eatre efficacement affront\u00e9 \u00e0 travers une fili\u00e8re Sanitaire Int\u00e9gr\u00e9e qui met la personne au centre, en lui fournissant les comp\u00e9tences et supports n\u00e9cessaires pour l\u2019accompagner dans un parcours sain et \u00e9quilibr\u00e9 de contr\u00f4le du poids.","robots":{"index":"index","follow":"follow","max-snippet":"max-snippet:-1","max-image-preview":"max-image-preview:large","max-video-preview":"max-video-preview:-1"},"canonical":"https:\/\/www.libramed.info\/fr\/la-bonne-approche\/filiere-sanitaire-integree\/","og_locale":"fr_FR","og_type":"article","og_title":"Fili\u00e8re sanitaire int\u00e9gr\u00e9e | ABOCA LibraMed","og_description":"Aboca estime que le d\u00e9fi pour le contr\u00f4le du poids peut \u00eatre efficacement affront\u00e9 \u00e0 travers une fili\u00e8re Sanitaire Int\u00e9gr\u00e9e qui met la personne au centre, en lui fournissant les comp\u00e9tences et supports n\u00e9cessaires pour l\u2019accompagner dans un parcours sain et \u00e9quilibr\u00e9 de contr\u00f4le du poids.","og_url":"https:\/\/www.libramed.info\/fr\/la-bonne-approche\/filiere-sanitaire-integree\/","og_site_name":"LibraMed","article_modified_time":"2023-05-11T15:38:47+00:00","og_image":[{"url":"https:\/\/www.libramed.info\/fr\/wp-content\/uploads\/sites\/167\/2021\/12\/filiera-sanitaria-integrata_FR11.png","type":"","width":"","height":""}],"twitter_card":"summary_large_image","twitter_misc":{"Dur\u00e9e de lecture estim\u00e9e":"1 minute"},"schema":{"@context":"https:\/\/schema.org","@graph":[{"@type":"WebPage","@id":"https:\/\/www.libramed.info\/fr\/la-bonne-approche\/filiere-sanitaire-integree\/","url":"https:\/\/www.libramed.info\/fr\/la-bonne-approche\/filiere-sanitaire-integree\/","name":"Fili\u00e8re sanitaire int\u00e9gr\u00e9e | ABOCA LibraMed","isPartOf":{"@id":"https:\/\/www.libramed.info\/fr\/#website"},"primaryImageOfPage":{"@id":"https:\/\/www.libramed.info\/fr\/la-bonne-approche\/filiere-sanitaire-integree\/#primaryimage"},"image":{"@id":"https:\/\/www.libramed.info\/fr\/la-bonne-approche\/filiere-sanitaire-integree\/#primaryimage"},"thumbnailUrl":"https:\/\/www.libramed.info\/fr\/wp-content\/uploads\/sites\/167\/2021\/12\/filiera-sanitaria-integrata_FR11.png","datePublished":"2021-11-30T16:54:57+00:00","dateModified":"2023-05-11T15:38:47+00:00","description":"Aboca estime que le d\u00e9fi pour le contr\u00f4le du poids peut \u00eatre efficacement affront\u00e9 \u00e0 travers une fili\u00e8re Sanitaire Int\u00e9gr\u00e9e qui met la personne au centre, en lui fournissant les comp\u00e9tences et supports n\u00e9cessaires pour l\u2019accompagner dans un parcours sain et \u00e9quilibr\u00e9 de contr\u00f4le du poids.","breadcrumb":{"@id":"https:\/\/www.libramed.info\/fr\/la-bonne-approche\/filiere-sanitaire-integree\/#breadcrumb"},"inLanguage":"fr-FR","potentialAction":[{"@type":"ReadAction","target":["https:\/\/www.libramed.info\/fr\/la-bonne-approche\/filiere-sanitaire-integree\/"]}]},{"@type":"ImageObject","inLanguage":"fr-FR","@id":"https:\/\/www.libramed.info\/fr\/la-bonne-approche\/filiere-sanitaire-integree\/#primaryimage","url":"https:\/\/www.libramed.info\/fr\/wp-content\/uploads\/sites\/167\/2021\/12\/filiera-sanitaria-integrata_FR11.png","contentUrl":"https:\/\/www.libramed.info\/fr\/wp-content\/uploads\/sites\/167\/2021\/12\/filiera-sanitaria-integrata_FR11.png","width":800,"height":490},{"@type":"BreadcrumbList","@id":"https:\/\/www.libramed.info\/fr\/la-bonne-approche\/filiere-sanitaire-integree\/#breadcrumb","itemListElement":[{"@type":"ListItem","position":1,"name":"Home","item":"https:\/\/www.libramed.info\/fr\/"},{"@type":"ListItem","position":2,"name":"La bonne approche","item":"https:\/\/www.libramed.info\/fr\/la-bonne-approche\/"},{"@type":"ListItem","position":3,"name":"Fili\u00e8re sanitaire int\u00e9gr\u00e9e"}]},{"@type":"WebSite","@id":"https:\/\/www.libramed.info\/fr\/#website","url":"https:\/\/www.libramed.info\/fr\/","name":"LibraMed","description":"Pour le contr\u00f4le du pic glyc\u00e9mique","potentialAction":[{"@type":"SearchAction","target":{"@type":"EntryPoint","urlTemplate":"https:\/\/www.libramed.info\/fr\/?s={search_term_string}"},"query-input":{"@type":"PropertyValueSpecification","valueRequired":true,"valueName":"search_term_string"}}],"inLanguage":"fr-FR"}]}},"_links":{"self":[{"href":"https:\/\/www.libramed.info\/fr\/wp-json\/wp\/v2\/pages\/4102","targetHints":{"allow":["GET"]}}],"collection":[{"href":"https:\/\/www.libramed.info\/fr\/wp-json\/wp\/v2\/pages"}],"about":[{"href":"https:\/\/www.libramed.info\/fr\/wp-json\/wp\/v2\/types\/page"}],"author":[{"embeddable":true,"href":"https:\/\/www.libramed.info\/fr\/wp-json\/wp\/v2\/users\/2"}],"replies":[{"embeddable":true,"href":"https:\/\/www.libramed.info\/fr\/wp-json\/wp\/v2\/comments?post=4102"}],"version-history":[{"count":4,"href":"https:\/\/www.libramed.info\/fr\/wp-json\/wp\/v2\/pages\/4102\/revisions"}],"predecessor-version":[{"id":4266,"href":"https:\/\/www.libramed.info\/fr\/wp-json\/wp\/v2\/pages\/4102\/revisions\/4266"}],"up":[{"embeddable":true,"href":"https:\/\/www.libramed.info\/fr\/wp-json\/wp\/v2\/pages\/4099"}],"wp:attachment":[{"href":"https:\/\/www.libramed.info\/fr\/wp-json\/wp\/v2\/media?parent=4102"}],"curies":[{"name":"wp","href":"https:\/\/api.w.org\/{rel}","templated":true}]}}