{"id":4086,"date":"2021-11-30T17:45:15","date_gmt":"2021-11-30T16:45:15","guid":{"rendered":"https:\/\/libramedinfofr.multisite.aboca.com\/?page_id=4086"},"modified":"2021-12-01T15:57:19","modified_gmt":"2021-12-01T14:57:19","slug":"prenez-conscience","status":"publish","type":"page","link":"https:\/\/www.libramed.info\/fr\/pourquoi-grossit-on\/prenez-conscience\/","title":{"rendered":"Surpoids et ob\u00e9sit\u00e9 : bien plus qu\u2019une question de kilos en trop"},"content":{"rendered":"\n<p>L\u2019ob\u00e9sit\u00e9 est une maladie chronique d\u00e9termin\u00e9e par un exc\u00e8s de graisse diff\u00e9remment r\u00e9partie dans les diverses parties du corps.<\/p>\n\n\n\n<div style=\"height:20px\" aria-hidden=\"true\" class=\"wp-block-spacer\"><\/div>\n\n\n\n<p>Pour d\u00e9finir s\u2019il subsiste un&nbsp;\u00ab exc\u00e8s \u00bb de graisse, l\u2019indice de masse corporelle (IMC ou BMI = Body Mass Index, selon la d\u00e9finition am\u00e9ricaine) est g\u00e9n\u00e9ralement utilis\u00e9 et se calcule selon la formule suivante :<\/p>\n\n\n\n<div style=\"height:20px\" aria-hidden=\"true\" class=\"wp-block-spacer\"><\/div>\n\n\n\n<div style=\"height:20px\" aria-hidden=\"true\" class=\"wp-block-spacer\"><\/div>\n\n\n\n<p class=\"has-text-align-center\"><strong>BMI = poids (en kg)\/taille au carr\u00e9 (en m\u00e8tres) = kg\/m<sup>2<\/sup><\/strong><\/p>\n\n\n\n<div style=\"height:20px\" aria-hidden=\"true\" class=\"wp-block-spacer\"><\/div>\n\n\n\n<figure class=\"wp-block-table tabella\"><table><thead><tr><th class=\"has-text-align-center\" data-align=\"center\">BMI<br><strong>Body Mass Index<\/strong><\/th><th class=\"has-text-align-center\" data-align=\"center\"> INDIVIDU<\/th><\/tr><\/thead><tbody><tr><td class=\"has-text-align-center\" data-align=\"center\">18,5<\/td><td class=\"has-text-align-center\" data-align=\"center\">insuffisance pond\u00e9rale<\/td><\/tr><tr><td class=\"has-text-align-center\" data-align=\"center\">18,5 \u2013 24,9<\/td><td class=\"has-text-align-center\" data-align=\"center\">poids normal<\/td><\/tr><tr><td class=\"has-text-align-center\" data-align=\"center\">25 \u2013 29,9<\/td><td class=\"has-text-align-center\" data-align=\"center\">surpoids<\/td><\/tr><tr><td class=\"has-text-align-center\" data-align=\"center\">30 \u2013 34,9<\/td><td class=\"has-text-align-center\" data-align=\"center\">ob\u00e9sit\u00e9 de degr\u00e9 I<\/td><\/tr><tr><td class=\"has-text-align-center\" data-align=\"center\">35 \u2013 39,9<\/td><td class=\"has-text-align-center\" data-align=\"center\">ob\u00e9sit\u00e9 de degr\u00e9 II<\/td><\/tr><tr><td class=\"has-text-align-center\" data-align=\"center\">&gt; 40<\/td><td class=\"has-text-align-center\" data-align=\"center\">ob\u00e9sit\u00e9 de degr\u00e9 III<\/td><\/tr><\/tbody><\/table><\/figure>\n\n\n\n<div style=\"height:20px\" aria-hidden=\"true\" class=\"wp-block-spacer\"><\/div>\n\n\n\n<p>Le BMI, bien qu\u2019il r\u00e9sulte un indicateur utile et imm\u00e9diat du surpoids et de l\u2019ob\u00e9sit\u00e9, doit \u00eatre seulement consid\u00e9r\u00e9 comme l\u2019un des param\u00e8tres \u00e0 contr\u00f4ler.<\/p>\n\n\n\n<p>\u00c0 un m\u00eame BMI peuvent correspondre divers niveaux de graisse corporelle. Le BMI ne fournit aucune indication sur la localisation de la graisse, qui r\u00e9sulte en revanche d\u00e9terminante pour l\u2019\u00e9valuation des risques de maladie cardiovasculaire et de diab\u00e8te.<\/p>\n\n\n\n<p>C\u2019est pourquoi il est important de consid\u00e9rer, outre le BMI, \u00e9galement la CIRCONF\u00c9RENCE OMBILICALE (c\u2019est \u00e0 dire la circonf\u00e9rence de l\u2019abdomen mesur\u00e9e \u00e0 la hauteur du nombril), qui est un indicateur fiable de la quantit\u00e9 de graisse pr\u00e9sente \u00e0 l\u2019int\u00e9rieur de l\u2019abdomen (graisse visc\u00e9rale).<\/p>\n\n\n\n<p>Comme nous le verrons, la pr\u00e9sence d\u2019un exc\u00e8s de graisse abdominale repr\u00e9sente en effet par elle-m\u00eame, au-del\u00e0 du BMI, un facteur de risque pour les maladies cardiovasculaires et le diab\u00e8te de type 2.<\/p>\n\n\n\n<div style=\"height:20px\" aria-hidden=\"true\" class=\"wp-block-spacer\"><\/div>\n\n\n\n<figure class=\"wp-block-table tabella\"><table class=\"has-fixed-layout\"><thead><tr><th class=\"has-text-align-center\" data-align=\"center\"> FEMME<\/th><th class=\"has-text-align-center\" data-align=\"center\"> HOMME<\/th><th class=\"has-text-align-center\" data-align=\"center\">AVIS<\/th><\/tr><\/thead><tbody><tr><td class=\"has-text-align-center\" data-align=\"center\">&lt; 80<\/td><td class=\"has-text-align-center\" data-align=\"center\">&lt; 94<\/td><td class=\"has-text-align-center\" data-align=\"center\">normal<\/td><\/tr><tr><td class=\"has-text-align-center\" data-align=\"center\">80 \u2013 88<\/td><td class=\"has-text-align-center\" data-align=\"center\">94 \u2013 102<\/td><td class=\"has-text-align-center\" data-align=\"center\">\u00e9lev\u00e9<\/td><\/tr><tr><td class=\"has-text-align-center\" data-align=\"center\">&gt; 88<\/td><td class=\"has-text-align-center\" data-align=\"center\">&gt; 102<\/td><td class=\"has-text-align-center\" data-align=\"center\">tr\u00e8s \u00e9lev\u00e9<\/td><\/tr><\/tbody><\/table><\/figure>\n","protected":false},"excerpt":{"rendered":"<p>L\u2019ob\u00e9sit\u00e9 est une maladie chronique d\u00e9termin\u00e9e par un exc\u00e8s de graisse diff\u00e9remment r\u00e9partie dans les diverses parties du corps. Pour d\u00e9finir s\u2019il subsiste un&nbsp;\u00ab exc\u00e8s \u00bb de graisse, l\u2019indice de masse corporelle (IMC ou BMI = Body Mass Index, selon la d\u00e9finition am\u00e9ricaine) est g\u00e9n\u00e9ralement utilis\u00e9 et se calcule selon la formule suivante : BMI&#8230;  <a href=\"https:\/\/www.libramed.info\/fr\/pourquoi-grossit-on\/prenez-conscience\/\" class=\"more-link\" title=\"Read Surpoids et ob\u00e9sit\u00e9 : bien plus qu\u2019une question de kilos en trop\">Leggi tutto &raquo;<\/a><\/p>\n","protected":false},"author":2,"featured_media":0,"parent":4078,"menu_order":0,"comment_status":"closed","ping_status":"closed","template":"","meta":{"footnotes":""},"class_list":["post-4086","page","type-page","status-publish","hentry"],"yoast_head":"<!-- This site is optimized with the Yoast SEO plugin v27.4 - https:\/\/yoast.com\/product\/yoast-seo-wordpress\/ -->\n<title>Surpoids et ob\u00e9sit\u00e9 : bien plus qu&#039;une question de kilos en trop | ABOCA LibraMed<\/title>\n<meta name=\"description\" content=\"L\u2019ob\u00e9sit\u00e9 est une maladie chronique d\u00e9termin\u00e9e par un exc\u00e8s de graisse diff\u00e9remment r\u00e9partie dans les diverses parties du corps.\" \/>\n<meta name=\"robots\" content=\"index, follow, max-snippet:-1, max-image-preview:large, max-video-preview:-1\" \/>\n<link rel=\"canonical\" href=\"https:\/\/www.libramed.info\/fr\/pourquoi-grossit-on\/prenez-conscience\/\" \/>\n<meta property=\"og:locale\" content=\"fr_FR\" \/>\n<meta property=\"og:type\" content=\"article\" \/>\n<meta property=\"og:title\" content=\"Surpoids et ob\u00e9sit\u00e9 : bien plus qu&#039;une question de kilos en trop | ABOCA LibraMed\" \/>\n<meta property=\"og:description\" content=\"L\u2019ob\u00e9sit\u00e9 est une maladie chronique d\u00e9termin\u00e9e par un exc\u00e8s de graisse diff\u00e9remment r\u00e9partie dans les diverses parties du corps.\" \/>\n<meta property=\"og:url\" content=\"https:\/\/www.libramed.info\/fr\/pourquoi-grossit-on\/prenez-conscience\/\" \/>\n<meta property=\"og:site_name\" content=\"LibraMed\" \/>\n<meta property=\"article:modified_time\" content=\"2021-12-01T14:57:19+00:00\" \/>\n<meta name=\"twitter:card\" content=\"summary_large_image\" \/>\n<meta name=\"twitter:label1\" content=\"Dur\u00e9e de lecture estim\u00e9e\" \/>\n\t<meta name=\"twitter:data1\" content=\"2 minutes\" \/>\n<script type=\"application\/ld+json\" class=\"yoast-schema-graph\">{\"@context\":\"https:\\\/\\\/schema.org\",\"@graph\":[{\"@type\":\"WebPage\",\"@id\":\"https:\\\/\\\/www.libramed.info\\\/fr\\\/pourquoi-grossit-on\\\/prenez-conscience\\\/\",\"url\":\"https:\\\/\\\/www.libramed.info\\\/fr\\\/pourquoi-grossit-on\\\/prenez-conscience\\\/\",\"name\":\"Surpoids et ob\u00e9sit\u00e9 : bien plus qu'une question de kilos en trop | ABOCA LibraMed\",\"isPartOf\":{\"@id\":\"https:\\\/\\\/www.libramed.info\\\/fr\\\/#website\"},\"datePublished\":\"2021-11-30T16:45:15+00:00\",\"dateModified\":\"2021-12-01T14:57:19+00:00\",\"description\":\"L\u2019ob\u00e9sit\u00e9 est une maladie chronique d\u00e9termin\u00e9e par un exc\u00e8s de graisse diff\u00e9remment r\u00e9partie dans les diverses parties du corps.\",\"breadcrumb\":{\"@id\":\"https:\\\/\\\/www.libramed.info\\\/fr\\\/pourquoi-grossit-on\\\/prenez-conscience\\\/#breadcrumb\"},\"inLanguage\":\"fr-FR\",\"potentialAction\":[{\"@type\":\"ReadAction\",\"target\":[\"https:\\\/\\\/www.libramed.info\\\/fr\\\/pourquoi-grossit-on\\\/prenez-conscience\\\/\"]}]},{\"@type\":\"BreadcrumbList\",\"@id\":\"https:\\\/\\\/www.libramed.info\\\/fr\\\/pourquoi-grossit-on\\\/prenez-conscience\\\/#breadcrumb\",\"itemListElement\":[{\"@type\":\"ListItem\",\"position\":1,\"name\":\"Home\",\"item\":\"https:\\\/\\\/www.libramed.info\\\/fr\\\/\"},{\"@type\":\"ListItem\",\"position\":2,\"name\":\"Surpoids et ob\u00e9sit\u00e9 : pourquoi grossit-on ?\",\"item\":\"https:\\\/\\\/www.libramed.info\\\/fr\\\/pourquoi-grossit-on\\\/\"},{\"@type\":\"ListItem\",\"position\":3,\"name\":\"Surpoids et ob\u00e9sit\u00e9 : bien plus qu\u2019une question de kilos en trop\"}]},{\"@type\":\"WebSite\",\"@id\":\"https:\\\/\\\/www.libramed.info\\\/fr\\\/#website\",\"url\":\"https:\\\/\\\/www.libramed.info\\\/fr\\\/\",\"name\":\"LibraMed\",\"description\":\"Pour le contr\u00f4le du pic glyc\u00e9mique\",\"potentialAction\":[{\"@type\":\"SearchAction\",\"target\":{\"@type\":\"EntryPoint\",\"urlTemplate\":\"https:\\\/\\\/www.libramed.info\\\/fr\\\/?s={search_term_string}\"},\"query-input\":{\"@type\":\"PropertyValueSpecification\",\"valueRequired\":true,\"valueName\":\"search_term_string\"}}],\"inLanguage\":\"fr-FR\"}]}<\/script>\n<!-- \/ Yoast SEO plugin. -->","yoast_head_json":{"title":"Surpoids et ob\u00e9sit\u00e9 : bien plus qu'une question de kilos en trop | ABOCA LibraMed","description":"L\u2019ob\u00e9sit\u00e9 est une maladie chronique d\u00e9termin\u00e9e par un exc\u00e8s de graisse diff\u00e9remment r\u00e9partie dans les diverses parties du corps.","robots":{"index":"index","follow":"follow","max-snippet":"max-snippet:-1","max-image-preview":"max-image-preview:large","max-video-preview":"max-video-preview:-1"},"canonical":"https:\/\/www.libramed.info\/fr\/pourquoi-grossit-on\/prenez-conscience\/","og_locale":"fr_FR","og_type":"article","og_title":"Surpoids et ob\u00e9sit\u00e9 : bien plus qu'une question de kilos en trop | ABOCA LibraMed","og_description":"L\u2019ob\u00e9sit\u00e9 est une maladie chronique d\u00e9termin\u00e9e par un exc\u00e8s de graisse diff\u00e9remment r\u00e9partie dans les diverses parties du corps.","og_url":"https:\/\/www.libramed.info\/fr\/pourquoi-grossit-on\/prenez-conscience\/","og_site_name":"LibraMed","article_modified_time":"2021-12-01T14:57:19+00:00","twitter_card":"summary_large_image","twitter_misc":{"Dur\u00e9e de lecture estim\u00e9e":"2 minutes"},"schema":{"@context":"https:\/\/schema.org","@graph":[{"@type":"WebPage","@id":"https:\/\/www.libramed.info\/fr\/pourquoi-grossit-on\/prenez-conscience\/","url":"https:\/\/www.libramed.info\/fr\/pourquoi-grossit-on\/prenez-conscience\/","name":"Surpoids et ob\u00e9sit\u00e9 : bien plus qu'une question de kilos en trop | ABOCA LibraMed","isPartOf":{"@id":"https:\/\/www.libramed.info\/fr\/#website"},"datePublished":"2021-11-30T16:45:15+00:00","dateModified":"2021-12-01T14:57:19+00:00","description":"L\u2019ob\u00e9sit\u00e9 est une maladie chronique d\u00e9termin\u00e9e par un exc\u00e8s de graisse diff\u00e9remment r\u00e9partie dans les diverses parties du corps.","breadcrumb":{"@id":"https:\/\/www.libramed.info\/fr\/pourquoi-grossit-on\/prenez-conscience\/#breadcrumb"},"inLanguage":"fr-FR","potentialAction":[{"@type":"ReadAction","target":["https:\/\/www.libramed.info\/fr\/pourquoi-grossit-on\/prenez-conscience\/"]}]},{"@type":"BreadcrumbList","@id":"https:\/\/www.libramed.info\/fr\/pourquoi-grossit-on\/prenez-conscience\/#breadcrumb","itemListElement":[{"@type":"ListItem","position":1,"name":"Home","item":"https:\/\/www.libramed.info\/fr\/"},{"@type":"ListItem","position":2,"name":"Surpoids et ob\u00e9sit\u00e9 : pourquoi grossit-on ?","item":"https:\/\/www.libramed.info\/fr\/pourquoi-grossit-on\/"},{"@type":"ListItem","position":3,"name":"Surpoids et ob\u00e9sit\u00e9 : bien plus qu\u2019une question de kilos en trop"}]},{"@type":"WebSite","@id":"https:\/\/www.libramed.info\/fr\/#website","url":"https:\/\/www.libramed.info\/fr\/","name":"LibraMed","description":"Pour le contr\u00f4le du pic glyc\u00e9mique","potentialAction":[{"@type":"SearchAction","target":{"@type":"EntryPoint","urlTemplate":"https:\/\/www.libramed.info\/fr\/?s={search_term_string}"},"query-input":{"@type":"PropertyValueSpecification","valueRequired":true,"valueName":"search_term_string"}}],"inLanguage":"fr-FR"}]}},"_links":{"self":[{"href":"https:\/\/www.libramed.info\/fr\/wp-json\/wp\/v2\/pages\/4086","targetHints":{"allow":["GET"]}}],"collection":[{"href":"https:\/\/www.libramed.info\/fr\/wp-json\/wp\/v2\/pages"}],"about":[{"href":"https:\/\/www.libramed.info\/fr\/wp-json\/wp\/v2\/types\/page"}],"author":[{"embeddable":true,"href":"https:\/\/www.libramed.info\/fr\/wp-json\/wp\/v2\/users\/2"}],"replies":[{"embeddable":true,"href":"https:\/\/www.libramed.info\/fr\/wp-json\/wp\/v2\/comments?post=4086"}],"version-history":[{"count":5,"href":"https:\/\/www.libramed.info\/fr\/wp-json\/wp\/v2\/pages\/4086\/revisions"}],"predecessor-version":[{"id":4220,"href":"https:\/\/www.libramed.info\/fr\/wp-json\/wp\/v2\/pages\/4086\/revisions\/4220"}],"up":[{"embeddable":true,"href":"https:\/\/www.libramed.info\/fr\/wp-json\/wp\/v2\/pages\/4078"}],"wp:attachment":[{"href":"https:\/\/www.libramed.info\/fr\/wp-json\/wp\/v2\/media?parent=4086"}],"curies":[{"name":"wp","href":"https:\/\/api.w.org\/{rel}","templated":true}]}}