{"id":4081,"date":"2021-11-30T17:37:46","date_gmt":"2021-11-30T16:37:46","guid":{"rendered":"https:\/\/libramedinfofr.multisite.aboca.com\/?page_id=4081"},"modified":"2021-12-01T15:58:20","modified_gmt":"2021-12-01T14:58:20","slug":"le-probleme","status":"publish","type":"page","link":"https:\/\/www.libramed.info\/fr\/pourquoi-grossit-on\/le-probleme\/","title":{"rendered":"Surpoids et ob\u00e9sit\u00e9 : un probl\u00e8me de sant\u00e9 s\u00e9rieux"},"content":{"rendered":"\n<p>De nombreuses personnes entre 18 et 69 ans souffrent d\u2019un exc\u00e8s de poids.&nbsp;<strong>La diffusion croissante du probl\u00e8me est particuli\u00e8rement inqui\u00e9tante dans la population infantile.<\/strong>&nbsp;Le surpoids durant l\u2019enfance a des effets n\u00e9gatifs sur la sant\u00e9 au cours de l\u2019enfance et de l\u2019adolescence et \u00e0 l\u2019\u00e2ge adulte.<\/p>\n\n\n\n<p>Si un enfant est ob\u00e8se \u00e0 6 ans, il est fort probable qu\u2019il soit \u00e9galement ob\u00e8se \u00e0 l\u2019\u00e2ge adulte.<\/p>\n\n\n\n<p><strong>La plupart des adolescents ob\u00e8ses le restent \u00e0 l\u2019\u00e2ge adulte<\/strong>, \u00e0 cause de la grande difficult\u00e9 \u00e0 obtenir une perte de poids stable en raison des contraintes biologiques et psychosociales.<\/p>\n\n\n\n<p>Il est donc utile de privil\u00e9gier des interventions de pr\u00e9vention et de traitement du surpoids m\u00eame avant l\u2019adolescence.<\/p>\n\n\n\n<p>Le probl\u00e8me assume une dimension particuli\u00e8rement grave&nbsp;<strong>parce que le surpoids et l\u2019ob\u00e9sit\u00e9<\/strong>, au-del\u00e0 des cons\u00e9quences esth\u00e9tiques et sociales imm\u00e9diates,&nbsp;<strong>repr\u00e9sentent d\u2019importants facteurs de risque<\/strong>&nbsp;pour les maladies m\u00e9taboliques et d\u00e9g\u00e9n\u00e9ratives telles que&nbsp;<strong>les cardiopathies, les maladies c\u00e9r\u00e9bro-vasculaires, respiratoires et ost\u00e9o-articulaires, le diab\u00e8te, la st\u00e9atose h\u00e9patique, les calculs<\/strong>.<\/p>\n","protected":false},"excerpt":{"rendered":"<p>De nombreuses personnes entre 18 et 69 ans souffrent d\u2019un exc\u00e8s de poids.&nbsp;La diffusion croissante du probl\u00e8me est particuli\u00e8rement inqui\u00e9tante dans la population infantile.&nbsp;Le surpoids durant l\u2019enfance a des effets n\u00e9gatifs sur la sant\u00e9 au cours de l\u2019enfance et de l\u2019adolescence et \u00e0 l\u2019\u00e2ge adulte. Si un enfant est ob\u00e8se \u00e0 6 ans, il est&#8230;  <a href=\"https:\/\/www.libramed.info\/fr\/pourquoi-grossit-on\/le-probleme\/\" class=\"more-link\" title=\"Read Surpoids et ob\u00e9sit\u00e9 : un probl\u00e8me de sant\u00e9 s\u00e9rieux\">Leggi tutto &raquo;<\/a><\/p>\n","protected":false},"author":2,"featured_media":0,"parent":4078,"menu_order":0,"comment_status":"closed","ping_status":"closed","template":"","meta":{"footnotes":""},"class_list":["post-4081","page","type-page","status-publish","hentry"],"yoast_head":"<!-- This site is optimized with the Yoast SEO plugin v27.4 - https:\/\/yoast.com\/product\/yoast-seo-wordpress\/ -->\n<title>Surpoids et ob\u00e9sit\u00e9 : un probl\u00e8me de sant\u00e9 s\u00e9rieux | ABOCA LibraMed<\/title>\n<meta name=\"description\" content=\"De nombreuses personnes entre 18 et 69 ans souffrent d\u2019un exc\u00e8s de poids. La diffusion croissante du probl\u00e8me est particuli\u00e8rement inqui\u00e9tante dans la population infantile. Le surpoids durant l\u2019enfance a des effets n\u00e9gatifs sur la sant\u00e9 au cours de l\u2019enfance et de l\u2019adolescence et \u00e0 l\u2019\u00e2ge adulte.\" \/>\n<meta name=\"robots\" content=\"index, follow, max-snippet:-1, max-image-preview:large, max-video-preview:-1\" \/>\n<link rel=\"canonical\" href=\"https:\/\/www.libramed.info\/fr\/pourquoi-grossit-on\/le-probleme\/\" \/>\n<meta property=\"og:locale\" content=\"fr_FR\" \/>\n<meta property=\"og:type\" content=\"article\" \/>\n<meta property=\"og:title\" content=\"Surpoids et ob\u00e9sit\u00e9 : un probl\u00e8me de sant\u00e9 s\u00e9rieux | ABOCA LibraMed\" \/>\n<meta property=\"og:description\" content=\"De nombreuses personnes entre 18 et 69 ans souffrent d\u2019un exc\u00e8s de poids. La diffusion croissante du probl\u00e8me est particuli\u00e8rement inqui\u00e9tante dans la population infantile. Le surpoids durant l\u2019enfance a des effets n\u00e9gatifs sur la sant\u00e9 au cours de l\u2019enfance et de l\u2019adolescence et \u00e0 l\u2019\u00e2ge adulte.\" \/>\n<meta property=\"og:url\" content=\"https:\/\/www.libramed.info\/fr\/pourquoi-grossit-on\/le-probleme\/\" \/>\n<meta property=\"og:site_name\" content=\"LibraMed\" \/>\n<meta property=\"article:modified_time\" content=\"2021-12-01T14:58:20+00:00\" \/>\n<meta name=\"twitter:card\" content=\"summary_large_image\" \/>\n<meta name=\"twitter:label1\" content=\"Dur\u00e9e de lecture estim\u00e9e\" \/>\n\t<meta name=\"twitter:data1\" content=\"1 minute\" \/>\n<script type=\"application\/ld+json\" class=\"yoast-schema-graph\">{\"@context\":\"https:\\\/\\\/schema.org\",\"@graph\":[{\"@type\":\"WebPage\",\"@id\":\"https:\\\/\\\/www.libramed.info\\\/fr\\\/pourquoi-grossit-on\\\/le-probleme\\\/\",\"url\":\"https:\\\/\\\/www.libramed.info\\\/fr\\\/pourquoi-grossit-on\\\/le-probleme\\\/\",\"name\":\"Surpoids et ob\u00e9sit\u00e9 : un probl\u00e8me de sant\u00e9 s\u00e9rieux | ABOCA LibraMed\",\"isPartOf\":{\"@id\":\"https:\\\/\\\/www.libramed.info\\\/fr\\\/#website\"},\"datePublished\":\"2021-11-30T16:37:46+00:00\",\"dateModified\":\"2021-12-01T14:58:20+00:00\",\"description\":\"De nombreuses personnes entre 18 et 69 ans souffrent d\u2019un exc\u00e8s de poids. La diffusion croissante du probl\u00e8me est particuli\u00e8rement inqui\u00e9tante dans la population infantile. Le surpoids durant l\u2019enfance a des effets n\u00e9gatifs sur la sant\u00e9 au cours de l\u2019enfance et de l\u2019adolescence et \u00e0 l\u2019\u00e2ge adulte.\",\"breadcrumb\":{\"@id\":\"https:\\\/\\\/www.libramed.info\\\/fr\\\/pourquoi-grossit-on\\\/le-probleme\\\/#breadcrumb\"},\"inLanguage\":\"fr-FR\",\"potentialAction\":[{\"@type\":\"ReadAction\",\"target\":[\"https:\\\/\\\/www.libramed.info\\\/fr\\\/pourquoi-grossit-on\\\/le-probleme\\\/\"]}]},{\"@type\":\"BreadcrumbList\",\"@id\":\"https:\\\/\\\/www.libramed.info\\\/fr\\\/pourquoi-grossit-on\\\/le-probleme\\\/#breadcrumb\",\"itemListElement\":[{\"@type\":\"ListItem\",\"position\":1,\"name\":\"Home\",\"item\":\"https:\\\/\\\/www.libramed.info\\\/fr\\\/\"},{\"@type\":\"ListItem\",\"position\":2,\"name\":\"Surpoids et ob\u00e9sit\u00e9 : pourquoi grossit-on ?\",\"item\":\"https:\\\/\\\/www.libramed.info\\\/fr\\\/pourquoi-grossit-on\\\/\"},{\"@type\":\"ListItem\",\"position\":3,\"name\":\"Surpoids et ob\u00e9sit\u00e9 : un probl\u00e8me de sant\u00e9 s\u00e9rieux\"}]},{\"@type\":\"WebSite\",\"@id\":\"https:\\\/\\\/www.libramed.info\\\/fr\\\/#website\",\"url\":\"https:\\\/\\\/www.libramed.info\\\/fr\\\/\",\"name\":\"LibraMed\",\"description\":\"Pour le contr\u00f4le du pic glyc\u00e9mique\",\"potentialAction\":[{\"@type\":\"SearchAction\",\"target\":{\"@type\":\"EntryPoint\",\"urlTemplate\":\"https:\\\/\\\/www.libramed.info\\\/fr\\\/?s={search_term_string}\"},\"query-input\":{\"@type\":\"PropertyValueSpecification\",\"valueRequired\":true,\"valueName\":\"search_term_string\"}}],\"inLanguage\":\"fr-FR\"}]}<\/script>\n<!-- \/ Yoast SEO plugin. -->","yoast_head_json":{"title":"Surpoids et ob\u00e9sit\u00e9 : un probl\u00e8me de sant\u00e9 s\u00e9rieux | ABOCA LibraMed","description":"De nombreuses personnes entre 18 et 69 ans souffrent d\u2019un exc\u00e8s de poids. La diffusion croissante du probl\u00e8me est particuli\u00e8rement inqui\u00e9tante dans la population infantile. Le surpoids durant l\u2019enfance a des effets n\u00e9gatifs sur la sant\u00e9 au cours de l\u2019enfance et de l\u2019adolescence et \u00e0 l\u2019\u00e2ge adulte.","robots":{"index":"index","follow":"follow","max-snippet":"max-snippet:-1","max-image-preview":"max-image-preview:large","max-video-preview":"max-video-preview:-1"},"canonical":"https:\/\/www.libramed.info\/fr\/pourquoi-grossit-on\/le-probleme\/","og_locale":"fr_FR","og_type":"article","og_title":"Surpoids et ob\u00e9sit\u00e9 : un probl\u00e8me de sant\u00e9 s\u00e9rieux | ABOCA LibraMed","og_description":"De nombreuses personnes entre 18 et 69 ans souffrent d\u2019un exc\u00e8s de poids. La diffusion croissante du probl\u00e8me est particuli\u00e8rement inqui\u00e9tante dans la population infantile. Le surpoids durant l\u2019enfance a des effets n\u00e9gatifs sur la sant\u00e9 au cours de l\u2019enfance et de l\u2019adolescence et \u00e0 l\u2019\u00e2ge adulte.","og_url":"https:\/\/www.libramed.info\/fr\/pourquoi-grossit-on\/le-probleme\/","og_site_name":"LibraMed","article_modified_time":"2021-12-01T14:58:20+00:00","twitter_card":"summary_large_image","twitter_misc":{"Dur\u00e9e de lecture estim\u00e9e":"1 minute"},"schema":{"@context":"https:\/\/schema.org","@graph":[{"@type":"WebPage","@id":"https:\/\/www.libramed.info\/fr\/pourquoi-grossit-on\/le-probleme\/","url":"https:\/\/www.libramed.info\/fr\/pourquoi-grossit-on\/le-probleme\/","name":"Surpoids et ob\u00e9sit\u00e9 : un probl\u00e8me de sant\u00e9 s\u00e9rieux | ABOCA LibraMed","isPartOf":{"@id":"https:\/\/www.libramed.info\/fr\/#website"},"datePublished":"2021-11-30T16:37:46+00:00","dateModified":"2021-12-01T14:58:20+00:00","description":"De nombreuses personnes entre 18 et 69 ans souffrent d\u2019un exc\u00e8s de poids. La diffusion croissante du probl\u00e8me est particuli\u00e8rement inqui\u00e9tante dans la population infantile. Le surpoids durant l\u2019enfance a des effets n\u00e9gatifs sur la sant\u00e9 au cours de l\u2019enfance et de l\u2019adolescence et \u00e0 l\u2019\u00e2ge adulte.","breadcrumb":{"@id":"https:\/\/www.libramed.info\/fr\/pourquoi-grossit-on\/le-probleme\/#breadcrumb"},"inLanguage":"fr-FR","potentialAction":[{"@type":"ReadAction","target":["https:\/\/www.libramed.info\/fr\/pourquoi-grossit-on\/le-probleme\/"]}]},{"@type":"BreadcrumbList","@id":"https:\/\/www.libramed.info\/fr\/pourquoi-grossit-on\/le-probleme\/#breadcrumb","itemListElement":[{"@type":"ListItem","position":1,"name":"Home","item":"https:\/\/www.libramed.info\/fr\/"},{"@type":"ListItem","position":2,"name":"Surpoids et ob\u00e9sit\u00e9 : pourquoi grossit-on ?","item":"https:\/\/www.libramed.info\/fr\/pourquoi-grossit-on\/"},{"@type":"ListItem","position":3,"name":"Surpoids et ob\u00e9sit\u00e9 : un probl\u00e8me de sant\u00e9 s\u00e9rieux"}]},{"@type":"WebSite","@id":"https:\/\/www.libramed.info\/fr\/#website","url":"https:\/\/www.libramed.info\/fr\/","name":"LibraMed","description":"Pour le contr\u00f4le du pic glyc\u00e9mique","potentialAction":[{"@type":"SearchAction","target":{"@type":"EntryPoint","urlTemplate":"https:\/\/www.libramed.info\/fr\/?s={search_term_string}"},"query-input":{"@type":"PropertyValueSpecification","valueRequired":true,"valueName":"search_term_string"}}],"inLanguage":"fr-FR"}]}},"_links":{"self":[{"href":"https:\/\/www.libramed.info\/fr\/wp-json\/wp\/v2\/pages\/4081","targetHints":{"allow":["GET"]}}],"collection":[{"href":"https:\/\/www.libramed.info\/fr\/wp-json\/wp\/v2\/pages"}],"about":[{"href":"https:\/\/www.libramed.info\/fr\/wp-json\/wp\/v2\/types\/page"}],"author":[{"embeddable":true,"href":"https:\/\/www.libramed.info\/fr\/wp-json\/wp\/v2\/users\/2"}],"replies":[{"embeddable":true,"href":"https:\/\/www.libramed.info\/fr\/wp-json\/wp\/v2\/comments?post=4081"}],"version-history":[{"count":3,"href":"https:\/\/www.libramed.info\/fr\/wp-json\/wp\/v2\/pages\/4081\/revisions"}],"predecessor-version":[{"id":4221,"href":"https:\/\/www.libramed.info\/fr\/wp-json\/wp\/v2\/pages\/4081\/revisions\/4221"}],"up":[{"embeddable":true,"href":"https:\/\/www.libramed.info\/fr\/wp-json\/wp\/v2\/pages\/4078"}],"wp:attachment":[{"href":"https:\/\/www.libramed.info\/fr\/wp-json\/wp\/v2\/media?parent=4081"}],"curies":[{"name":"wp","href":"https:\/\/api.w.org\/{rel}","templated":true}]}}