{"id":4078,"date":"2021-11-30T17:31:23","date_gmt":"2021-11-30T16:31:23","guid":{"rendered":"https:\/\/libramedinfofr.multisite.aboca.com\/?page_id=4078"},"modified":"2021-12-01T15:53:20","modified_gmt":"2021-12-01T14:53:20","slug":"pourquoi-grossit-on","status":"publish","type":"page","link":"https:\/\/www.libramed.info\/fr\/pourquoi-grossit-on\/","title":{"rendered":"Surpoids et ob\u00e9sit\u00e9 : pourquoi grossit-on ?"},"content":{"rendered":"\n<p>Le&nbsp;<strong>surpoids<\/strong>&nbsp;et l\u2019<strong>ob\u00e9sit\u00e9<\/strong>&nbsp;sont consid\u00e9r\u00e9s comme les principaux probl\u00e8mes de sant\u00e9 publique du monde moderne, parce qu\u2019ils sont de plus en plus fr\u00e9quents avec des cons\u00e9quences pathologiques graves.<\/p>\n\n\n\n<p>L\u2019augmentation du surpoids, \u00e0 laquelle ont contribu\u00e9 les nouvelles habitudes alimentaires et le style de vie s\u00e9dentaire, est favoris\u00e9e par la pr\u00e9disposition g\u00e9n\u00e9tique \u00e0 la cr\u00e9ation de r\u00e9serves de graisse, qui d\u00e9coule des conditions dans lesquelles l\u2019esp\u00e8ce humaine a \u00e9volu\u00e9.<\/p>\n\n\n\n<p><strong>Notre esp\u00e8ce s\u2019est en effet d\u00e9velopp\u00e9e dans des situations de carence en nourriture et cela a g\u00e9n\u00e9tiquement favoris\u00e9 la capacit\u00e9 d\u2019accumuler des r\u00e9serves<\/strong>&nbsp;qui, dans de telles conditions, r\u00e9sultait plus avantageuse par rapport \u00e0 la capacit\u00e9 d\u2019\u00e9liminer le d\u00e9s\u00e9quilibre \u00e9nerg\u00e9tique entre une prise de calories excessive et une activit\u00e9 physique r\u00e9duite.<\/p>\n\n\n\n<p>Les changements de la soci\u00e9t\u00e9 dus \u00e0 la croissance \u00e9conomique, \u00e0 la modernisation, \u00e0 l\u2019urbanisation et \u00e0 la globalisation des march\u00e9s alimentaires sont \u00e0 l\u2019origine de ce d\u00e9s\u00e9quilibre.<\/p>\n\n\n\n<p>L\u2019<strong>alimentation<\/strong>&nbsp;s\u2019est modifi\u00e9e en augmentant la consommation d\u2019aliments \u00e0 haute densit\u00e9 \u00e9nerg\u00e9tique, priv\u00e9s de fibres et avec un pourcentage sup\u00e9rieur de graisses satur\u00e9es et sucres raffin\u00e9s.<\/p>\n\n\n\n<p>En m\u00eame temps, l\u2019<strong>activit\u00e9 physique<\/strong>&nbsp;a \u00e9t\u00e9 consid\u00e9rablement r\u00e9duite avec le travail devenu physiquement moins exigeant, le transport automatis\u00e9, la technologie \u00e0 la maison et l\u2019inactivit\u00e9 durant le temps libre.<\/p>\n","protected":false},"excerpt":{"rendered":"<p>Le&nbsp;surpoids&nbsp;et l\u2019ob\u00e9sit\u00e9&nbsp;sont consid\u00e9r\u00e9s comme les principaux probl\u00e8mes de sant\u00e9 publique du monde moderne, parce qu\u2019ils sont de plus en plus fr\u00e9quents avec des cons\u00e9quences pathologiques graves. L\u2019augmentation du surpoids, \u00e0 laquelle ont contribu\u00e9 les nouvelles habitudes alimentaires et le style de vie s\u00e9dentaire, est favoris\u00e9e par la pr\u00e9disposition g\u00e9n\u00e9tique \u00e0 la cr\u00e9ation de r\u00e9serves de&#8230;  <a href=\"https:\/\/www.libramed.info\/fr\/pourquoi-grossit-on\/\" class=\"more-link\" title=\"Read Surpoids et ob\u00e9sit\u00e9 : pourquoi grossit-on ?\">Leggi tutto &raquo;<\/a><\/p>\n","protected":false},"author":2,"featured_media":0,"parent":0,"menu_order":0,"comment_status":"closed","ping_status":"closed","template":"","meta":{"footnotes":""},"class_list":["post-4078","page","type-page","status-publish","hentry"],"yoast_head":"<!-- This site is optimized with the Yoast SEO plugin v27.4 - https:\/\/yoast.com\/product\/yoast-seo-wordpress\/ -->\n<title>Surpoids et ob\u00e9sit\u00e9 : pourquoi grossit-on ? | ABOCA LibraMed<\/title>\n<meta name=\"description\" content=\"Le surpoids et l\u2019ob\u00e9sit\u00e9 sont consid\u00e9r\u00e9s comme les principaux probl\u00e8mes de sant\u00e9 publique du monde moderne, parce qu\u2019ils sont de plus en plus fr\u00e9quents avec des cons\u00e9quences pathologiques graves.\" \/>\n<meta name=\"robots\" content=\"index, follow, max-snippet:-1, max-image-preview:large, max-video-preview:-1\" \/>\n<link rel=\"canonical\" href=\"https:\/\/www.libramed.info\/fr\/pourquoi-grossit-on\/\" \/>\n<meta property=\"og:locale\" content=\"fr_FR\" \/>\n<meta property=\"og:type\" content=\"article\" \/>\n<meta property=\"og:title\" content=\"Surpoids et ob\u00e9sit\u00e9 : pourquoi grossit-on ? | ABOCA LibraMed\" \/>\n<meta property=\"og:description\" content=\"Le surpoids et l\u2019ob\u00e9sit\u00e9 sont consid\u00e9r\u00e9s comme les principaux probl\u00e8mes de sant\u00e9 publique du monde moderne, parce qu\u2019ils sont de plus en plus fr\u00e9quents avec des cons\u00e9quences pathologiques graves.\" \/>\n<meta property=\"og:url\" content=\"https:\/\/www.libramed.info\/fr\/pourquoi-grossit-on\/\" \/>\n<meta property=\"og:site_name\" content=\"LibraMed\" \/>\n<meta property=\"article:modified_time\" content=\"2021-12-01T14:53:20+00:00\" \/>\n<meta name=\"twitter:card\" content=\"summary_large_image\" \/>\n<meta name=\"twitter:label1\" content=\"Dur\u00e9e de lecture estim\u00e9e\" \/>\n\t<meta name=\"twitter:data1\" content=\"1 minute\" \/>\n<script type=\"application\/ld+json\" class=\"yoast-schema-graph\">{\"@context\":\"https:\\\/\\\/schema.org\",\"@graph\":[{\"@type\":\"WebPage\",\"@id\":\"https:\\\/\\\/www.libramed.info\\\/fr\\\/pourquoi-grossit-on\\\/\",\"url\":\"https:\\\/\\\/www.libramed.info\\\/fr\\\/pourquoi-grossit-on\\\/\",\"name\":\"Surpoids et ob\u00e9sit\u00e9 : pourquoi grossit-on ? | ABOCA LibraMed\",\"isPartOf\":{\"@id\":\"https:\\\/\\\/www.libramed.info\\\/fr\\\/#website\"},\"datePublished\":\"2021-11-30T16:31:23+00:00\",\"dateModified\":\"2021-12-01T14:53:20+00:00\",\"description\":\"Le surpoids et l\u2019ob\u00e9sit\u00e9 sont consid\u00e9r\u00e9s comme les principaux probl\u00e8mes de sant\u00e9 publique du monde moderne, parce qu\u2019ils sont de plus en plus fr\u00e9quents avec des cons\u00e9quences pathologiques graves.\",\"breadcrumb\":{\"@id\":\"https:\\\/\\\/www.libramed.info\\\/fr\\\/pourquoi-grossit-on\\\/#breadcrumb\"},\"inLanguage\":\"fr-FR\",\"potentialAction\":[{\"@type\":\"ReadAction\",\"target\":[\"https:\\\/\\\/www.libramed.info\\\/fr\\\/pourquoi-grossit-on\\\/\"]}]},{\"@type\":\"BreadcrumbList\",\"@id\":\"https:\\\/\\\/www.libramed.info\\\/fr\\\/pourquoi-grossit-on\\\/#breadcrumb\",\"itemListElement\":[{\"@type\":\"ListItem\",\"position\":1,\"name\":\"Home\",\"item\":\"https:\\\/\\\/www.libramed.info\\\/fr\\\/\"},{\"@type\":\"ListItem\",\"position\":2,\"name\":\"Surpoids et ob\u00e9sit\u00e9 : pourquoi grossit-on ?\"}]},{\"@type\":\"WebSite\",\"@id\":\"https:\\\/\\\/www.libramed.info\\\/fr\\\/#website\",\"url\":\"https:\\\/\\\/www.libramed.info\\\/fr\\\/\",\"name\":\"LibraMed\",\"description\":\"Pour le contr\u00f4le du pic glyc\u00e9mique\",\"potentialAction\":[{\"@type\":\"SearchAction\",\"target\":{\"@type\":\"EntryPoint\",\"urlTemplate\":\"https:\\\/\\\/www.libramed.info\\\/fr\\\/?s={search_term_string}\"},\"query-input\":{\"@type\":\"PropertyValueSpecification\",\"valueRequired\":true,\"valueName\":\"search_term_string\"}}],\"inLanguage\":\"fr-FR\"}]}<\/script>\n<!-- \/ Yoast SEO plugin. -->","yoast_head_json":{"title":"Surpoids et ob\u00e9sit\u00e9 : pourquoi grossit-on ? | ABOCA LibraMed","description":"Le surpoids et l\u2019ob\u00e9sit\u00e9 sont consid\u00e9r\u00e9s comme les principaux probl\u00e8mes de sant\u00e9 publique du monde moderne, parce qu\u2019ils sont de plus en plus fr\u00e9quents avec des cons\u00e9quences pathologiques graves.","robots":{"index":"index","follow":"follow","max-snippet":"max-snippet:-1","max-image-preview":"max-image-preview:large","max-video-preview":"max-video-preview:-1"},"canonical":"https:\/\/www.libramed.info\/fr\/pourquoi-grossit-on\/","og_locale":"fr_FR","og_type":"article","og_title":"Surpoids et ob\u00e9sit\u00e9 : pourquoi grossit-on ? | ABOCA LibraMed","og_description":"Le surpoids et l\u2019ob\u00e9sit\u00e9 sont consid\u00e9r\u00e9s comme les principaux probl\u00e8mes de sant\u00e9 publique du monde moderne, parce qu\u2019ils sont de plus en plus fr\u00e9quents avec des cons\u00e9quences pathologiques graves.","og_url":"https:\/\/www.libramed.info\/fr\/pourquoi-grossit-on\/","og_site_name":"LibraMed","article_modified_time":"2021-12-01T14:53:20+00:00","twitter_card":"summary_large_image","twitter_misc":{"Dur\u00e9e de lecture estim\u00e9e":"1 minute"},"schema":{"@context":"https:\/\/schema.org","@graph":[{"@type":"WebPage","@id":"https:\/\/www.libramed.info\/fr\/pourquoi-grossit-on\/","url":"https:\/\/www.libramed.info\/fr\/pourquoi-grossit-on\/","name":"Surpoids et ob\u00e9sit\u00e9 : pourquoi grossit-on ? | ABOCA LibraMed","isPartOf":{"@id":"https:\/\/www.libramed.info\/fr\/#website"},"datePublished":"2021-11-30T16:31:23+00:00","dateModified":"2021-12-01T14:53:20+00:00","description":"Le surpoids et l\u2019ob\u00e9sit\u00e9 sont consid\u00e9r\u00e9s comme les principaux probl\u00e8mes de sant\u00e9 publique du monde moderne, parce qu\u2019ils sont de plus en plus fr\u00e9quents avec des cons\u00e9quences pathologiques graves.","breadcrumb":{"@id":"https:\/\/www.libramed.info\/fr\/pourquoi-grossit-on\/#breadcrumb"},"inLanguage":"fr-FR","potentialAction":[{"@type":"ReadAction","target":["https:\/\/www.libramed.info\/fr\/pourquoi-grossit-on\/"]}]},{"@type":"BreadcrumbList","@id":"https:\/\/www.libramed.info\/fr\/pourquoi-grossit-on\/#breadcrumb","itemListElement":[{"@type":"ListItem","position":1,"name":"Home","item":"https:\/\/www.libramed.info\/fr\/"},{"@type":"ListItem","position":2,"name":"Surpoids et ob\u00e9sit\u00e9 : pourquoi grossit-on ?"}]},{"@type":"WebSite","@id":"https:\/\/www.libramed.info\/fr\/#website","url":"https:\/\/www.libramed.info\/fr\/","name":"LibraMed","description":"Pour le contr\u00f4le du pic glyc\u00e9mique","potentialAction":[{"@type":"SearchAction","target":{"@type":"EntryPoint","urlTemplate":"https:\/\/www.libramed.info\/fr\/?s={search_term_string}"},"query-input":{"@type":"PropertyValueSpecification","valueRequired":true,"valueName":"search_term_string"}}],"inLanguage":"fr-FR"}]}},"_links":{"self":[{"href":"https:\/\/www.libramed.info\/fr\/wp-json\/wp\/v2\/pages\/4078","targetHints":{"allow":["GET"]}}],"collection":[{"href":"https:\/\/www.libramed.info\/fr\/wp-json\/wp\/v2\/pages"}],"about":[{"href":"https:\/\/www.libramed.info\/fr\/wp-json\/wp\/v2\/types\/page"}],"author":[{"embeddable":true,"href":"https:\/\/www.libramed.info\/fr\/wp-json\/wp\/v2\/users\/2"}],"replies":[{"embeddable":true,"href":"https:\/\/www.libramed.info\/fr\/wp-json\/wp\/v2\/comments?post=4078"}],"version-history":[{"count":5,"href":"https:\/\/www.libramed.info\/fr\/wp-json\/wp\/v2\/pages\/4078\/revisions"}],"predecessor-version":[{"id":4217,"href":"https:\/\/www.libramed.info\/fr\/wp-json\/wp\/v2\/pages\/4078\/revisions\/4217"}],"wp:attachment":[{"href":"https:\/\/www.libramed.info\/fr\/wp-json\/wp\/v2\/media?parent=4078"}],"curies":[{"name":"wp","href":"https:\/\/api.w.org\/{rel}","templated":true}]}}