{"id":3896,"date":"2021-01-18T15:11:50","date_gmt":"2021-01-18T14:11:50","guid":{"rendered":"http:\/\/libramedinfofr.multisite.aboca.com\/?page_id=3896"},"modified":"2021-12-02T17:33:53","modified_gmt":"2021-12-02T16:33:53","slug":"home","status":"publish","type":"page","link":"https:\/\/www.libramed.info\/fr\/","title":{"rendered":"Libramed di Aboca | Regola il picco glicemico per il controllo del peso"},"content":{"rendered":"\n<h1 class=\"wp-block-heading\">Changez de perspective pour le contr\u00f4le du poids.<\/h1>\n\n\n\n<div style=\"height:30px\" aria-hidden=\"true\" class=\"wp-block-spacer\"><\/div>\n\n\n\n<p>Chez l\u2019adulte comme chez l\u2019enfant, le&nbsp;<strong>contr\u00f4le du poids<\/strong>&nbsp;n\u00e9cessite d\u2019un&nbsp;<strong>parcours cibl\u00e9 et complet<\/strong>&nbsp;qui inclut un changement des habitudes alimentaires et du style de vie. Dans ce parcours, il peut \u00eatre utile d\u2019utiliser de&nbsp;<a href=\"https:\/\/www.libramed.info\/fr\/libramed\/policaptil-gel-retard\/\"><strong>nouveaux complexes mol\u00e9culaires v\u00e9g\u00e9taux<\/strong><\/a>&nbsp;qui interviennent sur les m\u00e9canismes physiologiques \u00e0 la base du probl\u00e8me.<\/p>\n\n\n\n<div style=\"height:30px\" aria-hidden=\"true\" class=\"wp-block-spacer\"><\/div>\n\n\n\n<figure class=\"wp-block-image size-full\"><img loading=\"lazy\" decoding=\"async\" width=\"247\" height=\"21\" src=\"https:\/\/www.libramed.info\/fr\/wp-content\/uploads\/sites\/167\/2021\/12\/Linea-Fitomagra_FR-1.png\" alt=\"\" class=\"wp-image-4252\"\/><\/figure>\n","protected":false},"excerpt":{"rendered":"<p>Changez de perspective pour le contr\u00f4le du poids. Chez l\u2019adulte comme chez l\u2019enfant, le&nbsp;contr\u00f4le du poids&nbsp;n\u00e9cessite d\u2019un&nbsp;parcours cibl\u00e9 et complet&nbsp;qui inclut un changement des habitudes alimentaires et du style de vie. Dans ce parcours, il peut \u00eatre utile d\u2019utiliser de&nbsp;nouveaux complexes mol\u00e9culaires v\u00e9g\u00e9taux&nbsp;qui interviennent sur les m\u00e9canismes physiologiques \u00e0 la base du probl\u00e8me.<\/p>\n","protected":false},"author":2,"featured_media":0,"parent":0,"menu_order":0,"comment_status":"closed","ping_status":"closed","template":"","meta":{"footnotes":""},"class_list":["post-3896","page","type-page","status-publish","hentry"],"yoast_head":"<!-- This site is optimized with the Yoast SEO plugin v27.4 - https:\/\/yoast.com\/product\/yoast-seo-wordpress\/ -->\n<title>R\u00e8gle la hausse de la glyc\u00e9mie pour le contr\u00f4le du poids | ABOCA LibraMed<\/title>\n<meta name=\"description\" content=\"Chez l\u2019adulte comme chez l\u2019enfant, le contr\u00f4le du poids n\u00e9cessite d\u2019un parcours cibl\u00e9 et complet qui inclut un changement des habitudes alimentaires et du style de vie.\" \/>\n<meta name=\"robots\" content=\"index, follow, max-snippet:-1, max-image-preview:large, max-video-preview:-1\" \/>\n<link rel=\"canonical\" href=\"https:\/\/www.libramed.info\/fr\/\" \/>\n<meta property=\"og:locale\" content=\"fr_FR\" \/>\n<meta property=\"og:type\" content=\"article\" \/>\n<meta property=\"og:title\" content=\"R\u00e8gle la hausse de la glyc\u00e9mie pour le contr\u00f4le du poids | ABOCA LibraMed\" \/>\n<meta property=\"og:description\" content=\"Chez l\u2019adulte comme chez l\u2019enfant, le contr\u00f4le du poids n\u00e9cessite d\u2019un parcours cibl\u00e9 et complet qui inclut un changement des habitudes alimentaires et du style de vie.\" \/>\n<meta property=\"og:url\" content=\"https:\/\/www.libramed.info\/fr\/\" \/>\n<meta property=\"og:site_name\" content=\"LibraMed\" \/>\n<meta property=\"article:modified_time\" content=\"2021-12-02T16:33:53+00:00\" \/>\n<meta property=\"og:image\" content=\"https:\/\/www.libramed.info\/fr\/wp-content\/uploads\/sites\/167\/2021\/12\/Linea-Fitomagra_FR-1.png\" \/>\n<meta name=\"twitter:card\" content=\"summary_large_image\" \/>\n<meta name=\"twitter:label1\" content=\"Dur\u00e9e de lecture estim\u00e9e\" \/>\n\t<meta name=\"twitter:data1\" content=\"1 minute\" \/>\n<script type=\"application\/ld+json\" class=\"yoast-schema-graph\">{\"@context\":\"https:\\\/\\\/schema.org\",\"@graph\":[{\"@type\":\"WebPage\",\"@id\":\"https:\\\/\\\/www.libramed.info\\\/fr\\\/\",\"url\":\"https:\\\/\\\/www.libramed.info\\\/fr\\\/\",\"name\":\"R\u00e8gle la hausse de la glyc\u00e9mie pour le contr\u00f4le du poids | ABOCA LibraMed\",\"isPartOf\":{\"@id\":\"https:\\\/\\\/www.libramed.info\\\/fr\\\/#website\"},\"primaryImageOfPage\":{\"@id\":\"https:\\\/\\\/www.libramed.info\\\/fr\\\/#primaryimage\"},\"image\":{\"@id\":\"https:\\\/\\\/www.libramed.info\\\/fr\\\/#primaryimage\"},\"thumbnailUrl\":\"https:\\\/\\\/www.libramed.info\\\/fr\\\/wp-content\\\/uploads\\\/sites\\\/167\\\/2021\\\/12\\\/Linea-Fitomagra_FR-1.png\",\"datePublished\":\"2021-01-18T14:11:50+00:00\",\"dateModified\":\"2021-12-02T16:33:53+00:00\",\"description\":\"Chez l\u2019adulte comme chez l\u2019enfant, le contr\u00f4le du poids n\u00e9cessite d\u2019un parcours cibl\u00e9 et complet qui inclut un changement des habitudes alimentaires et du style de vie.\",\"breadcrumb\":{\"@id\":\"https:\\\/\\\/www.libramed.info\\\/fr\\\/#breadcrumb\"},\"inLanguage\":\"fr-FR\",\"potentialAction\":[{\"@type\":\"ReadAction\",\"target\":[\"https:\\\/\\\/www.libramed.info\\\/fr\\\/\"]}]},{\"@type\":\"ImageObject\",\"inLanguage\":\"fr-FR\",\"@id\":\"https:\\\/\\\/www.libramed.info\\\/fr\\\/#primaryimage\",\"url\":\"https:\\\/\\\/www.libramed.info\\\/fr\\\/wp-content\\\/uploads\\\/sites\\\/167\\\/2021\\\/12\\\/Linea-Fitomagra_FR-1.png\",\"contentUrl\":\"https:\\\/\\\/www.libramed.info\\\/fr\\\/wp-content\\\/uploads\\\/sites\\\/167\\\/2021\\\/12\\\/Linea-Fitomagra_FR-1.png\",\"width\":247,\"height\":21},{\"@type\":\"BreadcrumbList\",\"@id\":\"https:\\\/\\\/www.libramed.info\\\/fr\\\/#breadcrumb\",\"itemListElement\":[{\"@type\":\"ListItem\",\"position\":1,\"name\":\"Home\",\"item\":\"https:\\\/\\\/www.libramed.info\\\/fr\\\/\"},{\"@type\":\"ListItem\",\"position\":2,\"name\":\"Libramed di Aboca | Regola il picco glicemico per il controllo del peso\"}]},{\"@type\":\"WebSite\",\"@id\":\"https:\\\/\\\/www.libramed.info\\\/fr\\\/#website\",\"url\":\"https:\\\/\\\/www.libramed.info\\\/fr\\\/\",\"name\":\"LibraMed\",\"description\":\"Pour le contr\u00f4le du pic glyc\u00e9mique\",\"potentialAction\":[{\"@type\":\"SearchAction\",\"target\":{\"@type\":\"EntryPoint\",\"urlTemplate\":\"https:\\\/\\\/www.libramed.info\\\/fr\\\/?s={search_term_string}\"},\"query-input\":{\"@type\":\"PropertyValueSpecification\",\"valueRequired\":true,\"valueName\":\"search_term_string\"}}],\"inLanguage\":\"fr-FR\"}]}<\/script>\n<!-- \/ Yoast SEO plugin. -->","yoast_head_json":{"title":"R\u00e8gle la hausse de la glyc\u00e9mie pour le contr\u00f4le du poids | ABOCA LibraMed","description":"Chez l\u2019adulte comme chez l\u2019enfant, le contr\u00f4le du poids n\u00e9cessite d\u2019un parcours cibl\u00e9 et complet qui inclut un changement des habitudes alimentaires et du style de vie.","robots":{"index":"index","follow":"follow","max-snippet":"max-snippet:-1","max-image-preview":"max-image-preview:large","max-video-preview":"max-video-preview:-1"},"canonical":"https:\/\/www.libramed.info\/fr\/","og_locale":"fr_FR","og_type":"article","og_title":"R\u00e8gle la hausse de la glyc\u00e9mie pour le contr\u00f4le du poids | ABOCA LibraMed","og_description":"Chez l\u2019adulte comme chez l\u2019enfant, le contr\u00f4le du poids n\u00e9cessite d\u2019un parcours cibl\u00e9 et complet qui inclut un changement des habitudes alimentaires et du style de vie.","og_url":"https:\/\/www.libramed.info\/fr\/","og_site_name":"LibraMed","article_modified_time":"2021-12-02T16:33:53+00:00","og_image":[{"url":"https:\/\/www.libramed.info\/fr\/wp-content\/uploads\/sites\/167\/2021\/12\/Linea-Fitomagra_FR-1.png","type":"","width":"","height":""}],"twitter_card":"summary_large_image","twitter_misc":{"Dur\u00e9e de lecture estim\u00e9e":"1 minute"},"schema":{"@context":"https:\/\/schema.org","@graph":[{"@type":"WebPage","@id":"https:\/\/www.libramed.info\/fr\/","url":"https:\/\/www.libramed.info\/fr\/","name":"R\u00e8gle la hausse de la glyc\u00e9mie pour le contr\u00f4le du poids | ABOCA LibraMed","isPartOf":{"@id":"https:\/\/www.libramed.info\/fr\/#website"},"primaryImageOfPage":{"@id":"https:\/\/www.libramed.info\/fr\/#primaryimage"},"image":{"@id":"https:\/\/www.libramed.info\/fr\/#primaryimage"},"thumbnailUrl":"https:\/\/www.libramed.info\/fr\/wp-content\/uploads\/sites\/167\/2021\/12\/Linea-Fitomagra_FR-1.png","datePublished":"2021-01-18T14:11:50+00:00","dateModified":"2021-12-02T16:33:53+00:00","description":"Chez l\u2019adulte comme chez l\u2019enfant, le contr\u00f4le du poids n\u00e9cessite d\u2019un parcours cibl\u00e9 et complet qui inclut un changement des habitudes alimentaires et du style de vie.","breadcrumb":{"@id":"https:\/\/www.libramed.info\/fr\/#breadcrumb"},"inLanguage":"fr-FR","potentialAction":[{"@type":"ReadAction","target":["https:\/\/www.libramed.info\/fr\/"]}]},{"@type":"ImageObject","inLanguage":"fr-FR","@id":"https:\/\/www.libramed.info\/fr\/#primaryimage","url":"https:\/\/www.libramed.info\/fr\/wp-content\/uploads\/sites\/167\/2021\/12\/Linea-Fitomagra_FR-1.png","contentUrl":"https:\/\/www.libramed.info\/fr\/wp-content\/uploads\/sites\/167\/2021\/12\/Linea-Fitomagra_FR-1.png","width":247,"height":21},{"@type":"BreadcrumbList","@id":"https:\/\/www.libramed.info\/fr\/#breadcrumb","itemListElement":[{"@type":"ListItem","position":1,"name":"Home","item":"https:\/\/www.libramed.info\/fr\/"},{"@type":"ListItem","position":2,"name":"Libramed di Aboca | Regola il picco glicemico per il controllo del peso"}]},{"@type":"WebSite","@id":"https:\/\/www.libramed.info\/fr\/#website","url":"https:\/\/www.libramed.info\/fr\/","name":"LibraMed","description":"Pour le contr\u00f4le du pic glyc\u00e9mique","potentialAction":[{"@type":"SearchAction","target":{"@type":"EntryPoint","urlTemplate":"https:\/\/www.libramed.info\/fr\/?s={search_term_string}"},"query-input":{"@type":"PropertyValueSpecification","valueRequired":true,"valueName":"search_term_string"}}],"inLanguage":"fr-FR"}]}},"_links":{"self":[{"href":"https:\/\/www.libramed.info\/fr\/wp-json\/wp\/v2\/pages\/3896","targetHints":{"allow":["GET"]}}],"collection":[{"href":"https:\/\/www.libramed.info\/fr\/wp-json\/wp\/v2\/pages"}],"about":[{"href":"https:\/\/www.libramed.info\/fr\/wp-json\/wp\/v2\/types\/page"}],"author":[{"embeddable":true,"href":"https:\/\/www.libramed.info\/fr\/wp-json\/wp\/v2\/users\/2"}],"replies":[{"embeddable":true,"href":"https:\/\/www.libramed.info\/fr\/wp-json\/wp\/v2\/comments?post=3896"}],"version-history":[{"count":5,"href":"https:\/\/www.libramed.info\/fr\/wp-json\/wp\/v2\/pages\/3896\/revisions"}],"predecessor-version":[{"id":4261,"href":"https:\/\/www.libramed.info\/fr\/wp-json\/wp\/v2\/pages\/3896\/revisions\/4261"}],"wp:attachment":[{"href":"https:\/\/www.libramed.info\/fr\/wp-json\/wp\/v2\/media?parent=3896"}],"curies":[{"name":"wp","href":"https:\/\/api.w.org\/{rel}","templated":true}]}}