{"id":4125,"date":"2021-12-01T10:07:36","date_gmt":"2021-12-01T09:07:36","guid":{"rendered":"https:\/\/libramedinfoes.multisite.aboca.com\/?page_id=4125"},"modified":"2026-01-13T14:21:02","modified_gmt":"2026-01-13T13:21:02","slug":"ficha-de-producto-comprimidos","status":"publish","type":"page","link":"https:\/\/www.libramed.info\/es\/libramed-aboca\/ficha-de-producto-comprimidos\/","title":{"rendered":"Ficha de producto &#8211; Comprimidos"},"content":{"rendered":"\n<h4 class=\"wp-block-heading\">Indicaciones<\/h4>\n\n\n\n<p>LibraMed, asociado a una dieta equilibrada, a una ingesta adecuada de l\u00edquidos y a una actividad f\u00edsica regular, gracias a su mecanismo de acci\u00f3n, est\u00e1 indicado para:<\/p>\n\n\n\n<ul class=\"wp-block-list\">\n<li><strong>Adultos y j\u00f3venes a partir de 12 a\u00f1os de edad<\/strong><br>. En caso de sobrepeso y obesidad<br>. Con elevados valores de circunferencia abdominal, incluso normopeso<\/li>\n\n\n\n<li><strong>Ni\u00f1os a partir de 8 a\u00f1os de edad<\/strong><br>. En caso de sobrepeso y obesidad<\/li>\n<\/ul>\n\n\n\n<h4 class=\"wp-block-heading\">Composici\u00f3n<\/h4>\n\n\n\n<p>Complejo patentado de macromol\u00e9culas polisacar\u00eddicas (Policaptil Gel Retard<sup>\u00ae<\/sup>); Aromas de Naranja, Manzana y Lim\u00f3n.<\/p>\n\n\n\n<p>Policaptil Gel Retard<sup>\u00ae<\/sup> es un complejo macromolecular patentado fruto de la investigaci\u00f3n de Aboca, realizado a trav\u00e9s de una tecnolog\u00eda de producci\u00f3n que permite concentrar fracciones polisacar\u00eddicas espec\u00edficas obtenidas de:&nbsp;<em>Celulosa, Opuntia Ficus indica, Amorphophallus konjac, Althaea officinalis, Linum usitatissimum, Tilia platyphyllos y Cichorium intybus.<\/em><\/p>\n\n\n\n<h4 class=\"wp-block-heading\">Modo de empleo<\/h4>\n\n\n\n<p><strong>Adultos y j\u00f3venes mayores de 12 a\u00f1os:<\/strong> 3 comprimidos antes de las dos comidas principales<\/p>\n\n\n\n<p><strong>Ni\u00f1os de 8 a 12 a\u00f1os:<\/strong> 2 comprimidos antes de las dos comidas principales<\/p>\n\n\n\n<h4 class=\"wp-block-heading\">Duraci\u00f3n del tratamiento<\/h4>\n\n\n\n<p>Tomar LibraMed durante un per\u00edodo de al menos 2 meses suspendi\u00e9ndolo durante 2-3 d\u00edas despu\u00e9s de cada mes de tratamiento.<\/p>\n\n\n\n<h4 class=\"wp-block-heading\">Advertencias<\/h4>\n\n\n\n<p>Se desaconseja a quienes tienen problemas de degluci\u00f3n ingerir directamente los comprimidos, estos deber\u00e1n disolverse previamente.<br>Se recomienda tomar el producto dejando un intervalo m\u00ednimo de dos horas respecto a la administraci\u00f3n de f\u00e1rmacos para que no interfiera en su absorci\u00f3n. No administrar durante el embarazo ni la lactancia. A los individuos en tratamiento farmacol\u00f3gico por diabetes o hiperlipidemias se les recomienda consultar a un m\u00e9dico para evaluar la necesidad de modificar la dosificaci\u00f3n de los f\u00e1rmacos.<\/p>\n\n\n\n<p>No utilizar en caso de hipersensibilidad o alergia individual a uno o m\u00e1s componentes. Conservar a temperatura ambiente, alejado de fuentes de calor y protegido de la luz. Mantener el producto fuera del alcance de los ni\u00f1os. La fecha de caducidad se refiere al producto sin abrir y correctamente conservado.<\/p>\n\n\n\n<h4 class=\"wp-block-heading\">Envase<\/h4>\n\n\n\n<p>Frasco de vidrio oscuro con 138 comprimidos de 725 mg cada uno.<br>Frasco de vidrio oscuro con 84 comprimidos de 725 mg cada uno.<\/p>\n\n\n\n<div style=\"height:15px\" aria-hidden=\"true\" class=\"wp-block-spacer\"><\/div>\n","protected":false},"excerpt":{"rendered":"<p>Indicaciones LibraMed, asociado a una dieta equilibrada, a una ingesta adecuada de l\u00edquidos y a una actividad f\u00edsica regular, gracias a su mecanismo de acci\u00f3n, est\u00e1 indicado para: Composici\u00f3n Complejo patentado de macromol\u00e9culas polisacar\u00eddicas (Policaptil Gel Retard\u00ae); Aromas de Naranja, Manzana y Lim\u00f3n. Policaptil Gel Retard\u00ae es un complejo macromolecular patentado fruto de la investigaci\u00f3n&#8230;  <a href=\"https:\/\/www.libramed.info\/es\/libramed-aboca\/ficha-de-producto-comprimidos\/\" class=\"more-link\" title=\"Read Ficha de producto &#8211; Comprimidos\">Leggi tutto &raquo;<\/a><\/p>\n","protected":false},"author":2,"featured_media":0,"parent":4121,"menu_order":0,"comment_status":"closed","ping_status":"closed","template":"","meta":{"footnotes":""},"class_list":["post-4125","page","type-page","status-publish","hentry"],"yoast_head":"<!-- This site is optimized with the Yoast SEO plugin v27.4 - https:\/\/yoast.com\/product\/yoast-seo-wordpress\/ -->\n<title>LibraMed, Ficha de producto - Comprimidos<\/title>\n<meta name=\"description\" content=\"LibraMed, asociado a una dieta equilibrada, a una ingesta adecuada de l\u00edquidos y a una actividad f\u00edsica regular, gracias a su mecanismo de acci\u00f3n, est\u00e1 indicado para: adultos, j\u00f3venes y ni\u00f1os.\" \/>\n<meta name=\"robots\" content=\"index, follow, max-snippet:-1, max-image-preview:large, max-video-preview:-1\" \/>\n<link rel=\"canonical\" href=\"https:\/\/www.libramed.info\/es\/libramed-aboca\/ficha-de-producto-comprimidos\/\" \/>\n<meta property=\"og:locale\" content=\"es_ES\" \/>\n<meta property=\"og:type\" content=\"article\" \/>\n<meta property=\"og:title\" content=\"LibraMed, Ficha de producto - Comprimidos\" \/>\n<meta property=\"og:description\" content=\"LibraMed, asociado a una dieta equilibrada, a una ingesta adecuada de l\u00edquidos y a una actividad f\u00edsica regular, gracias a su mecanismo de acci\u00f3n, est\u00e1 indicado para: adultos, j\u00f3venes y ni\u00f1os.\" \/>\n<meta property=\"og:url\" content=\"https:\/\/www.libramed.info\/es\/libramed-aboca\/ficha-de-producto-comprimidos\/\" \/>\n<meta property=\"og:site_name\" content=\"LibraMed\" \/>\n<meta property=\"article:modified_time\" content=\"2026-01-13T13:21:02+00:00\" \/>\n<meta name=\"twitter:card\" content=\"summary_large_image\" \/>\n<meta name=\"twitter:label1\" content=\"Tiempo de lectura\" \/>\n\t<meta name=\"twitter:data1\" content=\"2 minutos\" \/>\n<script type=\"application\/ld+json\" class=\"yoast-schema-graph\">{\"@context\":\"https:\\\/\\\/schema.org\",\"@graph\":[{\"@type\":\"WebPage\",\"@id\":\"https:\\\/\\\/www.libramed.info\\\/es\\\/libramed-aboca\\\/ficha-de-producto-comprimidos\\\/\",\"url\":\"https:\\\/\\\/www.libramed.info\\\/es\\\/libramed-aboca\\\/ficha-de-producto-comprimidos\\\/\",\"name\":\"LibraMed, Ficha de producto - Comprimidos\",\"isPartOf\":{\"@id\":\"https:\\\/\\\/www.libramed.info\\\/es\\\/#website\"},\"datePublished\":\"2021-12-01T09:07:36+00:00\",\"dateModified\":\"2026-01-13T13:21:02+00:00\",\"description\":\"LibraMed, asociado a una dieta equilibrada, a una ingesta adecuada de l\u00edquidos y a una actividad f\u00edsica regular, gracias a su mecanismo de acci\u00f3n, est\u00e1 indicado para: adultos, j\u00f3venes y ni\u00f1os.\",\"breadcrumb\":{\"@id\":\"https:\\\/\\\/www.libramed.info\\\/es\\\/libramed-aboca\\\/ficha-de-producto-comprimidos\\\/#breadcrumb\"},\"inLanguage\":\"es\",\"potentialAction\":[{\"@type\":\"ReadAction\",\"target\":[\"https:\\\/\\\/www.libramed.info\\\/es\\\/libramed-aboca\\\/ficha-de-producto-comprimidos\\\/\"]}]},{\"@type\":\"BreadcrumbList\",\"@id\":\"https:\\\/\\\/www.libramed.info\\\/es\\\/libramed-aboca\\\/ficha-de-producto-comprimidos\\\/#breadcrumb\",\"itemListElement\":[{\"@type\":\"ListItem\",\"position\":1,\"name\":\"Home\",\"item\":\"https:\\\/\\\/www.libramed.info\\\/es\\\/\"},{\"@type\":\"ListItem\",\"position\":2,\"name\":\"LibraMed\",\"item\":\"https:\\\/\\\/www.libramed.info\\\/es\\\/libramed-aboca\\\/\"},{\"@type\":\"ListItem\",\"position\":3,\"name\":\"Ficha de producto &#8211; Comprimidos\"}]},{\"@type\":\"WebSite\",\"@id\":\"https:\\\/\\\/www.libramed.info\\\/es\\\/#website\",\"url\":\"https:\\\/\\\/www.libramed.info\\\/es\\\/\",\"name\":\"LibraMed\",\"description\":\"Para el control del pico gluc\u00e9mico\",\"potentialAction\":[{\"@type\":\"SearchAction\",\"target\":{\"@type\":\"EntryPoint\",\"urlTemplate\":\"https:\\\/\\\/www.libramed.info\\\/es\\\/?s={search_term_string}\"},\"query-input\":{\"@type\":\"PropertyValueSpecification\",\"valueRequired\":true,\"valueName\":\"search_term_string\"}}],\"inLanguage\":\"es\"}]}<\/script>\n<!-- \/ Yoast SEO plugin. -->","yoast_head_json":{"title":"LibraMed, Ficha de producto - Comprimidos","description":"LibraMed, asociado a una dieta equilibrada, a una ingesta adecuada de l\u00edquidos y a una actividad f\u00edsica regular, gracias a su mecanismo de acci\u00f3n, est\u00e1 indicado para: adultos, j\u00f3venes y ni\u00f1os.","robots":{"index":"index","follow":"follow","max-snippet":"max-snippet:-1","max-image-preview":"max-image-preview:large","max-video-preview":"max-video-preview:-1"},"canonical":"https:\/\/www.libramed.info\/es\/libramed-aboca\/ficha-de-producto-comprimidos\/","og_locale":"es_ES","og_type":"article","og_title":"LibraMed, Ficha de producto - Comprimidos","og_description":"LibraMed, asociado a una dieta equilibrada, a una ingesta adecuada de l\u00edquidos y a una actividad f\u00edsica regular, gracias a su mecanismo de acci\u00f3n, est\u00e1 indicado para: adultos, j\u00f3venes y ni\u00f1os.","og_url":"https:\/\/www.libramed.info\/es\/libramed-aboca\/ficha-de-producto-comprimidos\/","og_site_name":"LibraMed","article_modified_time":"2026-01-13T13:21:02+00:00","twitter_card":"summary_large_image","twitter_misc":{"Tiempo de lectura":"2 minutos"},"schema":{"@context":"https:\/\/schema.org","@graph":[{"@type":"WebPage","@id":"https:\/\/www.libramed.info\/es\/libramed-aboca\/ficha-de-producto-comprimidos\/","url":"https:\/\/www.libramed.info\/es\/libramed-aboca\/ficha-de-producto-comprimidos\/","name":"LibraMed, Ficha de producto - Comprimidos","isPartOf":{"@id":"https:\/\/www.libramed.info\/es\/#website"},"datePublished":"2021-12-01T09:07:36+00:00","dateModified":"2026-01-13T13:21:02+00:00","description":"LibraMed, asociado a una dieta equilibrada, a una ingesta adecuada de l\u00edquidos y a una actividad f\u00edsica regular, gracias a su mecanismo de acci\u00f3n, est\u00e1 indicado para: adultos, j\u00f3venes y ni\u00f1os.","breadcrumb":{"@id":"https:\/\/www.libramed.info\/es\/libramed-aboca\/ficha-de-producto-comprimidos\/#breadcrumb"},"inLanguage":"es","potentialAction":[{"@type":"ReadAction","target":["https:\/\/www.libramed.info\/es\/libramed-aboca\/ficha-de-producto-comprimidos\/"]}]},{"@type":"BreadcrumbList","@id":"https:\/\/www.libramed.info\/es\/libramed-aboca\/ficha-de-producto-comprimidos\/#breadcrumb","itemListElement":[{"@type":"ListItem","position":1,"name":"Home","item":"https:\/\/www.libramed.info\/es\/"},{"@type":"ListItem","position":2,"name":"LibraMed","item":"https:\/\/www.libramed.info\/es\/libramed-aboca\/"},{"@type":"ListItem","position":3,"name":"Ficha de producto &#8211; Comprimidos"}]},{"@type":"WebSite","@id":"https:\/\/www.libramed.info\/es\/#website","url":"https:\/\/www.libramed.info\/es\/","name":"LibraMed","description":"Para el control del pico gluc\u00e9mico","potentialAction":[{"@type":"SearchAction","target":{"@type":"EntryPoint","urlTemplate":"https:\/\/www.libramed.info\/es\/?s={search_term_string}"},"query-input":{"@type":"PropertyValueSpecification","valueRequired":true,"valueName":"search_term_string"}}],"inLanguage":"es"}]}},"_links":{"self":[{"href":"https:\/\/www.libramed.info\/es\/wp-json\/wp\/v2\/pages\/4125","targetHints":{"allow":["GET"]}}],"collection":[{"href":"https:\/\/www.libramed.info\/es\/wp-json\/wp\/v2\/pages"}],"about":[{"href":"https:\/\/www.libramed.info\/es\/wp-json\/wp\/v2\/types\/page"}],"author":[{"embeddable":true,"href":"https:\/\/www.libramed.info\/es\/wp-json\/wp\/v2\/users\/2"}],"replies":[{"embeddable":true,"href":"https:\/\/www.libramed.info\/es\/wp-json\/wp\/v2\/comments?post=4125"}],"version-history":[{"count":5,"href":"https:\/\/www.libramed.info\/es\/wp-json\/wp\/v2\/pages\/4125\/revisions"}],"predecessor-version":[{"id":4439,"href":"https:\/\/www.libramed.info\/es\/wp-json\/wp\/v2\/pages\/4125\/revisions\/4439"}],"up":[{"embeddable":true,"href":"https:\/\/www.libramed.info\/es\/wp-json\/wp\/v2\/pages\/4121"}],"wp:attachment":[{"href":"https:\/\/www.libramed.info\/es\/wp-json\/wp\/v2\/media?parent=4125"}],"curies":[{"name":"wp","href":"https:\/\/api.w.org\/{rel}","templated":true}]}}