{"id":4121,"date":"2021-12-01T10:03:54","date_gmt":"2021-12-01T09:03:54","guid":{"rendered":"https:\/\/libramedinfoes.multisite.aboca.com\/?page_id=4121"},"modified":"2025-03-05T10:24:03","modified_gmt":"2025-03-05T09:24:03","slug":"libramed-aboca","status":"publish","type":"page","link":"https:\/\/www.libramed.info\/es\/libramed-aboca\/","title":{"rendered":"LibraMed"},"content":{"rendered":"\n<h1 class=\"wp-block-heading\">C\u00f3mo act\u00faa<\/h1>\n\n\n\n<p>La acci\u00f3n de <strong>LibraMed<\/strong> se obtiene gracias a&nbsp;<strong>Policaptil Gel Retard<\/strong><sup>\u00ae<\/sup>, un complejo patentado de macromol\u00e9culas polisacar\u00eddicas <em>(Celulosa, Opuntia Ficus indica, Amorphophallus konjac, Althaea officinalis, Linum usitatissimum, Tilia platyphyllos y Cichorium intybus)<\/em> que, gracias a la acci\u00f3n sin\u00e9rgica de sus componentes, favorece la formaci\u00f3n en el intestino de un gel que act\u00faa sobre los carbohidratos, reduciendo la cantidad absorbida y su velocidad de absorci\u00f3n (efecto Retard) para reducir la acumulaci\u00f3n de grasas y la sensaci\u00f3n de hambre.<\/p>\n\n\n\n<p>Gracias a <strong>Policaptil Gel Retard<\/strong><sup>\u00ae<\/sup>, <strong>LibraMed<\/strong> reduce:<\/p>\n\n\n\n<div style=\"height:20px\" aria-hidden=\"true\" class=\"wp-block-spacer\"><\/div>\n\n\n\n<ul class=\"wp-block-list\">\n<li>la acumulaci\u00f3n de grasa en el tejido adiposo<br><strong>LibraMed reduce el brusco aumento de la concentraci\u00f3n de glucosa en la sangre que se produce despu\u00e9s de la comida, con el fin de reducir su almacenamiento en forma de grasa.<\/strong><\/li>\n<\/ul>\n\n\n\n<div style=\"height:20px\" aria-hidden=\"true\" class=\"wp-block-spacer\"><\/div>\n\n\n\n<ul class=\"wp-block-list\">\n<li>la reaparici\u00f3n precoz de la sensaci\u00f3n de hambre<br><strong>LibraMed evita el r\u00e1pido descenso de los niveles de glucosa en la sangre, condici\u00f3n que el organismo interpreta como una ausencia de nutrientes que se debe compensar ingiriendo otros alimentos.<\/strong><\/li>\n<\/ul>\n\n\n\n<div style=\"height:20px\" aria-hidden=\"true\" class=\"wp-block-spacer\"><\/div>\n\n\n\n<p>Adem\u00e1s, LibraMed act\u00faa:<\/p>\n\n\n\n<ul class=\"wp-block-list\">\n<li>reduciendo&nbsp;<strong>la absorci\u00f3n de las grasas<\/strong>,<\/li>\n\n\n\n<li>reduciendo la&nbsp;<strong>somnolencia despu\u00e9s de las comidas<\/strong>,<\/li>\n\n\n\n<li>favoreciendo el&nbsp;<strong>tr\u00e1nsito intestinal<\/strong>&nbsp;y regularizando la consistencia de las heces.<\/li>\n<\/ul>\n\n\n\n<div style=\"height:20px\" aria-hidden=\"true\" class=\"wp-block-spacer\"><\/div>\n\n\n\n<p>Libramed est\u00e1 indicado para:&nbsp;<\/p>\n\n\n\n<ul class=\"wp-block-list\">\n<li><strong>adultos y j\u00f3venes a partir de 12 a\u00f1os de edad: <\/strong>en caso de sobrepeso y obesidad; con elevados valores de circunferencia abdominal, incluso normopeso.&nbsp;<\/li>\n\n\n\n<li><strong>ni\u00f1os a partir de 8 a\u00f1os de edad: <\/strong>en caso de sobrepeso y obesidad.&nbsp;<\/li>\n<\/ul>\n","protected":false},"excerpt":{"rendered":"<p>C\u00f3mo act\u00faa La acci\u00f3n de LibraMed se obtiene gracias a&nbsp;Policaptil Gel Retard\u00ae, un complejo patentado de macromol\u00e9culas polisacar\u00eddicas (Celulosa, Opuntia Ficus indica, Amorphophallus konjac, Althaea officinalis, Linum usitatissimum, Tilia platyphyllos y Cichorium intybus) que, gracias a la acci\u00f3n sin\u00e9rgica de sus componentes, favorece la formaci\u00f3n en el intestino de un gel que act\u00faa sobre los&#8230;  <a href=\"https:\/\/www.libramed.info\/es\/libramed-aboca\/\" class=\"more-link\" title=\"Read LibraMed\">Leggi tutto &raquo;<\/a><\/p>\n","protected":false},"author":2,"featured_media":0,"parent":0,"menu_order":0,"comment_status":"closed","ping_status":"closed","template":"","meta":{"footnotes":""},"class_list":["post-4121","page","type-page","status-publish","hentry"],"yoast_head":"<!-- This site is optimized with the Yoast SEO plugin v27.2 - https:\/\/yoast.com\/product\/yoast-seo-wordpress\/ -->\n<title>C\u00f3mo act\u00faa | Aboca Libramed<\/title>\n<meta name=\"description\" content=\"La acci\u00f3n de LibraMed es debida a Policaptil Gel Retard\u00ae, un complejo patentado de macromol\u00e9culas de polisac\u00e1ridos que, gracias a la acci\u00f3n sin\u00e9rgica de sus componentes, favorece la formaci\u00f3n en el intestino de un gel que act\u00faa sobre los carbohidratos, reduciendo la cantidad absorbida y su velocidad de absorci\u00f3n (efecto Retard) para reducir la acumulaci\u00f3n de grasas y la sensaci\u00f3n de hambre.\" \/>\n<meta name=\"robots\" content=\"index, follow, max-snippet:-1, max-image-preview:large, max-video-preview:-1\" \/>\n<link rel=\"canonical\" href=\"https:\/\/www.libramed.info\/es\/libramed-aboca\/\" \/>\n<meta property=\"og:locale\" content=\"es_ES\" \/>\n<meta property=\"og:type\" content=\"article\" \/>\n<meta property=\"og:title\" content=\"C\u00f3mo act\u00faa | Aboca Libramed\" \/>\n<meta property=\"og:description\" content=\"La acci\u00f3n de LibraMed es debida a Policaptil Gel Retard\u00ae, un complejo patentado de macromol\u00e9culas de polisac\u00e1ridos que, gracias a la acci\u00f3n sin\u00e9rgica de sus componentes, favorece la formaci\u00f3n en el intestino de un gel que act\u00faa sobre los carbohidratos, reduciendo la cantidad absorbida y su velocidad de absorci\u00f3n (efecto Retard) para reducir la acumulaci\u00f3n de grasas y la sensaci\u00f3n de hambre.\" \/>\n<meta property=\"og:url\" content=\"https:\/\/www.libramed.info\/es\/libramed-aboca\/\" \/>\n<meta property=\"og:site_name\" content=\"LibraMed\" \/>\n<meta property=\"article:modified_time\" content=\"2025-03-05T09:24:03+00:00\" \/>\n<meta name=\"twitter:card\" content=\"summary_large_image\" \/>\n<meta name=\"twitter:label1\" content=\"Tiempo de lectura\" \/>\n\t<meta name=\"twitter:data1\" content=\"2 minutos\" \/>\n<script type=\"application\/ld+json\" class=\"yoast-schema-graph\">{\"@context\":\"https:\/\/schema.org\",\"@graph\":[{\"@type\":\"WebPage\",\"@id\":\"https:\/\/www.libramed.info\/es\/libramed-aboca\/\",\"url\":\"https:\/\/www.libramed.info\/es\/libramed-aboca\/\",\"name\":\"C\u00f3mo act\u00faa | Aboca Libramed\",\"isPartOf\":{\"@id\":\"https:\/\/www.libramed.info\/es\/#website\"},\"datePublished\":\"2021-12-01T09:03:54+00:00\",\"dateModified\":\"2025-03-05T09:24:03+00:00\",\"description\":\"La acci\u00f3n de LibraMed es debida a Policaptil Gel Retard\u00ae, un complejo patentado de macromol\u00e9culas de polisac\u00e1ridos que, gracias a la acci\u00f3n sin\u00e9rgica de sus componentes, favorece la formaci\u00f3n en el intestino de un gel que act\u00faa sobre los carbohidratos, reduciendo la cantidad absorbida y su velocidad de absorci\u00f3n (efecto Retard) para reducir la acumulaci\u00f3n de grasas y la sensaci\u00f3n de hambre.\",\"breadcrumb\":{\"@id\":\"https:\/\/www.libramed.info\/es\/libramed-aboca\/#breadcrumb\"},\"inLanguage\":\"es\",\"potentialAction\":[{\"@type\":\"ReadAction\",\"target\":[\"https:\/\/www.libramed.info\/es\/libramed-aboca\/\"]}]},{\"@type\":\"BreadcrumbList\",\"@id\":\"https:\/\/www.libramed.info\/es\/libramed-aboca\/#breadcrumb\",\"itemListElement\":[{\"@type\":\"ListItem\",\"position\":1,\"name\":\"Home\",\"item\":\"https:\/\/www.libramed.info\/es\/\"},{\"@type\":\"ListItem\",\"position\":2,\"name\":\"LibraMed\"}]},{\"@type\":\"WebSite\",\"@id\":\"https:\/\/www.libramed.info\/es\/#website\",\"url\":\"https:\/\/www.libramed.info\/es\/\",\"name\":\"LibraMed\",\"description\":\"Para el control del pico gluc\u00e9mico\",\"potentialAction\":[{\"@type\":\"SearchAction\",\"target\":{\"@type\":\"EntryPoint\",\"urlTemplate\":\"https:\/\/www.libramed.info\/es\/?s={search_term_string}\"},\"query-input\":{\"@type\":\"PropertyValueSpecification\",\"valueRequired\":true,\"valueName\":\"search_term_string\"}}],\"inLanguage\":\"es\"}]}<\/script>\n<!-- \/ Yoast SEO plugin. -->","yoast_head_json":{"title":"C\u00f3mo act\u00faa | Aboca Libramed","description":"La acci\u00f3n de LibraMed es debida a Policaptil Gel Retard\u00ae, un complejo patentado de macromol\u00e9culas de polisac\u00e1ridos que, gracias a la acci\u00f3n sin\u00e9rgica de sus componentes, favorece la formaci\u00f3n en el intestino de un gel que act\u00faa sobre los carbohidratos, reduciendo la cantidad absorbida y su velocidad de absorci\u00f3n (efecto Retard) para reducir la acumulaci\u00f3n de grasas y la sensaci\u00f3n de hambre.","robots":{"index":"index","follow":"follow","max-snippet":"max-snippet:-1","max-image-preview":"max-image-preview:large","max-video-preview":"max-video-preview:-1"},"canonical":"https:\/\/www.libramed.info\/es\/libramed-aboca\/","og_locale":"es_ES","og_type":"article","og_title":"C\u00f3mo act\u00faa | Aboca Libramed","og_description":"La acci\u00f3n de LibraMed es debida a Policaptil Gel Retard\u00ae, un complejo patentado de macromol\u00e9culas de polisac\u00e1ridos que, gracias a la acci\u00f3n sin\u00e9rgica de sus componentes, favorece la formaci\u00f3n en el intestino de un gel que act\u00faa sobre los carbohidratos, reduciendo la cantidad absorbida y su velocidad de absorci\u00f3n (efecto Retard) para reducir la acumulaci\u00f3n de grasas y la sensaci\u00f3n de hambre.","og_url":"https:\/\/www.libramed.info\/es\/libramed-aboca\/","og_site_name":"LibraMed","article_modified_time":"2025-03-05T09:24:03+00:00","twitter_card":"summary_large_image","twitter_misc":{"Tiempo de lectura":"2 minutos"},"schema":{"@context":"https:\/\/schema.org","@graph":[{"@type":"WebPage","@id":"https:\/\/www.libramed.info\/es\/libramed-aboca\/","url":"https:\/\/www.libramed.info\/es\/libramed-aboca\/","name":"C\u00f3mo act\u00faa | Aboca Libramed","isPartOf":{"@id":"https:\/\/www.libramed.info\/es\/#website"},"datePublished":"2021-12-01T09:03:54+00:00","dateModified":"2025-03-05T09:24:03+00:00","description":"La acci\u00f3n de LibraMed es debida a Policaptil Gel Retard\u00ae, un complejo patentado de macromol\u00e9culas de polisac\u00e1ridos que, gracias a la acci\u00f3n sin\u00e9rgica de sus componentes, favorece la formaci\u00f3n en el intestino de un gel que act\u00faa sobre los carbohidratos, reduciendo la cantidad absorbida y su velocidad de absorci\u00f3n (efecto Retard) para reducir la acumulaci\u00f3n de grasas y la sensaci\u00f3n de hambre.","breadcrumb":{"@id":"https:\/\/www.libramed.info\/es\/libramed-aboca\/#breadcrumb"},"inLanguage":"es","potentialAction":[{"@type":"ReadAction","target":["https:\/\/www.libramed.info\/es\/libramed-aboca\/"]}]},{"@type":"BreadcrumbList","@id":"https:\/\/www.libramed.info\/es\/libramed-aboca\/#breadcrumb","itemListElement":[{"@type":"ListItem","position":1,"name":"Home","item":"https:\/\/www.libramed.info\/es\/"},{"@type":"ListItem","position":2,"name":"LibraMed"}]},{"@type":"WebSite","@id":"https:\/\/www.libramed.info\/es\/#website","url":"https:\/\/www.libramed.info\/es\/","name":"LibraMed","description":"Para el control del pico gluc\u00e9mico","potentialAction":[{"@type":"SearchAction","target":{"@type":"EntryPoint","urlTemplate":"https:\/\/www.libramed.info\/es\/?s={search_term_string}"},"query-input":{"@type":"PropertyValueSpecification","valueRequired":true,"valueName":"search_term_string"}}],"inLanguage":"es"}]}},"_links":{"self":[{"href":"https:\/\/www.libramed.info\/es\/wp-json\/wp\/v2\/pages\/4121","targetHints":{"allow":["GET"]}}],"collection":[{"href":"https:\/\/www.libramed.info\/es\/wp-json\/wp\/v2\/pages"}],"about":[{"href":"https:\/\/www.libramed.info\/es\/wp-json\/wp\/v2\/types\/page"}],"author":[{"embeddable":true,"href":"https:\/\/www.libramed.info\/es\/wp-json\/wp\/v2\/users\/2"}],"replies":[{"embeddable":true,"href":"https:\/\/www.libramed.info\/es\/wp-json\/wp\/v2\/comments?post=4121"}],"version-history":[{"count":5,"href":"https:\/\/www.libramed.info\/es\/wp-json\/wp\/v2\/pages\/4121\/revisions"}],"predecessor-version":[{"id":4417,"href":"https:\/\/www.libramed.info\/es\/wp-json\/wp\/v2\/pages\/4121\/revisions\/4417"}],"wp:attachment":[{"href":"https:\/\/www.libramed.info\/es\/wp-json\/wp\/v2\/media?parent=4121"}],"curies":[{"name":"wp","href":"https:\/\/api.w.org\/{rel}","templated":true}]}}