{"id":4107,"date":"2021-11-30T18:00:40","date_gmt":"2021-11-30T17:00:40","guid":{"rendered":"https:\/\/libramedinfoes.multisite.aboca.com\/?page_id=4107"},"modified":"2023-02-08T12:33:29","modified_gmt":"2023-02-08T11:33:29","slug":"controllo-del-peso-in-eta-pediatrica","status":"publish","type":"page","link":"https:\/\/www.libramed.info\/es\/enfoque-sobrepeso-obesidad\/controllo-del-peso-in-eta-pediatrica\/","title":{"rendered":"La gesti\u00f3n del control del peso en edad pedi\u00e1trica"},"content":{"rendered":"\n<p>La gesti\u00f3n del control del peso en el ni\u00f1o&nbsp;<strong>requiere un enfoque particular respecto al adulto<\/strong>. De hecho, en \u00e1mbito pedi\u00e1trico es indispensable&nbsp;<strong>garantizar un crecimiento ponderal proporcionado al desarrollo del individuo<\/strong>&nbsp;mediante una ingesta adecuada de nutrientes y, al mismo tiempo, deben evitarse el sobrepeso y la obesidad, fen\u00f3menos en crecimiento en las sociedades modernas que pueden comprometer gravemente el estado de salud del ni\u00f1o.<\/p>\n\n\n\n<p>Un enfoque correcto de la gesti\u00f3n del peso en edad pedi\u00e1trica deber\u00eda empezar por el control de los principales factores de riesgo, alimentaci\u00f3n incorrecta y sedentarismo, con el fin de tutelar el estado de salud del ni\u00f1o y su crecimiento arm\u00f3nico y de prevenir la obesidad y las enfermedades que conlleva en el individuo una vez alcanzada la edad adulta.<\/p>\n\n\n\n<p>El objetivo deber\u00eda ser ralentizar o detener el aumento de peso excesivo, permitiendo que el ni\u00f1o crezca en altura manteniendo un peso proporcionado con su estatura. El medio m\u00e1s id\u00f3neo para alcanzar este objetivo es un programa diet\u00e9tico comportamental, actuado junto a la familia, que intervenga en distintos factores:<\/p>\n\n\n\n<div style=\"height:20px\" aria-hidden=\"true\" class=\"wp-block-spacer\"><\/div>\n\n\n\n<div class=\"wp-block-media-text alignwide is-stacked-on-mobile\" style=\"grid-template-columns:25% auto\"><figure class=\"wp-block-media-text__media\"><img loading=\"lazy\" decoding=\"async\" width=\"229\" height=\"197\" src=\"https:\/\/www.libramed.info\/es\/wp-content\/uploads\/sites\/171\/2021\/11\/La-gestione-del-controllo-del-peso-in-eta-pediatrica_11.png\" alt=\"\" class=\"wp-image-4053 size-full\"\/><\/figure><div class=\"wp-block-media-text__content\">\n<p><strong>ALIMENTARIO<\/strong>&nbsp;adoptando un r\u00e9gimen alimentario adecuado, es decir, variado y sin excesos, que comprenda todos los alimentos en las cantidades adecuadas y que favorezca la fruta y la verdura y limite los alimentos y las bebidas con alto contenido en az\u00facares simples.<\/p>\n<\/div><\/div>\n\n\n\n<div class=\"wp-block-media-text alignwide is-stacked-on-mobile\" style=\"grid-template-columns:25% auto\"><figure class=\"wp-block-media-text__media\"><img loading=\"lazy\" decoding=\"async\" width=\"229\" height=\"170\" src=\"https:\/\/www.libramed.info\/es\/wp-content\/uploads\/sites\/171\/2021\/11\/La-gestione-del-controllo-del-peso-in-eta-pediatrica_21.png\" alt=\"\" class=\"wp-image-4054 size-full\"\/><\/figure><div class=\"wp-block-media-text__content\">\n<p><strong><strong><strong>MOVIMIENTO<\/strong>&nbsp;<\/strong><\/strong>reduciendo el sedentarismo mediante la pr\u00e1ctica de<br>actividad f\u00edsica cotidiana, favoreciendo el juego libre y la actividad motora organizada.<\/p>\n<\/div><\/div>\n\n\n\n<div style=\"height:20px\" aria-hidden=\"true\" class=\"wp-block-spacer\"><\/div>\n\n\n\n<p>En los casos en los que un correcto r\u00e9gimen alimentario y una adecuada actividad f\u00edsica no sean suficientes para contrarrestar el exceso ponderal que pone en peligro la salud del ni\u00f1o, puede ser \u00fatil intervenir, bajo la gu\u00eda del pediatra, con un producto terap\u00e9utico espec\u00edfico.<\/p>\n","protected":false},"excerpt":{"rendered":"<p>La gesti\u00f3n del control del peso en el ni\u00f1o&nbsp;requiere un enfoque particular respecto al adulto. De hecho, en \u00e1mbito pedi\u00e1trico es indispensable&nbsp;garantizar un crecimiento ponderal proporcionado al desarrollo del individuo&nbsp;mediante una ingesta adecuada de nutrientes y, al mismo tiempo, deben evitarse el sobrepeso y la obesidad, fen\u00f3menos en crecimiento en las sociedades modernas que pueden&#8230;  <a href=\"https:\/\/www.libramed.info\/es\/enfoque-sobrepeso-obesidad\/controllo-del-peso-in-eta-pediatrica\/\" class=\"more-link\" title=\"Read La gesti\u00f3n del control del peso en edad pedi\u00e1trica\">Leggi tutto &raquo;<\/a><\/p>\n","protected":false},"author":2,"featured_media":0,"parent":4099,"menu_order":0,"comment_status":"closed","ping_status":"closed","template":"","meta":{"footnotes":""},"class_list":["post-4107","page","type-page","status-publish","hentry"],"yoast_head":"<!-- This site is optimized with the Yoast SEO plugin v27.2 - https:\/\/yoast.com\/product\/yoast-seo-wordpress\/ -->\n<title>La gesti\u00f3n del control del peso en edad pediatrica<\/title>\n<meta name=\"description\" content=\"La gesti\u00f3n del contro! del peso en el ni\u00f1o requiere un enfoque particular respecto al adulto.\" \/>\n<meta name=\"robots\" content=\"index, follow, max-snippet:-1, max-image-preview:large, max-video-preview:-1\" \/>\n<link rel=\"canonical\" href=\"https:\/\/www.libramed.info\/es\/enfoque-sobrepeso-obesidad\/controllo-del-peso-in-eta-pediatrica\/\" \/>\n<meta property=\"og:locale\" content=\"es_ES\" \/>\n<meta property=\"og:type\" content=\"article\" \/>\n<meta property=\"og:title\" content=\"La gesti\u00f3n del control del peso en edad pediatrica\" \/>\n<meta property=\"og:description\" content=\"La gesti\u00f3n del contro! del peso en el ni\u00f1o requiere un enfoque particular respecto al adulto.\" \/>\n<meta property=\"og:url\" content=\"https:\/\/www.libramed.info\/es\/enfoque-sobrepeso-obesidad\/controllo-del-peso-in-eta-pediatrica\/\" \/>\n<meta property=\"og:site_name\" content=\"LibraMed\" \/>\n<meta property=\"article:modified_time\" content=\"2023-02-08T11:33:29+00:00\" \/>\n<meta property=\"og:image\" content=\"https:\/\/www.libramed.info\/es\/wp-content\/uploads\/sites\/171\/2021\/11\/La-gestione-del-controllo-del-peso-in-eta-pediatrica_11.png\" \/>\n<meta name=\"twitter:card\" content=\"summary_large_image\" \/>\n<meta name=\"twitter:label1\" content=\"Tiempo de lectura\" \/>\n\t<meta name=\"twitter:data1\" content=\"2 minutos\" \/>\n<script type=\"application\/ld+json\" class=\"yoast-schema-graph\">{\"@context\":\"https:\/\/schema.org\",\"@graph\":[{\"@type\":\"WebPage\",\"@id\":\"https:\/\/www.libramed.info\/es\/enfoque-sobrepeso-obesidad\/controllo-del-peso-in-eta-pediatrica\/\",\"url\":\"https:\/\/www.libramed.info\/es\/enfoque-sobrepeso-obesidad\/controllo-del-peso-in-eta-pediatrica\/\",\"name\":\"La gesti\u00f3n del control del peso en edad pediatrica\",\"isPartOf\":{\"@id\":\"https:\/\/www.libramed.info\/es\/#website\"},\"primaryImageOfPage\":{\"@id\":\"https:\/\/www.libramed.info\/es\/enfoque-sobrepeso-obesidad\/controllo-del-peso-in-eta-pediatrica\/#primaryimage\"},\"image\":{\"@id\":\"https:\/\/www.libramed.info\/es\/enfoque-sobrepeso-obesidad\/controllo-del-peso-in-eta-pediatrica\/#primaryimage\"},\"thumbnailUrl\":\"https:\/\/www.libramed.info\/es\/wp-content\/uploads\/sites\/171\/2021\/11\/La-gestione-del-controllo-del-peso-in-eta-pediatrica_11.png\",\"datePublished\":\"2021-11-30T17:00:40+00:00\",\"dateModified\":\"2023-02-08T11:33:29+00:00\",\"description\":\"La gesti\u00f3n del contro! del peso en el ni\u00f1o requiere un enfoque particular respecto al adulto.\",\"breadcrumb\":{\"@id\":\"https:\/\/www.libramed.info\/es\/enfoque-sobrepeso-obesidad\/controllo-del-peso-in-eta-pediatrica\/#breadcrumb\"},\"inLanguage\":\"es\",\"potentialAction\":[{\"@type\":\"ReadAction\",\"target\":[\"https:\/\/www.libramed.info\/es\/enfoque-sobrepeso-obesidad\/controllo-del-peso-in-eta-pediatrica\/\"]}]},{\"@type\":\"ImageObject\",\"inLanguage\":\"es\",\"@id\":\"https:\/\/www.libramed.info\/es\/enfoque-sobrepeso-obesidad\/controllo-del-peso-in-eta-pediatrica\/#primaryimage\",\"url\":\"https:\/\/www.libramed.info\/es\/wp-content\/uploads\/sites\/171\/2021\/11\/La-gestione-del-controllo-del-peso-in-eta-pediatrica_11.png\",\"contentUrl\":\"https:\/\/www.libramed.info\/es\/wp-content\/uploads\/sites\/171\/2021\/11\/La-gestione-del-controllo-del-peso-in-eta-pediatrica_11.png\",\"width\":229,\"height\":197},{\"@type\":\"BreadcrumbList\",\"@id\":\"https:\/\/www.libramed.info\/es\/enfoque-sobrepeso-obesidad\/controllo-del-peso-in-eta-pediatrica\/#breadcrumb\",\"itemListElement\":[{\"@type\":\"ListItem\",\"position\":1,\"name\":\"Home\",\"item\":\"https:\/\/www.libramed.info\/es\/\"},{\"@type\":\"ListItem\",\"position\":2,\"name\":\"El enfoque adecuado\",\"item\":\"https:\/\/www.libramed.info\/es\/enfoque-sobrepeso-obesidad\/\"},{\"@type\":\"ListItem\",\"position\":3,\"name\":\"La gesti\u00f3n del control del peso en edad pedi\u00e1trica\"}]},{\"@type\":\"WebSite\",\"@id\":\"https:\/\/www.libramed.info\/es\/#website\",\"url\":\"https:\/\/www.libramed.info\/es\/\",\"name\":\"LibraMed\",\"description\":\"Para el control del pico gluc\u00e9mico\",\"potentialAction\":[{\"@type\":\"SearchAction\",\"target\":{\"@type\":\"EntryPoint\",\"urlTemplate\":\"https:\/\/www.libramed.info\/es\/?s={search_term_string}\"},\"query-input\":{\"@type\":\"PropertyValueSpecification\",\"valueRequired\":true,\"valueName\":\"search_term_string\"}}],\"inLanguage\":\"es\"}]}<\/script>\n<!-- \/ Yoast SEO plugin. -->","yoast_head_json":{"title":"La gesti\u00f3n del control del peso en edad pediatrica","description":"La gesti\u00f3n del contro! del peso en el ni\u00f1o requiere un enfoque particular respecto al adulto.","robots":{"index":"index","follow":"follow","max-snippet":"max-snippet:-1","max-image-preview":"max-image-preview:large","max-video-preview":"max-video-preview:-1"},"canonical":"https:\/\/www.libramed.info\/es\/enfoque-sobrepeso-obesidad\/controllo-del-peso-in-eta-pediatrica\/","og_locale":"es_ES","og_type":"article","og_title":"La gesti\u00f3n del control del peso en edad pediatrica","og_description":"La gesti\u00f3n del contro! del peso en el ni\u00f1o requiere un enfoque particular respecto al adulto.","og_url":"https:\/\/www.libramed.info\/es\/enfoque-sobrepeso-obesidad\/controllo-del-peso-in-eta-pediatrica\/","og_site_name":"LibraMed","article_modified_time":"2023-02-08T11:33:29+00:00","og_image":[{"url":"https:\/\/www.libramed.info\/es\/wp-content\/uploads\/sites\/171\/2021\/11\/La-gestione-del-controllo-del-peso-in-eta-pediatrica_11.png","type":"","width":"","height":""}],"twitter_card":"summary_large_image","twitter_misc":{"Tiempo de lectura":"2 minutos"},"schema":{"@context":"https:\/\/schema.org","@graph":[{"@type":"WebPage","@id":"https:\/\/www.libramed.info\/es\/enfoque-sobrepeso-obesidad\/controllo-del-peso-in-eta-pediatrica\/","url":"https:\/\/www.libramed.info\/es\/enfoque-sobrepeso-obesidad\/controllo-del-peso-in-eta-pediatrica\/","name":"La gesti\u00f3n del control del peso en edad pediatrica","isPartOf":{"@id":"https:\/\/www.libramed.info\/es\/#website"},"primaryImageOfPage":{"@id":"https:\/\/www.libramed.info\/es\/enfoque-sobrepeso-obesidad\/controllo-del-peso-in-eta-pediatrica\/#primaryimage"},"image":{"@id":"https:\/\/www.libramed.info\/es\/enfoque-sobrepeso-obesidad\/controllo-del-peso-in-eta-pediatrica\/#primaryimage"},"thumbnailUrl":"https:\/\/www.libramed.info\/es\/wp-content\/uploads\/sites\/171\/2021\/11\/La-gestione-del-controllo-del-peso-in-eta-pediatrica_11.png","datePublished":"2021-11-30T17:00:40+00:00","dateModified":"2023-02-08T11:33:29+00:00","description":"La gesti\u00f3n del contro! del peso en el ni\u00f1o requiere un enfoque particular respecto al adulto.","breadcrumb":{"@id":"https:\/\/www.libramed.info\/es\/enfoque-sobrepeso-obesidad\/controllo-del-peso-in-eta-pediatrica\/#breadcrumb"},"inLanguage":"es","potentialAction":[{"@type":"ReadAction","target":["https:\/\/www.libramed.info\/es\/enfoque-sobrepeso-obesidad\/controllo-del-peso-in-eta-pediatrica\/"]}]},{"@type":"ImageObject","inLanguage":"es","@id":"https:\/\/www.libramed.info\/es\/enfoque-sobrepeso-obesidad\/controllo-del-peso-in-eta-pediatrica\/#primaryimage","url":"https:\/\/www.libramed.info\/es\/wp-content\/uploads\/sites\/171\/2021\/11\/La-gestione-del-controllo-del-peso-in-eta-pediatrica_11.png","contentUrl":"https:\/\/www.libramed.info\/es\/wp-content\/uploads\/sites\/171\/2021\/11\/La-gestione-del-controllo-del-peso-in-eta-pediatrica_11.png","width":229,"height":197},{"@type":"BreadcrumbList","@id":"https:\/\/www.libramed.info\/es\/enfoque-sobrepeso-obesidad\/controllo-del-peso-in-eta-pediatrica\/#breadcrumb","itemListElement":[{"@type":"ListItem","position":1,"name":"Home","item":"https:\/\/www.libramed.info\/es\/"},{"@type":"ListItem","position":2,"name":"El enfoque adecuado","item":"https:\/\/www.libramed.info\/es\/enfoque-sobrepeso-obesidad\/"},{"@type":"ListItem","position":3,"name":"La gesti\u00f3n del control del peso en edad pedi\u00e1trica"}]},{"@type":"WebSite","@id":"https:\/\/www.libramed.info\/es\/#website","url":"https:\/\/www.libramed.info\/es\/","name":"LibraMed","description":"Para el control del pico gluc\u00e9mico","potentialAction":[{"@type":"SearchAction","target":{"@type":"EntryPoint","urlTemplate":"https:\/\/www.libramed.info\/es\/?s={search_term_string}"},"query-input":{"@type":"PropertyValueSpecification","valueRequired":true,"valueName":"search_term_string"}}],"inLanguage":"es"}]}},"_links":{"self":[{"href":"https:\/\/www.libramed.info\/es\/wp-json\/wp\/v2\/pages\/4107","targetHints":{"allow":["GET"]}}],"collection":[{"href":"https:\/\/www.libramed.info\/es\/wp-json\/wp\/v2\/pages"}],"about":[{"href":"https:\/\/www.libramed.info\/es\/wp-json\/wp\/v2\/types\/page"}],"author":[{"embeddable":true,"href":"https:\/\/www.libramed.info\/es\/wp-json\/wp\/v2\/users\/2"}],"replies":[{"embeddable":true,"href":"https:\/\/www.libramed.info\/es\/wp-json\/wp\/v2\/comments?post=4107"}],"version-history":[{"count":5,"href":"https:\/\/www.libramed.info\/es\/wp-json\/wp\/v2\/pages\/4107\/revisions"}],"predecessor-version":[{"id":4353,"href":"https:\/\/www.libramed.info\/es\/wp-json\/wp\/v2\/pages\/4107\/revisions\/4353"}],"up":[{"embeddable":true,"href":"https:\/\/www.libramed.info\/es\/wp-json\/wp\/v2\/pages\/4099"}],"wp:attachment":[{"href":"https:\/\/www.libramed.info\/es\/wp-json\/wp\/v2\/media?parent=4107"}],"curies":[{"name":"wp","href":"https:\/\/api.w.org\/{rel}","templated":true}]}}