{"id":4102,"date":"2021-11-30T17:54:57","date_gmt":"2021-11-30T16:54:57","guid":{"rendered":"https:\/\/libramedinfoes.multisite.aboca.com\/?page_id=4102"},"modified":"2023-05-18T15:32:57","modified_gmt":"2023-05-18T13:32:57","slug":"cadena-sanitaria-integrada","status":"publish","type":"page","link":"https:\/\/www.libramed.info\/es\/enfoque-sobrepeso-obesidad\/cadena-sanitaria-integrada\/","title":{"rendered":"Cadena sanitaria integrada"},"content":{"rendered":"\n<p>Aboca cree que el desaf\u00edo del control del peso puede ser afrontado eficazmente a trav\u00e9s de una&nbsp;<strong>Cadena Sanitaria Integrada que centre su trabajo en la persona, proporcion\u00e1ndole las competencias y el soporte necesarios para acompa\u00f1arla en un proceso de control del peso sano y equilibrado<\/strong><strong>:<\/strong><\/p>\n\n\n<div class=\"wp-block-image\">\n<figure class=\"aligncenter size-full\"><img loading=\"lazy\" decoding=\"async\" width=\"800\" height=\"490\" src=\"https:\/\/www.libramed.info\/es\/wp-content\/uploads\/sites\/171\/2023\/02\/Triangolo.png\" alt=\"Cadena sanitaria integrada | Libramed Aboca\" class=\"wp-image-4363\" srcset=\"https:\/\/www.libramed.info\/es\/wp-content\/uploads\/sites\/171\/2023\/02\/Triangolo.png 800w, https:\/\/www.libramed.info\/es\/wp-content\/uploads\/sites\/171\/2023\/02\/Triangolo-300x184.png 300w, https:\/\/www.libramed.info\/es\/wp-content\/uploads\/sites\/171\/2023\/02\/Triangolo-768x470.png 768w\" sizes=\"auto, (max-width: 800px) 100vw, 800px\" \/><\/figure>\n<\/div>\n\n\n<p>Siempre es importante consultar a su m\u00e9dico o a un profesional de la salud.<\/p>\n\n\n\n<p>En este proceso puede ser \u00fatil emplear nuevos complejos moleculares vegetales capaces de intervenir en los mecanismos fisiol\u00f3gicos que causan el problema.<\/p>\n\n\n\n<p><strong>\u00a1Pide consejo!<\/strong><\/p>\n","protected":false},"excerpt":{"rendered":"<p>Aboca cree que el desaf\u00edo del control del peso puede ser afrontado eficazmente a trav\u00e9s de una&nbsp;Cadena Sanitaria Integrada que centre su trabajo en la persona, proporcion\u00e1ndole las competencias y el soporte necesarios para acompa\u00f1arla en un proceso de control del peso sano y equilibrado: Siempre es importante consultar a su m\u00e9dico o a un&#8230;  <a href=\"https:\/\/www.libramed.info\/es\/enfoque-sobrepeso-obesidad\/cadena-sanitaria-integrada\/\" class=\"more-link\" title=\"Read Cadena sanitaria integrada\">Leggi tutto &raquo;<\/a><\/p>\n","protected":false},"author":2,"featured_media":0,"parent":4099,"menu_order":0,"comment_status":"closed","ping_status":"closed","template":"","meta":{"footnotes":""},"class_list":["post-4102","page","type-page","status-publish","hentry"],"yoast_head":"<!-- This site is optimized with the Yoast SEO plugin v27.2 - https:\/\/yoast.com\/product\/yoast-seo-wordpress\/ -->\n<title>Cadena sanitaria integrada | Aboca Libramed<\/title>\n<meta name=\"description\" content=\"Aboca cree que el desaf\u00edo del control del peso puede ser afrontado eficazmente a trav\u00e9s de una Cadena Sanitaria Integrada que centre su trabajo en la persona, proporcion\u00e1ndole las competencias y el soporte necesarios para acompa\u00f1arla en un proceso de control del peso sano y equilibrado\" \/>\n<meta name=\"robots\" content=\"index, follow, max-snippet:-1, max-image-preview:large, max-video-preview:-1\" \/>\n<link rel=\"canonical\" href=\"https:\/\/www.libramed.info\/es\/enfoque-sobrepeso-obesidad\/cadena-sanitaria-integrada\/\" \/>\n<meta property=\"og:locale\" content=\"es_ES\" \/>\n<meta property=\"og:type\" content=\"article\" \/>\n<meta property=\"og:title\" content=\"Cadena sanitaria integrada | Aboca Libramed\" \/>\n<meta property=\"og:description\" content=\"Aboca cree que el desaf\u00edo del control del peso puede ser afrontado eficazmente a trav\u00e9s de una Cadena Sanitaria Integrada que centre su trabajo en la persona, proporcion\u00e1ndole las competencias y el soporte necesarios para acompa\u00f1arla en un proceso de control del peso sano y equilibrado\" \/>\n<meta property=\"og:url\" content=\"https:\/\/www.libramed.info\/es\/enfoque-sobrepeso-obesidad\/cadena-sanitaria-integrada\/\" \/>\n<meta property=\"og:site_name\" content=\"LibraMed\" \/>\n<meta property=\"article:modified_time\" content=\"2023-05-18T13:32:57+00:00\" \/>\n<meta property=\"og:image\" content=\"https:\/\/www.libramed.info\/es\/wp-content\/uploads\/sites\/171\/2023\/02\/Triangolo.png\" \/>\n<meta name=\"twitter:card\" content=\"summary_large_image\" \/>\n<meta name=\"twitter:label1\" content=\"Tiempo de lectura\" \/>\n\t<meta name=\"twitter:data1\" content=\"1 minuto\" \/>\n<script type=\"application\/ld+json\" class=\"yoast-schema-graph\">{\"@context\":\"https:\/\/schema.org\",\"@graph\":[{\"@type\":\"WebPage\",\"@id\":\"https:\/\/www.libramed.info\/es\/enfoque-sobrepeso-obesidad\/cadena-sanitaria-integrada\/\",\"url\":\"https:\/\/www.libramed.info\/es\/enfoque-sobrepeso-obesidad\/cadena-sanitaria-integrada\/\",\"name\":\"Cadena sanitaria integrada | Aboca Libramed\",\"isPartOf\":{\"@id\":\"https:\/\/www.libramed.info\/es\/#website\"},\"primaryImageOfPage\":{\"@id\":\"https:\/\/www.libramed.info\/es\/enfoque-sobrepeso-obesidad\/cadena-sanitaria-integrada\/#primaryimage\"},\"image\":{\"@id\":\"https:\/\/www.libramed.info\/es\/enfoque-sobrepeso-obesidad\/cadena-sanitaria-integrada\/#primaryimage\"},\"thumbnailUrl\":\"https:\/\/www.libramed.info\/es\/wp-content\/uploads\/sites\/171\/2023\/02\/Triangolo.png\",\"datePublished\":\"2021-11-30T16:54:57+00:00\",\"dateModified\":\"2023-05-18T13:32:57+00:00\",\"description\":\"Aboca cree que el desaf\u00edo del control del peso puede ser afrontado eficazmente a trav\u00e9s de una Cadena Sanitaria Integrada que centre su trabajo en la persona, proporcion\u00e1ndole las competencias y el soporte necesarios para acompa\u00f1arla en un proceso de control del peso sano y equilibrado\",\"breadcrumb\":{\"@id\":\"https:\/\/www.libramed.info\/es\/enfoque-sobrepeso-obesidad\/cadena-sanitaria-integrada\/#breadcrumb\"},\"inLanguage\":\"es\",\"potentialAction\":[{\"@type\":\"ReadAction\",\"target\":[\"https:\/\/www.libramed.info\/es\/enfoque-sobrepeso-obesidad\/cadena-sanitaria-integrada\/\"]}]},{\"@type\":\"ImageObject\",\"inLanguage\":\"es\",\"@id\":\"https:\/\/www.libramed.info\/es\/enfoque-sobrepeso-obesidad\/cadena-sanitaria-integrada\/#primaryimage\",\"url\":\"https:\/\/www.libramed.info\/es\/wp-content\/uploads\/sites\/171\/2023\/02\/Triangolo.png\",\"contentUrl\":\"https:\/\/www.libramed.info\/es\/wp-content\/uploads\/sites\/171\/2023\/02\/Triangolo.png\",\"width\":800,\"height\":490},{\"@type\":\"BreadcrumbList\",\"@id\":\"https:\/\/www.libramed.info\/es\/enfoque-sobrepeso-obesidad\/cadena-sanitaria-integrada\/#breadcrumb\",\"itemListElement\":[{\"@type\":\"ListItem\",\"position\":1,\"name\":\"Home\",\"item\":\"https:\/\/www.libramed.info\/es\/\"},{\"@type\":\"ListItem\",\"position\":2,\"name\":\"El enfoque adecuado\",\"item\":\"https:\/\/www.libramed.info\/es\/enfoque-sobrepeso-obesidad\/\"},{\"@type\":\"ListItem\",\"position\":3,\"name\":\"Cadena sanitaria integrada\"}]},{\"@type\":\"WebSite\",\"@id\":\"https:\/\/www.libramed.info\/es\/#website\",\"url\":\"https:\/\/www.libramed.info\/es\/\",\"name\":\"LibraMed\",\"description\":\"Para el control del pico gluc\u00e9mico\",\"potentialAction\":[{\"@type\":\"SearchAction\",\"target\":{\"@type\":\"EntryPoint\",\"urlTemplate\":\"https:\/\/www.libramed.info\/es\/?s={search_term_string}\"},\"query-input\":{\"@type\":\"PropertyValueSpecification\",\"valueRequired\":true,\"valueName\":\"search_term_string\"}}],\"inLanguage\":\"es\"}]}<\/script>\n<!-- \/ Yoast SEO plugin. -->","yoast_head_json":{"title":"Cadena sanitaria integrada | Aboca Libramed","description":"Aboca cree que el desaf\u00edo del control del peso puede ser afrontado eficazmente a trav\u00e9s de una Cadena Sanitaria Integrada que centre su trabajo en la persona, proporcion\u00e1ndole las competencias y el soporte necesarios para acompa\u00f1arla en un proceso de control del peso sano y equilibrado","robots":{"index":"index","follow":"follow","max-snippet":"max-snippet:-1","max-image-preview":"max-image-preview:large","max-video-preview":"max-video-preview:-1"},"canonical":"https:\/\/www.libramed.info\/es\/enfoque-sobrepeso-obesidad\/cadena-sanitaria-integrada\/","og_locale":"es_ES","og_type":"article","og_title":"Cadena sanitaria integrada | Aboca Libramed","og_description":"Aboca cree que el desaf\u00edo del control del peso puede ser afrontado eficazmente a trav\u00e9s de una Cadena Sanitaria Integrada que centre su trabajo en la persona, proporcion\u00e1ndole las competencias y el soporte necesarios para acompa\u00f1arla en un proceso de control del peso sano y equilibrado","og_url":"https:\/\/www.libramed.info\/es\/enfoque-sobrepeso-obesidad\/cadena-sanitaria-integrada\/","og_site_name":"LibraMed","article_modified_time":"2023-05-18T13:32:57+00:00","og_image":[{"url":"https:\/\/www.libramed.info\/es\/wp-content\/uploads\/sites\/171\/2023\/02\/Triangolo.png","type":"","width":"","height":""}],"twitter_card":"summary_large_image","twitter_misc":{"Tiempo de lectura":"1 minuto"},"schema":{"@context":"https:\/\/schema.org","@graph":[{"@type":"WebPage","@id":"https:\/\/www.libramed.info\/es\/enfoque-sobrepeso-obesidad\/cadena-sanitaria-integrada\/","url":"https:\/\/www.libramed.info\/es\/enfoque-sobrepeso-obesidad\/cadena-sanitaria-integrada\/","name":"Cadena sanitaria integrada | Aboca Libramed","isPartOf":{"@id":"https:\/\/www.libramed.info\/es\/#website"},"primaryImageOfPage":{"@id":"https:\/\/www.libramed.info\/es\/enfoque-sobrepeso-obesidad\/cadena-sanitaria-integrada\/#primaryimage"},"image":{"@id":"https:\/\/www.libramed.info\/es\/enfoque-sobrepeso-obesidad\/cadena-sanitaria-integrada\/#primaryimage"},"thumbnailUrl":"https:\/\/www.libramed.info\/es\/wp-content\/uploads\/sites\/171\/2023\/02\/Triangolo.png","datePublished":"2021-11-30T16:54:57+00:00","dateModified":"2023-05-18T13:32:57+00:00","description":"Aboca cree que el desaf\u00edo del control del peso puede ser afrontado eficazmente a trav\u00e9s de una Cadena Sanitaria Integrada que centre su trabajo en la persona, proporcion\u00e1ndole las competencias y el soporte necesarios para acompa\u00f1arla en un proceso de control del peso sano y equilibrado","breadcrumb":{"@id":"https:\/\/www.libramed.info\/es\/enfoque-sobrepeso-obesidad\/cadena-sanitaria-integrada\/#breadcrumb"},"inLanguage":"es","potentialAction":[{"@type":"ReadAction","target":["https:\/\/www.libramed.info\/es\/enfoque-sobrepeso-obesidad\/cadena-sanitaria-integrada\/"]}]},{"@type":"ImageObject","inLanguage":"es","@id":"https:\/\/www.libramed.info\/es\/enfoque-sobrepeso-obesidad\/cadena-sanitaria-integrada\/#primaryimage","url":"https:\/\/www.libramed.info\/es\/wp-content\/uploads\/sites\/171\/2023\/02\/Triangolo.png","contentUrl":"https:\/\/www.libramed.info\/es\/wp-content\/uploads\/sites\/171\/2023\/02\/Triangolo.png","width":800,"height":490},{"@type":"BreadcrumbList","@id":"https:\/\/www.libramed.info\/es\/enfoque-sobrepeso-obesidad\/cadena-sanitaria-integrada\/#breadcrumb","itemListElement":[{"@type":"ListItem","position":1,"name":"Home","item":"https:\/\/www.libramed.info\/es\/"},{"@type":"ListItem","position":2,"name":"El enfoque adecuado","item":"https:\/\/www.libramed.info\/es\/enfoque-sobrepeso-obesidad\/"},{"@type":"ListItem","position":3,"name":"Cadena sanitaria integrada"}]},{"@type":"WebSite","@id":"https:\/\/www.libramed.info\/es\/#website","url":"https:\/\/www.libramed.info\/es\/","name":"LibraMed","description":"Para el control del pico gluc\u00e9mico","potentialAction":[{"@type":"SearchAction","target":{"@type":"EntryPoint","urlTemplate":"https:\/\/www.libramed.info\/es\/?s={search_term_string}"},"query-input":{"@type":"PropertyValueSpecification","valueRequired":true,"valueName":"search_term_string"}}],"inLanguage":"es"}]}},"_links":{"self":[{"href":"https:\/\/www.libramed.info\/es\/wp-json\/wp\/v2\/pages\/4102","targetHints":{"allow":["GET"]}}],"collection":[{"href":"https:\/\/www.libramed.info\/es\/wp-json\/wp\/v2\/pages"}],"about":[{"href":"https:\/\/www.libramed.info\/es\/wp-json\/wp\/v2\/types\/page"}],"author":[{"embeddable":true,"href":"https:\/\/www.libramed.info\/es\/wp-json\/wp\/v2\/users\/2"}],"replies":[{"embeddable":true,"href":"https:\/\/www.libramed.info\/es\/wp-json\/wp\/v2\/comments?post=4102"}],"version-history":[{"count":5,"href":"https:\/\/www.libramed.info\/es\/wp-json\/wp\/v2\/pages\/4102\/revisions"}],"predecessor-version":[{"id":4395,"href":"https:\/\/www.libramed.info\/es\/wp-json\/wp\/v2\/pages\/4102\/revisions\/4395"}],"up":[{"embeddable":true,"href":"https:\/\/www.libramed.info\/es\/wp-json\/wp\/v2\/pages\/4099"}],"wp:attachment":[{"href":"https:\/\/www.libramed.info\/es\/wp-json\/wp\/v2\/media?parent=4102"}],"curies":[{"name":"wp","href":"https:\/\/api.w.org\/{rel}","templated":true}]}}