{"id":4099,"date":"2021-11-30T17:53:42","date_gmt":"2021-11-30T16:53:42","guid":{"rendered":"https:\/\/libramedinfoes.multisite.aboca.com\/?page_id=4099"},"modified":"2023-02-16T11:24:17","modified_gmt":"2023-02-16T10:24:17","slug":"enfoque-sobrepeso-obesidad","status":"publish","type":"page","link":"https:\/\/www.libramed.info\/es\/enfoque-sobrepeso-obesidad\/","title":{"rendered":"El enfoque adecuado"},"content":{"rendered":"\n<p>Tanto en el adulto como en el ni\u00f1o, el sobrepeso y la obesidad pueden representar condiciones de alto riesgo y hoy representan<strong>&nbsp;un problema sanitario a escala social<\/strong>.<\/p>\n\n\n\n<p>Es fundamental reconocer este problema y actuar recurriendo a profesionales de la salud, modificando el estilo de vida y el estilo alimentario.<\/p>\n\n\n\n<p>Por eso Aboca, adem\u00e1s de investigar las nuevas mol\u00e9culas vegetales \u00fatiles para controlar el peso, trabaja con gran convicci\u00f3n en el interior de una <a href=\"https:\/\/www.libramed.info\/es\/enfoque-sobrepeso-obesidad\/cadena-sanitaria-integrada\/\">Cadena Sanitaria Integrada<\/a>.<\/p>\n","protected":false},"excerpt":{"rendered":"<p>Tanto en el adulto como en el ni\u00f1o, el sobrepeso y la obesidad pueden representar condiciones de alto riesgo y hoy representan&nbsp;un problema sanitario a escala social. Es fundamental reconocer este problema y actuar recurriendo a profesionales de la salud, modificando el estilo de vida y el estilo alimentario. Por eso Aboca, adem\u00e1s de investigar&#8230;  <a href=\"https:\/\/www.libramed.info\/es\/enfoque-sobrepeso-obesidad\/\" class=\"more-link\" title=\"Read El enfoque adecuado\">Leggi tutto &raquo;<\/a><\/p>\n","protected":false},"author":2,"featured_media":0,"parent":0,"menu_order":0,"comment_status":"closed","ping_status":"closed","template":"","meta":{"footnotes":""},"class_list":["post-4099","page","type-page","status-publish","hentry"],"yoast_head":"<!-- This site is optimized with the Yoast SEO plugin v27.4 - https:\/\/yoast.com\/product\/yoast-seo-wordpress\/ -->\n<title>El enfoque adecuado | Aboca Libramed<\/title>\n<meta name=\"description\" content=\"Tanto en el adulto como en el ni\u00f1o, el sobrepeso y la obesidad son condiciones a alto riesgo y a menudo subestimadas que hoy representan una aut\u00e9ntica emergencia sanitaria a escala social.\" \/>\n<meta name=\"robots\" content=\"index, follow, max-snippet:-1, max-image-preview:large, max-video-preview:-1\" \/>\n<link rel=\"canonical\" href=\"https:\/\/www.libramed.info\/es\/enfoque-sobrepeso-obesidad\/\" \/>\n<meta property=\"og:locale\" content=\"es_ES\" \/>\n<meta property=\"og:type\" content=\"article\" \/>\n<meta property=\"og:title\" content=\"El enfoque adecuado | Aboca Libramed\" \/>\n<meta property=\"og:description\" content=\"Tanto en el adulto como en el ni\u00f1o, el sobrepeso y la obesidad son condiciones a alto riesgo y a menudo subestimadas que hoy representan una aut\u00e9ntica emergencia sanitaria a escala social.\" \/>\n<meta property=\"og:url\" content=\"https:\/\/www.libramed.info\/es\/enfoque-sobrepeso-obesidad\/\" \/>\n<meta property=\"og:site_name\" content=\"LibraMed\" \/>\n<meta property=\"article:modified_time\" content=\"2023-02-16T10:24:17+00:00\" \/>\n<meta name=\"twitter:card\" content=\"summary_large_image\" \/>\n<meta name=\"twitter:label1\" content=\"Tiempo de lectura\" \/>\n\t<meta name=\"twitter:data1\" content=\"1 minuto\" \/>\n<script type=\"application\/ld+json\" class=\"yoast-schema-graph\">{\"@context\":\"https:\\\/\\\/schema.org\",\"@graph\":[{\"@type\":\"WebPage\",\"@id\":\"https:\\\/\\\/www.libramed.info\\\/es\\\/enfoque-sobrepeso-obesidad\\\/\",\"url\":\"https:\\\/\\\/www.libramed.info\\\/es\\\/enfoque-sobrepeso-obesidad\\\/\",\"name\":\"El enfoque adecuado | Aboca Libramed\",\"isPartOf\":{\"@id\":\"https:\\\/\\\/www.libramed.info\\\/es\\\/#website\"},\"datePublished\":\"2021-11-30T16:53:42+00:00\",\"dateModified\":\"2023-02-16T10:24:17+00:00\",\"description\":\"Tanto en el adulto como en el ni\u00f1o, el sobrepeso y la obesidad son condiciones a alto riesgo y a menudo subestimadas que hoy representan una aut\u00e9ntica emergencia sanitaria a escala social.\",\"breadcrumb\":{\"@id\":\"https:\\\/\\\/www.libramed.info\\\/es\\\/enfoque-sobrepeso-obesidad\\\/#breadcrumb\"},\"inLanguage\":\"es\",\"potentialAction\":[{\"@type\":\"ReadAction\",\"target\":[\"https:\\\/\\\/www.libramed.info\\\/es\\\/enfoque-sobrepeso-obesidad\\\/\"]}]},{\"@type\":\"BreadcrumbList\",\"@id\":\"https:\\\/\\\/www.libramed.info\\\/es\\\/enfoque-sobrepeso-obesidad\\\/#breadcrumb\",\"itemListElement\":[{\"@type\":\"ListItem\",\"position\":1,\"name\":\"Home\",\"item\":\"https:\\\/\\\/www.libramed.info\\\/es\\\/\"},{\"@type\":\"ListItem\",\"position\":2,\"name\":\"El enfoque adecuado\"}]},{\"@type\":\"WebSite\",\"@id\":\"https:\\\/\\\/www.libramed.info\\\/es\\\/#website\",\"url\":\"https:\\\/\\\/www.libramed.info\\\/es\\\/\",\"name\":\"LibraMed\",\"description\":\"Para el control del pico gluc\u00e9mico\",\"potentialAction\":[{\"@type\":\"SearchAction\",\"target\":{\"@type\":\"EntryPoint\",\"urlTemplate\":\"https:\\\/\\\/www.libramed.info\\\/es\\\/?s={search_term_string}\"},\"query-input\":{\"@type\":\"PropertyValueSpecification\",\"valueRequired\":true,\"valueName\":\"search_term_string\"}}],\"inLanguage\":\"es\"}]}<\/script>\n<!-- \/ Yoast SEO plugin. -->","yoast_head_json":{"title":"El enfoque adecuado | Aboca Libramed","description":"Tanto en el adulto como en el ni\u00f1o, el sobrepeso y la obesidad son condiciones a alto riesgo y a menudo subestimadas que hoy representan una aut\u00e9ntica emergencia sanitaria a escala social.","robots":{"index":"index","follow":"follow","max-snippet":"max-snippet:-1","max-image-preview":"max-image-preview:large","max-video-preview":"max-video-preview:-1"},"canonical":"https:\/\/www.libramed.info\/es\/enfoque-sobrepeso-obesidad\/","og_locale":"es_ES","og_type":"article","og_title":"El enfoque adecuado | Aboca Libramed","og_description":"Tanto en el adulto como en el ni\u00f1o, el sobrepeso y la obesidad son condiciones a alto riesgo y a menudo subestimadas que hoy representan una aut\u00e9ntica emergencia sanitaria a escala social.","og_url":"https:\/\/www.libramed.info\/es\/enfoque-sobrepeso-obesidad\/","og_site_name":"LibraMed","article_modified_time":"2023-02-16T10:24:17+00:00","twitter_card":"summary_large_image","twitter_misc":{"Tiempo de lectura":"1 minuto"},"schema":{"@context":"https:\/\/schema.org","@graph":[{"@type":"WebPage","@id":"https:\/\/www.libramed.info\/es\/enfoque-sobrepeso-obesidad\/","url":"https:\/\/www.libramed.info\/es\/enfoque-sobrepeso-obesidad\/","name":"El enfoque adecuado | Aboca Libramed","isPartOf":{"@id":"https:\/\/www.libramed.info\/es\/#website"},"datePublished":"2021-11-30T16:53:42+00:00","dateModified":"2023-02-16T10:24:17+00:00","description":"Tanto en el adulto como en el ni\u00f1o, el sobrepeso y la obesidad son condiciones a alto riesgo y a menudo subestimadas que hoy representan una aut\u00e9ntica emergencia sanitaria a escala social.","breadcrumb":{"@id":"https:\/\/www.libramed.info\/es\/enfoque-sobrepeso-obesidad\/#breadcrumb"},"inLanguage":"es","potentialAction":[{"@type":"ReadAction","target":["https:\/\/www.libramed.info\/es\/enfoque-sobrepeso-obesidad\/"]}]},{"@type":"BreadcrumbList","@id":"https:\/\/www.libramed.info\/es\/enfoque-sobrepeso-obesidad\/#breadcrumb","itemListElement":[{"@type":"ListItem","position":1,"name":"Home","item":"https:\/\/www.libramed.info\/es\/"},{"@type":"ListItem","position":2,"name":"El enfoque adecuado"}]},{"@type":"WebSite","@id":"https:\/\/www.libramed.info\/es\/#website","url":"https:\/\/www.libramed.info\/es\/","name":"LibraMed","description":"Para el control del pico gluc\u00e9mico","potentialAction":[{"@type":"SearchAction","target":{"@type":"EntryPoint","urlTemplate":"https:\/\/www.libramed.info\/es\/?s={search_term_string}"},"query-input":{"@type":"PropertyValueSpecification","valueRequired":true,"valueName":"search_term_string"}}],"inLanguage":"es"}]}},"_links":{"self":[{"href":"https:\/\/www.libramed.info\/es\/wp-json\/wp\/v2\/pages\/4099","targetHints":{"allow":["GET"]}}],"collection":[{"href":"https:\/\/www.libramed.info\/es\/wp-json\/wp\/v2\/pages"}],"about":[{"href":"https:\/\/www.libramed.info\/es\/wp-json\/wp\/v2\/types\/page"}],"author":[{"embeddable":true,"href":"https:\/\/www.libramed.info\/es\/wp-json\/wp\/v2\/users\/2"}],"replies":[{"embeddable":true,"href":"https:\/\/www.libramed.info\/es\/wp-json\/wp\/v2\/comments?post=4099"}],"version-history":[{"count":5,"href":"https:\/\/www.libramed.info\/es\/wp-json\/wp\/v2\/pages\/4099\/revisions"}],"predecessor-version":[{"id":4381,"href":"https:\/\/www.libramed.info\/es\/wp-json\/wp\/v2\/pages\/4099\/revisions\/4381"}],"wp:attachment":[{"href":"https:\/\/www.libramed.info\/es\/wp-json\/wp\/v2\/media?parent=4099"}],"curies":[{"name":"wp","href":"https:\/\/api.w.org\/{rel}","templated":true}]}}