{"id":4084,"date":"2021-11-30T17:39:22","date_gmt":"2021-11-30T16:39:22","guid":{"rendered":"https:\/\/libramedinfoes.multisite.aboca.com\/?page_id=4084"},"modified":"2023-01-20T12:03:34","modified_gmt":"2023-01-20T11:03:34","slug":"un-riesgo-para-la-salud","status":"publish","type":"page","link":"https:\/\/www.libramed.info\/es\/por-que-se-engorda\/un-riesgo-para-la-salud\/","title":{"rendered":"Exceso de grasa: un riesgo para la salud"},"content":{"rendered":"\n<p>Aunque en distinta medida, las personas con sobrepeso y obesas se caracterizan por presentar un exceso de grasa, que se acumula en el&nbsp;<strong>tejido adiposo<\/strong>.<\/p>\n\n\n\n<p>Durante mucho tiempo se ha pensado que el tejido adiposo era un simple dep\u00f3sito de las reservas energ\u00e9ticas.<\/p>\n\n\n\n<p>En realidad, el tejido adiposo desempe\u00f1a otras actividades muy importantes, como la producci\u00f3n de unas sustancias biol\u00f3gicamente activas llamadas \u00abadipoquinas\u00bb, capaces de regular el metabolismo de las grasas y otras funciones fisiol\u00f3gicas.<\/p>\n\n\n\n<p>Cuando se sobrecarga con un exceso de grasa, el tejido adiposo libera sobre todo&nbsp;<strong>adipoquinas de tipo inflamatorio<\/strong>&nbsp;que tienen consecuencias negativas en todo el organismo, aumentando el riesgo de que se manifiesten enfermedades metab\u00f3licas y cardiovasculares.<\/p>\n\n\n\n<p>La grasa presente en el abdomen,&nbsp;<strong>grasa visceral<\/strong>, es capaz de producir una mayor cantidad de citoquinas inflamatorias que la grasa de las otras zonas del organismo.<\/p>\n\n\n\n<p>Por este motivo, es necesario prestar gran atenci\u00f3n no solo a los kilos de m\u00e1s, sino tambi\u00e9n a la distribuci\u00f3n de la grasa y, sobre todo, al valor de la circunferencia umbilical.<\/p>\n\n\n\n<p><strong>Considerando estos datos, las personas que se encuentran en un intervalo normal de peso y de IMC (\u00cdndice de Masa Corporal)<\/strong> <strong>deben tener igualmente bajo control la circunferencia abdominal, dado que est\u00e1 considerada como un factor de riesgo independientemente del peso.<\/strong><\/p>\n","protected":false},"excerpt":{"rendered":"<p>Aunque en distinta medida, las personas con sobrepeso y obesas se caracterizan por presentar un exceso de grasa, que se acumula en el&nbsp;tejido adiposo. Durante mucho tiempo se ha pensado que el tejido adiposo era un simple dep\u00f3sito de las reservas energ\u00e9ticas. En realidad, el tejido adiposo desempe\u00f1a otras actividades muy importantes, como la producci\u00f3n&#8230;  <a href=\"https:\/\/www.libramed.info\/es\/por-que-se-engorda\/un-riesgo-para-la-salud\/\" class=\"more-link\" title=\"Read Exceso de grasa: un riesgo para la salud\">Leggi tutto &raquo;<\/a><\/p>\n","protected":false},"author":2,"featured_media":0,"parent":4078,"menu_order":0,"comment_status":"closed","ping_status":"closed","template":"","meta":{"footnotes":""},"class_list":["post-4084","page","type-page","status-publish","hentry"],"yoast_head":"<!-- This site is optimized with the Yoast SEO plugin v27.2 - https:\/\/yoast.com\/product\/yoast-seo-wordpress\/ -->\n<title>Exceso de grasa: un riesgo para la salud | Libramed Aboca<\/title>\n<meta name=\"description\" content=\"Aunque en distinta medida, las personas con sobrepeso y obesas se caracterizan por presentar un exceso de grasa, que se acumula en el tejido adiposo.\" \/>\n<meta name=\"robots\" content=\"index, follow, max-snippet:-1, max-image-preview:large, max-video-preview:-1\" \/>\n<link rel=\"canonical\" href=\"https:\/\/www.libramed.info\/es\/por-que-se-engorda\/un-riesgo-para-la-salud\/\" \/>\n<meta property=\"og:locale\" content=\"es_ES\" \/>\n<meta property=\"og:type\" content=\"article\" \/>\n<meta property=\"og:title\" content=\"Exceso de grasa: un riesgo para la salud | Libramed Aboca\" \/>\n<meta property=\"og:description\" content=\"Aunque en distinta medida, las personas con sobrepeso y obesas se caracterizan por presentar un exceso de grasa, que se acumula en el tejido adiposo.\" \/>\n<meta property=\"og:url\" content=\"https:\/\/www.libramed.info\/es\/por-que-se-engorda\/un-riesgo-para-la-salud\/\" \/>\n<meta property=\"og:site_name\" content=\"LibraMed\" \/>\n<meta property=\"article:modified_time\" content=\"2023-01-20T11:03:34+00:00\" \/>\n<meta name=\"twitter:card\" content=\"summary_large_image\" \/>\n<meta name=\"twitter:label1\" content=\"Tiempo de lectura\" \/>\n\t<meta name=\"twitter:data1\" content=\"1 minuto\" \/>\n<script type=\"application\/ld+json\" class=\"yoast-schema-graph\">{\"@context\":\"https:\/\/schema.org\",\"@graph\":[{\"@type\":\"WebPage\",\"@id\":\"https:\/\/www.libramed.info\/es\/por-que-se-engorda\/un-riesgo-para-la-salud\/\",\"url\":\"https:\/\/www.libramed.info\/es\/por-que-se-engorda\/un-riesgo-para-la-salud\/\",\"name\":\"Exceso de grasa: un riesgo para la salud | Libramed Aboca\",\"isPartOf\":{\"@id\":\"https:\/\/www.libramed.info\/es\/#website\"},\"datePublished\":\"2021-11-30T16:39:22+00:00\",\"dateModified\":\"2023-01-20T11:03:34+00:00\",\"description\":\"Aunque en distinta medida, las personas con sobrepeso y obesas se caracterizan por presentar un exceso de grasa, que se acumula en el tejido adiposo.\",\"breadcrumb\":{\"@id\":\"https:\/\/www.libramed.info\/es\/por-que-se-engorda\/un-riesgo-para-la-salud\/#breadcrumb\"},\"inLanguage\":\"es\",\"potentialAction\":[{\"@type\":\"ReadAction\",\"target\":[\"https:\/\/www.libramed.info\/es\/por-que-se-engorda\/un-riesgo-para-la-salud\/\"]}]},{\"@type\":\"BreadcrumbList\",\"@id\":\"https:\/\/www.libramed.info\/es\/por-que-se-engorda\/un-riesgo-para-la-salud\/#breadcrumb\",\"itemListElement\":[{\"@type\":\"ListItem\",\"position\":1,\"name\":\"Home\",\"item\":\"https:\/\/www.libramed.info\/es\/\"},{\"@type\":\"ListItem\",\"position\":2,\"name\":\"\u00bfPor qu\u00e9 se engorda?\",\"item\":\"https:\/\/www.libramed.info\/es\/por-que-se-engorda\/\"},{\"@type\":\"ListItem\",\"position\":3,\"name\":\"Exceso de grasa: un riesgo para la salud\"}]},{\"@type\":\"WebSite\",\"@id\":\"https:\/\/www.libramed.info\/es\/#website\",\"url\":\"https:\/\/www.libramed.info\/es\/\",\"name\":\"LibraMed\",\"description\":\"Para el control del pico gluc\u00e9mico\",\"potentialAction\":[{\"@type\":\"SearchAction\",\"target\":{\"@type\":\"EntryPoint\",\"urlTemplate\":\"https:\/\/www.libramed.info\/es\/?s={search_term_string}\"},\"query-input\":{\"@type\":\"PropertyValueSpecification\",\"valueRequired\":true,\"valueName\":\"search_term_string\"}}],\"inLanguage\":\"es\"}]}<\/script>\n<!-- \/ Yoast SEO plugin. -->","yoast_head_json":{"title":"Exceso de grasa: un riesgo para la salud | Libramed Aboca","description":"Aunque en distinta medida, las personas con sobrepeso y obesas se caracterizan por presentar un exceso de grasa, que se acumula en el tejido adiposo.","robots":{"index":"index","follow":"follow","max-snippet":"max-snippet:-1","max-image-preview":"max-image-preview:large","max-video-preview":"max-video-preview:-1"},"canonical":"https:\/\/www.libramed.info\/es\/por-que-se-engorda\/un-riesgo-para-la-salud\/","og_locale":"es_ES","og_type":"article","og_title":"Exceso de grasa: un riesgo para la salud | Libramed Aboca","og_description":"Aunque en distinta medida, las personas con sobrepeso y obesas se caracterizan por presentar un exceso de grasa, que se acumula en el tejido adiposo.","og_url":"https:\/\/www.libramed.info\/es\/por-que-se-engorda\/un-riesgo-para-la-salud\/","og_site_name":"LibraMed","article_modified_time":"2023-01-20T11:03:34+00:00","twitter_card":"summary_large_image","twitter_misc":{"Tiempo de lectura":"1 minuto"},"schema":{"@context":"https:\/\/schema.org","@graph":[{"@type":"WebPage","@id":"https:\/\/www.libramed.info\/es\/por-que-se-engorda\/un-riesgo-para-la-salud\/","url":"https:\/\/www.libramed.info\/es\/por-que-se-engorda\/un-riesgo-para-la-salud\/","name":"Exceso de grasa: un riesgo para la salud | Libramed Aboca","isPartOf":{"@id":"https:\/\/www.libramed.info\/es\/#website"},"datePublished":"2021-11-30T16:39:22+00:00","dateModified":"2023-01-20T11:03:34+00:00","description":"Aunque en distinta medida, las personas con sobrepeso y obesas se caracterizan por presentar un exceso de grasa, que se acumula en el tejido adiposo.","breadcrumb":{"@id":"https:\/\/www.libramed.info\/es\/por-que-se-engorda\/un-riesgo-para-la-salud\/#breadcrumb"},"inLanguage":"es","potentialAction":[{"@type":"ReadAction","target":["https:\/\/www.libramed.info\/es\/por-que-se-engorda\/un-riesgo-para-la-salud\/"]}]},{"@type":"BreadcrumbList","@id":"https:\/\/www.libramed.info\/es\/por-que-se-engorda\/un-riesgo-para-la-salud\/#breadcrumb","itemListElement":[{"@type":"ListItem","position":1,"name":"Home","item":"https:\/\/www.libramed.info\/es\/"},{"@type":"ListItem","position":2,"name":"\u00bfPor qu\u00e9 se engorda?","item":"https:\/\/www.libramed.info\/es\/por-que-se-engorda\/"},{"@type":"ListItem","position":3,"name":"Exceso de grasa: un riesgo para la salud"}]},{"@type":"WebSite","@id":"https:\/\/www.libramed.info\/es\/#website","url":"https:\/\/www.libramed.info\/es\/","name":"LibraMed","description":"Para el control del pico gluc\u00e9mico","potentialAction":[{"@type":"SearchAction","target":{"@type":"EntryPoint","urlTemplate":"https:\/\/www.libramed.info\/es\/?s={search_term_string}"},"query-input":{"@type":"PropertyValueSpecification","valueRequired":true,"valueName":"search_term_string"}}],"inLanguage":"es"}]}},"_links":{"self":[{"href":"https:\/\/www.libramed.info\/es\/wp-json\/wp\/v2\/pages\/4084","targetHints":{"allow":["GET"]}}],"collection":[{"href":"https:\/\/www.libramed.info\/es\/wp-json\/wp\/v2\/pages"}],"about":[{"href":"https:\/\/www.libramed.info\/es\/wp-json\/wp\/v2\/types\/page"}],"author":[{"embeddable":true,"href":"https:\/\/www.libramed.info\/es\/wp-json\/wp\/v2\/users\/2"}],"replies":[{"embeddable":true,"href":"https:\/\/www.libramed.info\/es\/wp-json\/wp\/v2\/comments?post=4084"}],"version-history":[{"count":3,"href":"https:\/\/www.libramed.info\/es\/wp-json\/wp\/v2\/pages\/4084\/revisions"}],"predecessor-version":[{"id":4294,"href":"https:\/\/www.libramed.info\/es\/wp-json\/wp\/v2\/pages\/4084\/revisions\/4294"}],"up":[{"embeddable":true,"href":"https:\/\/www.libramed.info\/es\/wp-json\/wp\/v2\/pages\/4078"}],"wp:attachment":[{"href":"https:\/\/www.libramed.info\/es\/wp-json\/wp\/v2\/media?parent=4084"}],"curies":[{"name":"wp","href":"https:\/\/api.w.org\/{rel}","templated":true}]}}