{"id":4078,"date":"2021-11-30T17:31:23","date_gmt":"2021-11-30T16:31:23","guid":{"rendered":"https:\/\/libramedinfoes.multisite.aboca.com\/?page_id=4078"},"modified":"2023-02-14T17:43:32","modified_gmt":"2023-02-14T16:43:32","slug":"por-que-se-engorda","status":"publish","type":"page","link":"https:\/\/www.libramed.info\/es\/por-que-se-engorda\/","title":{"rendered":"\u00bfPor qu\u00e9 se engorda?"},"content":{"rendered":"\n<p>El sobrepeso y la obesidad se encuentran entre los principales problemas de la salud p\u00fablica del mundo moderno, tanto por su creciente difusi\u00f3n como por las consecuencias patol\u00f3gicas que pueden comportar.<\/p>\n\n\n\n<p>Las nuevas costumbres alimentarias y un estilo de vida sedentario han contribuido a este aumento del sobrepeso, favorecido por la predisposici\u00f3n gen\u00e9tica a crear reservas de grasa debida a las condiciones en las que ha tenido lugar la evoluci\u00f3n de la especie humana.<\/p>\n\n\n\n<p><strong>Nuestra especie se ha desarrollado en situaciones de escasez de alimentos y esto ha favorecido gen\u00e9ticamente la capacidad de acumular reservas<\/strong>, dado que en aquellas condiciones resultaba m\u00e1s ventajosa que la capacidad de eliminar el desequilibrio energ\u00e9tico entre una ingesta de calor\u00edas excesiva y una reducida actividad f\u00edsica.<\/p>\n\n\n\n<p>La ra\u00edz de este desequilibrio se encuentra en los cambios experimentados por la sociedad con el crecimiento econ\u00f3mico, la modernizaci\u00f3n, la urbanizaci\u00f3n y la globalizaci\u00f3n de los mercados alimentarios.<\/p>\n\n\n\n<p>La&nbsp;<strong>alimentaci\u00f3n<\/strong>&nbsp;se ha modificado aumentando el consumo de alimentos de alta densidad energ\u00e9tica desprovistos de fibras y con un mayor porcentaje de grasas saturadas y az\u00facares refinados.<\/p>\n\n\n\n<p>Al mismo tiempo la disminuci\u00f3n del esfuerzo f\u00edsico en el trabajo, el transporte automatizado, la tecnolog\u00eda dom\u00e9stica y el sedentarismo durante el tiempo libre han comportado una dr\u00e1stica reducci\u00f3n de la&nbsp;<strong>actividad f\u00edsica<\/strong>.<\/p>\n","protected":false},"excerpt":{"rendered":"<p>El sobrepeso y la obesidad se encuentran entre los principales problemas de la salud p\u00fablica del mundo moderno, tanto por su creciente difusi\u00f3n como por las consecuencias patol\u00f3gicas que pueden comportar. Las nuevas costumbres alimentarias y un estilo de vida sedentario han contribuido a este aumento del sobrepeso, favorecido por la predisposici\u00f3n gen\u00e9tica a crear&#8230;  <a href=\"https:\/\/www.libramed.info\/es\/por-que-se-engorda\/\" class=\"more-link\" title=\"Read \u00bfPor qu\u00e9 se engorda?\">Leggi tutto &raquo;<\/a><\/p>\n","protected":false},"author":2,"featured_media":0,"parent":0,"menu_order":0,"comment_status":"closed","ping_status":"closed","template":"","meta":{"footnotes":""},"class_list":["post-4078","page","type-page","status-publish","hentry"],"yoast_head":"<!-- This site is optimized with the Yoast SEO plugin v27.4 - https:\/\/yoast.com\/product\/yoast-seo-wordpress\/ -->\n<title>\u00bfPor qu\u00e9 se engorda? | Libramed Aboca<\/title>\n<meta name=\"description\" content=\"El sobrepeso y la obesidad est\u00e1n considerados como los principales problemas de la salud p\u00fablica del mundo moderno, tanto por su creciente difusi\u00f3n como por las graves consecuencias patol\u00f3gicas que comportan.\" \/>\n<meta name=\"robots\" content=\"index, follow, max-snippet:-1, max-image-preview:large, max-video-preview:-1\" \/>\n<link rel=\"canonical\" href=\"https:\/\/www.libramed.info\/es\/por-que-se-engorda\/\" \/>\n<meta property=\"og:locale\" content=\"es_ES\" \/>\n<meta property=\"og:type\" content=\"article\" \/>\n<meta property=\"og:title\" content=\"\u00bfPor qu\u00e9 se engorda? | Libramed Aboca\" \/>\n<meta property=\"og:description\" content=\"El sobrepeso y la obesidad est\u00e1n considerados como los principales problemas de la salud p\u00fablica del mundo moderno, tanto por su creciente difusi\u00f3n como por las graves consecuencias patol\u00f3gicas que comportan.\" \/>\n<meta property=\"og:url\" content=\"https:\/\/www.libramed.info\/es\/por-que-se-engorda\/\" \/>\n<meta property=\"og:site_name\" content=\"LibraMed\" \/>\n<meta property=\"article:modified_time\" content=\"2023-02-14T16:43:32+00:00\" \/>\n<meta name=\"twitter:card\" content=\"summary_large_image\" \/>\n<meta name=\"twitter:label1\" content=\"Tiempo de lectura\" \/>\n\t<meta name=\"twitter:data1\" content=\"1 minuto\" \/>\n<script type=\"application\/ld+json\" class=\"yoast-schema-graph\">{\"@context\":\"https:\\\/\\\/schema.org\",\"@graph\":[{\"@type\":\"WebPage\",\"@id\":\"https:\\\/\\\/www.libramed.info\\\/es\\\/por-que-se-engorda\\\/\",\"url\":\"https:\\\/\\\/www.libramed.info\\\/es\\\/por-que-se-engorda\\\/\",\"name\":\"\u00bfPor qu\u00e9 se engorda? | Libramed Aboca\",\"isPartOf\":{\"@id\":\"https:\\\/\\\/www.libramed.info\\\/es\\\/#website\"},\"datePublished\":\"2021-11-30T16:31:23+00:00\",\"dateModified\":\"2023-02-14T16:43:32+00:00\",\"description\":\"El sobrepeso y la obesidad est\u00e1n considerados como los principales problemas de la salud p\u00fablica del mundo moderno, tanto por su creciente difusi\u00f3n como por las graves consecuencias patol\u00f3gicas que comportan.\",\"breadcrumb\":{\"@id\":\"https:\\\/\\\/www.libramed.info\\\/es\\\/por-que-se-engorda\\\/#breadcrumb\"},\"inLanguage\":\"es\",\"potentialAction\":[{\"@type\":\"ReadAction\",\"target\":[\"https:\\\/\\\/www.libramed.info\\\/es\\\/por-que-se-engorda\\\/\"]}]},{\"@type\":\"BreadcrumbList\",\"@id\":\"https:\\\/\\\/www.libramed.info\\\/es\\\/por-que-se-engorda\\\/#breadcrumb\",\"itemListElement\":[{\"@type\":\"ListItem\",\"position\":1,\"name\":\"Home\",\"item\":\"https:\\\/\\\/www.libramed.info\\\/es\\\/\"},{\"@type\":\"ListItem\",\"position\":2,\"name\":\"\u00bfPor qu\u00e9 se engorda?\"}]},{\"@type\":\"WebSite\",\"@id\":\"https:\\\/\\\/www.libramed.info\\\/es\\\/#website\",\"url\":\"https:\\\/\\\/www.libramed.info\\\/es\\\/\",\"name\":\"LibraMed\",\"description\":\"Para el control del pico gluc\u00e9mico\",\"potentialAction\":[{\"@type\":\"SearchAction\",\"target\":{\"@type\":\"EntryPoint\",\"urlTemplate\":\"https:\\\/\\\/www.libramed.info\\\/es\\\/?s={search_term_string}\"},\"query-input\":{\"@type\":\"PropertyValueSpecification\",\"valueRequired\":true,\"valueName\":\"search_term_string\"}}],\"inLanguage\":\"es\"}]}<\/script>\n<!-- \/ Yoast SEO plugin. -->","yoast_head_json":{"title":"\u00bfPor qu\u00e9 se engorda? | Libramed Aboca","description":"El sobrepeso y la obesidad est\u00e1n considerados como los principales problemas de la salud p\u00fablica del mundo moderno, tanto por su creciente difusi\u00f3n como por las graves consecuencias patol\u00f3gicas que comportan.","robots":{"index":"index","follow":"follow","max-snippet":"max-snippet:-1","max-image-preview":"max-image-preview:large","max-video-preview":"max-video-preview:-1"},"canonical":"https:\/\/www.libramed.info\/es\/por-que-se-engorda\/","og_locale":"es_ES","og_type":"article","og_title":"\u00bfPor qu\u00e9 se engorda? | Libramed Aboca","og_description":"El sobrepeso y la obesidad est\u00e1n considerados como los principales problemas de la salud p\u00fablica del mundo moderno, tanto por su creciente difusi\u00f3n como por las graves consecuencias patol\u00f3gicas que comportan.","og_url":"https:\/\/www.libramed.info\/es\/por-que-se-engorda\/","og_site_name":"LibraMed","article_modified_time":"2023-02-14T16:43:32+00:00","twitter_card":"summary_large_image","twitter_misc":{"Tiempo de lectura":"1 minuto"},"schema":{"@context":"https:\/\/schema.org","@graph":[{"@type":"WebPage","@id":"https:\/\/www.libramed.info\/es\/por-que-se-engorda\/","url":"https:\/\/www.libramed.info\/es\/por-que-se-engorda\/","name":"\u00bfPor qu\u00e9 se engorda? | Libramed Aboca","isPartOf":{"@id":"https:\/\/www.libramed.info\/es\/#website"},"datePublished":"2021-11-30T16:31:23+00:00","dateModified":"2023-02-14T16:43:32+00:00","description":"El sobrepeso y la obesidad est\u00e1n considerados como los principales problemas de la salud p\u00fablica del mundo moderno, tanto por su creciente difusi\u00f3n como por las graves consecuencias patol\u00f3gicas que comportan.","breadcrumb":{"@id":"https:\/\/www.libramed.info\/es\/por-que-se-engorda\/#breadcrumb"},"inLanguage":"es","potentialAction":[{"@type":"ReadAction","target":["https:\/\/www.libramed.info\/es\/por-que-se-engorda\/"]}]},{"@type":"BreadcrumbList","@id":"https:\/\/www.libramed.info\/es\/por-que-se-engorda\/#breadcrumb","itemListElement":[{"@type":"ListItem","position":1,"name":"Home","item":"https:\/\/www.libramed.info\/es\/"},{"@type":"ListItem","position":2,"name":"\u00bfPor qu\u00e9 se engorda?"}]},{"@type":"WebSite","@id":"https:\/\/www.libramed.info\/es\/#website","url":"https:\/\/www.libramed.info\/es\/","name":"LibraMed","description":"Para el control del pico gluc\u00e9mico","potentialAction":[{"@type":"SearchAction","target":{"@type":"EntryPoint","urlTemplate":"https:\/\/www.libramed.info\/es\/?s={search_term_string}"},"query-input":{"@type":"PropertyValueSpecification","valueRequired":true,"valueName":"search_term_string"}}],"inLanguage":"es"}]}},"_links":{"self":[{"href":"https:\/\/www.libramed.info\/es\/wp-json\/wp\/v2\/pages\/4078","targetHints":{"allow":["GET"]}}],"collection":[{"href":"https:\/\/www.libramed.info\/es\/wp-json\/wp\/v2\/pages"}],"about":[{"href":"https:\/\/www.libramed.info\/es\/wp-json\/wp\/v2\/types\/page"}],"author":[{"embeddable":true,"href":"https:\/\/www.libramed.info\/es\/wp-json\/wp\/v2\/users\/2"}],"replies":[{"embeddable":true,"href":"https:\/\/www.libramed.info\/es\/wp-json\/wp\/v2\/comments?post=4078"}],"version-history":[{"count":5,"href":"https:\/\/www.libramed.info\/es\/wp-json\/wp\/v2\/pages\/4078\/revisions"}],"predecessor-version":[{"id":4367,"href":"https:\/\/www.libramed.info\/es\/wp-json\/wp\/v2\/pages\/4078\/revisions\/4367"}],"wp:attachment":[{"href":"https:\/\/www.libramed.info\/es\/wp-json\/wp\/v2\/media?parent=4078"}],"curies":[{"name":"wp","href":"https:\/\/api.w.org\/{rel}","templated":true}]}}