{"id":4107,"date":"2021-11-30T18:00:40","date_gmt":"2021-11-30T17:00:40","guid":{"rendered":"https:\/\/libramedinfode.multisite.aboca.com\/?page_id=4107"},"modified":"2021-12-02T17:38:48","modified_gmt":"2021-12-02T16:38:48","slug":"die-gewichtskontrolle-im-paedriatrischen-alter","status":"publish","type":"page","link":"https:\/\/www.libramed.info\/de\/der-richtige-ansatz\/die-gewichtskontrolle-im-paedriatrischen-alter\/","title":{"rendered":"Die Gewichtskontrolle im p\u00e4driatrischen Alter"},"content":{"rendered":"\n<p>Der Umgang mit der Gewichtskontrolle beim Kind&nbsp;<strong>erfordert eine besondere Vorgehensweise im Vergleich zum Erwachsenen<\/strong>. In der P\u00e4diatrie ist es unerl\u00e4sslich, durch eine ausreichende Versorgung mit N\u00e4hrstoffen,&nbsp;<strong>eine Gewichtszunahme zu gew\u00e4hrleisten<\/strong>,&nbsp;<strong>die im richtigen Verh\u00e4ltnis zur Entwicklung des Individuums steht.<\/strong><\/p>\n\n\n\n<p>Gleichzeitig m\u00fcssen \u00dcbergewicht und Adipositas vermieden werden, Ph\u00e4nomene, die in modernen Gesellschaften immer h\u00e4ufiger auftreten und die den Gesundheitszustand des Kindes ernsthaft beeintr\u00e4chtigen k\u00f6nnen. Ein richtiger Ansatz f\u00fcr den Umgang mit dem Gewicht im Kindesalter sollte mit der Kontrolle der wichtigsten Risikofaktoren, schlechte Ern\u00e4hrung und Bewegungsmangel, beginnen, um den Gesundheitszustand des Kindes und sein harmonisches Wachstum zu sch\u00fctzen sowie Adipositas und den damit verbundenen Krankheiten nach Erreichen des Erwachsenenalters vorzubeugen.<\/p>\n\n\n\n<p>Ziel sollte es sein, die \u00fcberm\u00e4\u00dfige Gewichtszunahme zu verlangsamen bzw. zu stoppen, und dadurch dem Kind zu erm\u00f6glichen, in die H\u00f6he zu wachsen und ein zu seiner Gr\u00f6\u00dfe proportionales Gewicht zu halten. Das am besten geeignete Mittel, um dieses Ziel zu erreichen, ist eine Kombination aus Di\u00e4t und Verhaltensregeln, die zusammen mit der Familie umgesetzt wird und auf mehrere Faktoren einwirken muss:<\/p>\n\n\n\n<div style=\"height:20px\" aria-hidden=\"true\" class=\"wp-block-spacer\"><\/div>\n\n\n\n<div class=\"wp-block-media-text alignwide is-stacked-on-mobile\" style=\"grid-template-columns:25% auto\"><figure class=\"wp-block-media-text__media\"><img loading=\"lazy\" decoding=\"async\" width=\"229\" height=\"197\" src=\"https:\/\/www.libramed.info\/de\/wp-content\/uploads\/sites\/168\/2021\/11\/La-gestione-del-controllo-del-peso-in-eta-pediatrica_11.png\" alt=\"\" class=\"wp-image-4053 size-full\"\/><\/figure><div class=\"wp-block-media-text__content\">\n<p><strong>ERN\u00c4HRUNG<\/strong>&nbsp;Einhaltung einer angemessenen Ern\u00e4hrung, d.h. abwechslungsreich und ausgeglichen, die alle Lebensmittel in der richtigen Menge beinhaltet, Obst und Gem\u00fcse bevorzugt sowie Speisen und Getr\u00e4nke mit hohem Gehalt an einfachen Zuckern einschr\u00e4nkt.<\/p>\n<\/div><\/div>\n\n\n\n<div class=\"wp-block-media-text alignwide is-stacked-on-mobile\" style=\"grid-template-columns:25% auto\"><figure class=\"wp-block-media-text__media\"><img loading=\"lazy\" decoding=\"async\" width=\"229\" height=\"170\" src=\"https:\/\/www.libramed.info\/de\/wp-content\/uploads\/sites\/168\/2021\/11\/La-gestione-del-controllo-del-peso-in-eta-pediatrica_21.png\" alt=\"\" class=\"wp-image-4054 size-full\"\/><\/figure><div class=\"wp-block-media-text__content\">\n<p><strong>BEWEGUNG<\/strong>&nbsp;Verringerung des Bewegungsmangels durch t\u00e4gliche k\u00f6rperliche Bet\u00e4tigung, unter F\u00f6rderung des freien Spiels und der organisierten sportlichen Aktivit\u00e4t.<\/p>\n<\/div><\/div>\n\n\n\n<div style=\"height:20px\" aria-hidden=\"true\" class=\"wp-block-spacer\"><\/div>\n\n\n\n<p>In den F\u00e4llen, in denen eine korrekte Ern\u00e4hrung und eine angemessene k\u00f6rperliche Bet\u00e4tigung nicht ausreichen, um \u00dcbergewicht entgegenzuwirken, das die Gesundheit des Kindes gef\u00e4hrdet, kann es n\u00fctzlich sein, unter Anleitung des Kinderarztes, unterst\u00fctzend mit einem spezifischen therapeutischen Produkt einzugreifen.<\/p>\n","protected":false},"excerpt":{"rendered":"<p>Der Umgang mit der Gewichtskontrolle beim Kind&nbsp;erfordert eine besondere Vorgehensweise im Vergleich zum Erwachsenen. In der P\u00e4diatrie ist es unerl\u00e4sslich, durch eine ausreichende Versorgung mit N\u00e4hrstoffen,&nbsp;eine Gewichtszunahme zu gew\u00e4hrleisten,&nbsp;die im richtigen Verh\u00e4ltnis zur Entwicklung des Individuums steht. Gleichzeitig m\u00fcssen \u00dcbergewicht und Adipositas vermieden werden, Ph\u00e4nomene, die in modernen Gesellschaften immer h\u00e4ufiger auftreten und die den&#8230;  <a href=\"https:\/\/www.libramed.info\/de\/der-richtige-ansatz\/die-gewichtskontrolle-im-paedriatrischen-alter\/\" class=\"more-link\" title=\"Read Die Gewichtskontrolle im p\u00e4driatrischen Alter\">Leggi tutto &raquo;<\/a><\/p>\n","protected":false},"author":2,"featured_media":0,"parent":4099,"menu_order":0,"comment_status":"closed","ping_status":"closed","template":"","meta":{"footnotes":""},"class_list":["post-4107","page","type-page","status-publish","hentry"],"yoast_head":"<!-- This site is optimized with the Yoast SEO plugin v27.4 - https:\/\/yoast.com\/product\/yoast-seo-wordpress\/ -->\n<title>Die Gewichtskontrolle im p\u00e4driatrischen Alter | Aboca Libramed<\/title>\n<meta name=\"description\" content=\"Der Umgang mit der Gewichtskontrolle beim Kind erfordert eine besondere Vorgehensweise im Vergleich zum Erwachsenen. In der P\u00e4diatrie ist es unerl\u00e4sslich, durch eine ausreichende Versorgung mit N\u00e4hrstoffen, eine Gewichtszunahme zu gew\u00e4hrleisten, die im richtigen Verh\u00e4ltnis zur Entwicklung des Individuums steht.\" \/>\n<meta name=\"robots\" content=\"index, follow, max-snippet:-1, max-image-preview:large, max-video-preview:-1\" \/>\n<link rel=\"canonical\" href=\"https:\/\/www.libramed.info\/de\/der-richtige-ansatz\/die-gewichtskontrolle-im-paedriatrischen-alter\/\" \/>\n<meta property=\"og:locale\" content=\"de_DE\" \/>\n<meta property=\"og:type\" content=\"article\" \/>\n<meta property=\"og:title\" content=\"Die Gewichtskontrolle im p\u00e4driatrischen Alter | Aboca Libramed\" \/>\n<meta property=\"og:description\" content=\"Der Umgang mit der Gewichtskontrolle beim Kind erfordert eine besondere Vorgehensweise im Vergleich zum Erwachsenen. In der P\u00e4diatrie ist es unerl\u00e4sslich, durch eine ausreichende Versorgung mit N\u00e4hrstoffen, eine Gewichtszunahme zu gew\u00e4hrleisten, die im richtigen Verh\u00e4ltnis zur Entwicklung des Individuums steht.\" \/>\n<meta property=\"og:url\" content=\"https:\/\/www.libramed.info\/de\/der-richtige-ansatz\/die-gewichtskontrolle-im-paedriatrischen-alter\/\" \/>\n<meta property=\"og:site_name\" content=\"LibraMed\" \/>\n<meta property=\"article:modified_time\" content=\"2021-12-02T16:38:48+00:00\" \/>\n<meta property=\"og:image\" content=\"https:\/\/www.libramed.info\/de\/wp-content\/uploads\/sites\/168\/2021\/11\/La-gestione-del-controllo-del-peso-in-eta-pediatrica_11.png\" \/>\n<meta name=\"twitter:card\" content=\"summary_large_image\" \/>\n<meta name=\"twitter:label1\" content=\"Gesch\u00e4tzte Lesezeit\" \/>\n\t<meta name=\"twitter:data1\" content=\"2\u00a0Minuten\" \/>\n<script type=\"application\/ld+json\" class=\"yoast-schema-graph\">{\"@context\":\"https:\\\/\\\/schema.org\",\"@graph\":[{\"@type\":\"WebPage\",\"@id\":\"https:\\\/\\\/www.libramed.info\\\/de\\\/der-richtige-ansatz\\\/die-gewichtskontrolle-im-paedriatrischen-alter\\\/\",\"url\":\"https:\\\/\\\/www.libramed.info\\\/de\\\/der-richtige-ansatz\\\/die-gewichtskontrolle-im-paedriatrischen-alter\\\/\",\"name\":\"Die Gewichtskontrolle im p\u00e4driatrischen Alter | Aboca Libramed\",\"isPartOf\":{\"@id\":\"https:\\\/\\\/www.libramed.info\\\/de\\\/#website\"},\"primaryImageOfPage\":{\"@id\":\"https:\\\/\\\/www.libramed.info\\\/de\\\/der-richtige-ansatz\\\/die-gewichtskontrolle-im-paedriatrischen-alter\\\/#primaryimage\"},\"image\":{\"@id\":\"https:\\\/\\\/www.libramed.info\\\/de\\\/der-richtige-ansatz\\\/die-gewichtskontrolle-im-paedriatrischen-alter\\\/#primaryimage\"},\"thumbnailUrl\":\"https:\\\/\\\/www.libramed.info\\\/de\\\/wp-content\\\/uploads\\\/sites\\\/168\\\/2021\\\/11\\\/La-gestione-del-controllo-del-peso-in-eta-pediatrica_11.png\",\"datePublished\":\"2021-11-30T17:00:40+00:00\",\"dateModified\":\"2021-12-02T16:38:48+00:00\",\"description\":\"Der Umgang mit der Gewichtskontrolle beim Kind erfordert eine besondere Vorgehensweise im Vergleich zum Erwachsenen. In der P\u00e4diatrie ist es unerl\u00e4sslich, durch eine ausreichende Versorgung mit N\u00e4hrstoffen, eine Gewichtszunahme zu gew\u00e4hrleisten, die im richtigen Verh\u00e4ltnis zur Entwicklung des Individuums steht.\",\"breadcrumb\":{\"@id\":\"https:\\\/\\\/www.libramed.info\\\/de\\\/der-richtige-ansatz\\\/die-gewichtskontrolle-im-paedriatrischen-alter\\\/#breadcrumb\"},\"inLanguage\":\"de\",\"potentialAction\":[{\"@type\":\"ReadAction\",\"target\":[\"https:\\\/\\\/www.libramed.info\\\/de\\\/der-richtige-ansatz\\\/die-gewichtskontrolle-im-paedriatrischen-alter\\\/\"]}]},{\"@type\":\"ImageObject\",\"inLanguage\":\"de\",\"@id\":\"https:\\\/\\\/www.libramed.info\\\/de\\\/der-richtige-ansatz\\\/die-gewichtskontrolle-im-paedriatrischen-alter\\\/#primaryimage\",\"url\":\"https:\\\/\\\/www.libramed.info\\\/de\\\/wp-content\\\/uploads\\\/sites\\\/168\\\/2021\\\/11\\\/La-gestione-del-controllo-del-peso-in-eta-pediatrica_11.png\",\"contentUrl\":\"https:\\\/\\\/www.libramed.info\\\/de\\\/wp-content\\\/uploads\\\/sites\\\/168\\\/2021\\\/11\\\/La-gestione-del-controllo-del-peso-in-eta-pediatrica_11.png\",\"width\":229,\"height\":197},{\"@type\":\"BreadcrumbList\",\"@id\":\"https:\\\/\\\/www.libramed.info\\\/de\\\/der-richtige-ansatz\\\/die-gewichtskontrolle-im-paedriatrischen-alter\\\/#breadcrumb\",\"itemListElement\":[{\"@type\":\"ListItem\",\"position\":1,\"name\":\"Home\",\"item\":\"https:\\\/\\\/www.libramed.info\\\/de\\\/\"},{\"@type\":\"ListItem\",\"position\":2,\"name\":\"Der richtige Ansatz\",\"item\":\"https:\\\/\\\/www.libramed.info\\\/de\\\/der-richtige-ansatz\\\/\"},{\"@type\":\"ListItem\",\"position\":3,\"name\":\"Die Gewichtskontrolle im p\u00e4driatrischen Alter\"}]},{\"@type\":\"WebSite\",\"@id\":\"https:\\\/\\\/www.libramed.info\\\/de\\\/#website\",\"url\":\"https:\\\/\\\/www.libramed.info\\\/de\\\/\",\"name\":\"LibraMed\",\"description\":\"Zur Kontrolle des glyk\u00e4mischen Peaks\",\"potentialAction\":[{\"@type\":\"SearchAction\",\"target\":{\"@type\":\"EntryPoint\",\"urlTemplate\":\"https:\\\/\\\/www.libramed.info\\\/de\\\/?s={search_term_string}\"},\"query-input\":{\"@type\":\"PropertyValueSpecification\",\"valueRequired\":true,\"valueName\":\"search_term_string\"}}],\"inLanguage\":\"de\"}]}<\/script>\n<!-- \/ Yoast SEO plugin. -->","yoast_head_json":{"title":"Die Gewichtskontrolle im p\u00e4driatrischen Alter | Aboca Libramed","description":"Der Umgang mit der Gewichtskontrolle beim Kind erfordert eine besondere Vorgehensweise im Vergleich zum Erwachsenen. In der P\u00e4diatrie ist es unerl\u00e4sslich, durch eine ausreichende Versorgung mit N\u00e4hrstoffen, eine Gewichtszunahme zu gew\u00e4hrleisten, die im richtigen Verh\u00e4ltnis zur Entwicklung des Individuums steht.","robots":{"index":"index","follow":"follow","max-snippet":"max-snippet:-1","max-image-preview":"max-image-preview:large","max-video-preview":"max-video-preview:-1"},"canonical":"https:\/\/www.libramed.info\/de\/der-richtige-ansatz\/die-gewichtskontrolle-im-paedriatrischen-alter\/","og_locale":"de_DE","og_type":"article","og_title":"Die Gewichtskontrolle im p\u00e4driatrischen Alter | Aboca Libramed","og_description":"Der Umgang mit der Gewichtskontrolle beim Kind erfordert eine besondere Vorgehensweise im Vergleich zum Erwachsenen. In der P\u00e4diatrie ist es unerl\u00e4sslich, durch eine ausreichende Versorgung mit N\u00e4hrstoffen, eine Gewichtszunahme zu gew\u00e4hrleisten, die im richtigen Verh\u00e4ltnis zur Entwicklung des Individuums steht.","og_url":"https:\/\/www.libramed.info\/de\/der-richtige-ansatz\/die-gewichtskontrolle-im-paedriatrischen-alter\/","og_site_name":"LibraMed","article_modified_time":"2021-12-02T16:38:48+00:00","og_image":[{"url":"https:\/\/www.libramed.info\/de\/wp-content\/uploads\/sites\/168\/2021\/11\/La-gestione-del-controllo-del-peso-in-eta-pediatrica_11.png","type":"","width":"","height":""}],"twitter_card":"summary_large_image","twitter_misc":{"Gesch\u00e4tzte Lesezeit":"2\u00a0Minuten"},"schema":{"@context":"https:\/\/schema.org","@graph":[{"@type":"WebPage","@id":"https:\/\/www.libramed.info\/de\/der-richtige-ansatz\/die-gewichtskontrolle-im-paedriatrischen-alter\/","url":"https:\/\/www.libramed.info\/de\/der-richtige-ansatz\/die-gewichtskontrolle-im-paedriatrischen-alter\/","name":"Die Gewichtskontrolle im p\u00e4driatrischen Alter | Aboca Libramed","isPartOf":{"@id":"https:\/\/www.libramed.info\/de\/#website"},"primaryImageOfPage":{"@id":"https:\/\/www.libramed.info\/de\/der-richtige-ansatz\/die-gewichtskontrolle-im-paedriatrischen-alter\/#primaryimage"},"image":{"@id":"https:\/\/www.libramed.info\/de\/der-richtige-ansatz\/die-gewichtskontrolle-im-paedriatrischen-alter\/#primaryimage"},"thumbnailUrl":"https:\/\/www.libramed.info\/de\/wp-content\/uploads\/sites\/168\/2021\/11\/La-gestione-del-controllo-del-peso-in-eta-pediatrica_11.png","datePublished":"2021-11-30T17:00:40+00:00","dateModified":"2021-12-02T16:38:48+00:00","description":"Der Umgang mit der Gewichtskontrolle beim Kind erfordert eine besondere Vorgehensweise im Vergleich zum Erwachsenen. In der P\u00e4diatrie ist es unerl\u00e4sslich, durch eine ausreichende Versorgung mit N\u00e4hrstoffen, eine Gewichtszunahme zu gew\u00e4hrleisten, die im richtigen Verh\u00e4ltnis zur Entwicklung des Individuums steht.","breadcrumb":{"@id":"https:\/\/www.libramed.info\/de\/der-richtige-ansatz\/die-gewichtskontrolle-im-paedriatrischen-alter\/#breadcrumb"},"inLanguage":"de","potentialAction":[{"@type":"ReadAction","target":["https:\/\/www.libramed.info\/de\/der-richtige-ansatz\/die-gewichtskontrolle-im-paedriatrischen-alter\/"]}]},{"@type":"ImageObject","inLanguage":"de","@id":"https:\/\/www.libramed.info\/de\/der-richtige-ansatz\/die-gewichtskontrolle-im-paedriatrischen-alter\/#primaryimage","url":"https:\/\/www.libramed.info\/de\/wp-content\/uploads\/sites\/168\/2021\/11\/La-gestione-del-controllo-del-peso-in-eta-pediatrica_11.png","contentUrl":"https:\/\/www.libramed.info\/de\/wp-content\/uploads\/sites\/168\/2021\/11\/La-gestione-del-controllo-del-peso-in-eta-pediatrica_11.png","width":229,"height":197},{"@type":"BreadcrumbList","@id":"https:\/\/www.libramed.info\/de\/der-richtige-ansatz\/die-gewichtskontrolle-im-paedriatrischen-alter\/#breadcrumb","itemListElement":[{"@type":"ListItem","position":1,"name":"Home","item":"https:\/\/www.libramed.info\/de\/"},{"@type":"ListItem","position":2,"name":"Der richtige Ansatz","item":"https:\/\/www.libramed.info\/de\/der-richtige-ansatz\/"},{"@type":"ListItem","position":3,"name":"Die Gewichtskontrolle im p\u00e4driatrischen Alter"}]},{"@type":"WebSite","@id":"https:\/\/www.libramed.info\/de\/#website","url":"https:\/\/www.libramed.info\/de\/","name":"LibraMed","description":"Zur Kontrolle des glyk\u00e4mischen Peaks","potentialAction":[{"@type":"SearchAction","target":{"@type":"EntryPoint","urlTemplate":"https:\/\/www.libramed.info\/de\/?s={search_term_string}"},"query-input":{"@type":"PropertyValueSpecification","valueRequired":true,"valueName":"search_term_string"}}],"inLanguage":"de"}]}},"_links":{"self":[{"href":"https:\/\/www.libramed.info\/de\/wp-json\/wp\/v2\/pages\/4107","targetHints":{"allow":["GET"]}}],"collection":[{"href":"https:\/\/www.libramed.info\/de\/wp-json\/wp\/v2\/pages"}],"about":[{"href":"https:\/\/www.libramed.info\/de\/wp-json\/wp\/v2\/types\/page"}],"author":[{"embeddable":true,"href":"https:\/\/www.libramed.info\/de\/wp-json\/wp\/v2\/users\/2"}],"replies":[{"embeddable":true,"href":"https:\/\/www.libramed.info\/de\/wp-json\/wp\/v2\/comments?post=4107"}],"version-history":[{"count":4,"href":"https:\/\/www.libramed.info\/de\/wp-json\/wp\/v2\/pages\/4107\/revisions"}],"predecessor-version":[{"id":4257,"href":"https:\/\/www.libramed.info\/de\/wp-json\/wp\/v2\/pages\/4107\/revisions\/4257"}],"up":[{"embeddable":true,"href":"https:\/\/www.libramed.info\/de\/wp-json\/wp\/v2\/pages\/4099"}],"wp:attachment":[{"href":"https:\/\/www.libramed.info\/de\/wp-json\/wp\/v2\/media?parent=4107"}],"curies":[{"name":"wp","href":"https:\/\/api.w.org\/{rel}","templated":true}]}}