{"id":4104,"date":"2021-11-30T17:57:39","date_gmt":"2021-11-30T16:57:39","guid":{"rendered":"https:\/\/libramedinfode.multisite.aboca.com\/?page_id=4104"},"modified":"2021-12-02T17:38:25","modified_gmt":"2021-12-02T16:38:25","slug":"gleichgewicht-des-gewichts","status":"publish","type":"page","link":"https:\/\/www.libramed.info\/de\/der-richtige-ansatz\/gleichgewicht-des-gewichts\/","title":{"rendered":"Grundlegende Schritte f\u00fcr ein ausgeglichenes Gewicht!"},"content":{"rendered":"\n<p>Es ist wichtig daran zu erinnern, dass jegliches therapeutische Programm zur Gewichtskontrolle eine Kombination aus Di\u00e4t und Verhaltensregeln sowie regelm\u00e4\u00dfiger k\u00f6rperlicher Bet\u00e4tigung beinhalten muss.<\/p>\n\n\n\n<div class=\"wp-block-columns is-layout-flex wp-container-core-columns-is-layout-9d6595d7 wp-block-columns-is-layout-flex\">\n<div class=\"wp-block-column is-layout-flow wp-block-column-is-layout-flow\">\n<div class=\"wp-block-image\"><figure class=\"aligncenter size-large\"><img decoding=\"async\" src=\"https:\/\/libramed.info\/de\/wp-content\/uploads\/sites\/168\/2021\/11\/equilibrio-del-peso_1.png\" alt=\"\"\/><\/figure><\/div>\n\n\n\n<h3 class=\"has-text-align-center wp-block-heading\"><strong>ERN\u00c4HREN<br>SIE SICH RICHTIG<\/strong><\/h3>\n<\/div>\n\n\n\n<div class=\"wp-block-column is-layout-flow wp-block-column-is-layout-flow\">\n<div class=\"wp-block-image\"><figure class=\"aligncenter size-large\"><img decoding=\"async\" src=\"https:\/\/libramed.info\/de\/wp-content\/uploads\/sites\/168\/2021\/11\/equilibrio-del-peso_2.png\" alt=\"\"\/><\/figure><\/div>\n\n\n\n<h3 class=\"has-text-align-center wp-block-heading\"><strong><strong>BEWEGEN SIE<br>SICH REGELM\u00c4SSIG<\/strong><\/strong><\/h3>\n<\/div>\n\n\n\n<div class=\"wp-block-column is-layout-flow wp-block-column-is-layout-flow\">\n<div class=\"wp-block-image\"><figure class=\"aligncenter size-large\"><img decoding=\"async\" src=\"https:\/\/libramed.info\/de\/wp-content\/uploads\/sites\/168\/2021\/11\/equilibrio-del-peso-3.png\" alt=\"\"\/><\/figure><\/div>\n\n\n\n<h3 class=\"has-text-align-center wp-block-heading\"><strong><strong>NEHMEN SIE LIBRAMED<br>Ihr Partner f\u00fcr die Gewichtskontrolle<\/strong><\/strong><\/h3>\n<\/div>\n<\/div>\n","protected":false},"excerpt":{"rendered":"<p>Es ist wichtig daran zu erinnern, dass jegliches therapeutische Programm zur Gewichtskontrolle eine Kombination aus Di\u00e4t und Verhaltensregeln sowie regelm\u00e4\u00dfiger k\u00f6rperlicher Bet\u00e4tigung beinhalten muss. ERN\u00c4HRENSIE SICH RICHTIG BEWEGEN SIESICH REGELM\u00c4SSIG NEHMEN SIE LIBRAMEDIhr Partner f\u00fcr die Gewichtskontrolle<\/p>\n","protected":false},"author":2,"featured_media":0,"parent":4099,"menu_order":0,"comment_status":"closed","ping_status":"closed","template":"","meta":{"footnotes":""},"class_list":["post-4104","page","type-page","status-publish","hentry"],"yoast_head":"<!-- This site is optimized with the Yoast SEO plugin v27.4 - https:\/\/yoast.com\/product\/yoast-seo-wordpress\/ -->\n<title>Grundlegende Schritte f\u00fcr ein ausgeglichenes Gewicht! | Aboca Libramed<\/title>\n<meta name=\"description\" content=\"Es ist wichtig daran zu erinnern, dass jegliches therapeutische Programm zur Gewichtskontrolle eine Kombination aus Di\u00e4t und Verhaltensregeln sowie regelm\u00e4\u00dfiger k\u00f6rperlicher Bet\u00e4tigung beinhalten muss.\" \/>\n<meta name=\"robots\" content=\"index, follow, max-snippet:-1, max-image-preview:large, max-video-preview:-1\" \/>\n<link rel=\"canonical\" href=\"https:\/\/www.libramed.info\/de\/der-richtige-ansatz\/gleichgewicht-des-gewichts\/\" \/>\n<meta property=\"og:locale\" content=\"de_DE\" \/>\n<meta property=\"og:type\" content=\"article\" \/>\n<meta property=\"og:title\" content=\"Grundlegende Schritte f\u00fcr ein ausgeglichenes Gewicht! | Aboca Libramed\" \/>\n<meta property=\"og:description\" content=\"Es ist wichtig daran zu erinnern, dass jegliches therapeutische Programm zur Gewichtskontrolle eine Kombination aus Di\u00e4t und Verhaltensregeln sowie regelm\u00e4\u00dfiger k\u00f6rperlicher Bet\u00e4tigung beinhalten muss.\" \/>\n<meta property=\"og:url\" content=\"https:\/\/www.libramed.info\/de\/der-richtige-ansatz\/gleichgewicht-des-gewichts\/\" \/>\n<meta property=\"og:site_name\" content=\"LibraMed\" \/>\n<meta property=\"article:modified_time\" content=\"2021-12-02T16:38:25+00:00\" \/>\n<meta property=\"og:image\" content=\"https:\/\/libramed.info\/de\/wp-content\/uploads\/sites\/168\/2021\/11\/equilibrio-del-peso_1.png\" \/>\n<meta name=\"twitter:card\" content=\"summary_large_image\" \/>\n<meta name=\"twitter:label1\" content=\"Gesch\u00e4tzte Lesezeit\" \/>\n\t<meta name=\"twitter:data1\" content=\"1\u00a0Minute\" \/>\n<script type=\"application\/ld+json\" class=\"yoast-schema-graph\">{\"@context\":\"https:\\\/\\\/schema.org\",\"@graph\":[{\"@type\":\"WebPage\",\"@id\":\"https:\\\/\\\/www.libramed.info\\\/de\\\/der-richtige-ansatz\\\/gleichgewicht-des-gewichts\\\/\",\"url\":\"https:\\\/\\\/www.libramed.info\\\/de\\\/der-richtige-ansatz\\\/gleichgewicht-des-gewichts\\\/\",\"name\":\"Grundlegende Schritte f\u00fcr ein ausgeglichenes Gewicht! | Aboca Libramed\",\"isPartOf\":{\"@id\":\"https:\\\/\\\/www.libramed.info\\\/de\\\/#website\"},\"primaryImageOfPage\":{\"@id\":\"https:\\\/\\\/www.libramed.info\\\/de\\\/der-richtige-ansatz\\\/gleichgewicht-des-gewichts\\\/#primaryimage\"},\"image\":{\"@id\":\"https:\\\/\\\/www.libramed.info\\\/de\\\/der-richtige-ansatz\\\/gleichgewicht-des-gewichts\\\/#primaryimage\"},\"thumbnailUrl\":\"https:\\\/\\\/libramed.info\\\/de\\\/wp-content\\\/uploads\\\/sites\\\/168\\\/2021\\\/11\\\/equilibrio-del-peso_1.png\",\"datePublished\":\"2021-11-30T16:57:39+00:00\",\"dateModified\":\"2021-12-02T16:38:25+00:00\",\"description\":\"Es ist wichtig daran zu erinnern, dass jegliches therapeutische Programm zur Gewichtskontrolle eine Kombination aus Di\u00e4t und Verhaltensregeln sowie regelm\u00e4\u00dfiger k\u00f6rperlicher Bet\u00e4tigung beinhalten muss.\",\"breadcrumb\":{\"@id\":\"https:\\\/\\\/www.libramed.info\\\/de\\\/der-richtige-ansatz\\\/gleichgewicht-des-gewichts\\\/#breadcrumb\"},\"inLanguage\":\"de\",\"potentialAction\":[{\"@type\":\"ReadAction\",\"target\":[\"https:\\\/\\\/www.libramed.info\\\/de\\\/der-richtige-ansatz\\\/gleichgewicht-des-gewichts\\\/\"]}]},{\"@type\":\"ImageObject\",\"inLanguage\":\"de\",\"@id\":\"https:\\\/\\\/www.libramed.info\\\/de\\\/der-richtige-ansatz\\\/gleichgewicht-des-gewichts\\\/#primaryimage\",\"url\":\"https:\\\/\\\/libramed.info\\\/de\\\/wp-content\\\/uploads\\\/sites\\\/168\\\/2021\\\/11\\\/equilibrio-del-peso_1.png\",\"contentUrl\":\"https:\\\/\\\/libramed.info\\\/de\\\/wp-content\\\/uploads\\\/sites\\\/168\\\/2021\\\/11\\\/equilibrio-del-peso_1.png\"},{\"@type\":\"BreadcrumbList\",\"@id\":\"https:\\\/\\\/www.libramed.info\\\/de\\\/der-richtige-ansatz\\\/gleichgewicht-des-gewichts\\\/#breadcrumb\",\"itemListElement\":[{\"@type\":\"ListItem\",\"position\":1,\"name\":\"Home\",\"item\":\"https:\\\/\\\/www.libramed.info\\\/de\\\/\"},{\"@type\":\"ListItem\",\"position\":2,\"name\":\"Der richtige Ansatz\",\"item\":\"https:\\\/\\\/www.libramed.info\\\/de\\\/der-richtige-ansatz\\\/\"},{\"@type\":\"ListItem\",\"position\":3,\"name\":\"Grundlegende Schritte f\u00fcr ein ausgeglichenes Gewicht!\"}]},{\"@type\":\"WebSite\",\"@id\":\"https:\\\/\\\/www.libramed.info\\\/de\\\/#website\",\"url\":\"https:\\\/\\\/www.libramed.info\\\/de\\\/\",\"name\":\"LibraMed\",\"description\":\"Zur Kontrolle des glyk\u00e4mischen Peaks\",\"potentialAction\":[{\"@type\":\"SearchAction\",\"target\":{\"@type\":\"EntryPoint\",\"urlTemplate\":\"https:\\\/\\\/www.libramed.info\\\/de\\\/?s={search_term_string}\"},\"query-input\":{\"@type\":\"PropertyValueSpecification\",\"valueRequired\":true,\"valueName\":\"search_term_string\"}}],\"inLanguage\":\"de\"}]}<\/script>\n<!-- \/ Yoast SEO plugin. -->","yoast_head_json":{"title":"Grundlegende Schritte f\u00fcr ein ausgeglichenes Gewicht! | Aboca Libramed","description":"Es ist wichtig daran zu erinnern, dass jegliches therapeutische Programm zur Gewichtskontrolle eine Kombination aus Di\u00e4t und Verhaltensregeln sowie regelm\u00e4\u00dfiger k\u00f6rperlicher Bet\u00e4tigung beinhalten muss.","robots":{"index":"index","follow":"follow","max-snippet":"max-snippet:-1","max-image-preview":"max-image-preview:large","max-video-preview":"max-video-preview:-1"},"canonical":"https:\/\/www.libramed.info\/de\/der-richtige-ansatz\/gleichgewicht-des-gewichts\/","og_locale":"de_DE","og_type":"article","og_title":"Grundlegende Schritte f\u00fcr ein ausgeglichenes Gewicht! | Aboca Libramed","og_description":"Es ist wichtig daran zu erinnern, dass jegliches therapeutische Programm zur Gewichtskontrolle eine Kombination aus Di\u00e4t und Verhaltensregeln sowie regelm\u00e4\u00dfiger k\u00f6rperlicher Bet\u00e4tigung beinhalten muss.","og_url":"https:\/\/www.libramed.info\/de\/der-richtige-ansatz\/gleichgewicht-des-gewichts\/","og_site_name":"LibraMed","article_modified_time":"2021-12-02T16:38:25+00:00","og_image":[{"url":"https:\/\/libramed.info\/de\/wp-content\/uploads\/sites\/168\/2021\/11\/equilibrio-del-peso_1.png","type":"","width":"","height":""}],"twitter_card":"summary_large_image","twitter_misc":{"Gesch\u00e4tzte Lesezeit":"1\u00a0Minute"},"schema":{"@context":"https:\/\/schema.org","@graph":[{"@type":"WebPage","@id":"https:\/\/www.libramed.info\/de\/der-richtige-ansatz\/gleichgewicht-des-gewichts\/","url":"https:\/\/www.libramed.info\/de\/der-richtige-ansatz\/gleichgewicht-des-gewichts\/","name":"Grundlegende Schritte f\u00fcr ein ausgeglichenes Gewicht! | Aboca Libramed","isPartOf":{"@id":"https:\/\/www.libramed.info\/de\/#website"},"primaryImageOfPage":{"@id":"https:\/\/www.libramed.info\/de\/der-richtige-ansatz\/gleichgewicht-des-gewichts\/#primaryimage"},"image":{"@id":"https:\/\/www.libramed.info\/de\/der-richtige-ansatz\/gleichgewicht-des-gewichts\/#primaryimage"},"thumbnailUrl":"https:\/\/libramed.info\/de\/wp-content\/uploads\/sites\/168\/2021\/11\/equilibrio-del-peso_1.png","datePublished":"2021-11-30T16:57:39+00:00","dateModified":"2021-12-02T16:38:25+00:00","description":"Es ist wichtig daran zu erinnern, dass jegliches therapeutische Programm zur Gewichtskontrolle eine Kombination aus Di\u00e4t und Verhaltensregeln sowie regelm\u00e4\u00dfiger k\u00f6rperlicher Bet\u00e4tigung beinhalten muss.","breadcrumb":{"@id":"https:\/\/www.libramed.info\/de\/der-richtige-ansatz\/gleichgewicht-des-gewichts\/#breadcrumb"},"inLanguage":"de","potentialAction":[{"@type":"ReadAction","target":["https:\/\/www.libramed.info\/de\/der-richtige-ansatz\/gleichgewicht-des-gewichts\/"]}]},{"@type":"ImageObject","inLanguage":"de","@id":"https:\/\/www.libramed.info\/de\/der-richtige-ansatz\/gleichgewicht-des-gewichts\/#primaryimage","url":"https:\/\/libramed.info\/de\/wp-content\/uploads\/sites\/168\/2021\/11\/equilibrio-del-peso_1.png","contentUrl":"https:\/\/libramed.info\/de\/wp-content\/uploads\/sites\/168\/2021\/11\/equilibrio-del-peso_1.png"},{"@type":"BreadcrumbList","@id":"https:\/\/www.libramed.info\/de\/der-richtige-ansatz\/gleichgewicht-des-gewichts\/#breadcrumb","itemListElement":[{"@type":"ListItem","position":1,"name":"Home","item":"https:\/\/www.libramed.info\/de\/"},{"@type":"ListItem","position":2,"name":"Der richtige Ansatz","item":"https:\/\/www.libramed.info\/de\/der-richtige-ansatz\/"},{"@type":"ListItem","position":3,"name":"Grundlegende Schritte f\u00fcr ein ausgeglichenes Gewicht!"}]},{"@type":"WebSite","@id":"https:\/\/www.libramed.info\/de\/#website","url":"https:\/\/www.libramed.info\/de\/","name":"LibraMed","description":"Zur Kontrolle des glyk\u00e4mischen Peaks","potentialAction":[{"@type":"SearchAction","target":{"@type":"EntryPoint","urlTemplate":"https:\/\/www.libramed.info\/de\/?s={search_term_string}"},"query-input":{"@type":"PropertyValueSpecification","valueRequired":true,"valueName":"search_term_string"}}],"inLanguage":"de"}]}},"_links":{"self":[{"href":"https:\/\/www.libramed.info\/de\/wp-json\/wp\/v2\/pages\/4104","targetHints":{"allow":["GET"]}}],"collection":[{"href":"https:\/\/www.libramed.info\/de\/wp-json\/wp\/v2\/pages"}],"about":[{"href":"https:\/\/www.libramed.info\/de\/wp-json\/wp\/v2\/types\/page"}],"author":[{"embeddable":true,"href":"https:\/\/www.libramed.info\/de\/wp-json\/wp\/v2\/users\/2"}],"replies":[{"embeddable":true,"href":"https:\/\/www.libramed.info\/de\/wp-json\/wp\/v2\/comments?post=4104"}],"version-history":[{"count":5,"href":"https:\/\/www.libramed.info\/de\/wp-json\/wp\/v2\/pages\/4104\/revisions"}],"predecessor-version":[{"id":4256,"href":"https:\/\/www.libramed.info\/de\/wp-json\/wp\/v2\/pages\/4104\/revisions\/4256"}],"up":[{"embeddable":true,"href":"https:\/\/www.libramed.info\/de\/wp-json\/wp\/v2\/pages\/4099"}],"wp:attachment":[{"href":"https:\/\/www.libramed.info\/de\/wp-json\/wp\/v2\/media?parent=4104"}],"curies":[{"name":"wp","href":"https:\/\/api.w.org\/{rel}","templated":true}]}}