{"id":4099,"date":"2021-11-30T17:53:42","date_gmt":"2021-11-30T16:53:42","guid":{"rendered":"https:\/\/libramedinfode.multisite.aboca.com\/?page_id=4099"},"modified":"2021-12-01T17:43:50","modified_gmt":"2021-12-01T16:43:50","slug":"der-richtige-ansatz","status":"publish","type":"page","link":"https:\/\/www.libramed.info\/de\/der-richtige-ansatz\/","title":{"rendered":"Der richtige Ansatz"},"content":{"rendered":"\n<p>\u00dcbergewicht und Adipositas, bei Erwachsenen wie auch bei Kindern, sind oft untersch\u00e4tzte Zust\u00e4nde mit hohem Risiko, die heute auf sozialer Ebene einen&nbsp;<strong>wahren Notstand im Gesundheitswesen<\/strong>&nbsp;darstellen.<\/p>\n\n\n\n<p>Es ist von grundlegender Bedeutung, die Problematik zu erkennen, sich Fachleuten aus dem Gesundheitswesen anzuvertrauen sowie Lebensstil und Nahrungsmittelauswahl zu \u00e4ndern.<\/p>\n\n\n\n<p>Deshalb investiert&nbsp;<strong>Aboca<\/strong>&nbsp;nicht nur in die Erforschung neuer pflanzlicher Molek\u00fcle, die f\u00fcr die Gewichtskontrolle n\u00fctzlich sind, sondern ist konstant und hoch\u00fcberzeugt in einer&nbsp;<a href=\"https:\/\/www.libramed.info\/de\/der-richtige-ansatz\/eine-integrierte-kette-im-gesundheitswesen\/\"><strong>integrierten Kette im Gesundheitswesen<\/strong><\/a>&nbsp;t\u00e4tig.<\/p>\n","protected":false},"excerpt":{"rendered":"<p>\u00dcbergewicht und Adipositas, bei Erwachsenen wie auch bei Kindern, sind oft untersch\u00e4tzte Zust\u00e4nde mit hohem Risiko, die heute auf sozialer Ebene einen&nbsp;wahren Notstand im Gesundheitswesen&nbsp;darstellen. Es ist von grundlegender Bedeutung, die Problematik zu erkennen, sich Fachleuten aus dem Gesundheitswesen anzuvertrauen sowie Lebensstil und Nahrungsmittelauswahl zu \u00e4ndern. Deshalb investiert&nbsp;Aboca&nbsp;nicht nur in die Erforschung neuer pflanzlicher Molek\u00fcle,&#8230;  <a href=\"https:\/\/www.libramed.info\/de\/der-richtige-ansatz\/\" class=\"more-link\" title=\"Read Der richtige Ansatz\">Leggi tutto &raquo;<\/a><\/p>\n","protected":false},"author":2,"featured_media":0,"parent":0,"menu_order":0,"comment_status":"closed","ping_status":"closed","template":"","meta":{"footnotes":""},"class_list":["post-4099","page","type-page","status-publish","hentry"],"yoast_head":"<!-- This site is optimized with the Yoast SEO plugin v27.4 - https:\/\/yoast.com\/product\/yoast-seo-wordpress\/ -->\n<title>Der richtige Ansatz | Aboca Libramed<\/title>\n<meta name=\"description\" content=\"\u00dcbergewicht und Adipositas, bei Erwachsenen wie auch bei Kindern, sind oft untersch\u00e4tzte Zust\u00e4nde mit hohem Risiko, die heute auf sozialer Ebene einen wahren Notstand im Gesundheitswesen darstellen.\" \/>\n<meta name=\"robots\" content=\"index, follow, max-snippet:-1, max-image-preview:large, max-video-preview:-1\" \/>\n<link rel=\"canonical\" href=\"https:\/\/www.libramed.info\/de\/der-richtige-ansatz\/\" \/>\n<meta property=\"og:locale\" content=\"de_DE\" \/>\n<meta property=\"og:type\" content=\"article\" \/>\n<meta property=\"og:title\" content=\"Der richtige Ansatz | Aboca Libramed\" \/>\n<meta property=\"og:description\" content=\"\u00dcbergewicht und Adipositas, bei Erwachsenen wie auch bei Kindern, sind oft untersch\u00e4tzte Zust\u00e4nde mit hohem Risiko, die heute auf sozialer Ebene einen wahren Notstand im Gesundheitswesen darstellen.\" \/>\n<meta property=\"og:url\" content=\"https:\/\/www.libramed.info\/de\/der-richtige-ansatz\/\" \/>\n<meta property=\"og:site_name\" content=\"LibraMed\" \/>\n<meta property=\"article:modified_time\" content=\"2021-12-01T16:43:50+00:00\" \/>\n<meta name=\"twitter:card\" content=\"summary_large_image\" \/>\n<meta name=\"twitter:label1\" content=\"Gesch\u00e4tzte Lesezeit\" \/>\n\t<meta name=\"twitter:data1\" content=\"1\u00a0Minute\" \/>\n<script type=\"application\/ld+json\" class=\"yoast-schema-graph\">{\"@context\":\"https:\\\/\\\/schema.org\",\"@graph\":[{\"@type\":\"WebPage\",\"@id\":\"https:\\\/\\\/www.libramed.info\\\/de\\\/der-richtige-ansatz\\\/\",\"url\":\"https:\\\/\\\/www.libramed.info\\\/de\\\/der-richtige-ansatz\\\/\",\"name\":\"Der richtige Ansatz | Aboca Libramed\",\"isPartOf\":{\"@id\":\"https:\\\/\\\/www.libramed.info\\\/de\\\/#website\"},\"datePublished\":\"2021-11-30T16:53:42+00:00\",\"dateModified\":\"2021-12-01T16:43:50+00:00\",\"description\":\"\u00dcbergewicht und Adipositas, bei Erwachsenen wie auch bei Kindern, sind oft untersch\u00e4tzte Zust\u00e4nde mit hohem Risiko, die heute auf sozialer Ebene einen wahren Notstand im Gesundheitswesen darstellen.\",\"breadcrumb\":{\"@id\":\"https:\\\/\\\/www.libramed.info\\\/de\\\/der-richtige-ansatz\\\/#breadcrumb\"},\"inLanguage\":\"de\",\"potentialAction\":[{\"@type\":\"ReadAction\",\"target\":[\"https:\\\/\\\/www.libramed.info\\\/de\\\/der-richtige-ansatz\\\/\"]}]},{\"@type\":\"BreadcrumbList\",\"@id\":\"https:\\\/\\\/www.libramed.info\\\/de\\\/der-richtige-ansatz\\\/#breadcrumb\",\"itemListElement\":[{\"@type\":\"ListItem\",\"position\":1,\"name\":\"Home\",\"item\":\"https:\\\/\\\/www.libramed.info\\\/de\\\/\"},{\"@type\":\"ListItem\",\"position\":2,\"name\":\"Der richtige Ansatz\"}]},{\"@type\":\"WebSite\",\"@id\":\"https:\\\/\\\/www.libramed.info\\\/de\\\/#website\",\"url\":\"https:\\\/\\\/www.libramed.info\\\/de\\\/\",\"name\":\"LibraMed\",\"description\":\"Zur Kontrolle des glyk\u00e4mischen Peaks\",\"potentialAction\":[{\"@type\":\"SearchAction\",\"target\":{\"@type\":\"EntryPoint\",\"urlTemplate\":\"https:\\\/\\\/www.libramed.info\\\/de\\\/?s={search_term_string}\"},\"query-input\":{\"@type\":\"PropertyValueSpecification\",\"valueRequired\":true,\"valueName\":\"search_term_string\"}}],\"inLanguage\":\"de\"}]}<\/script>\n<!-- \/ Yoast SEO plugin. -->","yoast_head_json":{"title":"Der richtige Ansatz | Aboca Libramed","description":"\u00dcbergewicht und Adipositas, bei Erwachsenen wie auch bei Kindern, sind oft untersch\u00e4tzte Zust\u00e4nde mit hohem Risiko, die heute auf sozialer Ebene einen wahren Notstand im Gesundheitswesen darstellen.","robots":{"index":"index","follow":"follow","max-snippet":"max-snippet:-1","max-image-preview":"max-image-preview:large","max-video-preview":"max-video-preview:-1"},"canonical":"https:\/\/www.libramed.info\/de\/der-richtige-ansatz\/","og_locale":"de_DE","og_type":"article","og_title":"Der richtige Ansatz | Aboca Libramed","og_description":"\u00dcbergewicht und Adipositas, bei Erwachsenen wie auch bei Kindern, sind oft untersch\u00e4tzte Zust\u00e4nde mit hohem Risiko, die heute auf sozialer Ebene einen wahren Notstand im Gesundheitswesen darstellen.","og_url":"https:\/\/www.libramed.info\/de\/der-richtige-ansatz\/","og_site_name":"LibraMed","article_modified_time":"2021-12-01T16:43:50+00:00","twitter_card":"summary_large_image","twitter_misc":{"Gesch\u00e4tzte Lesezeit":"1\u00a0Minute"},"schema":{"@context":"https:\/\/schema.org","@graph":[{"@type":"WebPage","@id":"https:\/\/www.libramed.info\/de\/der-richtige-ansatz\/","url":"https:\/\/www.libramed.info\/de\/der-richtige-ansatz\/","name":"Der richtige Ansatz | Aboca Libramed","isPartOf":{"@id":"https:\/\/www.libramed.info\/de\/#website"},"datePublished":"2021-11-30T16:53:42+00:00","dateModified":"2021-12-01T16:43:50+00:00","description":"\u00dcbergewicht und Adipositas, bei Erwachsenen wie auch bei Kindern, sind oft untersch\u00e4tzte Zust\u00e4nde mit hohem Risiko, die heute auf sozialer Ebene einen wahren Notstand im Gesundheitswesen darstellen.","breadcrumb":{"@id":"https:\/\/www.libramed.info\/de\/der-richtige-ansatz\/#breadcrumb"},"inLanguage":"de","potentialAction":[{"@type":"ReadAction","target":["https:\/\/www.libramed.info\/de\/der-richtige-ansatz\/"]}]},{"@type":"BreadcrumbList","@id":"https:\/\/www.libramed.info\/de\/der-richtige-ansatz\/#breadcrumb","itemListElement":[{"@type":"ListItem","position":1,"name":"Home","item":"https:\/\/www.libramed.info\/de\/"},{"@type":"ListItem","position":2,"name":"Der richtige Ansatz"}]},{"@type":"WebSite","@id":"https:\/\/www.libramed.info\/de\/#website","url":"https:\/\/www.libramed.info\/de\/","name":"LibraMed","description":"Zur Kontrolle des glyk\u00e4mischen Peaks","potentialAction":[{"@type":"SearchAction","target":{"@type":"EntryPoint","urlTemplate":"https:\/\/www.libramed.info\/de\/?s={search_term_string}"},"query-input":{"@type":"PropertyValueSpecification","valueRequired":true,"valueName":"search_term_string"}}],"inLanguage":"de"}]}},"_links":{"self":[{"href":"https:\/\/www.libramed.info\/de\/wp-json\/wp\/v2\/pages\/4099","targetHints":{"allow":["GET"]}}],"collection":[{"href":"https:\/\/www.libramed.info\/de\/wp-json\/wp\/v2\/pages"}],"about":[{"href":"https:\/\/www.libramed.info\/de\/wp-json\/wp\/v2\/types\/page"}],"author":[{"embeddable":true,"href":"https:\/\/www.libramed.info\/de\/wp-json\/wp\/v2\/users\/2"}],"replies":[{"embeddable":true,"href":"https:\/\/www.libramed.info\/de\/wp-json\/wp\/v2\/comments?post=4099"}],"version-history":[{"count":5,"href":"https:\/\/www.libramed.info\/de\/wp-json\/wp\/v2\/pages\/4099\/revisions"}],"predecessor-version":[{"id":4230,"href":"https:\/\/www.libramed.info\/de\/wp-json\/wp\/v2\/pages\/4099\/revisions\/4230"}],"wp:attachment":[{"href":"https:\/\/www.libramed.info\/de\/wp-json\/wp\/v2\/media?parent=4099"}],"curies":[{"name":"wp","href":"https:\/\/api.w.org\/{rel}","templated":true}]}}