{"id":4086,"date":"2021-11-30T17:45:15","date_gmt":"2021-11-30T16:45:15","guid":{"rendered":"https:\/\/libramedinfode.multisite.aboca.com\/?page_id=4086"},"modified":"2021-12-01T17:37:51","modified_gmt":"2021-12-01T16:37:51","slug":"holen-sie-bewusstsein","status":"publish","type":"page","link":"https:\/\/www.libramed.info\/de\/warum-man-zunimmt\/holen-sie-bewusstsein\/","title":{"rendered":"\u00dcbergewicht und Adipositas: Nicht nur eine Frage der \u00fcbersch\u00fcssigen Pfunde"},"content":{"rendered":"\n<p>Adipositas ist eine chronische Erkrankung, verursacht durch einen \u00dcberschuss an Fettmasse, die in den einzelnen K\u00f6rperbereichen unterschiedlich verteilt ist.<\/p>\n\n\n\n<div style=\"height:20px\" aria-hidden=\"true\" class=\"wp-block-spacer\"><\/div>\n\n\n\n<p>Um das Vorliegen eines Fett\u00fcberschusses festzustellen, benutzt man allgemein den K\u00f6rpermasseindex (KMI oder BMI = Body Mass Index, nach der amerikanischen Definition), der durch folgende Formel berechnet wird:<\/p>\n\n\n\n<div style=\"height:20px\" aria-hidden=\"true\" class=\"wp-block-spacer\"><\/div>\n\n\n\n<div style=\"height:20px\" aria-hidden=\"true\" class=\"wp-block-spacer\"><\/div>\n\n\n\n<p class=\"has-text-align-center\"><strong>BMI = Gewicht (in kg)\/Quadrat der K\u00f6rpergr\u00f6\u00dfe (in Metern) = kg\/<\/strong><strong>m<sup>2<\/sup><\/strong><\/p>\n\n\n\n<div style=\"height:20px\" aria-hidden=\"true\" class=\"wp-block-spacer\"><\/div>\n\n\n\n<figure class=\"wp-block-table tabella\"><table><thead><tr><th class=\"has-text-align-center\" data-align=\"center\">BMI<br><strong>Body Mass Index<\/strong><\/th><th class=\"has-text-align-center\" data-align=\"center\"> PERSON<\/th><\/tr><\/thead><tbody><tr><td class=\"has-text-align-center\" data-align=\"center\">18,5<\/td><td class=\"has-text-align-center\" data-align=\"center\">Untergewicht<\/td><\/tr><tr><td class=\"has-text-align-center\" data-align=\"center\">18,5 \u2013 24,9<\/td><td class=\"has-text-align-center\" data-align=\"center\">Normalgewicht<\/td><\/tr><tr><td class=\"has-text-align-center\" data-align=\"center\">25 \u2013 29,9<\/td><td class=\"has-text-align-center\" data-align=\"center\">\u00dcbergewicht<\/td><\/tr><tr><td class=\"has-text-align-center\" data-align=\"center\">30 \u2013 34,9<\/td><td class=\"has-text-align-center\" data-align=\"center\">Adipositas<\/td><\/tr><tr><td class=\"has-text-align-center\" data-align=\"center\">35 \u2013 39,9<\/td><td class=\"has-text-align-center\" data-align=\"center\">Adipositas Grad II<\/td><\/tr><tr><td class=\"has-text-align-center\" data-align=\"center\">&gt; 40<\/td><td class=\"has-text-align-center\" data-align=\"center\">Adipositas Grad III<\/td><\/tr><\/tbody><\/table><\/figure>\n\n\n\n<div style=\"height:20px\" aria-hidden=\"true\" class=\"wp-block-spacer\"><\/div>\n\n\n\n<p>Der BMI darf, obschon er ein n\u00fctzlicher und unmittelbarer Indikator f\u00fcr \u00dcbergewicht und Adipositas bleibt, nur als einer der Parameter betrachtet werden, die es zu \u00fcberwachen gilt.<\/p>\n\n\n\n<p>Einem BMI k\u00f6nnen verschiedene K\u00f6rperfett-Ebenen entsprechen. Der BMI liefert keine Information zur Lokalisierung des Fetts, die hingegen f\u00fcr die Beurteilung des Risikos f\u00fcr kardiovaskul\u00e4re Erkrankungen und Diabetes entscheidend ist.<\/p>\n\n\n\n<p>Deshalb ist es wichtig, neben dem BMI, auch den BAUCHNABELUMFANG, &nbsp;(gemessen auf H\u00f6he des Bauchnabels) zu ber\u00fccksichtigen, der als ein zuverl\u00e4ssiger Index f\u00fcr die Fettmenge am Bauch (Viszeralfett) erachtet wird.<\/p>\n\n\n\n<p>\u00dcbersch\u00fcssiges Bauchfett stellt also, wie wir sehen werden, bereits f\u00fcr sich, d.h. unabh\u00e4ngig vom BMI, einen Risikofaktor f\u00fcr kardiovaskul\u00e4re Erkrankungen und Typ-2-Diabetes dar.<\/p>\n\n\n\n<div style=\"height:20px\" aria-hidden=\"true\" class=\"wp-block-spacer\"><\/div>\n\n\n\n<figure class=\"wp-block-table tabella\"><table class=\"has-fixed-layout\"><thead><tr><th class=\"has-text-align-center\" data-align=\"center\"> FRAUEN<\/th><th class=\"has-text-align-center\" data-align=\"center\"> M\u00c4NNER<\/th><th class=\"has-text-align-center\" data-align=\"center\"> BEWERTUNG<\/th><\/tr><\/thead><tbody><tr><td class=\"has-text-align-center\" data-align=\"center\">&lt; 80<\/td><td class=\"has-text-align-center\" data-align=\"center\">&lt; 94<\/td><td class=\"has-text-align-center\" data-align=\"center\">normal<\/td><\/tr><tr><td class=\"has-text-align-center\" data-align=\"center\">80 \u2013 88<\/td><td class=\"has-text-align-center\" data-align=\"center\">94 \u2013 102<\/td><td class=\"has-text-align-center\" data-align=\"center\">stark erh\u00f6ht<\/td><\/tr><tr><td class=\"has-text-align-center\" data-align=\"center\">&gt; 88<\/td><td class=\"has-text-align-center\" data-align=\"center\">&gt; 102<\/td><td class=\"has-text-align-center\" data-align=\"center\">sehr stark erh\u00f6ht<\/td><\/tr><\/tbody><\/table><\/figure>\n","protected":false},"excerpt":{"rendered":"<p>Adipositas ist eine chronische Erkrankung, verursacht durch einen \u00dcberschuss an Fettmasse, die in den einzelnen K\u00f6rperbereichen unterschiedlich verteilt ist. Um das Vorliegen eines Fett\u00fcberschusses festzustellen, benutzt man allgemein den K\u00f6rpermasseindex (KMI oder BMI = Body Mass Index, nach der amerikanischen Definition), der durch folgende Formel berechnet wird: BMI = Gewicht (in kg)\/Quadrat der K\u00f6rpergr\u00f6\u00dfe (in&#8230;  <a href=\"https:\/\/www.libramed.info\/de\/warum-man-zunimmt\/holen-sie-bewusstsein\/\" class=\"more-link\" title=\"Read \u00dcbergewicht und Adipositas: Nicht nur eine Frage der \u00fcbersch\u00fcssigen Pfunde\">Leggi tutto &raquo;<\/a><\/p>\n","protected":false},"author":2,"featured_media":0,"parent":4078,"menu_order":0,"comment_status":"closed","ping_status":"closed","template":"","meta":{"footnotes":""},"class_list":["post-4086","page","type-page","status-publish","hentry"],"yoast_head":"<!-- This site is optimized with the Yoast SEO plugin v27.4 - https:\/\/yoast.com\/product\/yoast-seo-wordpress\/ -->\n<title>\u00dcbergewicht und Adipositas: Nicht nur eine Frage der \u00fcbersch\u00fcssigen Pfunde | Aboca Libramed<\/title>\n<meta name=\"description\" content=\"Adipositas ist eine chronische Erkrankung, verursacht durch einen \u00dcberschuss an Fettmasse, die in den einzelnen K\u00f6rperbereichen unterschiedlich verteilt ist.\" \/>\n<meta name=\"robots\" content=\"index, follow, max-snippet:-1, max-image-preview:large, max-video-preview:-1\" \/>\n<link rel=\"canonical\" href=\"https:\/\/www.libramed.info\/de\/warum-man-zunimmt\/holen-sie-bewusstsein\/\" \/>\n<meta property=\"og:locale\" content=\"de_DE\" \/>\n<meta property=\"og:type\" content=\"article\" \/>\n<meta property=\"og:title\" content=\"\u00dcbergewicht und Adipositas: Nicht nur eine Frage der \u00fcbersch\u00fcssigen Pfunde | Aboca Libramed\" \/>\n<meta property=\"og:description\" content=\"Adipositas ist eine chronische Erkrankung, verursacht durch einen \u00dcberschuss an Fettmasse, die in den einzelnen K\u00f6rperbereichen unterschiedlich verteilt ist.\" \/>\n<meta property=\"og:url\" content=\"https:\/\/www.libramed.info\/de\/warum-man-zunimmt\/holen-sie-bewusstsein\/\" \/>\n<meta property=\"og:site_name\" content=\"LibraMed\" \/>\n<meta property=\"article:modified_time\" content=\"2021-12-01T16:37:51+00:00\" \/>\n<meta name=\"twitter:card\" content=\"summary_large_image\" \/>\n<meta name=\"twitter:label1\" content=\"Gesch\u00e4tzte Lesezeit\" \/>\n\t<meta name=\"twitter:data1\" content=\"1\u00a0Minute\" \/>\n<script type=\"application\/ld+json\" class=\"yoast-schema-graph\">{\"@context\":\"https:\\\/\\\/schema.org\",\"@graph\":[{\"@type\":\"WebPage\",\"@id\":\"https:\\\/\\\/www.libramed.info\\\/de\\\/warum-man-zunimmt\\\/holen-sie-bewusstsein\\\/\",\"url\":\"https:\\\/\\\/www.libramed.info\\\/de\\\/warum-man-zunimmt\\\/holen-sie-bewusstsein\\\/\",\"name\":\"\u00dcbergewicht und Adipositas: Nicht nur eine Frage der \u00fcbersch\u00fcssigen Pfunde | Aboca Libramed\",\"isPartOf\":{\"@id\":\"https:\\\/\\\/www.libramed.info\\\/de\\\/#website\"},\"datePublished\":\"2021-11-30T16:45:15+00:00\",\"dateModified\":\"2021-12-01T16:37:51+00:00\",\"description\":\"Adipositas ist eine chronische Erkrankung, verursacht durch einen \u00dcberschuss an Fettmasse, die in den einzelnen K\u00f6rperbereichen unterschiedlich verteilt ist.\",\"breadcrumb\":{\"@id\":\"https:\\\/\\\/www.libramed.info\\\/de\\\/warum-man-zunimmt\\\/holen-sie-bewusstsein\\\/#breadcrumb\"},\"inLanguage\":\"de\",\"potentialAction\":[{\"@type\":\"ReadAction\",\"target\":[\"https:\\\/\\\/www.libramed.info\\\/de\\\/warum-man-zunimmt\\\/holen-sie-bewusstsein\\\/\"]}]},{\"@type\":\"BreadcrumbList\",\"@id\":\"https:\\\/\\\/www.libramed.info\\\/de\\\/warum-man-zunimmt\\\/holen-sie-bewusstsein\\\/#breadcrumb\",\"itemListElement\":[{\"@type\":\"ListItem\",\"position\":1,\"name\":\"Home\",\"item\":\"https:\\\/\\\/www.libramed.info\\\/de\\\/\"},{\"@type\":\"ListItem\",\"position\":2,\"name\":\"\u00dcbergewicht und Adipositas: Warum man zunimmt\",\"item\":\"https:\\\/\\\/www.libramed.info\\\/de\\\/warum-man-zunimmt\\\/\"},{\"@type\":\"ListItem\",\"position\":3,\"name\":\"\u00dcbergewicht und Adipositas: Nicht nur eine Frage der \u00fcbersch\u00fcssigen Pfunde\"}]},{\"@type\":\"WebSite\",\"@id\":\"https:\\\/\\\/www.libramed.info\\\/de\\\/#website\",\"url\":\"https:\\\/\\\/www.libramed.info\\\/de\\\/\",\"name\":\"LibraMed\",\"description\":\"Zur Kontrolle des glyk\u00e4mischen Peaks\",\"potentialAction\":[{\"@type\":\"SearchAction\",\"target\":{\"@type\":\"EntryPoint\",\"urlTemplate\":\"https:\\\/\\\/www.libramed.info\\\/de\\\/?s={search_term_string}\"},\"query-input\":{\"@type\":\"PropertyValueSpecification\",\"valueRequired\":true,\"valueName\":\"search_term_string\"}}],\"inLanguage\":\"de\"}]}<\/script>\n<!-- \/ Yoast SEO plugin. -->","yoast_head_json":{"title":"\u00dcbergewicht und Adipositas: Nicht nur eine Frage der \u00fcbersch\u00fcssigen Pfunde | Aboca Libramed","description":"Adipositas ist eine chronische Erkrankung, verursacht durch einen \u00dcberschuss an Fettmasse, die in den einzelnen K\u00f6rperbereichen unterschiedlich verteilt ist.","robots":{"index":"index","follow":"follow","max-snippet":"max-snippet:-1","max-image-preview":"max-image-preview:large","max-video-preview":"max-video-preview:-1"},"canonical":"https:\/\/www.libramed.info\/de\/warum-man-zunimmt\/holen-sie-bewusstsein\/","og_locale":"de_DE","og_type":"article","og_title":"\u00dcbergewicht und Adipositas: Nicht nur eine Frage der \u00fcbersch\u00fcssigen Pfunde | Aboca Libramed","og_description":"Adipositas ist eine chronische Erkrankung, verursacht durch einen \u00dcberschuss an Fettmasse, die in den einzelnen K\u00f6rperbereichen unterschiedlich verteilt ist.","og_url":"https:\/\/www.libramed.info\/de\/warum-man-zunimmt\/holen-sie-bewusstsein\/","og_site_name":"LibraMed","article_modified_time":"2021-12-01T16:37:51+00:00","twitter_card":"summary_large_image","twitter_misc":{"Gesch\u00e4tzte Lesezeit":"1\u00a0Minute"},"schema":{"@context":"https:\/\/schema.org","@graph":[{"@type":"WebPage","@id":"https:\/\/www.libramed.info\/de\/warum-man-zunimmt\/holen-sie-bewusstsein\/","url":"https:\/\/www.libramed.info\/de\/warum-man-zunimmt\/holen-sie-bewusstsein\/","name":"\u00dcbergewicht und Adipositas: Nicht nur eine Frage der \u00fcbersch\u00fcssigen Pfunde | Aboca Libramed","isPartOf":{"@id":"https:\/\/www.libramed.info\/de\/#website"},"datePublished":"2021-11-30T16:45:15+00:00","dateModified":"2021-12-01T16:37:51+00:00","description":"Adipositas ist eine chronische Erkrankung, verursacht durch einen \u00dcberschuss an Fettmasse, die in den einzelnen K\u00f6rperbereichen unterschiedlich verteilt ist.","breadcrumb":{"@id":"https:\/\/www.libramed.info\/de\/warum-man-zunimmt\/holen-sie-bewusstsein\/#breadcrumb"},"inLanguage":"de","potentialAction":[{"@type":"ReadAction","target":["https:\/\/www.libramed.info\/de\/warum-man-zunimmt\/holen-sie-bewusstsein\/"]}]},{"@type":"BreadcrumbList","@id":"https:\/\/www.libramed.info\/de\/warum-man-zunimmt\/holen-sie-bewusstsein\/#breadcrumb","itemListElement":[{"@type":"ListItem","position":1,"name":"Home","item":"https:\/\/www.libramed.info\/de\/"},{"@type":"ListItem","position":2,"name":"\u00dcbergewicht und Adipositas: Warum man zunimmt","item":"https:\/\/www.libramed.info\/de\/warum-man-zunimmt\/"},{"@type":"ListItem","position":3,"name":"\u00dcbergewicht und Adipositas: Nicht nur eine Frage der \u00fcbersch\u00fcssigen Pfunde"}]},{"@type":"WebSite","@id":"https:\/\/www.libramed.info\/de\/#website","url":"https:\/\/www.libramed.info\/de\/","name":"LibraMed","description":"Zur Kontrolle des glyk\u00e4mischen Peaks","potentialAction":[{"@type":"SearchAction","target":{"@type":"EntryPoint","urlTemplate":"https:\/\/www.libramed.info\/de\/?s={search_term_string}"},"query-input":{"@type":"PropertyValueSpecification","valueRequired":true,"valueName":"search_term_string"}}],"inLanguage":"de"}]}},"_links":{"self":[{"href":"https:\/\/www.libramed.info\/de\/wp-json\/wp\/v2\/pages\/4086","targetHints":{"allow":["GET"]}}],"collection":[{"href":"https:\/\/www.libramed.info\/de\/wp-json\/wp\/v2\/pages"}],"about":[{"href":"https:\/\/www.libramed.info\/de\/wp-json\/wp\/v2\/types\/page"}],"author":[{"embeddable":true,"href":"https:\/\/www.libramed.info\/de\/wp-json\/wp\/v2\/users\/2"}],"replies":[{"embeddable":true,"href":"https:\/\/www.libramed.info\/de\/wp-json\/wp\/v2\/comments?post=4086"}],"version-history":[{"count":5,"href":"https:\/\/www.libramed.info\/de\/wp-json\/wp\/v2\/pages\/4086\/revisions"}],"predecessor-version":[{"id":4226,"href":"https:\/\/www.libramed.info\/de\/wp-json\/wp\/v2\/pages\/4086\/revisions\/4226"}],"up":[{"embeddable":true,"href":"https:\/\/www.libramed.info\/de\/wp-json\/wp\/v2\/pages\/4078"}],"wp:attachment":[{"href":"https:\/\/www.libramed.info\/de\/wp-json\/wp\/v2\/media?parent=4086"}],"curies":[{"name":"wp","href":"https:\/\/api.w.org\/{rel}","templated":true}]}}