{"id":4081,"date":"2021-11-30T17:37:46","date_gmt":"2021-11-30T16:37:46","guid":{"rendered":"https:\/\/libramedinfode.multisite.aboca.com\/?page_id=4081"},"modified":"2021-12-01T17:34:52","modified_gmt":"2021-12-01T16:34:52","slug":"das-problem","status":"publish","type":"page","link":"https:\/\/www.libramed.info\/de\/warum-man-zunimmt\/das-problem\/","title":{"rendered":"\u00dcbergewicht und Adipositas: Ein schwerwiegendes Gesundheitsproblem"},"content":{"rendered":"\n<p>Viele Personen zwischen 18 und 69 Jahren leiden unter \u00dcbergewicht. Besonders besorgniserregend ist die&nbsp;<strong>wachsende Verbreitung des Problems bei Kindern<\/strong>. \u00dcbergewicht in der Kindheit wirkt sich negativ auf die Gesundheit sowohl im Kindesalter, als auch in der Adoleszenz und im Erwachsenenalter aus.<\/p>\n\n\n\n<p>Wenn ein Kind mit 6 Jahren adip\u00f6s ist, besteht eine hohe Wahrscheinlichkeit, dass es auch als Erwachsener adip\u00f6s sein wird.<\/p>\n\n\n\n<p>Der&nbsp;<strong>Gro\u00dfteil der adip\u00f6sen Jugendlichen bleibt<\/strong>, aufgrund der gr\u00f6\u00dferen Schwierigkeit, in Folge von biologischen und psychosozialen Einschr\u00e4nkungen, eine permanente Gewichtsabnahme zu erzielen,&nbsp;<strong>auch im Erwachsenenalter adip\u00f6s<\/strong>.<\/p>\n\n\n\n<p>Daher ist die Pr\u00e4vention und Behandlung von \u00dcbergewicht auch vor der Adoleszenz sinnvoll.<\/p>\n\n\n\n<p>Das Problem hat schwerwiegende Dimensionen angenommen, da&nbsp;<strong>\u00dcbergewicht und Adipositas<\/strong>, \u00fcber die unmittelbaren \u00e4sthetischen und sozialen Folgen hinaus,&nbsp;<strong>wesentliche Risikofaktoren<\/strong>&nbsp;f\u00fcr metabolische und degenerative Krankheiten&nbsp;<strong>darstellen: kardiologische, zerebrovaskul\u00e4re und respiratorische Erkrankungen, Muskel-Skelett-Erkrankungen, Diabetes, Hepatosteatose und Nierensteine<\/strong>.<\/p>\n","protected":false},"excerpt":{"rendered":"<p>Viele Personen zwischen 18 und 69 Jahren leiden unter \u00dcbergewicht. Besonders besorgniserregend ist die&nbsp;wachsende Verbreitung des Problems bei Kindern. \u00dcbergewicht in der Kindheit wirkt sich negativ auf die Gesundheit sowohl im Kindesalter, als auch in der Adoleszenz und im Erwachsenenalter aus. Wenn ein Kind mit 6 Jahren adip\u00f6s ist, besteht eine hohe Wahrscheinlichkeit, dass es&#8230;  <a href=\"https:\/\/www.libramed.info\/de\/warum-man-zunimmt\/das-problem\/\" class=\"more-link\" title=\"Read \u00dcbergewicht und Adipositas: Ein schwerwiegendes Gesundheitsproblem\">Leggi tutto &raquo;<\/a><\/p>\n","protected":false},"author":2,"featured_media":0,"parent":4078,"menu_order":0,"comment_status":"closed","ping_status":"closed","template":"","meta":{"footnotes":""},"class_list":["post-4081","page","type-page","status-publish","hentry"],"yoast_head":"<!-- This site is optimized with the Yoast SEO plugin v27.4 - https:\/\/yoast.com\/product\/yoast-seo-wordpress\/ -->\n<title>\u00dcbergewicht und Adipositas: Ein schwerwiegendes Gesundheitsproblem | Aboca Libramed<\/title>\n<meta name=\"description\" content=\"Viele Personen zwischen 18 und 69 Jahren leiden unter \u00dcbergewicht. Besonders besorgniserregend ist die wachsende Verbreitung des Problems bei Kindern.\" \/>\n<meta name=\"robots\" content=\"index, follow, max-snippet:-1, max-image-preview:large, max-video-preview:-1\" \/>\n<link rel=\"canonical\" href=\"https:\/\/www.libramed.info\/de\/warum-man-zunimmt\/das-problem\/\" \/>\n<meta property=\"og:locale\" content=\"de_DE\" \/>\n<meta property=\"og:type\" content=\"article\" \/>\n<meta property=\"og:title\" content=\"\u00dcbergewicht und Adipositas: Ein schwerwiegendes Gesundheitsproblem | Aboca Libramed\" \/>\n<meta property=\"og:description\" content=\"Viele Personen zwischen 18 und 69 Jahren leiden unter \u00dcbergewicht. Besonders besorgniserregend ist die wachsende Verbreitung des Problems bei Kindern.\" \/>\n<meta property=\"og:url\" content=\"https:\/\/www.libramed.info\/de\/warum-man-zunimmt\/das-problem\/\" \/>\n<meta property=\"og:site_name\" content=\"LibraMed\" \/>\n<meta property=\"article:modified_time\" content=\"2021-12-01T16:34:52+00:00\" \/>\n<meta name=\"twitter:card\" content=\"summary_large_image\" \/>\n<meta name=\"twitter:label1\" content=\"Gesch\u00e4tzte Lesezeit\" \/>\n\t<meta name=\"twitter:data1\" content=\"1\u00a0Minute\" \/>\n<script type=\"application\/ld+json\" class=\"yoast-schema-graph\">{\"@context\":\"https:\\\/\\\/schema.org\",\"@graph\":[{\"@type\":\"WebPage\",\"@id\":\"https:\\\/\\\/www.libramed.info\\\/de\\\/warum-man-zunimmt\\\/das-problem\\\/\",\"url\":\"https:\\\/\\\/www.libramed.info\\\/de\\\/warum-man-zunimmt\\\/das-problem\\\/\",\"name\":\"\u00dcbergewicht und Adipositas: Ein schwerwiegendes Gesundheitsproblem | Aboca Libramed\",\"isPartOf\":{\"@id\":\"https:\\\/\\\/www.libramed.info\\\/de\\\/#website\"},\"datePublished\":\"2021-11-30T16:37:46+00:00\",\"dateModified\":\"2021-12-01T16:34:52+00:00\",\"description\":\"Viele Personen zwischen 18 und 69 Jahren leiden unter \u00dcbergewicht. Besonders besorgniserregend ist die wachsende Verbreitung des Problems bei Kindern.\",\"breadcrumb\":{\"@id\":\"https:\\\/\\\/www.libramed.info\\\/de\\\/warum-man-zunimmt\\\/das-problem\\\/#breadcrumb\"},\"inLanguage\":\"de\",\"potentialAction\":[{\"@type\":\"ReadAction\",\"target\":[\"https:\\\/\\\/www.libramed.info\\\/de\\\/warum-man-zunimmt\\\/das-problem\\\/\"]}]},{\"@type\":\"BreadcrumbList\",\"@id\":\"https:\\\/\\\/www.libramed.info\\\/de\\\/warum-man-zunimmt\\\/das-problem\\\/#breadcrumb\",\"itemListElement\":[{\"@type\":\"ListItem\",\"position\":1,\"name\":\"Home\",\"item\":\"https:\\\/\\\/www.libramed.info\\\/de\\\/\"},{\"@type\":\"ListItem\",\"position\":2,\"name\":\"\u00dcbergewicht und Adipositas: Warum man zunimmt\",\"item\":\"https:\\\/\\\/www.libramed.info\\\/de\\\/warum-man-zunimmt\\\/\"},{\"@type\":\"ListItem\",\"position\":3,\"name\":\"\u00dcbergewicht und Adipositas: Ein schwerwiegendes Gesundheitsproblem\"}]},{\"@type\":\"WebSite\",\"@id\":\"https:\\\/\\\/www.libramed.info\\\/de\\\/#website\",\"url\":\"https:\\\/\\\/www.libramed.info\\\/de\\\/\",\"name\":\"LibraMed\",\"description\":\"Zur Kontrolle des glyk\u00e4mischen Peaks\",\"potentialAction\":[{\"@type\":\"SearchAction\",\"target\":{\"@type\":\"EntryPoint\",\"urlTemplate\":\"https:\\\/\\\/www.libramed.info\\\/de\\\/?s={search_term_string}\"},\"query-input\":{\"@type\":\"PropertyValueSpecification\",\"valueRequired\":true,\"valueName\":\"search_term_string\"}}],\"inLanguage\":\"de\"}]}<\/script>\n<!-- \/ Yoast SEO plugin. -->","yoast_head_json":{"title":"\u00dcbergewicht und Adipositas: Ein schwerwiegendes Gesundheitsproblem | Aboca Libramed","description":"Viele Personen zwischen 18 und 69 Jahren leiden unter \u00dcbergewicht. Besonders besorgniserregend ist die wachsende Verbreitung des Problems bei Kindern.","robots":{"index":"index","follow":"follow","max-snippet":"max-snippet:-1","max-image-preview":"max-image-preview:large","max-video-preview":"max-video-preview:-1"},"canonical":"https:\/\/www.libramed.info\/de\/warum-man-zunimmt\/das-problem\/","og_locale":"de_DE","og_type":"article","og_title":"\u00dcbergewicht und Adipositas: Ein schwerwiegendes Gesundheitsproblem | Aboca Libramed","og_description":"Viele Personen zwischen 18 und 69 Jahren leiden unter \u00dcbergewicht. Besonders besorgniserregend ist die wachsende Verbreitung des Problems bei Kindern.","og_url":"https:\/\/www.libramed.info\/de\/warum-man-zunimmt\/das-problem\/","og_site_name":"LibraMed","article_modified_time":"2021-12-01T16:34:52+00:00","twitter_card":"summary_large_image","twitter_misc":{"Gesch\u00e4tzte Lesezeit":"1\u00a0Minute"},"schema":{"@context":"https:\/\/schema.org","@graph":[{"@type":"WebPage","@id":"https:\/\/www.libramed.info\/de\/warum-man-zunimmt\/das-problem\/","url":"https:\/\/www.libramed.info\/de\/warum-man-zunimmt\/das-problem\/","name":"\u00dcbergewicht und Adipositas: Ein schwerwiegendes Gesundheitsproblem | Aboca Libramed","isPartOf":{"@id":"https:\/\/www.libramed.info\/de\/#website"},"datePublished":"2021-11-30T16:37:46+00:00","dateModified":"2021-12-01T16:34:52+00:00","description":"Viele Personen zwischen 18 und 69 Jahren leiden unter \u00dcbergewicht. Besonders besorgniserregend ist die wachsende Verbreitung des Problems bei Kindern.","breadcrumb":{"@id":"https:\/\/www.libramed.info\/de\/warum-man-zunimmt\/das-problem\/#breadcrumb"},"inLanguage":"de","potentialAction":[{"@type":"ReadAction","target":["https:\/\/www.libramed.info\/de\/warum-man-zunimmt\/das-problem\/"]}]},{"@type":"BreadcrumbList","@id":"https:\/\/www.libramed.info\/de\/warum-man-zunimmt\/das-problem\/#breadcrumb","itemListElement":[{"@type":"ListItem","position":1,"name":"Home","item":"https:\/\/www.libramed.info\/de\/"},{"@type":"ListItem","position":2,"name":"\u00dcbergewicht und Adipositas: Warum man zunimmt","item":"https:\/\/www.libramed.info\/de\/warum-man-zunimmt\/"},{"@type":"ListItem","position":3,"name":"\u00dcbergewicht und Adipositas: Ein schwerwiegendes Gesundheitsproblem"}]},{"@type":"WebSite","@id":"https:\/\/www.libramed.info\/de\/#website","url":"https:\/\/www.libramed.info\/de\/","name":"LibraMed","description":"Zur Kontrolle des glyk\u00e4mischen Peaks","potentialAction":[{"@type":"SearchAction","target":{"@type":"EntryPoint","urlTemplate":"https:\/\/www.libramed.info\/de\/?s={search_term_string}"},"query-input":{"@type":"PropertyValueSpecification","valueRequired":true,"valueName":"search_term_string"}}],"inLanguage":"de"}]}},"_links":{"self":[{"href":"https:\/\/www.libramed.info\/de\/wp-json\/wp\/v2\/pages\/4081","targetHints":{"allow":["GET"]}}],"collection":[{"href":"https:\/\/www.libramed.info\/de\/wp-json\/wp\/v2\/pages"}],"about":[{"href":"https:\/\/www.libramed.info\/de\/wp-json\/wp\/v2\/types\/page"}],"author":[{"embeddable":true,"href":"https:\/\/www.libramed.info\/de\/wp-json\/wp\/v2\/users\/2"}],"replies":[{"embeddable":true,"href":"https:\/\/www.libramed.info\/de\/wp-json\/wp\/v2\/comments?post=4081"}],"version-history":[{"count":3,"href":"https:\/\/www.libramed.info\/de\/wp-json\/wp\/v2\/pages\/4081\/revisions"}],"predecessor-version":[{"id":4222,"href":"https:\/\/www.libramed.info\/de\/wp-json\/wp\/v2\/pages\/4081\/revisions\/4222"}],"up":[{"embeddable":true,"href":"https:\/\/www.libramed.info\/de\/wp-json\/wp\/v2\/pages\/4078"}],"wp:attachment":[{"href":"https:\/\/www.libramed.info\/de\/wp-json\/wp\/v2\/media?parent=4081"}],"curies":[{"name":"wp","href":"https:\/\/api.w.org\/{rel}","templated":true}]}}