{"id":4125,"date":"2021-12-01T10:07:36","date_gmt":"2021-12-01T09:07:36","guid":{"rendered":"https:\/\/libramedinfobe.multisite.aboca.com\/?page_id=4125"},"modified":"2021-12-01T16:26:36","modified_gmt":"2021-12-01T15:26:36","slug":"fiche-du-produit","status":"publish","type":"page","link":"https:\/\/www.libramed.info\/be\/libramed\/fiche-du-produit\/","title":{"rendered":"Fiche du produit"},"content":{"rendered":"\n<h4 class=\"wp-block-heading\">Indications<\/h4>\n\n\n\n<p>Associ\u00e9 \u00e0 un r\u00e9gime \u00e9quilibr\u00e9, une quantit\u00e9 ad\u00e9quate de liquides et une activit\u00e9 physique r\u00e9guli\u00e8re, Libramed, gr\u00e2ce \u00e0 son m\u00e9canisme d\u2019action, est indiqu\u00e9 pour&nbsp;<strong>le contr\u00f4le du poids chez les adultes et les enfants \u00e0 partir de 8 ans<\/strong>.<\/p>\n\n\n\n<h4 class=\"wp-block-heading\">Composition<\/h4>\n\n\n\n<p>Complexe brevet\u00e9 de macromol\u00e9cules polysaccharidiques (Policaptil Gel Retard\u00ae) ; Ar\u00f4mes d\u2019Orange, de Pomme et de Citron. Policaptil Gel Retard\u00ae est un complexe macromol\u00e9culaire brevet\u00e9, fruit de la recherche Aboca, r\u00e9alis\u00e9 au moyen d\u2019une technologie de production qui permet de concentrer des fractions polysaccharidiques sp\u00e9cifiques obtenues \u00e0 partir de :&nbsp;<em>Cellulose, Opuntia Ficus indica, Amorphophallus konjac, Althaea officinalis, Linum usitatissimum, Tilia platyphyllos, Cichorium intybus<\/em>.<\/p>\n\n\n\n<h4 class=\"wp-block-heading\">Mode d\u2019emploi<\/h4>\n\n\n\n<p>Adultes et adolescents \u00e2g\u00e9s de plus de 12 ans : 3 comprim\u00e9s avant les deux repas principaux.<\/p>\n\n\n\n<p>Enfants d\u2019un \u00e2ge compris entre 8 et 12 ans : 2 comprim\u00e9s avant les deux repas principaux.<\/p>\n\n\n\n<p>Prendre la dose indiqu\u00e9e dans un grand verre d\u2019eau en prenant soin d\u2019ing\u00e9rer un comprim\u00e9 \u00e0 la fois. Ne pas m\u00e2cher et ne pas briser le comprim\u00e9 avec les dents.<\/p>\n\n\n\n<p>Pour ceux qui souffrent de probl\u00e8mes de d\u00e9glutition, dissoudre les comprim\u00e9s de Libramed dans de l\u2019eau ti\u00e8de ou dans des tisanes non sucr\u00e9es, en remuant jusqu\u2019\u00e0 la compl\u00e8te dissolution. La boisson que l\u2019on obtient doit \u00eatre ing\u00e9r\u00e9e en quelques minutes avant que le gel ne se forme.<\/p>\n\n\n\n<h4 class=\"wp-block-heading\">Dur\u00e9e du traitement<\/h4>\n\n\n\n<p>Prendre Libramed pendant une p\u00e9riode d\u2019au moins 2 mois, en prenant soin de suspendre pendant 2-3 jours apr\u00e8s chaque mois de traitement.<\/p>\n\n\n\n<h4 class=\"wp-block-heading\">Mises en garde<\/h4>\n\n\n\n<p>Pour ceux qui souffrent de probl\u00e8mes de d\u00e9glutition, l\u2019ingestion directe des comprim\u00e9s est d\u00e9conseill\u00e9e ; ces derniers devront \u00eatre dissous au pr\u00e9alable.<br>Il est conseill\u00e9 de prendre le produit au moins deux heures avant ou apr\u00e8s la prise de m\u00e9dicaments, afin de ne pas interf\u00e9rer avec leur absorption. Ne pas prendre durant la grossesse et l\u2019allaitement. Pour les personnes en cours de traitement pharmacologique pour diab\u00e8te et&nbsp; hyperlipid\u00e9mies, il est conseill\u00e9 de demander l\u2019avis d\u2019un m\u00e9decin pour \u00e9valuer la n\u00e9cessit\u00e9 d\u2019une variation \u00e9ventuelle des dosages des m\u00e9dicaments.<br>Ne pas utiliser le produit en cas d\u2019hypersensibilit\u00e9 ou d\u2019allergie individuelle envers un ou plusieurs des composants.<br>Conserver \u00e0 temp\u00e9rature ambiante, loin de toute source de chaleur et \u00e0 l\u2019abri de la lumi\u00e8re.<br>Tenir hors de port\u00e9e des enfants. La date de p\u00e9remption se r\u00e9f\u00e8re au produit intact et conserv\u00e9 correctement.<\/p>\n\n\n\n<h4 class=\"wp-block-heading\">Emballage<\/h4>\n\n\n\n<p>Flacon en verre brun contenant 138 comprim\u00e9s de 725 mg chacun, \u00e0 avaler ou \u00e0 dissoudre dans des liquides ti\u00e8des.<\/p>\n","protected":false},"excerpt":{"rendered":"<p>Indications Associ\u00e9 \u00e0 un r\u00e9gime \u00e9quilibr\u00e9, une quantit\u00e9 ad\u00e9quate de liquides et une activit\u00e9 physique r\u00e9guli\u00e8re, Libramed, gr\u00e2ce \u00e0 son m\u00e9canisme d\u2019action, est indiqu\u00e9 pour&nbsp;le contr\u00f4le du poids chez les adultes et les enfants \u00e0 partir de 8 ans. Composition Complexe brevet\u00e9 de macromol\u00e9cules polysaccharidiques (Policaptil Gel Retard\u00ae) ; Ar\u00f4mes d\u2019Orange, de Pomme et de&#8230;  <a href=\"https:\/\/www.libramed.info\/be\/libramed\/fiche-du-produit\/\" class=\"more-link\" title=\"Read Fiche du produit\">Leggi tutto &raquo;<\/a><\/p>\n","protected":false},"author":2,"featured_media":0,"parent":4121,"menu_order":0,"comment_status":"closed","ping_status":"closed","template":"","meta":{"footnotes":""},"class_list":["post-4125","page","type-page","status-publish","hentry"],"yoast_head":"<!-- This site is optimized with the Yoast SEO plugin v27.4 - https:\/\/yoast.com\/product\/yoast-seo-wordpress\/ -->\n<title>Fiche du produit Comprim\u00e9s | ABOCA LibraMed<\/title>\n<meta name=\"description\" content=\"Indications Associ\u00e9 \u00e0 un r\u00e9gime \u00e9quilibr\u00e9, une quantit\u00e9 ad\u00e9quate de liquides et une activit\u00e9 physique r\u00e9guli\u00e8re, Libramed, gr\u00e2ce \u00e0 son m\u00e9canisme d\u2019action, est indiqu\u00e9 pour le contr\u00f4le du poids chez les adultes et les enfants \u00e0 partir de 8 ans.\" \/>\n<meta name=\"robots\" content=\"index, follow, max-snippet:-1, max-image-preview:large, max-video-preview:-1\" \/>\n<link rel=\"canonical\" href=\"https:\/\/www.libramed.info\/be\/libramed\/fiche-du-produit\/\" \/>\n<meta property=\"og:locale\" content=\"fr_FR\" \/>\n<meta property=\"og:type\" content=\"article\" \/>\n<meta property=\"og:title\" content=\"Fiche du produit Comprim\u00e9s | ABOCA LibraMed\" \/>\n<meta property=\"og:description\" content=\"Indications Associ\u00e9 \u00e0 un r\u00e9gime \u00e9quilibr\u00e9, une quantit\u00e9 ad\u00e9quate de liquides et une activit\u00e9 physique r\u00e9guli\u00e8re, Libramed, gr\u00e2ce \u00e0 son m\u00e9canisme d\u2019action, est indiqu\u00e9 pour le contr\u00f4le du poids chez les adultes et les enfants \u00e0 partir de 8 ans.\" \/>\n<meta property=\"og:url\" content=\"https:\/\/www.libramed.info\/be\/libramed\/fiche-du-produit\/\" \/>\n<meta property=\"og:site_name\" content=\"LibraMed\" \/>\n<meta property=\"article:modified_time\" content=\"2021-12-01T15:26:36+00:00\" \/>\n<meta name=\"twitter:card\" content=\"summary_large_image\" \/>\n<meta name=\"twitter:label1\" content=\"Dur\u00e9e de lecture est.\" \/>\n\t<meta name=\"twitter:data1\" content=\"2 minutes\" \/>\n<script type=\"application\/ld+json\" class=\"yoast-schema-graph\">{\"@context\":\"https:\\\/\\\/schema.org\",\"@graph\":[{\"@type\":\"WebPage\",\"@id\":\"https:\\\/\\\/www.libramed.info\\\/be\\\/libramed\\\/fiche-du-produit\\\/\",\"url\":\"https:\\\/\\\/www.libramed.info\\\/be\\\/libramed\\\/fiche-du-produit\\\/\",\"name\":\"Fiche du produit Comprim\u00e9s | ABOCA LibraMed\",\"isPartOf\":{\"@id\":\"https:\\\/\\\/www.libramed.info\\\/be\\\/#website\"},\"datePublished\":\"2021-12-01T09:07:36+00:00\",\"dateModified\":\"2021-12-01T15:26:36+00:00\",\"description\":\"Indications Associ\u00e9 \u00e0 un r\u00e9gime \u00e9quilibr\u00e9, une quantit\u00e9 ad\u00e9quate de liquides et une activit\u00e9 physique r\u00e9guli\u00e8re, Libramed, gr\u00e2ce \u00e0 son m\u00e9canisme d\u2019action, est indiqu\u00e9 pour le contr\u00f4le du poids chez les adultes et les enfants \u00e0 partir de 8 ans.\",\"breadcrumb\":{\"@id\":\"https:\\\/\\\/www.libramed.info\\\/be\\\/libramed\\\/fiche-du-produit\\\/#breadcrumb\"},\"inLanguage\":\"fr-BE\",\"potentialAction\":[{\"@type\":\"ReadAction\",\"target\":[\"https:\\\/\\\/www.libramed.info\\\/be\\\/libramed\\\/fiche-du-produit\\\/\"]}]},{\"@type\":\"BreadcrumbList\",\"@id\":\"https:\\\/\\\/www.libramed.info\\\/be\\\/libramed\\\/fiche-du-produit\\\/#breadcrumb\",\"itemListElement\":[{\"@type\":\"ListItem\",\"position\":1,\"name\":\"Home\",\"item\":\"https:\\\/\\\/www.libramed.info\\\/be\\\/\"},{\"@type\":\"ListItem\",\"position\":2,\"name\":\"LibraMed\",\"item\":\"https:\\\/\\\/www.libramed.info\\\/be\\\/libramed\\\/\"},{\"@type\":\"ListItem\",\"position\":3,\"name\":\"Fiche du produit\"}]},{\"@type\":\"WebSite\",\"@id\":\"https:\\\/\\\/www.libramed.info\\\/be\\\/#website\",\"url\":\"https:\\\/\\\/www.libramed.info\\\/be\\\/\",\"name\":\"LibraMed\",\"description\":\"Pour le contr\u00f4le du pic glyc\u00e9mique\",\"potentialAction\":[{\"@type\":\"SearchAction\",\"target\":{\"@type\":\"EntryPoint\",\"urlTemplate\":\"https:\\\/\\\/www.libramed.info\\\/be\\\/?s={search_term_string}\"},\"query-input\":{\"@type\":\"PropertyValueSpecification\",\"valueRequired\":true,\"valueName\":\"search_term_string\"}}],\"inLanguage\":\"fr-BE\"}]}<\/script>\n<!-- \/ Yoast SEO plugin. -->","yoast_head_json":{"title":"Fiche du produit Comprim\u00e9s | ABOCA LibraMed","description":"Indications Associ\u00e9 \u00e0 un r\u00e9gime \u00e9quilibr\u00e9, une quantit\u00e9 ad\u00e9quate de liquides et une activit\u00e9 physique r\u00e9guli\u00e8re, Libramed, gr\u00e2ce \u00e0 son m\u00e9canisme d\u2019action, est indiqu\u00e9 pour le contr\u00f4le du poids chez les adultes et les enfants \u00e0 partir de 8 ans.","robots":{"index":"index","follow":"follow","max-snippet":"max-snippet:-1","max-image-preview":"max-image-preview:large","max-video-preview":"max-video-preview:-1"},"canonical":"https:\/\/www.libramed.info\/be\/libramed\/fiche-du-produit\/","og_locale":"fr_FR","og_type":"article","og_title":"Fiche du produit Comprim\u00e9s | ABOCA LibraMed","og_description":"Indications Associ\u00e9 \u00e0 un r\u00e9gime \u00e9quilibr\u00e9, une quantit\u00e9 ad\u00e9quate de liquides et une activit\u00e9 physique r\u00e9guli\u00e8re, Libramed, gr\u00e2ce \u00e0 son m\u00e9canisme d\u2019action, est indiqu\u00e9 pour le contr\u00f4le du poids chez les adultes et les enfants \u00e0 partir de 8 ans.","og_url":"https:\/\/www.libramed.info\/be\/libramed\/fiche-du-produit\/","og_site_name":"LibraMed","article_modified_time":"2021-12-01T15:26:36+00:00","twitter_card":"summary_large_image","twitter_misc":{"Dur\u00e9e de lecture est.":"2 minutes"},"schema":{"@context":"https:\/\/schema.org","@graph":[{"@type":"WebPage","@id":"https:\/\/www.libramed.info\/be\/libramed\/fiche-du-produit\/","url":"https:\/\/www.libramed.info\/be\/libramed\/fiche-du-produit\/","name":"Fiche du produit Comprim\u00e9s | ABOCA LibraMed","isPartOf":{"@id":"https:\/\/www.libramed.info\/be\/#website"},"datePublished":"2021-12-01T09:07:36+00:00","dateModified":"2021-12-01T15:26:36+00:00","description":"Indications Associ\u00e9 \u00e0 un r\u00e9gime \u00e9quilibr\u00e9, une quantit\u00e9 ad\u00e9quate de liquides et une activit\u00e9 physique r\u00e9guli\u00e8re, Libramed, gr\u00e2ce \u00e0 son m\u00e9canisme d\u2019action, est indiqu\u00e9 pour le contr\u00f4le du poids chez les adultes et les enfants \u00e0 partir de 8 ans.","breadcrumb":{"@id":"https:\/\/www.libramed.info\/be\/libramed\/fiche-du-produit\/#breadcrumb"},"inLanguage":"fr-BE","potentialAction":[{"@type":"ReadAction","target":["https:\/\/www.libramed.info\/be\/libramed\/fiche-du-produit\/"]}]},{"@type":"BreadcrumbList","@id":"https:\/\/www.libramed.info\/be\/libramed\/fiche-du-produit\/#breadcrumb","itemListElement":[{"@type":"ListItem","position":1,"name":"Home","item":"https:\/\/www.libramed.info\/be\/"},{"@type":"ListItem","position":2,"name":"LibraMed","item":"https:\/\/www.libramed.info\/be\/libramed\/"},{"@type":"ListItem","position":3,"name":"Fiche du produit"}]},{"@type":"WebSite","@id":"https:\/\/www.libramed.info\/be\/#website","url":"https:\/\/www.libramed.info\/be\/","name":"LibraMed","description":"Pour le contr\u00f4le du pic glyc\u00e9mique","potentialAction":[{"@type":"SearchAction","target":{"@type":"EntryPoint","urlTemplate":"https:\/\/www.libramed.info\/be\/?s={search_term_string}"},"query-input":{"@type":"PropertyValueSpecification","valueRequired":true,"valueName":"search_term_string"}}],"inLanguage":"fr-BE"}]}},"_links":{"self":[{"href":"https:\/\/www.libramed.info\/be\/wp-json\/wp\/v2\/pages\/4125","targetHints":{"allow":["GET"]}}],"collection":[{"href":"https:\/\/www.libramed.info\/be\/wp-json\/wp\/v2\/pages"}],"about":[{"href":"https:\/\/www.libramed.info\/be\/wp-json\/wp\/v2\/types\/page"}],"author":[{"embeddable":true,"href":"https:\/\/www.libramed.info\/be\/wp-json\/wp\/v2\/users\/2"}],"replies":[{"embeddable":true,"href":"https:\/\/www.libramed.info\/be\/wp-json\/wp\/v2\/comments?post=4125"}],"version-history":[{"count":5,"href":"https:\/\/www.libramed.info\/be\/wp-json\/wp\/v2\/pages\/4125\/revisions"}],"predecessor-version":[{"id":4242,"href":"https:\/\/www.libramed.info\/be\/wp-json\/wp\/v2\/pages\/4125\/revisions\/4242"}],"up":[{"embeddable":true,"href":"https:\/\/www.libramed.info\/be\/wp-json\/wp\/v2\/pages\/4121"}],"wp:attachment":[{"href":"https:\/\/www.libramed.info\/be\/wp-json\/wp\/v2\/media?parent=4125"}],"curies":[{"name":"wp","href":"https:\/\/api.w.org\/{rel}","templated":true}]}}