{"id":4107,"date":"2021-11-30T18:00:40","date_gmt":"2021-11-30T17:00:40","guid":{"rendered":"https:\/\/libramedinfobe.multisite.aboca.com\/?page_id=4107"},"modified":"2021-12-02T17:31:48","modified_gmt":"2021-12-02T16:31:48","slug":"controle-du-poids-a-lage-pediatrique","status":"publish","type":"page","link":"https:\/\/www.libramed.info\/be\/la-bonne-approche\/controle-du-poids-a-lage-pediatrique\/","title":{"rendered":"La gestion du contr\u00f4le du poids \u00e0 l\u2019\u00e2ge p\u00e9diatrique"},"content":{"rendered":"\n<p>La gestion du contr\u00f4le du poids chez l\u2019enfant&nbsp;<strong>exige une approche particuli\u00e8re par rapport \u00e0 l\u2019adulte<\/strong>. En effet, en p\u00e9diatrie, il est indispensable de&nbsp;<strong>garantir une croissance pond\u00e9rale proportionn\u00e9e au d\u00e9veloppement de l\u2019individu<\/strong>, \u00e0 travers un apport en nutriments ad\u00e9quat ; simultan\u00e9ment, le surpoids et l\u2019ob\u00e9sit\u00e9, des ph\u00e9nom\u00e8nes en croissance constante dans les soci\u00e9t\u00e9s modernes, qui pourraient gravement compromettre l\u2019\u00e9tat de sant\u00e9 de l\u2019enfant, doivent \u00eatre \u00e9vit\u00e9s.<\/p>\n\n\n\n<p>Une approche correcte de la gestion du poids \u00e0 l\u2019\u00e2ge p\u00e9diatrique devrait commencer par le contr\u00f4le des principaux facteurs de risque, une mauvaise alimentation et l\u2019inactivit\u00e9 physique, afin de prot\u00e9ger l\u2019\u00e9tat de sant\u00e9 de l\u2019enfant et sa croissance harmonieuse, et de pr\u00e9venir l\u2019ob\u00e9sit\u00e9 et les maladies associ\u00e9es une fois que l\u2019enfant a atteint l\u2019\u00e2ge adulte.<\/p>\n\n\n\n<p>L\u2019objectif devrait \u00eatre celui de ralentir ou d\u2019arr\u00eater la prise de poids excessive, en permettant \u00e0 l\u2019enfant de grandir en hauteur, tout en maintenant un poids proportionnel \u00e0 sa taille. La meilleure fa\u00e7on d\u2019atteindre cet objectif est un parcours di\u00e9t\u00e9tique comportemental, mis en \u0153uvre avec la famille, qui agit sur diff\u00e9rents facteurs :<\/p>\n\n\n\n<div style=\"height:20px\" aria-hidden=\"true\" class=\"wp-block-spacer\"><\/div>\n\n\n\n<div class=\"wp-block-media-text alignwide is-stacked-on-mobile\" style=\"grid-template-columns:25% auto\"><figure class=\"wp-block-media-text__media\"><img loading=\"lazy\" decoding=\"async\" width=\"229\" height=\"197\" src=\"https:\/\/www.libramed.info\/be\/wp-content\/uploads\/sites\/166\/2021\/11\/La-gestione-del-controllo-del-peso-in-eta-pediatrica_11.png\" alt=\"\" class=\"wp-image-4053 size-full\"\/><\/figure><div class=\"wp-block-media-text__content\">\n<p><strong>ALIMENTAIRE<\/strong>&nbsp;en adoptant un r\u00e9gime alimentaire appropri\u00e9, \u00e0 savoir vari\u00e9 et sans exc\u00e8s, qui inclut tous les aliments dans les justes quantit\u00e9s, et qui privil\u00e9gie les fruits et l\u00e9gumes et limite les aliments et boissons \u00e0 haute teneur en sucres simples.<\/p>\n<\/div><\/div>\n\n\n\n<div class=\"wp-block-media-text alignwide is-stacked-on-mobile\" style=\"grid-template-columns:25% auto\"><figure class=\"wp-block-media-text__media\"><img loading=\"lazy\" decoding=\"async\" width=\"229\" height=\"170\" src=\"https:\/\/www.libramed.info\/be\/wp-content\/uploads\/sites\/166\/2021\/11\/La-gestione-del-controllo-del-peso-in-eta-pediatrica_21.png\" alt=\"\" class=\"wp-image-4054 size-full\"\/><\/figure><div class=\"wp-block-media-text__content\">\n<p><strong>MOUVEMENT<\/strong>&nbsp;en r\u00e9duisant la s\u00e9dentarit\u00e9 \u00e0 travers la pratique d\u2019une activit\u00e9 physique quotidienne, en favorisant le jeu libre et l\u2019activit\u00e9 motrice organis\u00e9e.<\/p>\n<\/div><\/div>\n\n\n\n<div style=\"height:20px\" aria-hidden=\"true\" class=\"wp-block-spacer\"><\/div>\n\n\n\n<p>Lorsqu\u2019un r\u00e9gime alimentaire correct et une activit\u00e9 physique appropri\u00e9e ne suffisent pas \u00e0 \u00e9viter un exc\u00e8s pond\u00e9ral qui menace la sant\u00e9 de l\u2019enfant, il peut \u00eatre utile, sous la direction du P\u00e9diatre, d\u2019intervenir avec le support d\u2019un produit th\u00e9rapeutique sp\u00e9cifique.<\/p>\n","protected":false},"excerpt":{"rendered":"<p>La gestion du contr\u00f4le du poids chez l\u2019enfant&nbsp;exige une approche particuli\u00e8re par rapport \u00e0 l\u2019adulte. En effet, en p\u00e9diatrie, il est indispensable de&nbsp;garantir une croissance pond\u00e9rale proportionn\u00e9e au d\u00e9veloppement de l\u2019individu, \u00e0 travers un apport en nutriments ad\u00e9quat ; simultan\u00e9ment, le surpoids et l\u2019ob\u00e9sit\u00e9, des ph\u00e9nom\u00e8nes en croissance constante dans les soci\u00e9t\u00e9s modernes, qui pourraient&#8230;  <a href=\"https:\/\/www.libramed.info\/be\/la-bonne-approche\/controle-du-poids-a-lage-pediatrique\/\" class=\"more-link\" title=\"Read La gestion du contr\u00f4le du poids \u00e0 l\u2019\u00e2ge p\u00e9diatrique\">Leggi tutto &raquo;<\/a><\/p>\n","protected":false},"author":2,"featured_media":0,"parent":4099,"menu_order":0,"comment_status":"closed","ping_status":"closed","template":"","meta":{"footnotes":""},"class_list":["post-4107","page","type-page","status-publish","hentry"],"yoast_head":"<!-- This site is optimized with the Yoast SEO plugin v27.4 - https:\/\/yoast.com\/product\/yoast-seo-wordpress\/ -->\n<title>La gestion du contr\u00f4le du poids \u00e0 l\u2019\u00e2ge p\u00e9diatrique | ABOCA Libramed<\/title>\n<meta name=\"description\" content=\"La gestion du contr\u00f4le du poids chez l\u2019enfant exige une approche particuli\u00e8re par rapport \u00e0 l\u2019adulte.\" \/>\n<meta name=\"robots\" content=\"index, follow, max-snippet:-1, max-image-preview:large, max-video-preview:-1\" \/>\n<link rel=\"canonical\" href=\"https:\/\/www.libramed.info\/be\/la-bonne-approche\/controle-du-poids-a-lage-pediatrique\/\" \/>\n<meta property=\"og:locale\" content=\"fr_FR\" \/>\n<meta property=\"og:type\" content=\"article\" \/>\n<meta property=\"og:title\" content=\"La gestion du contr\u00f4le du poids \u00e0 l\u2019\u00e2ge p\u00e9diatrique | ABOCA Libramed\" \/>\n<meta property=\"og:description\" content=\"La gestion du contr\u00f4le du poids chez l\u2019enfant exige une approche particuli\u00e8re par rapport \u00e0 l\u2019adulte.\" \/>\n<meta property=\"og:url\" content=\"https:\/\/www.libramed.info\/be\/la-bonne-approche\/controle-du-poids-a-lage-pediatrique\/\" \/>\n<meta property=\"og:site_name\" content=\"LibraMed\" \/>\n<meta property=\"article:modified_time\" content=\"2021-12-02T16:31:48+00:00\" \/>\n<meta property=\"og:image\" content=\"https:\/\/www.libramed.info\/be\/wp-content\/uploads\/sites\/166\/2021\/11\/La-gestione-del-controllo-del-peso-in-eta-pediatrica_11.png\" \/>\n<meta name=\"twitter:card\" content=\"summary_large_image\" \/>\n<meta name=\"twitter:label1\" content=\"Dur\u00e9e de lecture est.\" \/>\n\t<meta name=\"twitter:data1\" content=\"2 minutes\" \/>\n<script type=\"application\/ld+json\" class=\"yoast-schema-graph\">{\"@context\":\"https:\\\/\\\/schema.org\",\"@graph\":[{\"@type\":\"WebPage\",\"@id\":\"https:\\\/\\\/www.libramed.info\\\/be\\\/la-bonne-approche\\\/controle-du-poids-a-lage-pediatrique\\\/\",\"url\":\"https:\\\/\\\/www.libramed.info\\\/be\\\/la-bonne-approche\\\/controle-du-poids-a-lage-pediatrique\\\/\",\"name\":\"La gestion du contr\u00f4le du poids \u00e0 l\u2019\u00e2ge p\u00e9diatrique | ABOCA Libramed\",\"isPartOf\":{\"@id\":\"https:\\\/\\\/www.libramed.info\\\/be\\\/#website\"},\"primaryImageOfPage\":{\"@id\":\"https:\\\/\\\/www.libramed.info\\\/be\\\/la-bonne-approche\\\/controle-du-poids-a-lage-pediatrique\\\/#primaryimage\"},\"image\":{\"@id\":\"https:\\\/\\\/www.libramed.info\\\/be\\\/la-bonne-approche\\\/controle-du-poids-a-lage-pediatrique\\\/#primaryimage\"},\"thumbnailUrl\":\"https:\\\/\\\/www.libramed.info\\\/be\\\/wp-content\\\/uploads\\\/sites\\\/166\\\/2021\\\/11\\\/La-gestione-del-controllo-del-peso-in-eta-pediatrica_11.png\",\"datePublished\":\"2021-11-30T17:00:40+00:00\",\"dateModified\":\"2021-12-02T16:31:48+00:00\",\"description\":\"La gestion du contr\u00f4le du poids chez l\u2019enfant exige une approche particuli\u00e8re par rapport \u00e0 l\u2019adulte.\",\"breadcrumb\":{\"@id\":\"https:\\\/\\\/www.libramed.info\\\/be\\\/la-bonne-approche\\\/controle-du-poids-a-lage-pediatrique\\\/#breadcrumb\"},\"inLanguage\":\"fr-BE\",\"potentialAction\":[{\"@type\":\"ReadAction\",\"target\":[\"https:\\\/\\\/www.libramed.info\\\/be\\\/la-bonne-approche\\\/controle-du-poids-a-lage-pediatrique\\\/\"]}]},{\"@type\":\"ImageObject\",\"inLanguage\":\"fr-BE\",\"@id\":\"https:\\\/\\\/www.libramed.info\\\/be\\\/la-bonne-approche\\\/controle-du-poids-a-lage-pediatrique\\\/#primaryimage\",\"url\":\"https:\\\/\\\/www.libramed.info\\\/be\\\/wp-content\\\/uploads\\\/sites\\\/166\\\/2021\\\/11\\\/La-gestione-del-controllo-del-peso-in-eta-pediatrica_11.png\",\"contentUrl\":\"https:\\\/\\\/www.libramed.info\\\/be\\\/wp-content\\\/uploads\\\/sites\\\/166\\\/2021\\\/11\\\/La-gestione-del-controllo-del-peso-in-eta-pediatrica_11.png\",\"width\":229,\"height\":197},{\"@type\":\"BreadcrumbList\",\"@id\":\"https:\\\/\\\/www.libramed.info\\\/be\\\/la-bonne-approche\\\/controle-du-poids-a-lage-pediatrique\\\/#breadcrumb\",\"itemListElement\":[{\"@type\":\"ListItem\",\"position\":1,\"name\":\"Home\",\"item\":\"https:\\\/\\\/www.libramed.info\\\/be\\\/\"},{\"@type\":\"ListItem\",\"position\":2,\"name\":\"La bonne approche\",\"item\":\"https:\\\/\\\/www.libramed.info\\\/be\\\/la-bonne-approche\\\/\"},{\"@type\":\"ListItem\",\"position\":3,\"name\":\"La gestion du contr\u00f4le du poids \u00e0 l\u2019\u00e2ge p\u00e9diatrique\"}]},{\"@type\":\"WebSite\",\"@id\":\"https:\\\/\\\/www.libramed.info\\\/be\\\/#website\",\"url\":\"https:\\\/\\\/www.libramed.info\\\/be\\\/\",\"name\":\"LibraMed\",\"description\":\"Pour le contr\u00f4le du pic glyc\u00e9mique\",\"potentialAction\":[{\"@type\":\"SearchAction\",\"target\":{\"@type\":\"EntryPoint\",\"urlTemplate\":\"https:\\\/\\\/www.libramed.info\\\/be\\\/?s={search_term_string}\"},\"query-input\":{\"@type\":\"PropertyValueSpecification\",\"valueRequired\":true,\"valueName\":\"search_term_string\"}}],\"inLanguage\":\"fr-BE\"}]}<\/script>\n<!-- \/ Yoast SEO plugin. -->","yoast_head_json":{"title":"La gestion du contr\u00f4le du poids \u00e0 l\u2019\u00e2ge p\u00e9diatrique | ABOCA Libramed","description":"La gestion du contr\u00f4le du poids chez l\u2019enfant exige une approche particuli\u00e8re par rapport \u00e0 l\u2019adulte.","robots":{"index":"index","follow":"follow","max-snippet":"max-snippet:-1","max-image-preview":"max-image-preview:large","max-video-preview":"max-video-preview:-1"},"canonical":"https:\/\/www.libramed.info\/be\/la-bonne-approche\/controle-du-poids-a-lage-pediatrique\/","og_locale":"fr_FR","og_type":"article","og_title":"La gestion du contr\u00f4le du poids \u00e0 l\u2019\u00e2ge p\u00e9diatrique | ABOCA Libramed","og_description":"La gestion du contr\u00f4le du poids chez l\u2019enfant exige une approche particuli\u00e8re par rapport \u00e0 l\u2019adulte.","og_url":"https:\/\/www.libramed.info\/be\/la-bonne-approche\/controle-du-poids-a-lage-pediatrique\/","og_site_name":"LibraMed","article_modified_time":"2021-12-02T16:31:48+00:00","og_image":[{"url":"https:\/\/www.libramed.info\/be\/wp-content\/uploads\/sites\/166\/2021\/11\/La-gestione-del-controllo-del-peso-in-eta-pediatrica_11.png","type":"","width":"","height":""}],"twitter_card":"summary_large_image","twitter_misc":{"Dur\u00e9e de lecture est.":"2 minutes"},"schema":{"@context":"https:\/\/schema.org","@graph":[{"@type":"WebPage","@id":"https:\/\/www.libramed.info\/be\/la-bonne-approche\/controle-du-poids-a-lage-pediatrique\/","url":"https:\/\/www.libramed.info\/be\/la-bonne-approche\/controle-du-poids-a-lage-pediatrique\/","name":"La gestion du contr\u00f4le du poids \u00e0 l\u2019\u00e2ge p\u00e9diatrique | ABOCA Libramed","isPartOf":{"@id":"https:\/\/www.libramed.info\/be\/#website"},"primaryImageOfPage":{"@id":"https:\/\/www.libramed.info\/be\/la-bonne-approche\/controle-du-poids-a-lage-pediatrique\/#primaryimage"},"image":{"@id":"https:\/\/www.libramed.info\/be\/la-bonne-approche\/controle-du-poids-a-lage-pediatrique\/#primaryimage"},"thumbnailUrl":"https:\/\/www.libramed.info\/be\/wp-content\/uploads\/sites\/166\/2021\/11\/La-gestione-del-controllo-del-peso-in-eta-pediatrica_11.png","datePublished":"2021-11-30T17:00:40+00:00","dateModified":"2021-12-02T16:31:48+00:00","description":"La gestion du contr\u00f4le du poids chez l\u2019enfant exige une approche particuli\u00e8re par rapport \u00e0 l\u2019adulte.","breadcrumb":{"@id":"https:\/\/www.libramed.info\/be\/la-bonne-approche\/controle-du-poids-a-lage-pediatrique\/#breadcrumb"},"inLanguage":"fr-BE","potentialAction":[{"@type":"ReadAction","target":["https:\/\/www.libramed.info\/be\/la-bonne-approche\/controle-du-poids-a-lage-pediatrique\/"]}]},{"@type":"ImageObject","inLanguage":"fr-BE","@id":"https:\/\/www.libramed.info\/be\/la-bonne-approche\/controle-du-poids-a-lage-pediatrique\/#primaryimage","url":"https:\/\/www.libramed.info\/be\/wp-content\/uploads\/sites\/166\/2021\/11\/La-gestione-del-controllo-del-peso-in-eta-pediatrica_11.png","contentUrl":"https:\/\/www.libramed.info\/be\/wp-content\/uploads\/sites\/166\/2021\/11\/La-gestione-del-controllo-del-peso-in-eta-pediatrica_11.png","width":229,"height":197},{"@type":"BreadcrumbList","@id":"https:\/\/www.libramed.info\/be\/la-bonne-approche\/controle-du-poids-a-lage-pediatrique\/#breadcrumb","itemListElement":[{"@type":"ListItem","position":1,"name":"Home","item":"https:\/\/www.libramed.info\/be\/"},{"@type":"ListItem","position":2,"name":"La bonne approche","item":"https:\/\/www.libramed.info\/be\/la-bonne-approche\/"},{"@type":"ListItem","position":3,"name":"La gestion du contr\u00f4le du poids \u00e0 l\u2019\u00e2ge p\u00e9diatrique"}]},{"@type":"WebSite","@id":"https:\/\/www.libramed.info\/be\/#website","url":"https:\/\/www.libramed.info\/be\/","name":"LibraMed","description":"Pour le contr\u00f4le du pic glyc\u00e9mique","potentialAction":[{"@type":"SearchAction","target":{"@type":"EntryPoint","urlTemplate":"https:\/\/www.libramed.info\/be\/?s={search_term_string}"},"query-input":{"@type":"PropertyValueSpecification","valueRequired":true,"valueName":"search_term_string"}}],"inLanguage":"fr-BE"}]}},"_links":{"self":[{"href":"https:\/\/www.libramed.info\/be\/wp-json\/wp\/v2\/pages\/4107","targetHints":{"allow":["GET"]}}],"collection":[{"href":"https:\/\/www.libramed.info\/be\/wp-json\/wp\/v2\/pages"}],"about":[{"href":"https:\/\/www.libramed.info\/be\/wp-json\/wp\/v2\/types\/page"}],"author":[{"embeddable":true,"href":"https:\/\/www.libramed.info\/be\/wp-json\/wp\/v2\/users\/2"}],"replies":[{"embeddable":true,"href":"https:\/\/www.libramed.info\/be\/wp-json\/wp\/v2\/comments?post=4107"}],"version-history":[{"count":4,"href":"https:\/\/www.libramed.info\/be\/wp-json\/wp\/v2\/pages\/4107\/revisions"}],"predecessor-version":[{"id":4255,"href":"https:\/\/www.libramed.info\/be\/wp-json\/wp\/v2\/pages\/4107\/revisions\/4255"}],"up":[{"embeddable":true,"href":"https:\/\/www.libramed.info\/be\/wp-json\/wp\/v2\/pages\/4099"}],"wp:attachment":[{"href":"https:\/\/www.libramed.info\/be\/wp-json\/wp\/v2\/media?parent=4107"}],"curies":[{"name":"wp","href":"https:\/\/api.w.org\/{rel}","templated":true}]}}