{"id":4104,"date":"2021-11-30T17:57:39","date_gmt":"2021-11-30T16:57:39","guid":{"rendered":"https:\/\/libramedinfobe.multisite.aboca.com\/?page_id=4104"},"modified":"2021-12-02T17:31:10","modified_gmt":"2021-12-02T16:31:10","slug":"equilibre-du-poids","status":"publish","type":"page","link":"https:\/\/www.libramed.info\/be\/la-bonne-approche\/equilibre-du-poids\/","title":{"rendered":"Les \u00e9tapes fondamentales pour un bon \u00e9quilibre du poids !"},"content":{"rendered":"\n<p>Il est important de rappeler que chaque programme th\u00e9rapeutique visant au contr\u00f4le du poids ne peut se concevoir sans une intervention \u00e0 la fois di\u00e9t\u00e9tique et comportementale, incluant la pratique r\u00e9guli\u00e8re d\u2019activit\u00e9 physique.<\/p>\n\n\n\n<div class=\"wp-block-columns is-layout-flex wp-container-core-columns-is-layout-9d6595d7 wp-block-columns-is-layout-flex\">\n<div class=\"wp-block-column is-layout-flow wp-block-column-is-layout-flow\">\n<div class=\"wp-block-image\"><figure class=\"aligncenter size-large\"><img decoding=\"async\" src=\"https:\/\/libramed.info\/be\/wp-content\/uploads\/sites\/166\/2021\/11\/equilibrio-del-peso_1.png\" alt=\"\"\/><\/figure><\/div>\n\n\n\n<h3 class=\"has-text-align-center wp-block-heading\"><strong>MANGEZ<br>CORRECTEMENT<\/strong><\/h3>\n<\/div>\n\n\n\n<div class=\"wp-block-column is-layout-flow wp-block-column-is-layout-flow\">\n<div class=\"wp-block-image\"><figure class=\"aligncenter size-large\"><img decoding=\"async\" src=\"https:\/\/libramed.info\/be\/wp-content\/uploads\/sites\/166\/2021\/11\/equilibrio-del-peso_2.png\" alt=\"\"\/><\/figure><\/div>\n\n\n\n<h3 class=\"has-text-align-center wp-block-heading\"><strong><strong>FAITES&nbsp;DU&nbsp;SPORT<br>R\u00c9GULI\u00c8REMENT<\/strong><\/strong><\/h3>\n<\/div>\n\n\n\n<div class=\"wp-block-column is-layout-flow wp-block-column-is-layout-flow\">\n<div class=\"wp-block-image\"><figure class=\"aligncenter size-large\"><img decoding=\"async\" src=\"https:\/\/libramed.info\/be\/wp-content\/uploads\/sites\/166\/2021\/11\/equilibrio-del-peso-3.png\" alt=\"\"\/><\/figure><\/div>\n\n\n\n<h3 class=\"has-text-align-center wp-block-heading\"><strong><strong>PRENEZ LIBRAMED<br>Votre alli\u00e9 pour le contr\u00f4le du poids<\/strong><\/strong><\/h3>\n<\/div>\n<\/div>\n","protected":false},"excerpt":{"rendered":"<p>Il est important de rappeler que chaque programme th\u00e9rapeutique visant au contr\u00f4le du poids ne peut se concevoir sans une intervention \u00e0 la fois di\u00e9t\u00e9tique et comportementale, incluant la pratique r\u00e9guli\u00e8re d\u2019activit\u00e9 physique. MANGEZCORRECTEMENT FAITES&nbsp;DU&nbsp;SPORTR\u00c9GULI\u00c8REMENT PRENEZ LIBRAMEDVotre alli\u00e9 pour le contr\u00f4le du poids<\/p>\n","protected":false},"author":2,"featured_media":0,"parent":4099,"menu_order":0,"comment_status":"closed","ping_status":"closed","template":"","meta":{"footnotes":""},"class_list":["post-4104","page","type-page","status-publish","hentry"],"yoast_head":"<!-- This site is optimized with the Yoast SEO plugin v27.4 - https:\/\/yoast.com\/product\/yoast-seo-wordpress\/ -->\n<title>Les \u00e9tapes fondamentales pour un bon \u00e9quilibre du poids ! | ABOCA Libramed<\/title>\n<meta name=\"description\" content=\"Il est important de rappeler que chaque programme th\u00e9rapeutique visant au contr\u00f4le du poids ne peut se concevoir sans une intervention \u00e0 la fois di\u00e9t\u00e9tique et comportementale, incluant la pratique r\u00e9guli\u00e8re d\u2019activit\u00e9 physique.\" \/>\n<meta name=\"robots\" content=\"index, follow, max-snippet:-1, max-image-preview:large, max-video-preview:-1\" \/>\n<link rel=\"canonical\" href=\"https:\/\/www.libramed.info\/be\/la-bonne-approche\/equilibre-du-poids\/\" \/>\n<meta property=\"og:locale\" content=\"fr_FR\" \/>\n<meta property=\"og:type\" content=\"article\" \/>\n<meta property=\"og:title\" content=\"Les \u00e9tapes fondamentales pour un bon \u00e9quilibre du poids ! | ABOCA Libramed\" \/>\n<meta property=\"og:description\" content=\"Il est important de rappeler que chaque programme th\u00e9rapeutique visant au contr\u00f4le du poids ne peut se concevoir sans une intervention \u00e0 la fois di\u00e9t\u00e9tique et comportementale, incluant la pratique r\u00e9guli\u00e8re d\u2019activit\u00e9 physique.\" \/>\n<meta property=\"og:url\" content=\"https:\/\/www.libramed.info\/be\/la-bonne-approche\/equilibre-du-poids\/\" \/>\n<meta property=\"og:site_name\" content=\"LibraMed\" \/>\n<meta property=\"article:modified_time\" content=\"2021-12-02T16:31:10+00:00\" \/>\n<meta property=\"og:image\" content=\"https:\/\/libramed.info\/be\/wp-content\/uploads\/sites\/166\/2021\/11\/equilibrio-del-peso_1.png\" \/>\n<meta name=\"twitter:card\" content=\"summary_large_image\" \/>\n<meta name=\"twitter:label1\" content=\"Dur\u00e9e de lecture est.\" \/>\n\t<meta name=\"twitter:data1\" content=\"1 minute\" \/>\n<script type=\"application\/ld+json\" class=\"yoast-schema-graph\">{\"@context\":\"https:\\\/\\\/schema.org\",\"@graph\":[{\"@type\":\"WebPage\",\"@id\":\"https:\\\/\\\/www.libramed.info\\\/be\\\/la-bonne-approche\\\/equilibre-du-poids\\\/\",\"url\":\"https:\\\/\\\/www.libramed.info\\\/be\\\/la-bonne-approche\\\/equilibre-du-poids\\\/\",\"name\":\"Les \u00e9tapes fondamentales pour un bon \u00e9quilibre du poids ! | ABOCA Libramed\",\"isPartOf\":{\"@id\":\"https:\\\/\\\/www.libramed.info\\\/be\\\/#website\"},\"primaryImageOfPage\":{\"@id\":\"https:\\\/\\\/www.libramed.info\\\/be\\\/la-bonne-approche\\\/equilibre-du-poids\\\/#primaryimage\"},\"image\":{\"@id\":\"https:\\\/\\\/www.libramed.info\\\/be\\\/la-bonne-approche\\\/equilibre-du-poids\\\/#primaryimage\"},\"thumbnailUrl\":\"https:\\\/\\\/libramed.info\\\/be\\\/wp-content\\\/uploads\\\/sites\\\/166\\\/2021\\\/11\\\/equilibrio-del-peso_1.png\",\"datePublished\":\"2021-11-30T16:57:39+00:00\",\"dateModified\":\"2021-12-02T16:31:10+00:00\",\"description\":\"Il est important de rappeler que chaque programme th\u00e9rapeutique visant au contr\u00f4le du poids ne peut se concevoir sans une intervention \u00e0 la fois di\u00e9t\u00e9tique et comportementale, incluant la pratique r\u00e9guli\u00e8re d\u2019activit\u00e9 physique.\",\"breadcrumb\":{\"@id\":\"https:\\\/\\\/www.libramed.info\\\/be\\\/la-bonne-approche\\\/equilibre-du-poids\\\/#breadcrumb\"},\"inLanguage\":\"fr-BE\",\"potentialAction\":[{\"@type\":\"ReadAction\",\"target\":[\"https:\\\/\\\/www.libramed.info\\\/be\\\/la-bonne-approche\\\/equilibre-du-poids\\\/\"]}]},{\"@type\":\"ImageObject\",\"inLanguage\":\"fr-BE\",\"@id\":\"https:\\\/\\\/www.libramed.info\\\/be\\\/la-bonne-approche\\\/equilibre-du-poids\\\/#primaryimage\",\"url\":\"https:\\\/\\\/libramed.info\\\/be\\\/wp-content\\\/uploads\\\/sites\\\/166\\\/2021\\\/11\\\/equilibrio-del-peso_1.png\",\"contentUrl\":\"https:\\\/\\\/libramed.info\\\/be\\\/wp-content\\\/uploads\\\/sites\\\/166\\\/2021\\\/11\\\/equilibrio-del-peso_1.png\"},{\"@type\":\"BreadcrumbList\",\"@id\":\"https:\\\/\\\/www.libramed.info\\\/be\\\/la-bonne-approche\\\/equilibre-du-poids\\\/#breadcrumb\",\"itemListElement\":[{\"@type\":\"ListItem\",\"position\":1,\"name\":\"Home\",\"item\":\"https:\\\/\\\/www.libramed.info\\\/be\\\/\"},{\"@type\":\"ListItem\",\"position\":2,\"name\":\"La bonne approche\",\"item\":\"https:\\\/\\\/www.libramed.info\\\/be\\\/la-bonne-approche\\\/\"},{\"@type\":\"ListItem\",\"position\":3,\"name\":\"Les \u00e9tapes fondamentales pour un bon \u00e9quilibre du poids !\"}]},{\"@type\":\"WebSite\",\"@id\":\"https:\\\/\\\/www.libramed.info\\\/be\\\/#website\",\"url\":\"https:\\\/\\\/www.libramed.info\\\/be\\\/\",\"name\":\"LibraMed\",\"description\":\"Pour le contr\u00f4le du pic glyc\u00e9mique\",\"potentialAction\":[{\"@type\":\"SearchAction\",\"target\":{\"@type\":\"EntryPoint\",\"urlTemplate\":\"https:\\\/\\\/www.libramed.info\\\/be\\\/?s={search_term_string}\"},\"query-input\":{\"@type\":\"PropertyValueSpecification\",\"valueRequired\":true,\"valueName\":\"search_term_string\"}}],\"inLanguage\":\"fr-BE\"}]}<\/script>\n<!-- \/ Yoast SEO plugin. -->","yoast_head_json":{"title":"Les \u00e9tapes fondamentales pour un bon \u00e9quilibre du poids ! | ABOCA Libramed","description":"Il est important de rappeler que chaque programme th\u00e9rapeutique visant au contr\u00f4le du poids ne peut se concevoir sans une intervention \u00e0 la fois di\u00e9t\u00e9tique et comportementale, incluant la pratique r\u00e9guli\u00e8re d\u2019activit\u00e9 physique.","robots":{"index":"index","follow":"follow","max-snippet":"max-snippet:-1","max-image-preview":"max-image-preview:large","max-video-preview":"max-video-preview:-1"},"canonical":"https:\/\/www.libramed.info\/be\/la-bonne-approche\/equilibre-du-poids\/","og_locale":"fr_FR","og_type":"article","og_title":"Les \u00e9tapes fondamentales pour un bon \u00e9quilibre du poids ! | ABOCA Libramed","og_description":"Il est important de rappeler que chaque programme th\u00e9rapeutique visant au contr\u00f4le du poids ne peut se concevoir sans une intervention \u00e0 la fois di\u00e9t\u00e9tique et comportementale, incluant la pratique r\u00e9guli\u00e8re d\u2019activit\u00e9 physique.","og_url":"https:\/\/www.libramed.info\/be\/la-bonne-approche\/equilibre-du-poids\/","og_site_name":"LibraMed","article_modified_time":"2021-12-02T16:31:10+00:00","og_image":[{"url":"https:\/\/libramed.info\/be\/wp-content\/uploads\/sites\/166\/2021\/11\/equilibrio-del-peso_1.png","type":"","width":"","height":""}],"twitter_card":"summary_large_image","twitter_misc":{"Dur\u00e9e de lecture est.":"1 minute"},"schema":{"@context":"https:\/\/schema.org","@graph":[{"@type":"WebPage","@id":"https:\/\/www.libramed.info\/be\/la-bonne-approche\/equilibre-du-poids\/","url":"https:\/\/www.libramed.info\/be\/la-bonne-approche\/equilibre-du-poids\/","name":"Les \u00e9tapes fondamentales pour un bon \u00e9quilibre du poids ! | ABOCA Libramed","isPartOf":{"@id":"https:\/\/www.libramed.info\/be\/#website"},"primaryImageOfPage":{"@id":"https:\/\/www.libramed.info\/be\/la-bonne-approche\/equilibre-du-poids\/#primaryimage"},"image":{"@id":"https:\/\/www.libramed.info\/be\/la-bonne-approche\/equilibre-du-poids\/#primaryimage"},"thumbnailUrl":"https:\/\/libramed.info\/be\/wp-content\/uploads\/sites\/166\/2021\/11\/equilibrio-del-peso_1.png","datePublished":"2021-11-30T16:57:39+00:00","dateModified":"2021-12-02T16:31:10+00:00","description":"Il est important de rappeler que chaque programme th\u00e9rapeutique visant au contr\u00f4le du poids ne peut se concevoir sans une intervention \u00e0 la fois di\u00e9t\u00e9tique et comportementale, incluant la pratique r\u00e9guli\u00e8re d\u2019activit\u00e9 physique.","breadcrumb":{"@id":"https:\/\/www.libramed.info\/be\/la-bonne-approche\/equilibre-du-poids\/#breadcrumb"},"inLanguage":"fr-BE","potentialAction":[{"@type":"ReadAction","target":["https:\/\/www.libramed.info\/be\/la-bonne-approche\/equilibre-du-poids\/"]}]},{"@type":"ImageObject","inLanguage":"fr-BE","@id":"https:\/\/www.libramed.info\/be\/la-bonne-approche\/equilibre-du-poids\/#primaryimage","url":"https:\/\/libramed.info\/be\/wp-content\/uploads\/sites\/166\/2021\/11\/equilibrio-del-peso_1.png","contentUrl":"https:\/\/libramed.info\/be\/wp-content\/uploads\/sites\/166\/2021\/11\/equilibrio-del-peso_1.png"},{"@type":"BreadcrumbList","@id":"https:\/\/www.libramed.info\/be\/la-bonne-approche\/equilibre-du-poids\/#breadcrumb","itemListElement":[{"@type":"ListItem","position":1,"name":"Home","item":"https:\/\/www.libramed.info\/be\/"},{"@type":"ListItem","position":2,"name":"La bonne approche","item":"https:\/\/www.libramed.info\/be\/la-bonne-approche\/"},{"@type":"ListItem","position":3,"name":"Les \u00e9tapes fondamentales pour un bon \u00e9quilibre du poids !"}]},{"@type":"WebSite","@id":"https:\/\/www.libramed.info\/be\/#website","url":"https:\/\/www.libramed.info\/be\/","name":"LibraMed","description":"Pour le contr\u00f4le du pic glyc\u00e9mique","potentialAction":[{"@type":"SearchAction","target":{"@type":"EntryPoint","urlTemplate":"https:\/\/www.libramed.info\/be\/?s={search_term_string}"},"query-input":{"@type":"PropertyValueSpecification","valueRequired":true,"valueName":"search_term_string"}}],"inLanguage":"fr-BE"}]}},"_links":{"self":[{"href":"https:\/\/www.libramed.info\/be\/wp-json\/wp\/v2\/pages\/4104","targetHints":{"allow":["GET"]}}],"collection":[{"href":"https:\/\/www.libramed.info\/be\/wp-json\/wp\/v2\/pages"}],"about":[{"href":"https:\/\/www.libramed.info\/be\/wp-json\/wp\/v2\/types\/page"}],"author":[{"embeddable":true,"href":"https:\/\/www.libramed.info\/be\/wp-json\/wp\/v2\/users\/2"}],"replies":[{"embeddable":true,"href":"https:\/\/www.libramed.info\/be\/wp-json\/wp\/v2\/comments?post=4104"}],"version-history":[{"count":5,"href":"https:\/\/www.libramed.info\/be\/wp-json\/wp\/v2\/pages\/4104\/revisions"}],"predecessor-version":[{"id":4254,"href":"https:\/\/www.libramed.info\/be\/wp-json\/wp\/v2\/pages\/4104\/revisions\/4254"}],"up":[{"embeddable":true,"href":"https:\/\/www.libramed.info\/be\/wp-json\/wp\/v2\/pages\/4099"}],"wp:attachment":[{"href":"https:\/\/www.libramed.info\/be\/wp-json\/wp\/v2\/media?parent=4104"}],"curies":[{"name":"wp","href":"https:\/\/api.w.org\/{rel}","templated":true}]}}