{"id":4099,"date":"2021-11-30T17:53:42","date_gmt":"2021-11-30T16:53:42","guid":{"rendered":"https:\/\/libramedinfobe.multisite.aboca.com\/?page_id=4099"},"modified":"2021-12-02T17:29:49","modified_gmt":"2021-12-02T16:29:49","slug":"la-bonne-approche","status":"publish","type":"page","link":"https:\/\/www.libramed.info\/be\/la-bonne-approche\/","title":{"rendered":"La bonne approche"},"content":{"rendered":"\n<p>Le surpoids et l\u2019ob\u00e9sit\u00e9, chez l\u2019adulte comme chez l\u2019enfant, sont des conditions de haut risque souvent sous-\u00e9valu\u00e9es qui repr\u00e9sentent aujourd\u2019hui au niveau social&nbsp;<strong>une v\u00e9ritable urgence sanitaire<\/strong>.<\/p>\n\n\n\n<p>Il est fondamental d\u2019identifier le probl\u00e8me et d\u2019agir en s\u2019adressant \u00e0 des professionnels de la sant\u00e9, en modifiant le style de vie et les choix alimentaires.<\/p>\n\n\n\n<p>C\u2019est pourquoi&nbsp;<strong>Aboca<\/strong>, outre \u00e0 investir dans la recherche sur de nouvelles mol\u00e9cules v\u00e9g\u00e9tales utiles pour le contr\u00f4le du poids, op\u00e8re toujours avec une extr\u00eame conviction au sein d\u2019une&nbsp;<a href=\"https:\/\/www.libramed.info\/fr\/la-bonne-approche\/filiere-sanitaire-integree\/\"><strong>Fili\u00e8re Sanitaire Int\u00e9gr\u00e9e<\/strong><\/a>.<\/p>\n","protected":false},"excerpt":{"rendered":"<p>Le surpoids et l\u2019ob\u00e9sit\u00e9, chez l\u2019adulte comme chez l\u2019enfant, sont des conditions de haut risque souvent sous-\u00e9valu\u00e9es qui repr\u00e9sentent aujourd\u2019hui au niveau social&nbsp;une v\u00e9ritable urgence sanitaire. Il est fondamental d\u2019identifier le probl\u00e8me et d\u2019agir en s\u2019adressant \u00e0 des professionnels de la sant\u00e9, en modifiant le style de vie et les choix alimentaires. C\u2019est pourquoi&nbsp;Aboca, outre&#8230;  <a href=\"https:\/\/www.libramed.info\/be\/la-bonne-approche\/\" class=\"more-link\" title=\"Read La bonne approche\">Leggi tutto &raquo;<\/a><\/p>\n","protected":false},"author":2,"featured_media":0,"parent":0,"menu_order":0,"comment_status":"closed","ping_status":"closed","template":"","meta":{"footnotes":""},"class_list":["post-4099","page","type-page","status-publish","hentry"],"yoast_head":"<!-- This site is optimized with the Yoast SEO plugin v27.4 - https:\/\/yoast.com\/product\/yoast-seo-wordpress\/ -->\n<title>La bonne approche | ABOCA LibraMed<\/title>\n<meta name=\"description\" content=\"Le surpoids et l\u2019ob\u00e9sit\u00e9, chez l\u2019adulte comme chez l\u2019enfant, sont des conditions de haut risque souvent sous-\u00e9valu\u00e9es qui repr\u00e9sentent aujourd\u2019hui au niveau social une v\u00e9ritable urgence sanitaire.\" \/>\n<meta name=\"robots\" content=\"index, follow, max-snippet:-1, max-image-preview:large, max-video-preview:-1\" \/>\n<link rel=\"canonical\" href=\"https:\/\/www.libramed.info\/be\/la-bonne-approche\/\" \/>\n<meta property=\"og:locale\" content=\"fr_FR\" \/>\n<meta property=\"og:type\" content=\"article\" \/>\n<meta property=\"og:title\" content=\"La bonne approche | ABOCA LibraMed\" \/>\n<meta property=\"og:description\" content=\"Le surpoids et l\u2019ob\u00e9sit\u00e9, chez l\u2019adulte comme chez l\u2019enfant, sont des conditions de haut risque souvent sous-\u00e9valu\u00e9es qui repr\u00e9sentent aujourd\u2019hui au niveau social une v\u00e9ritable urgence sanitaire.\" \/>\n<meta property=\"og:url\" content=\"https:\/\/www.libramed.info\/be\/la-bonne-approche\/\" \/>\n<meta property=\"og:site_name\" content=\"LibraMed\" \/>\n<meta property=\"article:modified_time\" content=\"2021-12-02T16:29:49+00:00\" \/>\n<meta name=\"twitter:card\" content=\"summary_large_image\" \/>\n<meta name=\"twitter:label1\" content=\"Dur\u00e9e de lecture est.\" \/>\n\t<meta name=\"twitter:data1\" content=\"1 minute\" \/>\n<script type=\"application\/ld+json\" class=\"yoast-schema-graph\">{\"@context\":\"https:\\\/\\\/schema.org\",\"@graph\":[{\"@type\":\"WebPage\",\"@id\":\"https:\\\/\\\/www.libramed.info\\\/be\\\/la-bonne-approche\\\/\",\"url\":\"https:\\\/\\\/www.libramed.info\\\/be\\\/la-bonne-approche\\\/\",\"name\":\"La bonne approche | ABOCA LibraMed\",\"isPartOf\":{\"@id\":\"https:\\\/\\\/www.libramed.info\\\/be\\\/#website\"},\"datePublished\":\"2021-11-30T16:53:42+00:00\",\"dateModified\":\"2021-12-02T16:29:49+00:00\",\"description\":\"Le surpoids et l\u2019ob\u00e9sit\u00e9, chez l\u2019adulte comme chez l\u2019enfant, sont des conditions de haut risque souvent sous-\u00e9valu\u00e9es qui repr\u00e9sentent aujourd\u2019hui au niveau social une v\u00e9ritable urgence sanitaire.\",\"breadcrumb\":{\"@id\":\"https:\\\/\\\/www.libramed.info\\\/be\\\/la-bonne-approche\\\/#breadcrumb\"},\"inLanguage\":\"fr-BE\",\"potentialAction\":[{\"@type\":\"ReadAction\",\"target\":[\"https:\\\/\\\/www.libramed.info\\\/be\\\/la-bonne-approche\\\/\"]}]},{\"@type\":\"BreadcrumbList\",\"@id\":\"https:\\\/\\\/www.libramed.info\\\/be\\\/la-bonne-approche\\\/#breadcrumb\",\"itemListElement\":[{\"@type\":\"ListItem\",\"position\":1,\"name\":\"Home\",\"item\":\"https:\\\/\\\/www.libramed.info\\\/be\\\/\"},{\"@type\":\"ListItem\",\"position\":2,\"name\":\"La bonne approche\"}]},{\"@type\":\"WebSite\",\"@id\":\"https:\\\/\\\/www.libramed.info\\\/be\\\/#website\",\"url\":\"https:\\\/\\\/www.libramed.info\\\/be\\\/\",\"name\":\"LibraMed\",\"description\":\"Pour le contr\u00f4le du pic glyc\u00e9mique\",\"potentialAction\":[{\"@type\":\"SearchAction\",\"target\":{\"@type\":\"EntryPoint\",\"urlTemplate\":\"https:\\\/\\\/www.libramed.info\\\/be\\\/?s={search_term_string}\"},\"query-input\":{\"@type\":\"PropertyValueSpecification\",\"valueRequired\":true,\"valueName\":\"search_term_string\"}}],\"inLanguage\":\"fr-BE\"}]}<\/script>\n<!-- \/ Yoast SEO plugin. -->","yoast_head_json":{"title":"La bonne approche | ABOCA LibraMed","description":"Le surpoids et l\u2019ob\u00e9sit\u00e9, chez l\u2019adulte comme chez l\u2019enfant, sont des conditions de haut risque souvent sous-\u00e9valu\u00e9es qui repr\u00e9sentent aujourd\u2019hui au niveau social une v\u00e9ritable urgence sanitaire.","robots":{"index":"index","follow":"follow","max-snippet":"max-snippet:-1","max-image-preview":"max-image-preview:large","max-video-preview":"max-video-preview:-1"},"canonical":"https:\/\/www.libramed.info\/be\/la-bonne-approche\/","og_locale":"fr_FR","og_type":"article","og_title":"La bonne approche | ABOCA LibraMed","og_description":"Le surpoids et l\u2019ob\u00e9sit\u00e9, chez l\u2019adulte comme chez l\u2019enfant, sont des conditions de haut risque souvent sous-\u00e9valu\u00e9es qui repr\u00e9sentent aujourd\u2019hui au niveau social une v\u00e9ritable urgence sanitaire.","og_url":"https:\/\/www.libramed.info\/be\/la-bonne-approche\/","og_site_name":"LibraMed","article_modified_time":"2021-12-02T16:29:49+00:00","twitter_card":"summary_large_image","twitter_misc":{"Dur\u00e9e de lecture est.":"1 minute"},"schema":{"@context":"https:\/\/schema.org","@graph":[{"@type":"WebPage","@id":"https:\/\/www.libramed.info\/be\/la-bonne-approche\/","url":"https:\/\/www.libramed.info\/be\/la-bonne-approche\/","name":"La bonne approche | ABOCA LibraMed","isPartOf":{"@id":"https:\/\/www.libramed.info\/be\/#website"},"datePublished":"2021-11-30T16:53:42+00:00","dateModified":"2021-12-02T16:29:49+00:00","description":"Le surpoids et l\u2019ob\u00e9sit\u00e9, chez l\u2019adulte comme chez l\u2019enfant, sont des conditions de haut risque souvent sous-\u00e9valu\u00e9es qui repr\u00e9sentent aujourd\u2019hui au niveau social une v\u00e9ritable urgence sanitaire.","breadcrumb":{"@id":"https:\/\/www.libramed.info\/be\/la-bonne-approche\/#breadcrumb"},"inLanguage":"fr-BE","potentialAction":[{"@type":"ReadAction","target":["https:\/\/www.libramed.info\/be\/la-bonne-approche\/"]}]},{"@type":"BreadcrumbList","@id":"https:\/\/www.libramed.info\/be\/la-bonne-approche\/#breadcrumb","itemListElement":[{"@type":"ListItem","position":1,"name":"Home","item":"https:\/\/www.libramed.info\/be\/"},{"@type":"ListItem","position":2,"name":"La bonne approche"}]},{"@type":"WebSite","@id":"https:\/\/www.libramed.info\/be\/#website","url":"https:\/\/www.libramed.info\/be\/","name":"LibraMed","description":"Pour le contr\u00f4le du pic glyc\u00e9mique","potentialAction":[{"@type":"SearchAction","target":{"@type":"EntryPoint","urlTemplate":"https:\/\/www.libramed.info\/be\/?s={search_term_string}"},"query-input":{"@type":"PropertyValueSpecification","valueRequired":true,"valueName":"search_term_string"}}],"inLanguage":"fr-BE"}]}},"_links":{"self":[{"href":"https:\/\/www.libramed.info\/be\/wp-json\/wp\/v2\/pages\/4099","targetHints":{"allow":["GET"]}}],"collection":[{"href":"https:\/\/www.libramed.info\/be\/wp-json\/wp\/v2\/pages"}],"about":[{"href":"https:\/\/www.libramed.info\/be\/wp-json\/wp\/v2\/types\/page"}],"author":[{"embeddable":true,"href":"https:\/\/www.libramed.info\/be\/wp-json\/wp\/v2\/users\/2"}],"replies":[{"embeddable":true,"href":"https:\/\/www.libramed.info\/be\/wp-json\/wp\/v2\/comments?post=4099"}],"version-history":[{"count":5,"href":"https:\/\/www.libramed.info\/be\/wp-json\/wp\/v2\/pages\/4099\/revisions"}],"predecessor-version":[{"id":4252,"href":"https:\/\/www.libramed.info\/be\/wp-json\/wp\/v2\/pages\/4099\/revisions\/4252"}],"wp:attachment":[{"href":"https:\/\/www.libramed.info\/be\/wp-json\/wp\/v2\/media?parent=4099"}],"curies":[{"name":"wp","href":"https:\/\/api.w.org\/{rel}","templated":true}]}}