{"id":4084,"date":"2021-11-30T17:39:22","date_gmt":"2021-11-30T16:39:22","guid":{"rendered":"https:\/\/libramedinfobe.multisite.aboca.com\/?page_id=4084"},"modified":"2021-12-01T15:59:13","modified_gmt":"2021-12-01T14:59:13","slug":"un-risque-pour-la-sante","status":"publish","type":"page","link":"https:\/\/www.libramed.info\/be\/pourquoi-grossit-on\/un-risque-pour-la-sante\/","title":{"rendered":"Exc\u00e8s de graisse : un risque pour la sant\u00e9"},"content":{"rendered":"\n<p>Les personnes en surpoids et ob\u00e8ses, m\u00eame \u00e0 des degr\u00e9s diff\u00e9rents, sont caract\u00e9ris\u00e9es par un exc\u00e8s de graisse, qui s\u2019accumule dans le&nbsp;<strong>tissu adipeux<\/strong>.<\/p>\n\n\n\n<p>On a longtemps pens\u00e9 que ce tissu adipeux \u00e9tait un simple tissu de d\u00e9p\u00f4t des r\u00e9serves \u00e9nerg\u00e9tiques.<\/p>\n\n\n\n<p>En r\u00e9alit\u00e9, le tissu adipeux exerce d\u2019autres fonctions tr\u00e8s importantes parmi lesquelles la production de substances biologiquement actives appel\u00e9es \u00ab adipokines \u00bb, capables de r\u00e9gler le m\u00e9tabolisme des graisses et autres fonctions physiologiques.<\/p>\n\n\n\n<p>Lorsqu\u2019il est surcharg\u00e9 d\u2019un exc\u00e8s de graisse, le tissu adipeux lib\u00e8re surtout des&nbsp;<strong>adipokines de type inflammatoire<\/strong>&nbsp;qui ont des cons\u00e9quences n\u00e9gatives sur l\u2019ensemble de l\u2019organisme, en augmentant le risque de maladies m\u00e9taboliques et cardiovasculaires.<\/p>\n\n\n\n<p>La graisse contenue dans l\u2019abdomen,&nbsp;<strong>graisse visc\u00e9rale<\/strong>, est capable de produire des cytokines inflammatoires en plus grande quantit\u00e9 par rapport \u00e0 la graisse des autres r\u00e9gions de l\u2019organisme.<\/p>\n\n\n\n<p>C\u2019est pourquoi une majeure attention doit \u00eatre port\u00e9e non seulement sur les kilos en trop mais aussi sur la distribution de la graisse et en particulier sur la valeur de la circonf\u00e9rence ombilicale.<\/p>\n\n\n\n<p><strong>\u00c0 la lumi\u00e8re de ces r\u00e9sultats, tous ceux dont le poids et le BMI se trouvent dans un intervalle normal, doivent toutefois contr\u00f4ler la circonf\u00e9rence abdominale parce qu\u2019elle r\u00e9sulte un facteur de risque ind\u00e9pendant du poids.<\/strong><\/p>\n","protected":false},"excerpt":{"rendered":"<p>Les personnes en surpoids et ob\u00e8ses, m\u00eame \u00e0 des degr\u00e9s diff\u00e9rents, sont caract\u00e9ris\u00e9es par un exc\u00e8s de graisse, qui s\u2019accumule dans le&nbsp;tissu adipeux. On a longtemps pens\u00e9 que ce tissu adipeux \u00e9tait un simple tissu de d\u00e9p\u00f4t des r\u00e9serves \u00e9nerg\u00e9tiques. En r\u00e9alit\u00e9, le tissu adipeux exerce d\u2019autres fonctions tr\u00e8s importantes parmi lesquelles la production de&#8230;  <a href=\"https:\/\/www.libramed.info\/be\/pourquoi-grossit-on\/un-risque-pour-la-sante\/\" class=\"more-link\" title=\"Read Exc\u00e8s de graisse : un risque pour la sant\u00e9\">Leggi tutto &raquo;<\/a><\/p>\n","protected":false},"author":2,"featured_media":0,"parent":4078,"menu_order":0,"comment_status":"closed","ping_status":"closed","template":"","meta":{"footnotes":""},"class_list":["post-4084","page","type-page","status-publish","hentry"],"yoast_head":"<!-- This site is optimized with the Yoast SEO plugin v27.2 - https:\/\/yoast.com\/product\/yoast-seo-wordpress\/ -->\n<title>Exc\u00e8s de graisse : un risque pour la sant\u00e9 | ABOCA LibraMed<\/title>\n<meta name=\"description\" content=\"Les personnes en surpoids et ob\u00e8ses, m\u00eame \u00e0 des degr\u00e9s diff\u00e9rents, sont caract\u00e9ris\u00e9es par un exc\u00e8s de graisse, qui s\u2019accumule dans le tissu adipeux.\" \/>\n<meta name=\"robots\" content=\"index, follow, max-snippet:-1, max-image-preview:large, max-video-preview:-1\" \/>\n<link rel=\"canonical\" href=\"https:\/\/www.libramed.info\/be\/pourquoi-grossit-on\/un-risque-pour-la-sante\/\" \/>\n<meta property=\"og:locale\" content=\"fr_FR\" \/>\n<meta property=\"og:type\" content=\"article\" \/>\n<meta property=\"og:title\" content=\"Exc\u00e8s de graisse : un risque pour la sant\u00e9 | ABOCA LibraMed\" \/>\n<meta property=\"og:description\" content=\"Les personnes en surpoids et ob\u00e8ses, m\u00eame \u00e0 des degr\u00e9s diff\u00e9rents, sont caract\u00e9ris\u00e9es par un exc\u00e8s de graisse, qui s\u2019accumule dans le tissu adipeux.\" \/>\n<meta property=\"og:url\" content=\"https:\/\/www.libramed.info\/be\/pourquoi-grossit-on\/un-risque-pour-la-sante\/\" \/>\n<meta property=\"og:site_name\" content=\"LibraMed\" \/>\n<meta property=\"article:modified_time\" content=\"2021-12-01T14:59:13+00:00\" \/>\n<meta name=\"twitter:card\" content=\"summary_large_image\" \/>\n<meta name=\"twitter:label1\" content=\"Dur\u00e9e de lecture est.\" \/>\n\t<meta name=\"twitter:data1\" content=\"1 minute\" \/>\n<script type=\"application\/ld+json\" class=\"yoast-schema-graph\">{\"@context\":\"https:\/\/schema.org\",\"@graph\":[{\"@type\":\"WebPage\",\"@id\":\"https:\/\/www.libramed.info\/be\/pourquoi-grossit-on\/un-risque-pour-la-sante\/\",\"url\":\"https:\/\/www.libramed.info\/be\/pourquoi-grossit-on\/un-risque-pour-la-sante\/\",\"name\":\"Exc\u00e8s de graisse : un risque pour la sant\u00e9 | ABOCA LibraMed\",\"isPartOf\":{\"@id\":\"https:\/\/www.libramed.info\/be\/#website\"},\"datePublished\":\"2021-11-30T16:39:22+00:00\",\"dateModified\":\"2021-12-01T14:59:13+00:00\",\"description\":\"Les personnes en surpoids et ob\u00e8ses, m\u00eame \u00e0 des degr\u00e9s diff\u00e9rents, sont caract\u00e9ris\u00e9es par un exc\u00e8s de graisse, qui s\u2019accumule dans le tissu adipeux.\",\"breadcrumb\":{\"@id\":\"https:\/\/www.libramed.info\/be\/pourquoi-grossit-on\/un-risque-pour-la-sante\/#breadcrumb\"},\"inLanguage\":\"fr-BE\",\"potentialAction\":[{\"@type\":\"ReadAction\",\"target\":[\"https:\/\/www.libramed.info\/be\/pourquoi-grossit-on\/un-risque-pour-la-sante\/\"]}]},{\"@type\":\"BreadcrumbList\",\"@id\":\"https:\/\/www.libramed.info\/be\/pourquoi-grossit-on\/un-risque-pour-la-sante\/#breadcrumb\",\"itemListElement\":[{\"@type\":\"ListItem\",\"position\":1,\"name\":\"Home\",\"item\":\"https:\/\/www.libramed.info\/be\/\"},{\"@type\":\"ListItem\",\"position\":2,\"name\":\"Surpoids et ob\u00e9sit\u00e9 : pourquoi grossit-on ?\",\"item\":\"https:\/\/www.libramed.info\/be\/pourquoi-grossit-on\/\"},{\"@type\":\"ListItem\",\"position\":3,\"name\":\"Exc\u00e8s de graisse : un risque pour la sant\u00e9\"}]},{\"@type\":\"WebSite\",\"@id\":\"https:\/\/www.libramed.info\/be\/#website\",\"url\":\"https:\/\/www.libramed.info\/be\/\",\"name\":\"LibraMed\",\"description\":\"Pour le contr\u00f4le du pic glyc\u00e9mique\",\"potentialAction\":[{\"@type\":\"SearchAction\",\"target\":{\"@type\":\"EntryPoint\",\"urlTemplate\":\"https:\/\/www.libramed.info\/be\/?s={search_term_string}\"},\"query-input\":{\"@type\":\"PropertyValueSpecification\",\"valueRequired\":true,\"valueName\":\"search_term_string\"}}],\"inLanguage\":\"fr-BE\"}]}<\/script>\n<!-- \/ Yoast SEO plugin. -->","yoast_head_json":{"title":"Exc\u00e8s de graisse : un risque pour la sant\u00e9 | ABOCA LibraMed","description":"Les personnes en surpoids et ob\u00e8ses, m\u00eame \u00e0 des degr\u00e9s diff\u00e9rents, sont caract\u00e9ris\u00e9es par un exc\u00e8s de graisse, qui s\u2019accumule dans le tissu adipeux.","robots":{"index":"index","follow":"follow","max-snippet":"max-snippet:-1","max-image-preview":"max-image-preview:large","max-video-preview":"max-video-preview:-1"},"canonical":"https:\/\/www.libramed.info\/be\/pourquoi-grossit-on\/un-risque-pour-la-sante\/","og_locale":"fr_FR","og_type":"article","og_title":"Exc\u00e8s de graisse : un risque pour la sant\u00e9 | ABOCA LibraMed","og_description":"Les personnes en surpoids et ob\u00e8ses, m\u00eame \u00e0 des degr\u00e9s diff\u00e9rents, sont caract\u00e9ris\u00e9es par un exc\u00e8s de graisse, qui s\u2019accumule dans le tissu adipeux.","og_url":"https:\/\/www.libramed.info\/be\/pourquoi-grossit-on\/un-risque-pour-la-sante\/","og_site_name":"LibraMed","article_modified_time":"2021-12-01T14:59:13+00:00","twitter_card":"summary_large_image","twitter_misc":{"Dur\u00e9e de lecture est.":"1 minute"},"schema":{"@context":"https:\/\/schema.org","@graph":[{"@type":"WebPage","@id":"https:\/\/www.libramed.info\/be\/pourquoi-grossit-on\/un-risque-pour-la-sante\/","url":"https:\/\/www.libramed.info\/be\/pourquoi-grossit-on\/un-risque-pour-la-sante\/","name":"Exc\u00e8s de graisse : un risque pour la sant\u00e9 | ABOCA LibraMed","isPartOf":{"@id":"https:\/\/www.libramed.info\/be\/#website"},"datePublished":"2021-11-30T16:39:22+00:00","dateModified":"2021-12-01T14:59:13+00:00","description":"Les personnes en surpoids et ob\u00e8ses, m\u00eame \u00e0 des degr\u00e9s diff\u00e9rents, sont caract\u00e9ris\u00e9es par un exc\u00e8s de graisse, qui s\u2019accumule dans le tissu adipeux.","breadcrumb":{"@id":"https:\/\/www.libramed.info\/be\/pourquoi-grossit-on\/un-risque-pour-la-sante\/#breadcrumb"},"inLanguage":"fr-BE","potentialAction":[{"@type":"ReadAction","target":["https:\/\/www.libramed.info\/be\/pourquoi-grossit-on\/un-risque-pour-la-sante\/"]}]},{"@type":"BreadcrumbList","@id":"https:\/\/www.libramed.info\/be\/pourquoi-grossit-on\/un-risque-pour-la-sante\/#breadcrumb","itemListElement":[{"@type":"ListItem","position":1,"name":"Home","item":"https:\/\/www.libramed.info\/be\/"},{"@type":"ListItem","position":2,"name":"Surpoids et ob\u00e9sit\u00e9 : pourquoi grossit-on ?","item":"https:\/\/www.libramed.info\/be\/pourquoi-grossit-on\/"},{"@type":"ListItem","position":3,"name":"Exc\u00e8s de graisse : un risque pour la sant\u00e9"}]},{"@type":"WebSite","@id":"https:\/\/www.libramed.info\/be\/#website","url":"https:\/\/www.libramed.info\/be\/","name":"LibraMed","description":"Pour le contr\u00f4le du pic glyc\u00e9mique","potentialAction":[{"@type":"SearchAction","target":{"@type":"EntryPoint","urlTemplate":"https:\/\/www.libramed.info\/be\/?s={search_term_string}"},"query-input":{"@type":"PropertyValueSpecification","valueRequired":true,"valueName":"search_term_string"}}],"inLanguage":"fr-BE"}]}},"_links":{"self":[{"href":"https:\/\/www.libramed.info\/be\/wp-json\/wp\/v2\/pages\/4084","targetHints":{"allow":["GET"]}}],"collection":[{"href":"https:\/\/www.libramed.info\/be\/wp-json\/wp\/v2\/pages"}],"about":[{"href":"https:\/\/www.libramed.info\/be\/wp-json\/wp\/v2\/types\/page"}],"author":[{"embeddable":true,"href":"https:\/\/www.libramed.info\/be\/wp-json\/wp\/v2\/users\/2"}],"replies":[{"embeddable":true,"href":"https:\/\/www.libramed.info\/be\/wp-json\/wp\/v2\/comments?post=4084"}],"version-history":[{"count":2,"href":"https:\/\/www.libramed.info\/be\/wp-json\/wp\/v2\/pages\/4084\/revisions"}],"predecessor-version":[{"id":4222,"href":"https:\/\/www.libramed.info\/be\/wp-json\/wp\/v2\/pages\/4084\/revisions\/4222"}],"up":[{"embeddable":true,"href":"https:\/\/www.libramed.info\/be\/wp-json\/wp\/v2\/pages\/4078"}],"wp:attachment":[{"href":"https:\/\/www.libramed.info\/be\/wp-json\/wp\/v2\/media?parent=4084"}],"curies":[{"name":"wp","href":"https:\/\/api.w.org\/{rel}","templated":true}]}}